{"id":3256,"date":"2023-02-26T18:41:18","date_gmt":"2023-02-26T18:41:18","guid":{"rendered":"https:\/\/luxedrive.qodeinteractive.com\/?page_id=3256"},"modified":"2024-12-05T16:34:07","modified_gmt":"2024-12-05T16:34:07","slug":"get-in-touch","status":"publish","type":"page","link":"https:\/\/tahiriluxuryservices.ma\/fr_fr\/get-in-touch\/","title":{"rendered":"Get In Touch"},"content":{"rendered":"<body>\t\t<div data-elementor-type=\"wp-page\" data-elementor-id=\"3256\" class=\"elementor elementor-3256\" data-elementor-post-type=\"page\">\n\t\t\t\t\t\t<section class=\"elementor-section elementor-top-section elementor-element elementor-element-d62e22c elementor-section-full_width qodef-elementor-content-grid qodef-extended-grid qodef-extended-grid--left qodef-extended-grid-disabled--1024 elementor-section-height-default elementor-section-height-default\" data-id=\"d62e22c\" data-element_type=\"section\" data-e-type=\"section\">\n\t\t\t\t\t\t<div class=\"elementor-container elementor-column-gap-default\">\n\t\t\t\t\t<div class=\"elementor-column elementor-col-50 elementor-top-column elementor-element elementor-element-25f08f8 qodef-sticky-column qodef-sticky-fixed\" data-id=\"25f08f8\" data-element_type=\"column\" data-e-type=\"column\" data-settings='{\"background_background\":\"classic\"}'>\n\t\t\t<div class=\"elementor-widget-wrap elementor-element-populated\">\n\t\t\t\t\t\t<div class=\"elementor-element elementor-element-7fd7da2 elementor-widget elementor-widget-luxedrive_core_google_map\" data-id=\"7fd7da2\" data-element_type=\"widget\" data-e-type=\"widget\" data-widget_type=\"luxedrive_core_google_map.default\">\n\t\t\t\t<div class=\"elementor-widget-container\">\n\t\t\t\t\t<div class=\"qodef-shortcode qodef-m  qodef-google-map\">\n\t<div class=\"qodef-m-map\" id=\"qodef-map-id--166\" data-addresses='[\"https:\/\/www.google.com\/maps\/place\/Schoonboomstraat+109,+1069+BH+Amsterdam,+%D0%A5%D0%BE%D0%BB%D0%B0%D0%BD%D0%B4%D0%B8%D1%98%D0%B0\/data=!4m2!3m1!1s0x47c5e3c30046315d:0x4d71c3087426f0fa?sa=X&amp;ved=2ahUKEwjR1reAsq79AhXIVPEDHZNyCVsQ8gF6BAgVEAI\"]' data-pin=\"https:\/\/i0.wp.com\/tahiriluxuryservices.ma\/wp-content\/uploads\/2023\/04\/map-pin-img-1.png?fit=26%2C42&amp;ssl=1\" data-unique-id=\"166\" data-height=\"1200\"><\/div>\n<\/div>\n\t\t\t\t<\/div>\n\t\t\t\t<\/div>\n\t\t\t\t<div class=\"elementor-element elementor-element-0fe32fd elementor-widget elementor-widget-luxedrive_core_separator\" data-id=\"0fe32fd\" data-element_type=\"widget\" data-e-type=\"widget\" data-widget_type=\"luxedrive_core_separator.default\">\n\t\t\t\t<div class=\"elementor-widget-container\">\n\t\t\t\t\t<div class=\"qodef-shortcode qodef-m  qodef-separator clear  \">\n\t<div class=\"qodef-m-line\" style=\"border-color: #02010100\"><\/div>\n<\/div>\n\t\t\t\t<\/div>\n\t\t\t\t<\/div>\n\t\t\t\t\t<\/div>\n\t\t<\/div>\n\t\t\t\t<div class=\"elementor-column elementor-col-50 elementor-top-column elementor-element elementor-element-6dc0075\" data-id=\"6dc0075\" data-element_type=\"column\" data-e-type=\"column\">\n\t\t\t<div class=\"elementor-widget-wrap elementor-element-populated\">\n\t\t\t\t\t\t<div class=\"elementor-element elementor-element-81ebc2d elementor-widget elementor-widget-luxedrive_core_section_title\" data-id=\"81ebc2d\" data-element_type=\"widget\" data-e-type=\"widget\" data-widget_type=\"luxedrive_core_section_title.default\">\n\t\t\t\t<div class=\"elementor-widget-container\">\n\t\t\t\t\t<div class=\"qodef-shortcode qodef-m  qodef-section-title qodef-alignment--left qodef-title-break--disabled\">\n\t\t<h2 class=\"qodef-m-title\" style=\"color: #FFFFFF;margin-bottom: 3px\">\n\t\t\t\t\tVous avez une question ou<br> besoin d\u2019assistance ? \t\t\t<\/h2>\n\t\t<span class=\"qodef-m-subtitle\" style=\"color: #E2B85C\">Notre \u00e9quipe est l\u00e0 pour vous aider !<\/span>\n\t<\/div>\n\t\t\t\t<\/div>\n\t\t\t\t<\/div>\n\t\t\t\t<div class=\"elementor-element elementor-element-3d35cda elementor-widget elementor-widget-text-editor\" data-id=\"3d35cda\" data-element_type=\"widget\" data-e-type=\"widget\" data-widget_type=\"text-editor.default\">\n\t\t\t\t<div class=\"elementor-widget-container\">\n\t\t\t\t\t\t\t\t\t<p>Votre satisfaction est notre priorit\u00e9. N\u2019h\u00e9sitez pas \u00e0 nous joindre pour toute information, r\u00e9servation ou suggestion. Tahiri Luxury Services s\u2019engage \u00e0 vous offrir un service d\u2019excellence.<\/p>\t\t\t\t\t\t\t\t<\/div>\n\t\t\t\t<\/div>\n\t\t\t\t<div class=\"elementor-element elementor-element-67db55b elementor-widget elementor-widget-luxedrive_core_icon_with_text\" data-id=\"67db55b\" data-element_type=\"widget\" data-e-type=\"widget\" data-widget_type=\"luxedrive_core_icon_with_text.default\">\n\t\t\t\t<div class=\"elementor-widget-container\">\n\t\t\t\t\t<div class=\"qodef-shortcode qodef-m  qodef-icon-with-text qodef-layout--before-content qodef--custom-icon qodef--retina \">\n\t<div class=\"qodef-m-icon-wrapper\" style=\"width: 45px\">\n\t\t\t\t\t<a itemprop=\"url\" href=\"tel:+212808551669\" target=\"_self\">\n\t\t\t<img loading=\"lazy\" decoding=\"async\" width=\"90\" height=\"90\" src=\"https:\/\/i0.wp.com\/tahiriluxuryservices.ma\/wp-content\/uploads\/2024\/11\/phone-icon-e1732536011233.png?fit=90%2C90&amp;ssl=1\" class=\"attachment-full size-full\" alt=\"\" loading=\"lazy\">\t\t\t<\/a>\n\t\t<\/div>\n\t<div class=\"qodef-m-content\">\n\t\t\t<p class=\"qodef-m-title\" style=\"color: #FFFFFF\" data-hover-color=\"#FFFFFF\">\n\t\t\t\t\t<a itemprop=\"url\" href=\"tel:+212808551669\" target=\"_self\">\n\t\t\t\t\t<span class=\"qodef-m-title-text\">Phone: +212 (0) 808 551 669<\/span>\n\t\t\t\t\t<\/a>\n\t\t\t<\/p>\n\t\t\t<div class=\"qodef-m-text\" style=\"color: #7A7A7A\" data-hover-color=\"#0C1315\">\n\t\t\t\t\t<a href=\"mailto:contact@tahiriluxuryservices.ma\" class=\"qodef-m-text-link\" target=\"_self\">\n\t\t\t\t\t\tEmail: contact@tahiriluxuryservices.ma\t\t\t\t\t<\/a>\n\t\t\t<\/div>\n\t<\/div>\n<\/div>\n\t\t\t\t<\/div>\n\t\t\t\t<\/div>\n\t\t\t\t<div class=\"elementor-element elementor-element-05337ba elementor-widget elementor-widget-luxedrive_core_icon_with_text\" data-id=\"05337ba\" data-element_type=\"widget\" data-e-type=\"widget\" data-widget_type=\"luxedrive_core_icon_with_text.default\">\n\t\t\t\t<div class=\"elementor-widget-container\">\n\t\t\t\t\t<div class=\"qodef-shortcode qodef-m  qodef-icon-with-text qodef-layout--before-content qodef--custom-icon qodef--retina \">\n\t<div class=\"qodef-m-icon-wrapper\" style=\"width: 45px\">\n\t\t\t\t\t<img loading=\"lazy\" decoding=\"async\" width=\"90\" height=\"90\" src=\"https:\/\/i0.wp.com\/tahiriluxuryservices.ma\/wp-content\/uploads\/2024\/11\/localisation-icon-e1732535985277.png?fit=90%2C90&amp;ssl=1\" class=\"attachment-full size-full\" alt=\"\" loading=\"lazy\">\t\t<\/div>\n\t<div class=\"qodef-m-content\">\n\t\t\t\t\t<div class=\"qodef-m-text\" style=\"color: #7A7A7A\" data-hover-color=\"#0C1315\">\n\t\t\t\t\t<a href=\"#\" class=\"qodef-m-text-link\" target=\"_blank\">\n\t\t\t\t\t\tMarrakech\nBusiness Center Building , 29 Rue Ibn Aicha,\nPlateau N 21, 2 \u00e9tage. Gueliz.\t\t\t\t\t<\/a>\n\t\t\t<\/div>\n\t<\/div>\n<\/div>\n\t\t\t\t<\/div>\n\t\t\t\t<\/div>\n\t\t\t\t<div class=\"elementor-element elementor-element-e496165 elementor-widget elementor-widget-luxedrive_core_icon_with_text\" data-id=\"e496165\" data-element_type=\"widget\" data-e-type=\"widget\" data-widget_type=\"luxedrive_core_icon_with_text.default\">\n\t\t\t\t<div class=\"elementor-widget-container\">\n\t\t\t\t\t<div class=\"qodef-shortcode qodef-m  qodef-icon-with-text qodef-layout--before-content qodef--custom-icon qodef--retina \">\n\t<div class=\"qodef-m-icon-wrapper\" style=\"width: 45px\">\n\t\t\t\t\t<img loading=\"lazy\" decoding=\"async\" width=\"90\" height=\"90\" src=\"https:\/\/i0.wp.com\/tahiriluxuryservices.ma\/wp-content\/uploads\/2024\/11\/localisation-icon-e1732535985277.png?fit=90%2C90&amp;ssl=1\" class=\"attachment-full size-full\" alt=\"\" loading=\"lazy\">\t\t<\/div>\n\t<div class=\"qodef-m-content\">\n\t\t\t\t\t<div class=\"qodef-m-text\" style=\"color: #7A7A7A\" data-hover-color=\"#0C1315\">\n\t\t\t\t\t<a href=\"https:\/\/www.google.com\/maps\/place\/11+Rue+de+la+Mutualit%C3%A9,+92400+Courbevoie,+%D0%A4%D1%80%D0%B0%D0%BD%D1%86%D1%83%D1%81%D0%BA%D0%B0\/@48.8926681,2.2472689,18z\/data=!4m15!1m8!3m7!1s0x47e66e1f06e2b70f:0x40b82c3688c9460!2z0J_QsNGA0LjQtywg0KTRgNCw0L3RhtGD0YHQutCw!3b1!8m2!3d48.856614!4d2.3522219!16zL20vMDVxdGo!3m5!1s0x47e6650601571511:0x1d2c0a24239161b7!8m2!3d48.8937926!4d2.2459851!16s%2Fg%2F11g8cndk22\" class=\"qodef-m-text-link\" target=\"_blank\">\n\t\t\t\t\t\tCasablanca\nBusiness Center Florida Park 1 , Building N 9, Plateau N 34, 6 \u00e9tage\t\t\t\t\t<\/a>\n\t\t\t<\/div>\n\t<\/div>\n<\/div>\n\t\t\t\t<\/div>\n\t\t\t\t<\/div>\n\t\t\t\t<div class=\"elementor-element elementor-element-688c034 elementor-widget elementor-widget-luxedrive_core_icon_with_text\" data-id=\"688c034\" data-element_type=\"widget\" data-e-type=\"widget\" data-widget_type=\"luxedrive_core_icon_with_text.default\">\n\t\t\t\t<div class=\"elementor-widget-container\">\n\t\t\t\t\t<div class=\"qodef-shortcode qodef-m  qodef-icon-with-text qodef-layout--before-content qodef--custom-icon qodef--retina \">\n\t<div class=\"qodef-m-icon-wrapper\" style=\"width: 45px\">\n\t\t\t\t\t<img loading=\"lazy\" decoding=\"async\" width=\"90\" height=\"90\" src=\"https:\/\/i0.wp.com\/tahiriluxuryservices.ma\/wp-content\/uploads\/2024\/11\/time-icon-e1732536047439.png?fit=90%2C90&amp;ssl=1\" class=\"attachment-full size-full\" alt=\"\" loading=\"lazy\">\t\t<\/div>\n\t<div class=\"qodef-m-content\">\n\t\t\t\t\t<div class=\"qodef-m-text\" style=\"color: #7A7A7A\" data-hover-color=\"#0C1315\">\n\t\t\t\t\t\tLundi-Samedi : 09h00-23h00; \nDimanche : ferm\u00e9.\t\t\t<\/div>\n\t<\/div>\n<\/div>\n\t\t\t\t<\/div>\n\t\t\t\t<\/div>\n\t\t\t\t<div class=\"elementor-element elementor-element-7429971 elementor-widget elementor-widget-luxedrive_core_section_title\" data-id=\"7429971\" data-element_type=\"widget\" data-e-type=\"widget\" data-widget_type=\"luxedrive_core_section_title.default\">\n\t\t\t\t<div class=\"elementor-widget-container\">\n\t\t\t\t\t<div class=\"qodef-shortcode qodef-m  qodef-section-title qodef-alignment--left \">\n\t\t<h3 class=\"qodef-m-title\" style=\"color: #FFFFFF\">\n\t\t\t\t\tCompl\u00e9tez le formulaire, nous vous recontacterons rapidement.\t\t\t<\/h3>\n\t\t<\/div>\n\t\t\t\t<\/div>\n\t\t\t\t<\/div>\n\t\t\t\t<section class=\"elementor-section elementor-inner-section elementor-element elementor-element-5bf87fa elementor-section-boxed elementor-section-height-default elementor-section-height-default\" data-id=\"5bf87fa\" data-element_type=\"section\" data-e-type=\"section\">\n\t\t\t\t\t\t<div class=\"elementor-container elementor-column-gap-default\">\n\t\t\t\t\t<div class=\"elementor-column elementor-col-100 elementor-inner-column elementor-element elementor-element-490fb74\" data-id=\"490fb74\" data-element_type=\"column\" data-e-type=\"column\">\n\t\t\t<div class=\"elementor-widget-wrap elementor-element-populated\">\n\t\t\t\t\t\t<div class=\"elementor-element elementor-element-6e4b0fe elementor-widget elementor-widget-wp-widget-luxedrive_core_contact_form_7\" data-id=\"6e4b0fe\" data-element_type=\"widget\" data-e-type=\"widget\" id=\"formContact\" data-widget_type=\"wp-widget-luxedrive_core_contact_form_7.default\">\n\t\t\t\t<div class=\"elementor-widget-container\">\n\t\t\t\t\t\t\t\t<div class=\"qodef-contact-form-7\">\n\t\t\t\t\n<div class=\"wpcf7 no-js\" id=\"wpcf7-f3274-o1\" lang=\"en-US\" dir=\"ltr\" data-wpcf7-id=\"3274\">\n<div class=\"screen-reader-response\"><p role=\"status\" aria-live=\"polite\" aria-atomic=\"true\"><\/p> <ul><\/ul><\/div>\n<form action=\"\/fr_fr\/wp-json\/wp\/v2\/pages\/3256#wpcf7-f3274-o1\" method=\"post\" class=\"wpcf7-form init\" aria-label=\"Contact form\" novalidate=\"novalidate\" data-status=\"init\">\n<fieldset class=\"hidden-fields-container\"><input type=\"hidden\" name=\"_wpcf7\" value=\"3274\"><input type=\"hidden\" name=\"_wpcf7_version\" value=\"6.1.5\"><input type=\"hidden\" name=\"_wpcf7_locale\" value=\"en_US\"><input type=\"hidden\" name=\"_wpcf7_unit_tag\" value=\"wpcf7-f3274-o1\"><input type=\"hidden\" name=\"_wpcf7_container_post\" value=\"0\"><input type=\"hidden\" name=\"_wpcf7_posted_data_hash\" value=\"\">\n<\/fieldset>\n<div class=\"qodef-contact-us\">\n\n        <div class=\"qodef-grid qodef-layout--columns qodef-col-num--2\">\n\n                <div class=\"qodef-grid-inner\">\n\n                        <div class=\"qodef-grid-item\">\n\n                        \n\n<span class=\"wpcf7-form-control-wrap\" data-name=\"your-phone\"><input size=\"40\" maxlength=\"400\" class=\"wpcf7-form-control wpcf7-text wpcf7-validates-as-required\" aria-required=\"true\" aria-invalid=\"false\" placeholder=\"T\u00e9l\" value=\"\" type=\"text\" name=\"your-phone\"><\/span>\n\n        <\/div>\n\n        <div class=\"qodef-grid-item\">\n\n                        <span class=\"wpcf7-form-control-wrap\" data-name=\"your-email\"><input size=\"40\" maxlength=\"400\" class=\"wpcf7-form-control wpcf7-email wpcf7-validates-as-required wpcf7-text wpcf7-validates-as-email\" aria-required=\"true\" aria-invalid=\"false\" placeholder=\"Email\" value=\"\" type=\"email\" name=\"your-email\"><\/span>\n\n        <\/div>\n\n        <\/div>\n\n<\/div>\n<span class=\"wpcf7-form-control-wrap\" data-name=\"your-name\"><input size=\"40\" maxlength=\"400\" class=\"wpcf7-form-control wpcf7-text wpcf7-validates-as-required\" aria-required=\"true\" aria-invalid=\"false\" placeholder=\"Nom &amp; Pr\u00e9nom\" value=\"\" type=\"text\" name=\"your-name\"><\/span>\n\n<span class=\"wpcf7-form-control-wrap\" data-name=\"your-message\"><textarea cols=\"40\" rows=\"4\" maxlength=\"2000\" class=\"wpcf7-form-control wpcf7-textarea wpcf7-validates-as-required\" aria-required=\"true\" aria-invalid=\"false\" placeholder=\"Message\" name=\"your-message\"><\/textarea><\/span>\n\n<button class=\"wpcf7-form-control wpcf7-submit qodef-button qodef-size--normal qodef-layout--filled qodef-m\" type=\"submit\"><span class=\"qodef-m-text\">Envoyer votre demande<\/span><\/button>\n\n<\/div><div class=\"wpcf7-response-output\" aria-hidden=\"true\"><\/div>\n<\/form>\n<\/div>\n\t\t\t<\/div>\n\t\t\t\t\t\t\t<\/div>\n\t\t\t\t<\/div>\n\t\t\t\t\t<\/div>\n\t\t<\/div>\n\t\t\t\t\t<\/div>\n\t\t<\/section>\n\t\t\t\t\t<\/div>\n\t\t<\/div>\n\t\t\t\t\t<\/div>\n\t\t<\/section>\n\t\t\t\t<\/div>\n\t\t<\/body>","protected":false},"excerpt":{"rendered":"<p>Vous avez une question ou besoin d\u2019assistance ? Notre \u00e9quipe est l\u00e0 pour vous aider ! Votre satisfaction est notre priorit\u00e9. N\u2019h\u00e9sitez pas \u00e0 nous joindre pour toute information, r\u00e9servation ou suggestion. Tahiri Luxury Services s\u2019engage \u00e0 vous offrir un service d\u2019excellence. Phone: +212 (0) 808 551 669 Email: contact@tahiriluxuryservices.ma Marrakech Business Center Building , [&hellip;]<\/p>\n","protected":false},"author":1,"featured_media":0,"parent":0,"menu_order":0,"comment_status":"closed","ping_status":"closed","template":"page-full-width.php","meta":{"om_disable_all_campaigns":false,"footnotes":""},"class_list":["post-3256","page","type-page","status-publish","hentry"],"yoast_head":"<!-- This site is optimized with the Yoast SEO plugin v27.3 - https:\/\/yoast.com\/product\/yoast-seo-wordpress\/ -->\n<title>Get In Touch - Tahiri Luxury Services<\/title>\n<meta name=\"robots\" content=\"index, follow, max-snippet:-1, max-image-preview:large, max-video-preview:-1\" \/>\n<link rel=\"canonical\" href=\"https:\/\/tahiriluxuryservices.ma\/fr_fr\/get-in-touch\/\" \/>\n<meta property=\"og:locale\" content=\"fr_FR\" \/>\n<meta property=\"og:type\" content=\"article\" \/>\n<meta property=\"og:title\" content=\"Get In Touch - Tahiri Luxury Services\" \/>\n<meta property=\"og:description\" content=\"Vous avez une question ou besoin d\u2019assistance ? Notre \u00e9quipe est l\u00e0 pour vous aider ! Votre satisfaction est notre priorit\u00e9. N\u2019h\u00e9sitez pas \u00e0 nous joindre pour toute information, r\u00e9servation ou suggestion. Tahiri Luxury Services s\u2019engage \u00e0 vous offrir un service d\u2019excellence. Phone: +212 (0) 808 551 669 Email: contact@tahiriluxuryservices.ma Marrakech Business Center Building , [&hellip;]\" \/>\n<meta property=\"og:url\" content=\"https:\/\/tahiriluxuryservices.ma\/fr_fr\/get-in-touch\/\" \/>\n<meta property=\"og:site_name\" content=\"Tahiri Luxury Services\" \/>\n<meta property=\"article:modified_time\" content=\"2024-12-05T16:34:07+00:00\" \/>\n<meta property=\"og:image\" content=\"https:\/\/demo.tahiriluxuryservices.ma\/wp-content\/uploads\/2024\/11\/phone-icon-e1732536011233.png\" \/>\n<meta name=\"twitter:card\" content=\"summary_large_image\" \/>\n<script type=\"application\/ld+json\" class=\"yoast-schema-graph\">{\"@context\":\"https:\\\/\\\/schema.org\",\"@graph\":[{\"@type\":\"WebPage\",\"@id\":\"https:\\\/\\\/tahiriluxuryservices.ma\\\/get-in-touch\\\/\",\"url\":\"https:\\\/\\\/tahiriluxuryservices.ma\\\/get-in-touch\\\/\",\"name\":\"Get In Touch - Tahiri Luxury Services\",\"isPartOf\":{\"@id\":\"https:\\\/\\\/tahiriluxuryservices.ma\\\/#website\"},\"primaryImageOfPage\":{\"@id\":\"https:\\\/\\\/tahiriluxuryservices.ma\\\/get-in-touch\\\/#primaryimage\"},\"image\":{\"@id\":\"https:\\\/\\\/tahiriluxuryservices.ma\\\/get-in-touch\\\/#primaryimage\"},\"thumbnailUrl\":\"https:\\\/\\\/demo.tahiriluxuryservices.ma\\\/wp-content\\\/uploads\\\/2024\\\/11\\\/phone-icon-e1732536011233.png\",\"datePublished\":\"2023-02-26T18:41:18+00:00\",\"dateModified\":\"2024-12-05T16:34:07+00:00\",\"breadcrumb\":{\"@id\":\"https:\\\/\\\/tahiriluxuryservices.ma\\\/get-in-touch\\\/#breadcrumb\"},\"inLanguage\":\"fr-FR\",\"potentialAction\":[{\"@type\":\"ReadAction\",\"target\":[\"https:\\\/\\\/tahiriluxuryservices.ma\\\/get-in-touch\\\/\"]}]},{\"@type\":\"ImageObject\",\"inLanguage\":\"fr-FR\",\"@id\":\"https:\\\/\\\/tahiriluxuryservices.ma\\\/get-in-touch\\\/#primaryimage\",\"url\":\"https:\\\/\\\/demo.tahiriluxuryservices.ma\\\/wp-content\\\/uploads\\\/2024\\\/11\\\/phone-icon-e1732536011233.png\",\"contentUrl\":\"https:\\\/\\\/demo.tahiriluxuryservices.ma\\\/wp-content\\\/uploads\\\/2024\\\/11\\\/phone-icon-e1732536011233.png\"},{\"@type\":\"BreadcrumbList\",\"@id\":\"https:\\\/\\\/tahiriluxuryservices.ma\\\/get-in-touch\\\/#breadcrumb\",\"itemListElement\":[{\"@type\":\"ListItem\",\"position\":1,\"name\":\"Accueil\",\"item\":\"https:\\\/\\\/tahiriluxuryservices.ma\\\/\"},{\"@type\":\"ListItem\",\"position\":2,\"name\":\"Get In Touch\"}]},{\"@type\":\"WebSite\",\"@id\":\"https:\\\/\\\/tahiriluxuryservices.ma\\\/#website\",\"url\":\"https:\\\/\\\/tahiriluxuryservices.ma\\\/\",\"name\":\"Tahiri Luxury Services\",\"description\":\"Chauffeur priv\u00e9 de luxe Marrakech\",\"potentialAction\":[{\"@type\":\"SearchAction\",\"target\":{\"@type\":\"EntryPoint\",\"urlTemplate\":\"https:\\\/\\\/tahiriluxuryservices.ma\\\/?s={search_term_string}\"},\"query-input\":{\"@type\":\"PropertyValueSpecification\",\"valueRequired\":true,\"valueName\":\"search_term_string\"}}],\"inLanguage\":\"fr-FR\"}]}<\/script>\n<!-- \/ Yoast SEO plugin. -->","yoast_head_json":{"title":"Get In Touch - Tahiri Luxury Services","robots":{"index":"index","follow":"follow","max-snippet":"max-snippet:-1","max-image-preview":"max-image-preview:large","max-video-preview":"max-video-preview:-1"},"canonical":"https:\/\/tahiriluxuryservices.ma\/fr_fr\/get-in-touch\/","og_locale":"fr_FR","og_type":"article","og_title":"Get In Touch - Tahiri Luxury Services","og_description":"Vous avez une question ou besoin d\u2019assistance ? Notre \u00e9quipe est l\u00e0 pour vous aider ! Votre satisfaction est notre priorit\u00e9. N\u2019h\u00e9sitez pas \u00e0 nous joindre pour toute information, r\u00e9servation ou suggestion. Tahiri Luxury Services s\u2019engage \u00e0 vous offrir un service d\u2019excellence. Phone: +212 (0) 808 551 669 Email: contact@tahiriluxuryservices.ma Marrakech Business Center Building , [&hellip;]","og_url":"https:\/\/tahiriluxuryservices.ma\/fr_fr\/get-in-touch\/","og_site_name":"Tahiri Luxury Services","article_modified_time":"2024-12-05T16:34:07+00:00","og_image":[{"url":"https:\/\/demo.tahiriluxuryservices.ma\/wp-content\/uploads\/2024\/11\/phone-icon-e1732536011233.png","type":"","width":"","height":""}],"twitter_card":"summary_large_image","schema":{"@context":"https:\/\/schema.org","@graph":[{"@type":"WebPage","@id":"https:\/\/tahiriluxuryservices.ma\/get-in-touch\/","url":"https:\/\/tahiriluxuryservices.ma\/get-in-touch\/","name":"Get In Touch - Tahiri Luxury Services","isPartOf":{"@id":"https:\/\/tahiriluxuryservices.ma\/#website"},"primaryImageOfPage":{"@id":"https:\/\/tahiriluxuryservices.ma\/get-in-touch\/#primaryimage"},"image":{"@id":"https:\/\/tahiriluxuryservices.ma\/get-in-touch\/#primaryimage"},"thumbnailUrl":"https:\/\/demo.tahiriluxuryservices.ma\/wp-content\/uploads\/2024\/11\/phone-icon-e1732536011233.png","datePublished":"2023-02-26T18:41:18+00:00","dateModified":"2024-12-05T16:34:07+00:00","breadcrumb":{"@id":"https:\/\/tahiriluxuryservices.ma\/get-in-touch\/#breadcrumb"},"inLanguage":"fr-FR","potentialAction":[{"@type":"ReadAction","target":["https:\/\/tahiriluxuryservices.ma\/get-in-touch\/"]}]},{"@type":"ImageObject","inLanguage":"fr-FR","@id":"https:\/\/tahiriluxuryservices.ma\/get-in-touch\/#primaryimage","url":"https:\/\/demo.tahiriluxuryservices.ma\/wp-content\/uploads\/2024\/11\/phone-icon-e1732536011233.png","contentUrl":"https:\/\/demo.tahiriluxuryservices.ma\/wp-content\/uploads\/2024\/11\/phone-icon-e1732536011233.png"},{"@type":"BreadcrumbList","@id":"https:\/\/tahiriluxuryservices.ma\/get-in-touch\/#breadcrumb","itemListElement":[{"@type":"ListItem","position":1,"name":"Accueil","item":"https:\/\/tahiriluxuryservices.ma\/"},{"@type":"ListItem","position":2,"name":"Get In Touch"}]},{"@type":"WebSite","@id":"https:\/\/tahiriluxuryservices.ma\/#website","url":"https:\/\/tahiriluxuryservices.ma\/","name":"Tahiri Luxury Services","description":"Chauffeur priv\u00e9 de luxe Marrakech","potentialAction":[{"@type":"SearchAction","target":{"@type":"EntryPoint","urlTemplate":"https:\/\/tahiriluxuryservices.ma\/?s={search_term_string}"},"query-input":{"@type":"PropertyValueSpecification","valueRequired":true,"valueName":"search_term_string"}}],"inLanguage":"fr-FR"}]}},"jetpack_sharing_enabled":true,"_links":{"self":[{"href":"https:\/\/tahiriluxuryservices.ma\/fr_fr\/wp-json\/wp\/v2\/pages\/3256","targetHints":{"allow":["GET"]}}],"collection":[{"href":"https:\/\/tahiriluxuryservices.ma\/fr_fr\/wp-json\/wp\/v2\/pages"}],"about":[{"href":"https:\/\/tahiriluxuryservices.ma\/fr_fr\/wp-json\/wp\/v2\/types\/page"}],"author":[{"embeddable":true,"href":"https:\/\/tahiriluxuryservices.ma\/fr_fr\/wp-json\/wp\/v2\/users\/1"}],"replies":[{"embeddable":true,"href":"https:\/\/tahiriluxuryservices.ma\/fr_fr\/wp-json\/wp\/v2\/comments?post=3256"}],"version-history":[{"count":5,"href":"https:\/\/tahiriluxuryservices.ma\/fr_fr\/wp-json\/wp\/v2\/pages\/3256\/revisions"}],"predecessor-version":[{"id":8453,"href":"https:\/\/tahiriluxuryservices.ma\/fr_fr\/wp-json\/wp\/v2\/pages\/3256\/revisions\/8453"}],"wp:attachment":[{"href":"https:\/\/tahiriluxuryservices.ma\/fr_fr\/wp-json\/wp\/v2\/media?parent=3256"}],"curies":[{"name":"wp","href":"https:\/\/api.w.org\/{rel}","templated":true}]}}