{"id":8476,"date":"2024-12-11T11:50:12","date_gmt":"2024-12-11T11:50:12","guid":{"rendered":"https:\/\/demo.tahiriluxuryservices.ma\/?page_id=8476"},"modified":"2024-12-11T12:05:05","modified_gmt":"2024-12-11T12:05:05","slug":"tours-et-excursions-sur-mesure","status":"publish","type":"page","link":"https:\/\/tahiriluxuryservices.ma\/fr_fr\/tours-et-excursions-sur-mesure\/","title":{"rendered":"Tours et Excursions Sur-Mesure"},"content":{"rendered":"<body>\t\t<div data-elementor-type=\"wp-page\" data-elementor-id=\"8476\" class=\"elementor elementor-8476\" data-elementor-post-type=\"page\">\n\t\t\t\t\t\t<section class=\"elementor-section elementor-top-section elementor-element elementor-element-d044bd4 elementor-section-full_width qodef-elementor-content-grid elementor-section-height-default elementor-section-height-default\" data-id=\"d044bd4\" data-element_type=\"section\" data-e-type=\"section\" data-settings='{\"background_background\":\"classic\"}'>\n\t\t\t\t\t\t<div class=\"elementor-container elementor-column-gap-default\">\n\t\t\t\t\t<div class=\"elementor-column elementor-col-50 elementor-top-column elementor-element elementor-element-a5085a5\" data-id=\"a5085a5\" data-element_type=\"column\" data-e-type=\"column\">\n\t\t\t<div class=\"elementor-widget-wrap elementor-element-populated\">\n\t\t\t\t\t\t<div class=\"elementor-element elementor-element-eae1c93 elementor-widget elementor-widget-luxedrive_core_section_title\" data-id=\"eae1c93\" data-element_type=\"widget\" data-e-type=\"widget\" data-widget_type=\"luxedrive_core_section_title.default\">\n\t\t\t\t<div class=\"elementor-widget-container\">\n\t\t\t\t\t<div class=\"qodef-shortcode qodef-m  qodef-section-title qodef-alignment--left qodef-title-break--disabled\">\n\t\t<h2 class=\"qodef-m-title\" style=\"color: #FFFFFF\">\n\t\t\t\t\tD\u00e9couvrez Marrakech et ses environs autrement avec Tahiri Luxury Services\t\t\t<\/h2>\n\t\t<span class=\"qodef-m-subtitle\" style=\"color: #E2B85C\">Destinations sur demande <\/span>\n\t<\/div>\n\t\t\t\t<\/div>\n\t\t\t\t<\/div>\n\t\t\t\t\t<\/div>\n\t\t<\/div>\n\t\t\t\t<div class=\"elementor-column elementor-col-50 elementor-top-column elementor-element elementor-element-f07bdf7\" data-id=\"f07bdf7\" data-element_type=\"column\" data-e-type=\"column\">\n\t\t\t<div class=\"elementor-widget-wrap elementor-element-populated\">\n\t\t\t\t\t\t<div class=\"elementor-element elementor-element-e5d2d3f elementor-widget elementor-widget-text-editor\" data-id=\"e5d2d3f\" data-element_type=\"widget\" data-e-type=\"widget\" data-widget_type=\"text-editor.default\">\n\t\t\t\t<div class=\"elementor-widget-container\">\n\t\t\t\t\t\t\t\t\t<p>Que vous souhaitiez explorer la m\u00e9dina historique, admirer les paysages \u00e9poustouflants de l\u2019Atlas, ou vous aventurer dans le d\u00e9sert, notre service de conciergerie premium s\u2019occupe de tout. Nos chauffeurs exp\u00e9riment\u00e9s et nos v\u00e9hicules haut de gamme vous garantissent un voyage alliant confort et \u00e9l\u00e9gance.<\/p>\t\t\t\t\t\t\t\t<\/div>\n\t\t\t\t<\/div>\n\t\t\t\t\t<\/div>\n\t\t<\/div>\n\t\t\t\t\t<\/div>\n\t\t<\/section>\n\t\t\t\t<section class=\"elementor-section elementor-top-section elementor-element elementor-element-de67292 elementor-section-full_width qodef-elementor-content-grid elementor-section-height-default elementor-section-height-default\" data-id=\"de67292\" data-element_type=\"section\" data-e-type=\"section\">\n\t\t\t\t\t\t<div class=\"elementor-container elementor-column-gap-default\">\n\t\t\t\t\t<div class=\"elementor-column elementor-col-100 elementor-top-column elementor-element elementor-element-2c1127e\" data-id=\"2c1127e\" data-element_type=\"column\" data-e-type=\"column\">\n\t\t\t<div class=\"elementor-widget-wrap elementor-element-populated\">\n\t\t\t\t\t\t<div class=\"elementor-element elementor-element-5612254 elementor-widget elementor-widget-luxedrive_core_image_gallery\" data-id=\"5612254\" data-element_type=\"widget\" data-e-type=\"widget\" data-widget_type=\"luxedrive_core_image_gallery.default\">\n\t\t\t\t<div class=\"elementor-widget-container\">\n\t\t\t\t\t<div class=\"qodef-shortcode qodef-m  qodef-image-gallery qodef-magnific-popup qodef-popup-gallery   qodef-grid qodef-layout--masonry qodef-items--fixed qodef-gutter--small qodef-vertical-gutter--small qodef-col-num--4  qodef-responsive--custom qodef-col-num--1440--4 qodef-col-num--1366--4 qodef-col-num--1024--2 qodef-col-num--768--2 qodef-col-num--680--1 qodef-col-num--480--1 qodef-swiper--show-pagination qodef-swiper-pagination--fraction\">\n\t<div class=\"qodef-grid-inner\">\n\t\t\t<div class=\"qodef-grid-masonry-sizer\"><\/div>\n<div class=\"qodef-e qodef-image-wrapper qodef-grid-item  qodef-item--huge-square\">\n\t\t\t<a class=\"qodef-popup-item\" itemprop=\"image\" href=\"https:\/\/i0.wp.com\/tahiriluxuryservices.ma\/wp-content\/uploads\/2024\/11\/Aeroport-Marrakech-pic1-scaled.jpg?fit=2560%2C2560&amp;ssl=1\" data-type=\"image\">\n\t\t\t<img loading=\"lazy\" decoding=\"async\" width=\"1300\" height=\"1300\" src=\"https:\/\/i0.wp.com\/tahiriluxuryservices.ma\/wp-content\/uploads\/2024\/11\/Aeroport-Marrakech-pic1-scaled.jpg?resize=1300%2C1300&amp;ssl=1\" class=\"attachment-luxedrive_core_image_size_huge-square size-luxedrive_core_image_size_huge-square\" alt=\"\" srcset=\"https:\/\/i0.wp.com\/tahiriluxuryservices.ma\/wp-content\/uploads\/2024\/11\/Aeroport-Marrakech-pic1-scaled.jpg?w=2560&amp;ssl=1 2560w, https:\/\/i0.wp.com\/tahiriluxuryservices.ma\/wp-content\/uploads\/2024\/11\/Aeroport-Marrakech-pic1-scaled.jpg?resize=300%2C300&amp;ssl=1 300w, https:\/\/i0.wp.com\/tahiriluxuryservices.ma\/wp-content\/uploads\/2024\/11\/Aeroport-Marrakech-pic1-scaled.jpg?resize=1024%2C1024&amp;ssl=1 1024w, https:\/\/i0.wp.com\/tahiriluxuryservices.ma\/wp-content\/uploads\/2024\/11\/Aeroport-Marrakech-pic1-scaled.jpg?resize=150%2C150&amp;ssl=1 150w, https:\/\/i0.wp.com\/tahiriluxuryservices.ma\/wp-content\/uploads\/2024\/11\/Aeroport-Marrakech-pic1-scaled.jpg?resize=768%2C768&amp;ssl=1 768w, https:\/\/i0.wp.com\/tahiriluxuryservices.ma\/wp-content\/uploads\/2024\/11\/Aeroport-Marrakech-pic1-scaled.jpg?resize=1536%2C1536&amp;ssl=1 1536w, https:\/\/i0.wp.com\/tahiriluxuryservices.ma\/wp-content\/uploads\/2024\/11\/Aeroport-Marrakech-pic1-scaled.jpg?resize=2048%2C2048&amp;ssl=1 2048w, https:\/\/i0.wp.com\/tahiriluxuryservices.ma\/wp-content\/uploads\/2024\/11\/Aeroport-Marrakech-pic1-scaled.jpg?resize=650%2C650&amp;ssl=1 650w, https:\/\/i0.wp.com\/tahiriluxuryservices.ma\/wp-content\/uploads\/2024\/11\/Aeroport-Marrakech-pic1-scaled.jpg?resize=1300%2C1300&amp;ssl=1 1300w, https:\/\/i0.wp.com\/tahiriluxuryservices.ma\/wp-content\/uploads\/2024\/11\/Aeroport-Marrakech-pic1-scaled.jpg?resize=600%2C600&amp;ssl=1 600w, https:\/\/i0.wp.com\/tahiriluxuryservices.ma\/wp-content\/uploads\/2024\/11\/Aeroport-Marrakech-pic1-scaled.jpg?resize=100%2C100&amp;ssl=1 100w\" sizes=\"auto, (max-width: 1300px) 100vw, 1300px\" loading=\"lazy\">\t\t\t<\/a>\n\t<\/div>\n<div class=\"qodef-e qodef-image-wrapper qodef-grid-item  qodef-item--square\">\n\t\t\t<a class=\"qodef-popup-item\" itemprop=\"image\" href=\"https:\/\/i0.wp.com\/tahiriluxuryservices.ma\/wp-content\/uploads\/2024\/11\/Aeroport-Marrakech-pic3.jpg?fit=2083%2C2083&amp;ssl=1\" data-type=\"image\">\n\t\t\t<img loading=\"lazy\" decoding=\"async\" width=\"650\" height=\"650\" src=\"https:\/\/i0.wp.com\/tahiriluxuryservices.ma\/wp-content\/uploads\/2024\/11\/Aeroport-Marrakech-pic3.jpg?resize=650%2C650&amp;ssl=1\" class=\"attachment-luxedrive_core_image_size_square size-luxedrive_core_image_size_square\" alt=\"\" srcset=\"https:\/\/i0.wp.com\/tahiriluxuryservices.ma\/wp-content\/uploads\/2024\/11\/Aeroport-Marrakech-pic3.jpg?w=2083&amp;ssl=1 2083w, https:\/\/i0.wp.com\/tahiriluxuryservices.ma\/wp-content\/uploads\/2024\/11\/Aeroport-Marrakech-pic3.jpg?resize=300%2C300&amp;ssl=1 300w, https:\/\/i0.wp.com\/tahiriluxuryservices.ma\/wp-content\/uploads\/2024\/11\/Aeroport-Marrakech-pic3.jpg?resize=1024%2C1024&amp;ssl=1 1024w, https:\/\/i0.wp.com\/tahiriluxuryservices.ma\/wp-content\/uploads\/2024\/11\/Aeroport-Marrakech-pic3.jpg?resize=150%2C150&amp;ssl=1 150w, https:\/\/i0.wp.com\/tahiriluxuryservices.ma\/wp-content\/uploads\/2024\/11\/Aeroport-Marrakech-pic3.jpg?resize=768%2C768&amp;ssl=1 768w, https:\/\/i0.wp.com\/tahiriluxuryservices.ma\/wp-content\/uploads\/2024\/11\/Aeroport-Marrakech-pic3.jpg?resize=1536%2C1536&amp;ssl=1 1536w, https:\/\/i0.wp.com\/tahiriluxuryservices.ma\/wp-content\/uploads\/2024\/11\/Aeroport-Marrakech-pic3.jpg?resize=2048%2C2048&amp;ssl=1 2048w, https:\/\/i0.wp.com\/tahiriluxuryservices.ma\/wp-content\/uploads\/2024\/11\/Aeroport-Marrakech-pic3.jpg?resize=650%2C650&amp;ssl=1 650w, https:\/\/i0.wp.com\/tahiriluxuryservices.ma\/wp-content\/uploads\/2024\/11\/Aeroport-Marrakech-pic3.jpg?resize=1300%2C1300&amp;ssl=1 1300w, https:\/\/i0.wp.com\/tahiriluxuryservices.ma\/wp-content\/uploads\/2024\/11\/Aeroport-Marrakech-pic3.jpg?resize=600%2C600&amp;ssl=1 600w, https:\/\/i0.wp.com\/tahiriluxuryservices.ma\/wp-content\/uploads\/2024\/11\/Aeroport-Marrakech-pic3.jpg?resize=100%2C100&amp;ssl=1 100w\" sizes=\"auto, (max-width: 650px) 100vw, 650px\" loading=\"lazy\">\t\t\t<\/a>\n\t<\/div>\n<div class=\"qodef-e qodef-image-wrapper qodef-grid-item  qodef-item--portrait\">\n\t\t\t<a class=\"qodef-popup-item\" itemprop=\"image\" href=\"https:\/\/i0.wp.com\/tahiriluxuryservices.ma\/wp-content\/uploads\/2024\/11\/Aeroport-Marrakech-pic2-2.jpg?fit=565%2C1168&amp;ssl=1\" data-type=\"image\">\n\t\t\t<img loading=\"lazy\" decoding=\"async\" width=\"565\" height=\"1168\" src=\"https:\/\/i0.wp.com\/tahiriluxuryservices.ma\/wp-content\/uploads\/2024\/11\/Aeroport-Marrakech-pic2-2.jpg?resize=565%2C1168&amp;ssl=1\" class=\"attachment-luxedrive_core_image_size_portrait size-luxedrive_core_image_size_portrait\" alt=\"\" srcset=\"https:\/\/i0.wp.com\/tahiriluxuryservices.ma\/wp-content\/uploads\/2024\/11\/Aeroport-Marrakech-pic2-2.jpg?w=565&amp;ssl=1 565w, https:\/\/i0.wp.com\/tahiriluxuryservices.ma\/wp-content\/uploads\/2024\/11\/Aeroport-Marrakech-pic2-2.jpg?resize=145%2C300&amp;ssl=1 145w, https:\/\/i0.wp.com\/tahiriluxuryservices.ma\/wp-content\/uploads\/2024\/11\/Aeroport-Marrakech-pic2-2.jpg?resize=495%2C1024&amp;ssl=1 495w\" sizes=\"auto, (max-width: 565px) 100vw, 565px\" loading=\"lazy\">\t\t\t<\/a>\n\t<\/div>\n<div class=\"qodef-e qodef-image-wrapper qodef-grid-item  qodef-item--square\">\n\t\t\t<a class=\"qodef-popup-item\" itemprop=\"image\" href=\"https:\/\/i0.wp.com\/tahiriluxuryservices.ma\/wp-content\/uploads\/2024\/11\/Aeroport-Marrakech-pic4.jpg?fit=2083%2C2083&amp;ssl=1\" data-type=\"image\">\n\t\t\t<img loading=\"lazy\" decoding=\"async\" width=\"650\" height=\"650\" src=\"https:\/\/i0.wp.com\/tahiriluxuryservices.ma\/wp-content\/uploads\/2024\/11\/Aeroport-Marrakech-pic4.jpg?resize=650%2C650&amp;ssl=1\" class=\"attachment-luxedrive_core_image_size_square size-luxedrive_core_image_size_square\" alt=\"\" srcset=\"https:\/\/i0.wp.com\/tahiriluxuryservices.ma\/wp-content\/uploads\/2024\/11\/Aeroport-Marrakech-pic4.jpg?w=2083&amp;ssl=1 2083w, https:\/\/i0.wp.com\/tahiriluxuryservices.ma\/wp-content\/uploads\/2024\/11\/Aeroport-Marrakech-pic4.jpg?resize=300%2C300&amp;ssl=1 300w, https:\/\/i0.wp.com\/tahiriluxuryservices.ma\/wp-content\/uploads\/2024\/11\/Aeroport-Marrakech-pic4.jpg?resize=1024%2C1024&amp;ssl=1 1024w, https:\/\/i0.wp.com\/tahiriluxuryservices.ma\/wp-content\/uploads\/2024\/11\/Aeroport-Marrakech-pic4.jpg?resize=150%2C150&amp;ssl=1 150w, https:\/\/i0.wp.com\/tahiriluxuryservices.ma\/wp-content\/uploads\/2024\/11\/Aeroport-Marrakech-pic4.jpg?resize=768%2C768&amp;ssl=1 768w, https:\/\/i0.wp.com\/tahiriluxuryservices.ma\/wp-content\/uploads\/2024\/11\/Aeroport-Marrakech-pic4.jpg?resize=1536%2C1536&amp;ssl=1 1536w, https:\/\/i0.wp.com\/tahiriluxuryservices.ma\/wp-content\/uploads\/2024\/11\/Aeroport-Marrakech-pic4.jpg?resize=2048%2C2048&amp;ssl=1 2048w, https:\/\/i0.wp.com\/tahiriluxuryservices.ma\/wp-content\/uploads\/2024\/11\/Aeroport-Marrakech-pic4.jpg?resize=650%2C650&amp;ssl=1 650w, https:\/\/i0.wp.com\/tahiriluxuryservices.ma\/wp-content\/uploads\/2024\/11\/Aeroport-Marrakech-pic4.jpg?resize=1300%2C1300&amp;ssl=1 1300w, https:\/\/i0.wp.com\/tahiriluxuryservices.ma\/wp-content\/uploads\/2024\/11\/Aeroport-Marrakech-pic4.jpg?resize=600%2C600&amp;ssl=1 600w, https:\/\/i0.wp.com\/tahiriluxuryservices.ma\/wp-content\/uploads\/2024\/11\/Aeroport-Marrakech-pic4.jpg?resize=100%2C100&amp;ssl=1 100w\" sizes=\"auto, (max-width: 650px) 100vw, 650px\" loading=\"lazy\">\t\t\t<\/a>\n\t<\/div>\n\t<\/div>\n<\/div>\n\t\t\t\t<\/div>\n\t\t\t\t<\/div>\n\t\t\t\t\t<\/div>\n\t\t<\/div>\n\t\t\t\t\t<\/div>\n\t\t<\/section>\n\t\t\t\t<section class=\"elementor-section elementor-top-section elementor-element elementor-element-5349f09 elementor-section-full_width qodef-elementor-content-grid elementor-section-height-default elementor-section-height-default\" data-id=\"5349f09\" data-element_type=\"section\" data-e-type=\"section\">\n\t\t\t\t\t\t<div class=\"elementor-container elementor-column-gap-default\">\n\t\t\t\t\t<div class=\"elementor-column elementor-col-100 elementor-top-column elementor-element elementor-element-1354325\" data-id=\"1354325\" data-element_type=\"column\" data-e-type=\"column\" data-settings='{\"background_background\":\"classic\"}'>\n\t\t\t<div class=\"elementor-widget-wrap elementor-element-populated\">\n\t\t\t\t\t\t<div class=\"elementor-element elementor-element-40c0de0 elementor-widget elementor-widget-luxedrive_core_section_title\" data-id=\"40c0de0\" data-element_type=\"widget\" data-e-type=\"widget\" data-widget_type=\"luxedrive_core_section_title.default\">\n\t\t\t\t<div class=\"elementor-widget-container\">\n\t\t\t\t\t<div class=\"qodef-shortcode qodef-m  qodef-section-title qodef-alignment--left qodef-title-break--disabled\">\n\t\t<h2 class=\"qodef-m-title\" style=\"color: #FFFFFF\">\n\t\t\t\t\tUne exp\u00e9rience unique avec notre service exclusif<br>\t\t\t<\/h2>\n\t\t<span class=\"qodef-m-subtitle\" style=\"color: #E2B85C\">R\u00e9servez d\u00e8s aujourd\u2019hui et laissez-nous sublimer votre aventure<\/span>\n\t<\/div>\n\t\t\t\t<\/div>\n\t\t\t\t<\/div>\n\t\t\t\t<div class=\"elementor-element elementor-element-4ab1ba3 elementor-widget elementor-widget-luxedrive_core_separator\" data-id=\"4ab1ba3\" data-element_type=\"widget\" data-e-type=\"widget\" data-widget_type=\"luxedrive_core_separator.default\">\n\t\t\t\t<div class=\"elementor-widget-container\">\n\t\t\t\t\t<div class=\"qodef-shortcode qodef-m  qodef-separator clear  \">\n\t<div class=\"qodef-m-line\" style=\"border-color: #262D33;border-style: solid;width: 100%;border-bottom-width: 1px\"><\/div>\n<\/div>\n\t\t\t\t<\/div>\n\t\t\t\t<\/div>\n\t\t\t\t\t<\/div>\n\t\t<\/div>\n\t\t\t\t\t<\/div>\n\t\t<\/section>\n\t\t\t\t<section class=\"elementor-section elementor-top-section elementor-element elementor-element-054dd8c elementor-section-full_width qodef-elementor-content-grid elementor-section-height-default elementor-section-height-default\" data-id=\"054dd8c\" data-element_type=\"section\" data-e-type=\"section\">\n\t\t\t\t\t\t<div class=\"elementor-container elementor-column-gap-default\">\n\t\t\t\t\t<div class=\"elementor-column elementor-col-100 elementor-top-column elementor-element elementor-element-e404192\" data-id=\"e404192\" data-element_type=\"column\" data-e-type=\"column\">\n\t\t\t<div class=\"elementor-widget-wrap elementor-element-populated\">\n\t\t\t\t\t\t<div class=\"elementor-element elementor-element-102c97e elementor-widget elementor-widget-luxedrive_core_blog_list\" data-id=\"102c97e\" data-element_type=\"widget\" data-e-type=\"widget\" data-widget_type=\"luxedrive_core_blog_list.default\">\n\t\t\t\t<div class=\"elementor-widget-container\">\n\t\t\t\t\t<div class=\"qodef-shortcode qodef-m  qodef-blog qodef-item-layout--side-by-side  qodef-grid qodef-layout--columns  qodef-gutter--very-large qodef-vertical-gutter--medium qodef-col-num--2 qodef-item-layout--side-by-side qodef-pagination--off qodef-responsive--custom qodef-col-num--1440--2 qodef-col-num--1366--2 qodef-col-num--1024--1 qodef-col-num--768--1 qodef-col-num--680--1 qodef-col-num--480--1 qodef-swiper--show-pagination qodef-swiper-pagination--fraction\" data-options='{\"plugin\":\"luxedrive_core\",\"module\":\"blog\\\/shortcodes\",\"shortcode\":\"blog-list\",\"post_type\":\"post\",\"next_page\":\"2\",\"behavior\":\"columns\",\"images_proportion\":\"full\",\"columns\":\"2\",\"columns_responsive\":\"custom\",\"columns_1440\":\"2\",\"columns_1366\":\"2\",\"columns_1024\":\"1\",\"columns_768\":\"1\",\"columns_680\":\"1\",\"columns_480\":\"1\",\"space\":\"very-large\",\"vertical_space\":\"medium\",\"slider_pagination_type\":\"fraction\",\"posts_per_page\":\"6\",\"orderby\":\"date\",\"order\":\"ASC\",\"additional_params\":\"tax\",\"tax\":\"category\",\"tax_slug\":\"Road\",\"layout\":\"side-by-side\",\"title_tag\":\"h5\",\"toggle_read_more\":\"no\",\"toggle_excerpt\":\"no\",\"toggle_category\":\"yes\",\"toggle_tags\":\"no\",\"pagination_type\":\"no-pagination\",\"object_class_name\":\"LuxeDriveCore_Blog_List_Shortcode\",\"taxonomy_filter\":\"category\",\"additional_query_args\":{\"tax_query\":[{\"taxonomy\":\"category\",\"field\":\"slug\",\"terms\":\"Road\"}]},\"space_value\":60}'>\n\t\t<div class=\"qodef-grid-inner\">\n\t\t<p class=\"qodef-m-posts-not-found qodef-grid-item\">No posts were found for provided query parameters.<\/p>\n\t<\/div>\n\t<\/div>\n\t\t\t\t<\/div>\n\t\t\t\t<\/div>\n\t\t\t\t<div class=\"elementor-element elementor-element-8a35638 elementor-widget elementor-widget-luxedrive_core_section_title\" data-id=\"8a35638\" data-element_type=\"widget\" data-e-type=\"widget\" data-widget_type=\"luxedrive_core_section_title.default\">\n\t\t\t\t<div class=\"elementor-widget-container\">\n\t\t\t\t\t<div class=\"qodef-shortcode qodef-m  qodef-section-title qodef-alignment--left \">\n\t\t<h2 class=\"qodef-m-title\">\n\t\t\t\t\tOur Blog Recent Articles\t\t\t<\/h2>\n\t\t<span class=\"qodef-m-subtitle\">all about cars<\/span>\n\t<\/div>\n\t\t\t\t<\/div>\n\t\t\t\t<\/div>\n\t\t\t\t\t<\/div>\n\t\t<\/div>\n\t\t\t\t\t<\/div>\n\t\t<\/section>\n\t\t\t\t<\/div>\n\t\t<\/body>","protected":false},"excerpt":{"rendered":"<p>D\u00e9couvrez Marrakech et ses environs autrement avec Tahiri Luxury Services Destinations sur demande Que vous souhaitiez explorer la m\u00e9dina historique, admirer les paysages \u00e9poustouflants de l\u2019Atlas, ou vous aventurer dans le d\u00e9sert, notre service de conciergerie premium s\u2019occupe de tout. Nos chauffeurs exp\u00e9riment\u00e9s et nos v\u00e9hicules haut de gamme vous garantissent un voyage alliant confort [&hellip;]<\/p>\n","protected":false},"author":1,"featured_media":0,"parent":0,"menu_order":0,"comment_status":"closed","ping_status":"closed","template":"page-full-width.php","meta":{"om_disable_all_campaigns":false,"footnotes":""},"class_list":["post-8476","page","type-page","status-publish","hentry"],"yoast_head":"<!-- This site is optimized with the Yoast SEO plugin v27.3 - https:\/\/yoast.com\/product\/yoast-seo-wordpress\/ -->\n<title>Tours et Excursions Sur-Mesure - Tahiri Luxury Services<\/title>\n<meta name=\"robots\" content=\"index, follow, max-snippet:-1, max-image-preview:large, max-video-preview:-1\" \/>\n<link rel=\"canonical\" href=\"https:\/\/tahiriluxuryservices.ma\/fr_fr\/tours-et-excursions-sur-mesure\/\" \/>\n<meta property=\"og:locale\" content=\"fr_FR\" \/>\n<meta property=\"og:type\" content=\"article\" \/>\n<meta property=\"og:title\" content=\"Tours et Excursions Sur-Mesure - Tahiri Luxury Services\" \/>\n<meta property=\"og:description\" content=\"D\u00e9couvrez Marrakech et ses environs autrement avec Tahiri Luxury Services Destinations sur demande Que vous souhaitiez explorer la m\u00e9dina historique, admirer les paysages \u00e9poustouflants de l\u2019Atlas, ou vous aventurer dans le d\u00e9sert, notre service de conciergerie premium s\u2019occupe de tout. Nos chauffeurs exp\u00e9riment\u00e9s et nos v\u00e9hicules haut de gamme vous garantissent un voyage alliant confort [&hellip;]\" \/>\n<meta property=\"og:url\" content=\"https:\/\/tahiriluxuryservices.ma\/fr_fr\/tours-et-excursions-sur-mesure\/\" \/>\n<meta property=\"og:site_name\" content=\"Tahiri Luxury Services\" \/>\n<meta property=\"article:modified_time\" content=\"2024-12-11T12:05:05+00:00\" \/>\n<meta property=\"og:image\" content=\"https:\/\/demo.tahiriluxuryservices.ma\/wp-content\/uploads\/2024\/11\/Aeroport-Marrakech-pic1-1300x1300.jpg\" \/>\n<meta name=\"twitter:card\" content=\"summary_large_image\" \/>\n<meta name=\"twitter:label1\" content=\"Dur\u00e9e de lecture estim\u00e9e\" \/>\n\t<meta name=\"twitter:data1\" content=\"1 minute\" \/>\n<script type=\"application\/ld+json\" class=\"yoast-schema-graph\">{\"@context\":\"https:\\\/\\\/schema.org\",\"@graph\":[{\"@type\":\"WebPage\",\"@id\":\"https:\\\/\\\/tahiriluxuryservices.ma\\\/tours-et-excursions-sur-mesure\\\/\",\"url\":\"https:\\\/\\\/tahiriluxuryservices.ma\\\/tours-et-excursions-sur-mesure\\\/\",\"name\":\"Tours et Excursions Sur-Mesure - Tahiri Luxury Services\",\"isPartOf\":{\"@id\":\"https:\\\/\\\/tahiriluxuryservices.ma\\\/#website\"},\"primaryImageOfPage\":{\"@id\":\"https:\\\/\\\/tahiriluxuryservices.ma\\\/tours-et-excursions-sur-mesure\\\/#primaryimage\"},\"image\":{\"@id\":\"https:\\\/\\\/tahiriluxuryservices.ma\\\/tours-et-excursions-sur-mesure\\\/#primaryimage\"},\"thumbnailUrl\":\"https:\\\/\\\/demo.tahiriluxuryservices.ma\\\/wp-content\\\/uploads\\\/2024\\\/11\\\/Aeroport-Marrakech-pic1-1300x1300.jpg\",\"datePublished\":\"2024-12-11T11:50:12+00:00\",\"dateModified\":\"2024-12-11T12:05:05+00:00\",\"breadcrumb\":{\"@id\":\"https:\\\/\\\/tahiriluxuryservices.ma\\\/tours-et-excursions-sur-mesure\\\/#breadcrumb\"},\"inLanguage\":\"fr-FR\",\"potentialAction\":[{\"@type\":\"ReadAction\",\"target\":[\"https:\\\/\\\/tahiriluxuryservices.ma\\\/tours-et-excursions-sur-mesure\\\/\"]}]},{\"@type\":\"ImageObject\",\"inLanguage\":\"fr-FR\",\"@id\":\"https:\\\/\\\/tahiriluxuryservices.ma\\\/tours-et-excursions-sur-mesure\\\/#primaryimage\",\"url\":\"https:\\\/\\\/demo.tahiriluxuryservices.ma\\\/wp-content\\\/uploads\\\/2024\\\/11\\\/Aeroport-Marrakech-pic1-1300x1300.jpg\",\"contentUrl\":\"https:\\\/\\\/demo.tahiriluxuryservices.ma\\\/wp-content\\\/uploads\\\/2024\\\/11\\\/Aeroport-Marrakech-pic1-1300x1300.jpg\"},{\"@type\":\"BreadcrumbList\",\"@id\":\"https:\\\/\\\/tahiriluxuryservices.ma\\\/tours-et-excursions-sur-mesure\\\/#breadcrumb\",\"itemListElement\":[{\"@type\":\"ListItem\",\"position\":1,\"name\":\"Accueil\",\"item\":\"https:\\\/\\\/tahiriluxuryservices.ma\\\/\"},{\"@type\":\"ListItem\",\"position\":2,\"name\":\"Tours et Excursions Sur-Mesure\"}]},{\"@type\":\"WebSite\",\"@id\":\"https:\\\/\\\/tahiriluxuryservices.ma\\\/#website\",\"url\":\"https:\\\/\\\/tahiriluxuryservices.ma\\\/\",\"name\":\"Tahiri Luxury Services\",\"description\":\"Chauffeur priv\u00e9 de luxe Marrakech\",\"potentialAction\":[{\"@type\":\"SearchAction\",\"target\":{\"@type\":\"EntryPoint\",\"urlTemplate\":\"https:\\\/\\\/tahiriluxuryservices.ma\\\/?s={search_term_string}\"},\"query-input\":{\"@type\":\"PropertyValueSpecification\",\"valueRequired\":true,\"valueName\":\"search_term_string\"}}],\"inLanguage\":\"fr-FR\"}]}<\/script>\n<!-- \/ Yoast SEO plugin. -->","yoast_head_json":{"title":"Tours et Excursions Sur-Mesure - Tahiri Luxury Services","robots":{"index":"index","follow":"follow","max-snippet":"max-snippet:-1","max-image-preview":"max-image-preview:large","max-video-preview":"max-video-preview:-1"},"canonical":"https:\/\/tahiriluxuryservices.ma\/fr_fr\/tours-et-excursions-sur-mesure\/","og_locale":"fr_FR","og_type":"article","og_title":"Tours et Excursions Sur-Mesure - Tahiri Luxury Services","og_description":"D\u00e9couvrez Marrakech et ses environs autrement avec Tahiri Luxury Services Destinations sur demande Que vous souhaitiez explorer la m\u00e9dina historique, admirer les paysages \u00e9poustouflants de l\u2019Atlas, ou vous aventurer dans le d\u00e9sert, notre service de conciergerie premium s\u2019occupe de tout. Nos chauffeurs exp\u00e9riment\u00e9s et nos v\u00e9hicules haut de gamme vous garantissent un voyage alliant confort [&hellip;]","og_url":"https:\/\/tahiriluxuryservices.ma\/fr_fr\/tours-et-excursions-sur-mesure\/","og_site_name":"Tahiri Luxury Services","article_modified_time":"2024-12-11T12:05:05+00:00","og_image":[{"url":"https:\/\/demo.tahiriluxuryservices.ma\/wp-content\/uploads\/2024\/11\/Aeroport-Marrakech-pic1-1300x1300.jpg","type":"","width":"","height":""}],"twitter_card":"summary_large_image","twitter_misc":{"Dur\u00e9e de lecture estim\u00e9e":"1 minute"},"schema":{"@context":"https:\/\/schema.org","@graph":[{"@type":"WebPage","@id":"https:\/\/tahiriluxuryservices.ma\/tours-et-excursions-sur-mesure\/","url":"https:\/\/tahiriluxuryservices.ma\/tours-et-excursions-sur-mesure\/","name":"Tours et Excursions Sur-Mesure - Tahiri Luxury Services","isPartOf":{"@id":"https:\/\/tahiriluxuryservices.ma\/#website"},"primaryImageOfPage":{"@id":"https:\/\/tahiriluxuryservices.ma\/tours-et-excursions-sur-mesure\/#primaryimage"},"image":{"@id":"https:\/\/tahiriluxuryservices.ma\/tours-et-excursions-sur-mesure\/#primaryimage"},"thumbnailUrl":"https:\/\/demo.tahiriluxuryservices.ma\/wp-content\/uploads\/2024\/11\/Aeroport-Marrakech-pic1-1300x1300.jpg","datePublished":"2024-12-11T11:50:12+00:00","dateModified":"2024-12-11T12:05:05+00:00","breadcrumb":{"@id":"https:\/\/tahiriluxuryservices.ma\/tours-et-excursions-sur-mesure\/#breadcrumb"},"inLanguage":"fr-FR","potentialAction":[{"@type":"ReadAction","target":["https:\/\/tahiriluxuryservices.ma\/tours-et-excursions-sur-mesure\/"]}]},{"@type":"ImageObject","inLanguage":"fr-FR","@id":"https:\/\/tahiriluxuryservices.ma\/tours-et-excursions-sur-mesure\/#primaryimage","url":"https:\/\/demo.tahiriluxuryservices.ma\/wp-content\/uploads\/2024\/11\/Aeroport-Marrakech-pic1-1300x1300.jpg","contentUrl":"https:\/\/demo.tahiriluxuryservices.ma\/wp-content\/uploads\/2024\/11\/Aeroport-Marrakech-pic1-1300x1300.jpg"},{"@type":"BreadcrumbList","@id":"https:\/\/tahiriluxuryservices.ma\/tours-et-excursions-sur-mesure\/#breadcrumb","itemListElement":[{"@type":"ListItem","position":1,"name":"Accueil","item":"https:\/\/tahiriluxuryservices.ma\/"},{"@type":"ListItem","position":2,"name":"Tours et Excursions Sur-Mesure"}]},{"@type":"WebSite","@id":"https:\/\/tahiriluxuryservices.ma\/#website","url":"https:\/\/tahiriluxuryservices.ma\/","name":"Tahiri Luxury Services","description":"Chauffeur priv\u00e9 de luxe Marrakech","potentialAction":[{"@type":"SearchAction","target":{"@type":"EntryPoint","urlTemplate":"https:\/\/tahiriluxuryservices.ma\/?s={search_term_string}"},"query-input":{"@type":"PropertyValueSpecification","valueRequired":true,"valueName":"search_term_string"}}],"inLanguage":"fr-FR"}]}},"jetpack_sharing_enabled":true,"_links":{"self":[{"href":"https:\/\/tahiriluxuryservices.ma\/fr_fr\/wp-json\/wp\/v2\/pages\/8476","targetHints":{"allow":["GET"]}}],"collection":[{"href":"https:\/\/tahiriluxuryservices.ma\/fr_fr\/wp-json\/wp\/v2\/pages"}],"about":[{"href":"https:\/\/tahiriluxuryservices.ma\/fr_fr\/wp-json\/wp\/v2\/types\/page"}],"author":[{"embeddable":true,"href":"https:\/\/tahiriluxuryservices.ma\/fr_fr\/wp-json\/wp\/v2\/users\/1"}],"replies":[{"embeddable":true,"href":"https:\/\/tahiriluxuryservices.ma\/fr_fr\/wp-json\/wp\/v2\/comments?post=8476"}],"version-history":[{"count":4,"href":"https:\/\/tahiriluxuryservices.ma\/fr_fr\/wp-json\/wp\/v2\/pages\/8476\/revisions"}],"predecessor-version":[{"id":8481,"href":"https:\/\/tahiriluxuryservices.ma\/fr_fr\/wp-json\/wp\/v2\/pages\/8476\/revisions\/8481"}],"wp:attachment":[{"href":"https:\/\/tahiriluxuryservices.ma\/fr_fr\/wp-json\/wp\/v2\/media?parent=8476"}],"curies":[{"name":"wp","href":"https:\/\/api.w.org\/{rel}","templated":true}]}}