{"id":8943,"date":"2024-12-28T11:46:55","date_gmt":"2024-12-28T11:46:55","guid":{"rendered":"https:\/\/demo.tahiriluxuryservices.ma\/?page_id=8943"},"modified":"2025-02-04T14:54:08","modified_gmt":"2025-02-04T14:54:08","slug":"programme-fidelite","status":"publish","type":"page","link":"https:\/\/tahiriluxuryservices.ma\/fr_fr\/programme-fidelite\/","title":{"rendered":"Programme Fid\u00e9lit\u00e9"},"content":{"rendered":"<body>\t\t<div data-elementor-type=\"wp-page\" data-elementor-id=\"8943\" class=\"elementor elementor-8943\" data-elementor-post-type=\"page\">\n\t\t\t\t\t\t<section class=\"elementor-section elementor-top-section elementor-element elementor-element-d044bd4 elementor-section-full_width qodef-elementor-content-grid elementor-section-height-default elementor-section-height-default\" data-id=\"d044bd4\" data-element_type=\"section\" data-e-type=\"section\" data-settings='{\"background_background\":\"classic\"}'>\n\t\t\t\t\t\t<div class=\"elementor-container elementor-column-gap-default\">\n\t\t\t\t\t<div class=\"elementor-column elementor-col-50 elementor-top-column elementor-element elementor-element-a5085a5\" data-id=\"a5085a5\" data-element_type=\"column\" data-e-type=\"column\">\n\t\t\t<div class=\"elementor-widget-wrap elementor-element-populated\">\n\t\t\t\t\t\t<div class=\"elementor-element elementor-element-eae1c93 elementor-widget elementor-widget-luxedrive_core_section_title\" data-id=\"eae1c93\" data-element_type=\"widget\" data-e-type=\"widget\" data-widget_type=\"luxedrive_core_section_title.default\">\n\t\t\t\t<div class=\"elementor-widget-container\">\n\t\t\t\t\t<div class=\"qodef-shortcode qodef-m  qodef-section-title qodef-alignment--left qodef-title-break--disabled\">\n\t\t<h2 class=\"qodef-m-title\" style=\"color: #FFFFFF\">\n\t\t\t\t\tD\u00e9couvrez notre Programme de Fid\u00e9lit\u00e9 \t\t\t<\/h2>\n\t\t<span class=\"qodef-m-subtitle\" style=\"color: #E2B85C\">et profitez de nombreux avantages exclusifs !<\/span>\n\t<\/div>\n\t\t\t\t<\/div>\n\t\t\t\t<\/div>\n\t\t\t\t\t<\/div>\n\t\t<\/div>\n\t\t\t\t<div class=\"elementor-column elementor-col-50 elementor-top-column elementor-element elementor-element-f07bdf7\" data-id=\"f07bdf7\" data-element_type=\"column\" data-e-type=\"column\">\n\t\t\t<div class=\"elementor-widget-wrap elementor-element-populated\">\n\t\t\t\t\t\t<div class=\"elementor-element elementor-element-e5d2d3f elementor-widget elementor-widget-text-editor\" data-id=\"e5d2d3f\" data-element_type=\"widget\" data-e-type=\"widget\" data-widget_type=\"text-editor.default\">\n\t\t\t\t<div class=\"elementor-widget-container\">\n\t\t\t\t\t\t\t\t\t<p>TAHIRI LUXURY SERVICES a mis en place un programme de fid\u00e9lisation afin de mieux r\u00e9compenser sa client\u00e8le qui sollicite r\u00e9guli\u00e8rement ses services.<br>Ce programme comprend g\u00e9n\u00e9ralement des remises, des offres gratuites, des cadeaux et plein d\u2019autres surprises.<\/p>\t\t\t\t\t\t\t\t<\/div>\n\t\t\t\t<\/div>\n\t\t\t\t\t<\/div>\n\t\t<\/div>\n\t\t\t\t\t<\/div>\n\t\t<\/section>\n\t\t\t\t<section class=\"elementor-section elementor-top-section elementor-element elementor-element-5349f09 elementor-section-full_width qodef-elementor-content-grid elementor-section-height-default elementor-section-height-default\" data-id=\"5349f09\" data-element_type=\"section\" data-e-type=\"section\">\n\t\t\t\t\t\t<div class=\"elementor-container elementor-column-gap-default\">\n\t\t\t\t\t<div class=\"elementor-column elementor-col-100 elementor-top-column elementor-element elementor-element-1354325\" data-id=\"1354325\" data-element_type=\"column\" data-e-type=\"column\" data-settings='{\"background_background\":\"classic\"}'>\n\t\t\t<div class=\"elementor-widget-wrap elementor-element-populated\">\n\t\t\t\t\t\t<div class=\"elementor-element elementor-element-40c0de0 elementor-widget elementor-widget-luxedrive_core_section_title\" data-id=\"40c0de0\" data-element_type=\"widget\" data-e-type=\"widget\" data-widget_type=\"luxedrive_core_section_title.default\">\n\t\t\t\t<div class=\"elementor-widget-container\">\n\t\t\t\t\t<div class=\"qodef-shortcode qodef-m  qodef-section-title qodef-alignment--left qodef-title-break--disabled\">\n\t\t<h2 class=\"qodef-m-title\" style=\"color: #FFFFFF\">\n\t\t\t\t\tLes Avantages :\t\t\t<\/h2>\n\t\t<span class=\"qodef-m-subtitle\" style=\"color: #E2B85C\">N\u2019attendez plus pour maximiser vos avantages et d\u00e9couvrir tout ce que nous avons \u00e0 offrir. <\/span>\n\t<\/div>\n\t\t\t\t<\/div>\n\t\t\t\t<\/div>\n\t\t\t\t<div class=\"elementor-element elementor-element-4ab1ba3 elementor-widget elementor-widget-luxedrive_core_separator\" data-id=\"4ab1ba3\" data-element_type=\"widget\" data-e-type=\"widget\" data-widget_type=\"luxedrive_core_separator.default\">\n\t\t\t\t<div class=\"elementor-widget-container\">\n\t\t\t\t\t<div class=\"qodef-shortcode qodef-m  qodef-separator clear  \">\n\t<div class=\"qodef-m-line\" style=\"border-color: #262D33;border-style: solid;width: 100%;border-bottom-width: 1px\"><\/div>\n<\/div>\n\t\t\t\t<\/div>\n\t\t\t\t<\/div>\n\t\t\t\t\t<\/div>\n\t\t<\/div>\n\t\t\t\t\t<\/div>\n\t\t<\/section>\n\t\t\t\t<section class=\"elementor-section elementor-top-section elementor-element elementor-element-c30e7c5 elementor-section-full_width qodef-elementor-content-grid elementor-section-height-default elementor-section-height-default\" data-id=\"c30e7c5\" data-element_type=\"section\" data-e-type=\"section\">\n\t\t\t\t\t\t<div class=\"elementor-container elementor-column-gap-default\">\n\t\t\t\t\t<div class=\"elementor-column elementor-col-50 elementor-top-column elementor-element elementor-element-e404e50\" data-id=\"e404e50\" data-element_type=\"column\" data-e-type=\"column\">\n\t\t\t<div class=\"elementor-widget-wrap elementor-element-populated\">\n\t\t\t\t\t\t<div class=\"elementor-element elementor-element-d94cb5f elementor-widget__width-auto elementor-widget elementor-widget-luxedrive_core_section_title\" data-id=\"d94cb5f\" data-element_type=\"widget\" data-e-type=\"widget\" data-widget_type=\"luxedrive_core_section_title.default\">\n\t\t\t\t<div class=\"elementor-widget-container\">\n\t\t\t\t\t<div class=\"qodef-shortcode qodef-m  qodef-section-title qodef-alignment--left \">\n\t\t<h5 class=\"qodef-m-title\" style=\"color: #FFFFFF\">\n\t\t\t\t\tGratuit\u00e9\t\t\t<\/h5>\n\t\t\t<p class=\"qodef-m-text\" style=\"margin-top: 9px;color: #A6A6A6\">Acc\u00e9dez \u00e0 des services gratuits en \u00e9change de vos points.<\/p>\n<\/div>\n\t\t\t\t<\/div>\n\t\t\t\t<\/div>\n\t\t\t\t<div class=\"elementor-element elementor-element-1eb7444 elementor-widget__width-auto elementor-widget elementor-widget-luxedrive_core_section_title\" data-id=\"1eb7444\" data-element_type=\"widget\" data-e-type=\"widget\" data-widget_type=\"luxedrive_core_section_title.default\">\n\t\t\t\t<div class=\"elementor-widget-container\">\n\t\t\t\t\t<div class=\"qodef-shortcode qodef-m  qodef-section-title qodef-alignment--left \">\n\t\t<h5 class=\"qodef-m-title\" style=\"color: #FFFFFF\">\n\t\t\t\t\tCadeaux High-Tech\t\t\t<\/h5>\n\t\t\t<p class=\"qodef-m-text\" style=\"margin-top: 9px;color: #A6A6A6\">Offrez-vous des gadgets dernier cri gr\u00e2ce \u00e0 vos points accumul\u00e9s.<\/p>\n<\/div>\n\t\t\t\t<\/div>\n\t\t\t\t<\/div>\n\t\t\t\t\t<\/div>\n\t\t<\/div>\n\t\t\t\t<div class=\"elementor-column elementor-col-50 elementor-top-column elementor-element elementor-element-1ad5dfb\" data-id=\"1ad5dfb\" data-element_type=\"column\" data-e-type=\"column\">\n\t\t\t<div class=\"elementor-widget-wrap elementor-element-populated\">\n\t\t\t\t\t\t<div class=\"elementor-element elementor-element-b9f4d77 elementor-widget__width-auto elementor-widget elementor-widget-luxedrive_core_section_title\" data-id=\"b9f4d77\" data-element_type=\"widget\" data-e-type=\"widget\" data-widget_type=\"luxedrive_core_section_title.default\">\n\t\t\t\t<div class=\"elementor-widget-container\">\n\t\t\t\t\t<div class=\"qodef-shortcode qodef-m  qodef-section-title qodef-alignment--left \">\n\t\t<h5 class=\"qodef-m-title\" style=\"color: #FFFFFF\">\n\t\t\t\t\tRemises Exclusives\t\t\t<\/h5>\n\t\t\t<p class=\"qodef-m-text\" style=\"margin-top: 9px;color: #A6A6A6\">Profitez de r\u00e9ductions avantageuses sur vos prochaines r\u00e9servations.<\/p>\n<\/div>\n\t\t\t\t<\/div>\n\t\t\t\t<\/div>\n\t\t\t\t<div class=\"elementor-element elementor-element-3a6c1f3 elementor-widget__width-auto elementor-widget elementor-widget-luxedrive_core_section_title\" data-id=\"3a6c1f3\" data-element_type=\"widget\" data-e-type=\"widget\" data-widget_type=\"luxedrive_core_section_title.default\">\n\t\t\t\t<div class=\"elementor-widget-container\">\n\t\t\t\t\t<div class=\"qodef-shortcode qodef-m  qodef-section-title qodef-alignment--left \">\n\t\t<h5 class=\"qodef-m-title\" style=\"color: #FFFFFF\">\n\t\t\t\t\tSurprises\t\t\t<\/h5>\n\t\t\t<p class=\"qodef-m-text\" style=\"margin-top: 9px;color: #A6A6A6\">De nombreuses autres surprises sont en r\u00e9serve pour vous !<\/p>\n<\/div>\n\t\t\t\t<\/div>\n\t\t\t\t<\/div>\n\t\t\t\t\t<\/div>\n\t\t<\/div>\n\t\t\t\t\t<\/div>\n\t\t<\/section>\n\t\t\t\t<\/div>\n\t\t<\/body>","protected":false},"excerpt":{"rendered":"<p>D\u00e9couvrez notre Programme de Fid\u00e9lit\u00e9 et profitez de nombreux avantages exclusifs ! TAHIRI LUXURY SERVICES a mis en place un programme de fid\u00e9lisation afin de mieux r\u00e9compenser sa client\u00e8le qui sollicite r\u00e9guli\u00e8rement ses services.Ce programme comprend g\u00e9n\u00e9ralement des remises, des offres gratuites, des cadeaux et plein d\u2019autres surprises. Les Avantages : N\u2019attendez plus pour maximiser [&hellip;]<\/p>\n","protected":false},"author":1,"featured_media":0,"parent":0,"menu_order":0,"comment_status":"closed","ping_status":"closed","template":"page-full-width.php","meta":{"om_disable_all_campaigns":false,"footnotes":""},"class_list":["post-8943","page","type-page","status-publish","hentry"],"yoast_head":"<!-- This site is optimized with the Yoast SEO plugin v27.3 - https:\/\/yoast.com\/product\/yoast-seo-wordpress\/ -->\n<title>Programme Fid\u00e9lit\u00e9 - Tahiri Luxury Services<\/title>\n<meta name=\"robots\" content=\"index, follow, max-snippet:-1, max-image-preview:large, max-video-preview:-1\" \/>\n<link rel=\"canonical\" href=\"https:\/\/tahiriluxuryservices.ma\/fr_fr\/programme-fidelite\/\" \/>\n<meta property=\"og:locale\" content=\"fr_FR\" \/>\n<meta property=\"og:type\" content=\"article\" \/>\n<meta property=\"og:title\" content=\"Programme Fid\u00e9lit\u00e9 - Tahiri Luxury Services\" \/>\n<meta property=\"og:description\" content=\"D\u00e9couvrez notre Programme de Fid\u00e9lit\u00e9 et profitez de nombreux avantages exclusifs ! TAHIRI LUXURY SERVICES a mis en place un programme de fid\u00e9lisation afin de mieux r\u00e9compenser sa client\u00e8le qui sollicite r\u00e9guli\u00e8rement ses services.Ce programme comprend g\u00e9n\u00e9ralement des remises, des offres gratuites, des cadeaux et plein d\u2019autres surprises. Les Avantages : N\u2019attendez plus pour maximiser [&hellip;]\" \/>\n<meta property=\"og:url\" content=\"https:\/\/tahiriluxuryservices.ma\/fr_fr\/programme-fidelite\/\" \/>\n<meta property=\"og:site_name\" content=\"Tahiri Luxury Services\" \/>\n<meta property=\"article:modified_time\" content=\"2025-02-04T14:54:08+00:00\" \/>\n<meta name=\"twitter:card\" content=\"summary_large_image\" \/>\n<meta name=\"twitter:label1\" content=\"Dur\u00e9e de lecture estim\u00e9e\" \/>\n\t<meta name=\"twitter:data1\" content=\"1 minute\" \/>\n<script type=\"application\/ld+json\" class=\"yoast-schema-graph\">{\"@context\":\"https:\\\/\\\/schema.org\",\"@graph\":[{\"@type\":\"WebPage\",\"@id\":\"https:\\\/\\\/tahiriluxuryservices.ma\\\/programme-fidelite\\\/\",\"url\":\"https:\\\/\\\/tahiriluxuryservices.ma\\\/programme-fidelite\\\/\",\"name\":\"Programme Fid\u00e9lit\u00e9 - Tahiri Luxury Services\",\"isPartOf\":{\"@id\":\"https:\\\/\\\/tahiriluxuryservices.ma\\\/#website\"},\"datePublished\":\"2024-12-28T11:46:55+00:00\",\"dateModified\":\"2025-02-04T14:54:08+00:00\",\"breadcrumb\":{\"@id\":\"https:\\\/\\\/tahiriluxuryservices.ma\\\/programme-fidelite\\\/#breadcrumb\"},\"inLanguage\":\"fr-FR\",\"potentialAction\":[{\"@type\":\"ReadAction\",\"target\":[\"https:\\\/\\\/tahiriluxuryservices.ma\\\/programme-fidelite\\\/\"]}]},{\"@type\":\"BreadcrumbList\",\"@id\":\"https:\\\/\\\/tahiriluxuryservices.ma\\\/programme-fidelite\\\/#breadcrumb\",\"itemListElement\":[{\"@type\":\"ListItem\",\"position\":1,\"name\":\"Accueil\",\"item\":\"https:\\\/\\\/tahiriluxuryservices.ma\\\/\"},{\"@type\":\"ListItem\",\"position\":2,\"name\":\"Programme Fid\u00e9lit\u00e9\"}]},{\"@type\":\"WebSite\",\"@id\":\"https:\\\/\\\/tahiriluxuryservices.ma\\\/#website\",\"url\":\"https:\\\/\\\/tahiriluxuryservices.ma\\\/\",\"name\":\"Tahiri Luxury Services\",\"description\":\"Chauffeur priv\u00e9 de luxe Marrakech\",\"potentialAction\":[{\"@type\":\"SearchAction\",\"target\":{\"@type\":\"EntryPoint\",\"urlTemplate\":\"https:\\\/\\\/tahiriluxuryservices.ma\\\/?s={search_term_string}\"},\"query-input\":{\"@type\":\"PropertyValueSpecification\",\"valueRequired\":true,\"valueName\":\"search_term_string\"}}],\"inLanguage\":\"fr-FR\"}]}<\/script>\n<!-- \/ Yoast SEO plugin. -->","yoast_head_json":{"title":"Programme Fid\u00e9lit\u00e9 - Tahiri Luxury Services","robots":{"index":"index","follow":"follow","max-snippet":"max-snippet:-1","max-image-preview":"max-image-preview:large","max-video-preview":"max-video-preview:-1"},"canonical":"https:\/\/tahiriluxuryservices.ma\/fr_fr\/programme-fidelite\/","og_locale":"fr_FR","og_type":"article","og_title":"Programme Fid\u00e9lit\u00e9 - Tahiri Luxury Services","og_description":"D\u00e9couvrez notre Programme de Fid\u00e9lit\u00e9 et profitez de nombreux avantages exclusifs ! TAHIRI LUXURY SERVICES a mis en place un programme de fid\u00e9lisation afin de mieux r\u00e9compenser sa client\u00e8le qui sollicite r\u00e9guli\u00e8rement ses services.Ce programme comprend g\u00e9n\u00e9ralement des remises, des offres gratuites, des cadeaux et plein d\u2019autres surprises. Les Avantages : N\u2019attendez plus pour maximiser [&hellip;]","og_url":"https:\/\/tahiriluxuryservices.ma\/fr_fr\/programme-fidelite\/","og_site_name":"Tahiri Luxury Services","article_modified_time":"2025-02-04T14:54:08+00:00","twitter_card":"summary_large_image","twitter_misc":{"Dur\u00e9e de lecture estim\u00e9e":"1 minute"},"schema":{"@context":"https:\/\/schema.org","@graph":[{"@type":"WebPage","@id":"https:\/\/tahiriluxuryservices.ma\/programme-fidelite\/","url":"https:\/\/tahiriluxuryservices.ma\/programme-fidelite\/","name":"Programme Fid\u00e9lit\u00e9 - Tahiri Luxury Services","isPartOf":{"@id":"https:\/\/tahiriluxuryservices.ma\/#website"},"datePublished":"2024-12-28T11:46:55+00:00","dateModified":"2025-02-04T14:54:08+00:00","breadcrumb":{"@id":"https:\/\/tahiriluxuryservices.ma\/programme-fidelite\/#breadcrumb"},"inLanguage":"fr-FR","potentialAction":[{"@type":"ReadAction","target":["https:\/\/tahiriluxuryservices.ma\/programme-fidelite\/"]}]},{"@type":"BreadcrumbList","@id":"https:\/\/tahiriluxuryservices.ma\/programme-fidelite\/#breadcrumb","itemListElement":[{"@type":"ListItem","position":1,"name":"Accueil","item":"https:\/\/tahiriluxuryservices.ma\/"},{"@type":"ListItem","position":2,"name":"Programme Fid\u00e9lit\u00e9"}]},{"@type":"WebSite","@id":"https:\/\/tahiriluxuryservices.ma\/#website","url":"https:\/\/tahiriluxuryservices.ma\/","name":"Tahiri Luxury Services","description":"Chauffeur priv\u00e9 de luxe Marrakech","potentialAction":[{"@type":"SearchAction","target":{"@type":"EntryPoint","urlTemplate":"https:\/\/tahiriluxuryservices.ma\/?s={search_term_string}"},"query-input":{"@type":"PropertyValueSpecification","valueRequired":true,"valueName":"search_term_string"}}],"inLanguage":"fr-FR"}]}},"jetpack_sharing_enabled":true,"_links":{"self":[{"href":"https:\/\/tahiriluxuryservices.ma\/fr_fr\/wp-json\/wp\/v2\/pages\/8943","targetHints":{"allow":["GET"]}}],"collection":[{"href":"https:\/\/tahiriluxuryservices.ma\/fr_fr\/wp-json\/wp\/v2\/pages"}],"about":[{"href":"https:\/\/tahiriluxuryservices.ma\/fr_fr\/wp-json\/wp\/v2\/types\/page"}],"author":[{"embeddable":true,"href":"https:\/\/tahiriluxuryservices.ma\/fr_fr\/wp-json\/wp\/v2\/users\/1"}],"replies":[{"embeddable":true,"href":"https:\/\/tahiriluxuryservices.ma\/fr_fr\/wp-json\/wp\/v2\/comments?post=8943"}],"version-history":[{"count":5,"href":"https:\/\/tahiriluxuryservices.ma\/fr_fr\/wp-json\/wp\/v2\/pages\/8943\/revisions"}],"predecessor-version":[{"id":8976,"href":"https:\/\/tahiriluxuryservices.ma\/fr_fr\/wp-json\/wp\/v2\/pages\/8943\/revisions\/8976"}],"wp:attachment":[{"href":"https:\/\/tahiriluxuryservices.ma\/fr_fr\/wp-json\/wp\/v2\/media?parent=8943"}],"curies":[{"name":"wp","href":"https:\/\/api.w.org\/{rel}","templated":true}]}}