{"id":9151,"date":"2025-02-04T21:17:43","date_gmt":"2025-02-04T21:17:43","guid":{"rendered":"https:\/\/demo.tahiriluxuryservices.ma\/?page_id=9151"},"modified":"2025-02-04T21:31:38","modified_gmt":"2025-02-04T21:31:38","slug":"reservation","status":"publish","type":"page","link":"https:\/\/tahiriluxuryservices.ma\/fr_fr\/reservation\/","title":{"rendered":"R\u00e9servation gratuite"},"content":{"rendered":"<body>\t\t<div data-elementor-type=\"wp-page\" data-elementor-id=\"9151\" class=\"elementor elementor-9151\" data-elementor-post-type=\"page\">\n\t\t\t\t\t\t<section class=\"elementor-section elementor-top-section elementor-element elementor-element-d62e22c elementor-section-full_width qodef-elementor-content-grid qodef-extended-grid qodef-extended-grid--left qodef-extended-grid-disabled--1024 elementor-section-height-default elementor-section-height-default\" data-id=\"d62e22c\" data-element_type=\"section\" data-e-type=\"section\">\n\t\t\t\t\t\t<div class=\"elementor-container elementor-column-gap-default\">\n\t\t\t\t\t<div class=\"elementor-column elementor-col-50 elementor-top-column elementor-element elementor-element-25f08f8 qodef-sticky-column qodef-sticky-fixed\" data-id=\"25f08f8\" data-element_type=\"column\" data-e-type=\"column\" data-settings='{\"background_background\":\"classic\"}'>\n\t\t\t<div class=\"elementor-widget-wrap elementor-element-populated\">\n\t\t\t\t\t\t<div class=\"elementor-element elementor-element-7fd7da2 elementor-widget elementor-widget-luxedrive_core_google_map\" data-id=\"7fd7da2\" data-element_type=\"widget\" data-e-type=\"widget\" data-widget_type=\"luxedrive_core_google_map.default\">\n\t\t\t\t<div class=\"elementor-widget-container\">\n\t\t\t\t\t<div class=\"qodef-shortcode qodef-m  qodef-google-map\">\n\t<div class=\"qodef-m-map\" id=\"qodef-map-id--694\" data-addresses='[\"https:\/\/www.google.com\/maps\/place\/Schoonboomstraat+109,+1069+BH+Amsterdam,+%D0%A5%D0%BE%D0%BB%D0%B0%D0%BD%D0%B4%D0%B8%D1%98%D0%B0\/data=!4m2!3m1!1s0x47c5e3c30046315d:0x4d71c3087426f0fa?sa=X&amp;ved=2ahUKEwjR1reAsq79AhXIVPEDHZNyCVsQ8gF6BAgVEAI\"]' data-pin=\"https:\/\/i0.wp.com\/tahiriluxuryservices.ma\/wp-content\/uploads\/2023\/04\/map-pin-img-1.png?fit=26%2C42&amp;ssl=1\" data-unique-id=\"694\" data-height=\"1200\"><\/div>\n<\/div>\n\t\t\t\t<\/div>\n\t\t\t\t<\/div>\n\t\t\t\t<div class=\"elementor-element elementor-element-0fe32fd elementor-widget elementor-widget-luxedrive_core_separator\" data-id=\"0fe32fd\" data-element_type=\"widget\" data-e-type=\"widget\" data-widget_type=\"luxedrive_core_separator.default\">\n\t\t\t\t<div class=\"elementor-widget-container\">\n\t\t\t\t\t<div class=\"qodef-shortcode qodef-m  qodef-separator clear  \">\n\t<div class=\"qodef-m-line\" style=\"border-color: #02010100\"><\/div>\n<\/div>\n\t\t\t\t<\/div>\n\t\t\t\t<\/div>\n\t\t\t\t\t<\/div>\n\t\t<\/div>\n\t\t\t\t<div class=\"elementor-column elementor-col-50 elementor-top-column elementor-element elementor-element-6dc0075\" data-id=\"6dc0075\" data-element_type=\"column\" data-e-type=\"column\">\n\t\t\t<div class=\"elementor-widget-wrap elementor-element-populated\">\n\t\t\t\t\t\t<div class=\"elementor-element elementor-element-81ebc2d elementor-widget elementor-widget-luxedrive_core_section_title\" data-id=\"81ebc2d\" data-element_type=\"widget\" data-e-type=\"widget\" data-widget_type=\"luxedrive_core_section_title.default\">\n\t\t\t\t<div class=\"elementor-widget-container\">\n\t\t\t\t\t<div class=\"qodef-shortcode qodef-m  qodef-section-title qodef-alignment--left qodef-title-break--disabled\">\n\t\t<h2 class=\"qodef-m-title\" style=\"color: #FFFFFF;margin-bottom: 3px\">\n\t\t\t\t\tCompl\u00e9tez le formulaire, nous vous<br> recontacterons rapidement.\t\t\t<\/h2>\n\t\t<span class=\"qodef-m-subtitle\" style=\"color: #E2B85C\">Notre \u00e9quipe est l\u00e0 pour vous aider !<\/span>\n\t<\/div>\n\t\t\t\t<\/div>\n\t\t\t\t<\/div>\n\t\t\t\t<div class=\"elementor-element elementor-element-3d35cda elementor-widget elementor-widget-text-editor\" data-id=\"3d35cda\" data-element_type=\"widget\" data-e-type=\"widget\" data-widget_type=\"text-editor.default\">\n\t\t\t\t<div class=\"elementor-widget-container\">\n\t\t\t\t\t\t\t\t\t<p>Votre satisfaction est notre priorit\u00e9. N\u2019h\u00e9sitez pas \u00e0 nous joindre pour toute information, r\u00e9servation ou suggestion. Tahiri Luxury Services s\u2019engage \u00e0 vous offrir un service d\u2019excellence.<\/p>\t\t\t\t\t\t\t\t<\/div>\n\t\t\t\t<\/div>\n\t\t\t\t<section class=\"elementor-section elementor-inner-section elementor-element elementor-element-5bf87fa elementor-section-boxed elementor-section-height-default elementor-section-height-default\" data-id=\"5bf87fa\" data-element_type=\"section\" data-e-type=\"section\">\n\t\t\t\t\t\t<div class=\"elementor-container elementor-column-gap-default\">\n\t\t\t\t\t<div class=\"elementor-column elementor-col-100 elementor-inner-column elementor-element elementor-element-490fb74\" data-id=\"490fb74\" data-element_type=\"column\" data-e-type=\"column\">\n\t\t\t<div class=\"elementor-widget-wrap elementor-element-populated\">\n\t\t\t\t\t\t<div class=\"elementor-element elementor-element-6e4b0fe elementor-widget elementor-widget-wp-widget-luxedrive_core_contact_form_7\" data-id=\"6e4b0fe\" data-element_type=\"widget\" data-e-type=\"widget\" id=\"formContact\" data-widget_type=\"wp-widget-luxedrive_core_contact_form_7.default\">\n\t\t\t\t<div class=\"elementor-widget-container\">\n\t\t\t\t\t\t\t\t<div class=\"qodef-contact-form-7\">\n\t\t\t\t\n<div class=\"wpcf7 no-js\" id=\"wpcf7-f1563-o1\" lang=\"en-US\" dir=\"ltr\" data-wpcf7-id=\"1563\">\n<div class=\"screen-reader-response\"><p role=\"status\" aria-live=\"polite\" aria-atomic=\"true\"><\/p> <ul><\/ul><\/div>\n<form action=\"\/fr_fr\/wp-json\/wp\/v2\/pages\/9151#wpcf7-f1563-o1\" method=\"post\" class=\"wpcf7-form init demo\" aria-label=\"Contact form\" novalidate=\"novalidate\" data-status=\"init\">\n<fieldset class=\"hidden-fields-container\"><input type=\"hidden\" name=\"_wpcf7\" value=\"1563\"><input type=\"hidden\" name=\"_wpcf7_version\" value=\"6.1.5\"><input type=\"hidden\" name=\"_wpcf7_locale\" value=\"en_US\"><input type=\"hidden\" name=\"_wpcf7_unit_tag\" value=\"wpcf7-f1563-o1\"><input type=\"hidden\" name=\"_wpcf7_container_post\" value=\"0\"><input type=\"hidden\" name=\"_wpcf7_posted_data_hash\" value=\"\">\n<\/fieldset>\n<div class=\"qodef-ride-details-form\">\n\n\n<div class=\"qodef-grid qodef-layout--columns qodef-col-num--1\">\n\n<div class=\"qodef-grid-inner\">\n\n<div class=\"qodef-grid-item\">\n\n<select class=\"wpcf7-form-control wpcf7-vehicle_dd wpcf7-validates-as-required\" aria-required=\"true\" aria-invalid=\"false\"><option value=\"\" disabled selected>Select a car<\/option><option value=\"After Work et Voyages Priv\u00e9s\">After Work et Voyages Priv\u00e9s<\/option><option value=\"AUDI A6\">AUDI A6<\/option><option value=\"BMW SERIE 5\">BMW SERIE 5<\/option><option value=\"Mercedes classe E\">Mercedes classe E<\/option><option value=\"Mercedes classe S\">Mercedes classe S<\/option><option value=\"MERCEDES VITO VAN\">MERCEDES VITO VAN<\/option><option value=\"Mise \u00e0 Disposition\">Mise \u00e0 Disposition<\/option><option value=\"Navette A\u00e9roport Haute Gamme\">Navette A\u00e9roport Haute Gamme<\/option><option value=\"Skoda kodiaq\">Skoda kodiaq<\/option><option value=\"Toyota land cruiser\">Toyota land cruiser<\/option><option value=\"Transferts Business\">Transferts Business<\/option><option value=\"Transferts Interville\">Transferts Interville<\/option><option value=\"Voyage Sur Mesure\">Voyage Sur Mesure<\/option><\/select>\n\n<\/div>\n\n<div class=\"qodef-grid-item\">\n\n<span class=\"wpcf7-form-control-wrap\" data-name=\"form-location\"><input size=\"40\" maxlength=\"400\" class=\"wpcf7-form-control wpcf7-text wpcf7-validates-as-required\" aria-required=\"true\" aria-invalid=\"false\" placeholder=\"Pick up location\" value=\"\" type=\"text\" name=\"form-location\"><\/span>\n\n<\/div>\n\n<\/div>\n\n<\/div>\n\n    <div class=\"qodef-grid qodef-layout--columns qodef-col-num--2\">\n\n        <div class=\"qodef-grid-inner\">\n\n            <div class=\"qodef-grid-item\">\n\n                       <select class=\"wpcf7-form-control wpcf7-time wpcf7-validates-as-required\" aria-required=\"true\" aria-invalid=\"false\"><option value=\"\" disabled selected>Select time<\/option><option value=\"00:00:00\">00:00:00<\/option><option value=\"00:30:00\">00:30:00<\/option><option value=\"01:00:00\">01:00:00<\/option><option value=\"01:30:00\">01:30:00<\/option><option value=\"02:00:00\">02:00:00<\/option><option value=\"02:30:00\">02:30:00<\/option><option value=\"03:00:00\">03:00:00<\/option><option value=\"03:30:00\">03:30:00<\/option><option value=\"04:00:00\">04:00:00<\/option><option value=\"04:30:00\">04:30:00<\/option><option value=\"05:00:00\">05:00:00<\/option><option value=\"05:30:00\">05:30:00<\/option><option value=\"06:00:00\">06:00:00<\/option><option value=\"06:30:00\">06:30:00<\/option><option value=\"07:00:00\">07:00:00<\/option><option value=\"07:30:00\">07:30:00<\/option><option value=\"08:00:00\">08:00:00<\/option><option value=\"08:30:00\">08:30:00<\/option><option value=\"09:00:00\">09:00:00<\/option><option value=\"09:30:00\">09:30:00<\/option><option value=\"10:00:00\">10:00:00<\/option><option value=\"10:30:00\">10:30:00<\/option><option value=\"11:00:00\">11:00:00<\/option><option value=\"11:30:00\">11:30:00<\/option><option value=\"12:00:00\">12:00:00<\/option><option value=\"12:30:00\">12:30:00<\/option><option value=\"13:00:00\">13:00:00<\/option><option value=\"13:30:00\">13:30:00<\/option><option value=\"14:00:00\">14:00:00<\/option><option value=\"14:30:00\">14:30:00<\/option><option value=\"15:00:00\">15:00:00<\/option><option value=\"15:30:00\">15:30:00<\/option><option value=\"16:00:00\">16:00:00<\/option><option value=\"16:30:00\">16:30:00<\/option><option value=\"17:00:00\">17:00:00<\/option><option value=\"17:30:00\">17:30:00<\/option><option value=\"18:00:00\">18:00:00<\/option><option value=\"18:30:00\">18:30:00<\/option><option value=\"19:00:00\">19:00:00<\/option><option value=\"19:30:00\">19:30:00<\/option><option value=\"20:00:00\">20:00:00<\/option><option value=\"20:30:00\">20:30:00<\/option><option value=\"21:00:00\">21:00:00<\/option><option value=\"21:30:00\">21:30:00<\/option><option value=\"22:00:00\">22:00:00<\/option><option value=\"22:30:00\">22:30:00<\/option><option value=\"23:00:00\">23:00:00<\/option><option value=\"23:30:00\">23:30:00<\/option><\/select>\n\n            <\/div>\n\n            <div class=\"qodef-grid-item\">\n\n                       <span class=\"wpcf7-form-control-wrap\" data-name=\"form-date\"><input class=\"wpcf7-form-control wpcf7-date wpcf7-validates-as-required wpcf7-validates-as-date\" aria-required=\"true\" aria-invalid=\"false\" value=\"2026-04-05\" type=\"date\" name=\"form-date\"><\/span>\n\n            <\/div>\n\n        <\/div>\n\n    <\/div>\n\n<div class=\"qodef-grid qodef-layout--columns qodef-col-num--1\">\n\n<div class=\"qodef-grid-inner\">\n\n<div class=\"qodef-grid-item\">\n\n<span class=\"wpcf7-form-control-wrap\" data-name=\"form-dropoff\"><input size=\"40\" maxlength=\"400\" class=\"wpcf7-form-control wpcf7-text wpcf7-validates-as-required\" aria-required=\"true\" aria-invalid=\"false\" placeholder=\"Pick up location\" value=\"\" type=\"text\" name=\"form-dropoff\"><\/span>\n\n<\/div>\n\n<\/div>\n\n<\/div>\n\n<div class=\"qodef-grid qodef-layout--columns qodef-col-num--2\">\n\n<div class=\"qodef-grid-inner\">\n\n<div class=\"qodef-grid-item\">\n\n<select class=\"wpcf7-form-control wpcf7-time wpcf7-validates-as-required\" aria-required=\"true\" aria-invalid=\"false\"><option value=\"\" disabled selected>Select time<\/option><option value=\"00:00:00\">00:00:00<\/option><option value=\"00:30:00\">00:30:00<\/option><option value=\"01:00:00\">01:00:00<\/option><option value=\"01:30:00\">01:30:00<\/option><option value=\"02:00:00\">02:00:00<\/option><option value=\"02:30:00\">02:30:00<\/option><option value=\"03:00:00\">03:00:00<\/option><option value=\"03:30:00\">03:30:00<\/option><option value=\"04:00:00\">04:00:00<\/option><option value=\"04:30:00\">04:30:00<\/option><option value=\"05:00:00\">05:00:00<\/option><option value=\"05:30:00\">05:30:00<\/option><option value=\"06:00:00\">06:00:00<\/option><option value=\"06:30:00\">06:30:00<\/option><option value=\"07:00:00\">07:00:00<\/option><option value=\"07:30:00\">07:30:00<\/option><option value=\"08:00:00\">08:00:00<\/option><option value=\"08:30:00\">08:30:00<\/option><option value=\"09:00:00\">09:00:00<\/option><option value=\"09:30:00\">09:30:00<\/option><option value=\"10:00:00\">10:00:00<\/option><option value=\"10:30:00\">10:30:00<\/option><option value=\"11:00:00\">11:00:00<\/option><option value=\"11:30:00\">11:30:00<\/option><option value=\"12:00:00\">12:00:00<\/option><option value=\"12:30:00\">12:30:00<\/option><option value=\"13:00:00\">13:00:00<\/option><option value=\"13:30:00\">13:30:00<\/option><option value=\"14:00:00\">14:00:00<\/option><option value=\"14:30:00\">14:30:00<\/option><option value=\"15:00:00\">15:00:00<\/option><option value=\"15:30:00\">15:30:00<\/option><option value=\"16:00:00\">16:00:00<\/option><option value=\"16:30:00\">16:30:00<\/option><option value=\"17:00:00\">17:00:00<\/option><option value=\"17:30:00\">17:30:00<\/option><option value=\"18:00:00\">18:00:00<\/option><option value=\"18:30:00\">18:30:00<\/option><option value=\"19:00:00\">19:00:00<\/option><option value=\"19:30:00\">19:30:00<\/option><option value=\"20:00:00\">20:00:00<\/option><option value=\"20:30:00\">20:30:00<\/option><option value=\"21:00:00\">21:00:00<\/option><option value=\"21:30:00\">21:30:00<\/option><option value=\"22:00:00\">22:00:00<\/option><option value=\"22:30:00\">22:30:00<\/option><option value=\"23:00:00\">23:00:00<\/option><option value=\"23:30:00\">23:30:00<\/option><\/select>\n\n<\/div>\n\n<div class=\"qodef-grid-item\">\n\n<span class=\"wpcf7-form-control-wrap\" data-name=\"form-dropdate\"><input class=\"wpcf7-form-control wpcf7-date wpcf7-validates-as-required wpcf7-validates-as-date\" aria-required=\"true\" aria-invalid=\"false\" value=\"2026-04-05\" type=\"date\" name=\"form-dropdate\"><\/span>\n\n<\/div>\n\n<\/div>\n\n<\/div>\n\n<button class=\"wpcf7-form-control wpcf7-submit qodef-button qodef-size--normal qodef-layout--filled qodef-m\" type=\"submit\"><span class=\"qodef-m-text\">send<\/span><\/button>\n\n<\/div><div class=\"wpcf7-response-output\" aria-hidden=\"true\"><\/div>\n<\/form>\n<\/div>\n\t\t\t<\/div>\n\t\t\t\t\t\t\t<\/div>\n\t\t\t\t<\/div>\n\t\t\t\t\t<\/div>\n\t\t<\/div>\n\t\t\t\t\t<\/div>\n\t\t<\/section>\n\t\t\t\t\t<\/div>\n\t\t<\/div>\n\t\t\t\t\t<\/div>\n\t\t<\/section>\n\t\t\t\t<\/div>\n\t\t<\/body>","protected":false},"excerpt":{"rendered":"<p>Compl\u00e9tez le formulaire, nous vous recontacterons rapidement. Notre \u00e9quipe est l\u00e0 pour vous aider ! Votre satisfaction est notre priorit\u00e9. N\u2019h\u00e9sitez pas \u00e0 nous joindre pour toute information, r\u00e9servation ou suggestion. Tahiri Luxury Services s\u2019engage \u00e0 vous offrir un service d\u2019excellence.<\/p>\n","protected":false},"author":1,"featured_media":0,"parent":0,"menu_order":0,"comment_status":"closed","ping_status":"closed","template":"page-full-width.php","meta":{"om_disable_all_campaigns":false,"footnotes":""},"class_list":["post-9151","page","type-page","status-publish","hentry"],"yoast_head":"<!-- This site is optimized with the Yoast SEO plugin v27.3 - https:\/\/yoast.com\/product\/yoast-seo-wordpress\/ -->\n<title>R\u00e9servation gratuite - Tahiri Luxury Services<\/title>\n<meta name=\"robots\" content=\"index, follow, max-snippet:-1, max-image-preview:large, max-video-preview:-1\" \/>\n<link rel=\"canonical\" href=\"https:\/\/tahiriluxuryservices.ma\/fr_fr\/reservation\/\" \/>\n<meta property=\"og:locale\" content=\"fr_FR\" \/>\n<meta property=\"og:type\" content=\"article\" \/>\n<meta property=\"og:title\" content=\"R\u00e9servation gratuite - Tahiri Luxury Services\" \/>\n<meta property=\"og:description\" content=\"Compl\u00e9tez le formulaire, nous vous recontacterons rapidement. Notre \u00e9quipe est l\u00e0 pour vous aider ! Votre satisfaction est notre priorit\u00e9. N\u2019h\u00e9sitez pas \u00e0 nous joindre pour toute information, r\u00e9servation ou suggestion. Tahiri Luxury Services s\u2019engage \u00e0 vous offrir un service d\u2019excellence.\" \/>\n<meta property=\"og:url\" content=\"https:\/\/tahiriluxuryservices.ma\/fr_fr\/reservation\/\" \/>\n<meta property=\"og:site_name\" content=\"Tahiri Luxury Services\" \/>\n<meta property=\"article:modified_time\" content=\"2025-02-04T21:31:38+00:00\" \/>\n<meta name=\"twitter:card\" content=\"summary_large_image\" \/>\n<script type=\"application\/ld+json\" class=\"yoast-schema-graph\">{\"@context\":\"https:\\\/\\\/schema.org\",\"@graph\":[{\"@type\":\"WebPage\",\"@id\":\"https:\\\/\\\/tahiriluxuryservices.ma\\\/reservation\\\/\",\"url\":\"https:\\\/\\\/tahiriluxuryservices.ma\\\/reservation\\\/\",\"name\":\"R\u00e9servation gratuite - Tahiri Luxury Services\",\"isPartOf\":{\"@id\":\"https:\\\/\\\/tahiriluxuryservices.ma\\\/#website\"},\"datePublished\":\"2025-02-04T21:17:43+00:00\",\"dateModified\":\"2025-02-04T21:31:38+00:00\",\"breadcrumb\":{\"@id\":\"https:\\\/\\\/tahiriluxuryservices.ma\\\/reservation\\\/#breadcrumb\"},\"inLanguage\":\"fr-FR\",\"potentialAction\":[{\"@type\":\"ReadAction\",\"target\":[\"https:\\\/\\\/tahiriluxuryservices.ma\\\/reservation\\\/\"]}]},{\"@type\":\"BreadcrumbList\",\"@id\":\"https:\\\/\\\/tahiriluxuryservices.ma\\\/reservation\\\/#breadcrumb\",\"itemListElement\":[{\"@type\":\"ListItem\",\"position\":1,\"name\":\"Accueil\",\"item\":\"https:\\\/\\\/tahiriluxuryservices.ma\\\/\"},{\"@type\":\"ListItem\",\"position\":2,\"name\":\"R\u00e9servation gratuite\"}]},{\"@type\":\"WebSite\",\"@id\":\"https:\\\/\\\/tahiriluxuryservices.ma\\\/#website\",\"url\":\"https:\\\/\\\/tahiriluxuryservices.ma\\\/\",\"name\":\"Tahiri Luxury Services\",\"description\":\"Chauffeur priv\u00e9 de luxe Marrakech\",\"potentialAction\":[{\"@type\":\"SearchAction\",\"target\":{\"@type\":\"EntryPoint\",\"urlTemplate\":\"https:\\\/\\\/tahiriluxuryservices.ma\\\/?s={search_term_string}\"},\"query-input\":{\"@type\":\"PropertyValueSpecification\",\"valueRequired\":true,\"valueName\":\"search_term_string\"}}],\"inLanguage\":\"fr-FR\"}]}<\/script>\n<!-- \/ Yoast SEO plugin. -->","yoast_head_json":{"title":"R\u00e9servation gratuite - Tahiri Luxury Services","robots":{"index":"index","follow":"follow","max-snippet":"max-snippet:-1","max-image-preview":"max-image-preview:large","max-video-preview":"max-video-preview:-1"},"canonical":"https:\/\/tahiriluxuryservices.ma\/fr_fr\/reservation\/","og_locale":"fr_FR","og_type":"article","og_title":"R\u00e9servation gratuite - Tahiri Luxury Services","og_description":"Compl\u00e9tez le formulaire, nous vous recontacterons rapidement. Notre \u00e9quipe est l\u00e0 pour vous aider ! Votre satisfaction est notre priorit\u00e9. N\u2019h\u00e9sitez pas \u00e0 nous joindre pour toute information, r\u00e9servation ou suggestion. Tahiri Luxury Services s\u2019engage \u00e0 vous offrir un service d\u2019excellence.","og_url":"https:\/\/tahiriluxuryservices.ma\/fr_fr\/reservation\/","og_site_name":"Tahiri Luxury Services","article_modified_time":"2025-02-04T21:31:38+00:00","twitter_card":"summary_large_image","schema":{"@context":"https:\/\/schema.org","@graph":[{"@type":"WebPage","@id":"https:\/\/tahiriluxuryservices.ma\/reservation\/","url":"https:\/\/tahiriluxuryservices.ma\/reservation\/","name":"R\u00e9servation gratuite - Tahiri Luxury Services","isPartOf":{"@id":"https:\/\/tahiriluxuryservices.ma\/#website"},"datePublished":"2025-02-04T21:17:43+00:00","dateModified":"2025-02-04T21:31:38+00:00","breadcrumb":{"@id":"https:\/\/tahiriluxuryservices.ma\/reservation\/#breadcrumb"},"inLanguage":"fr-FR","potentialAction":[{"@type":"ReadAction","target":["https:\/\/tahiriluxuryservices.ma\/reservation\/"]}]},{"@type":"BreadcrumbList","@id":"https:\/\/tahiriluxuryservices.ma\/reservation\/#breadcrumb","itemListElement":[{"@type":"ListItem","position":1,"name":"Accueil","item":"https:\/\/tahiriluxuryservices.ma\/"},{"@type":"ListItem","position":2,"name":"R\u00e9servation gratuite"}]},{"@type":"WebSite","@id":"https:\/\/tahiriluxuryservices.ma\/#website","url":"https:\/\/tahiriluxuryservices.ma\/","name":"Tahiri Luxury Services","description":"Chauffeur priv\u00e9 de luxe Marrakech","potentialAction":[{"@type":"SearchAction","target":{"@type":"EntryPoint","urlTemplate":"https:\/\/tahiriluxuryservices.ma\/?s={search_term_string}"},"query-input":{"@type":"PropertyValueSpecification","valueRequired":true,"valueName":"search_term_string"}}],"inLanguage":"fr-FR"}]}},"jetpack_sharing_enabled":true,"_links":{"self":[{"href":"https:\/\/tahiriluxuryservices.ma\/fr_fr\/wp-json\/wp\/v2\/pages\/9151","targetHints":{"allow":["GET"]}}],"collection":[{"href":"https:\/\/tahiriluxuryservices.ma\/fr_fr\/wp-json\/wp\/v2\/pages"}],"about":[{"href":"https:\/\/tahiriluxuryservices.ma\/fr_fr\/wp-json\/wp\/v2\/types\/page"}],"author":[{"embeddable":true,"href":"https:\/\/tahiriluxuryservices.ma\/fr_fr\/wp-json\/wp\/v2\/users\/1"}],"replies":[{"embeddable":true,"href":"https:\/\/tahiriluxuryservices.ma\/fr_fr\/wp-json\/wp\/v2\/comments?post=9151"}],"version-history":[{"count":5,"href":"https:\/\/tahiriluxuryservices.ma\/fr_fr\/wp-json\/wp\/v2\/pages\/9151\/revisions"}],"predecessor-version":[{"id":9159,"href":"https:\/\/tahiriluxuryservices.ma\/fr_fr\/wp-json\/wp\/v2\/pages\/9151\/revisions\/9159"}],"wp:attachment":[{"href":"https:\/\/tahiriluxuryservices.ma\/fr_fr\/wp-json\/wp\/v2\/media?parent=9151"}],"curies":[{"name":"wp","href":"https:\/\/api.w.org\/{rel}","templated":true}]}}