{"id":996,"date":"2023-02-09T10:53:18","date_gmt":"2023-02-09T10:53:18","guid":{"rendered":"https:\/\/luxedrive.qodeinteractive.com\/?page_id=996"},"modified":"2025-01-14T12:49:59","modified_gmt":"2025-01-14T12:49:59","slug":"parc-vehicule","status":"publish","type":"page","link":"https:\/\/tahiriluxuryservices.ma\/fr_fr\/parc-vehicule\/","title":{"rendered":"Parc V\u00e9hicule"},"content":{"rendered":"<body>\t\t<div data-elementor-type=\"wp-page\" data-elementor-id=\"996\" class=\"elementor elementor-996\" data-elementor-post-type=\"page\">\n\t\t\t\t\t\t<section class=\"elementor-section elementor-top-section elementor-element elementor-element-c7b8a11 elementor-section-full_width elementor-section-height-default elementor-section-height-default\" data-id=\"c7b8a11\" data-element_type=\"section\" data-e-type=\"section\">\n\t\t\t\t\t\t<div class=\"elementor-container elementor-column-gap-default\">\n\t\t\t\t\t<div class=\"elementor-column elementor-col-100 elementor-top-column elementor-element elementor-element-8cc4d89\" data-id=\"8cc4d89\" data-element_type=\"column\" data-e-type=\"column\">\n\t\t\t<div class=\"elementor-widget-wrap elementor-element-populated\">\n\t\t\t\t\t\t<div class=\"elementor-element elementor-element-38c9bc0 elementor-widget elementor-widget-luxedrive_core_vehicle_list\" data-id=\"38c9bc0\" data-element_type=\"widget\" data-e-type=\"widget\" id=\"parcVehicule\" data-widget_type=\"luxedrive_core_vehicle_list.default\">\n\t\t\t\t<div class=\"elementor-widget-container\">\n\t\t\t\t\t<div class=\"qodef-shortcode qodef-m  qodef-vehicle-list  qodef-item-layout--standard qodef-skin--light qodef-grid qodef-layout--columns  qodef-gutter--medium qodef-vertical-gutter--medium qodef-col-num--3 qodef-item-layout--standard qodef-pagination--off qodef-responsive--custom qodef-col-num--1440--3 qodef-col-num--1366--3 qodef-col-num--1024--2 qodef-col-num--768--1 qodef-col-num--680--1 qodef-col-num--480--1 qodef-swiper--show-pagination qodef-swiper-pagination--fraction\" data-options='{\"plugin\":\"luxedrive_core\",\"module\":\"post-types\\\/vehicle\\\/shortcodes\",\"shortcode\":\"vehicle-list\",\"post_type\":\"vehicle\",\"next_page\":\"2\",\"max_pages_num\":1,\"behavior\":\"columns\",\"images_proportion\":\"full\",\"columns\":\"3\",\"columns_responsive\":\"custom\",\"columns_1440\":\"3\",\"columns_1366\":\"3\",\"columns_1024\":\"2\",\"columns_768\":\"1\",\"columns_680\":\"1\",\"columns_480\":\"1\",\"space\":\"medium\",\"vertical_space\":\"medium\",\"slider_pagination_type\":\"fraction\",\"posts_per_page\":\"12\",\"orderby\":\"date\",\"order\":\"ASC\",\"additional_params\":\"tax\",\"tax\":\"vehicle-type\",\"tax_slug\":\"vehicule\",\"layout\":\"standard\",\"title_tag\":\"h4\",\"show_reviews\":\"no\",\"skin\":\"light\",\"pagination_type\":\"no-pagination\",\"enable_filter\":\"no\",\"object_class_name\":\"LuxeDriveCore_Vehicle_List_Shortcode\",\"taxonomy_filter\":\"vehicle-type\",\"additional_query_args\":{\"tax_query\":[{\"taxonomy\":\"vehicle-type\",\"field\":\"slug\",\"terms\":\"vehicule\"}]},\"item_classes\":\"qodef-e qodef-grid-item \",\"space_value\":40}'>\n\t\t<div class=\"qodef-grid-inner\">\n\t\t<div class=\"qodef-e qodef-grid-item  post-1011 vehicle type-vehicle status-publish has-post-thumbnail hentry vehicle-type-vehicule vehicle-make-mercedes vehicle-tag-3-persons vehicle-tag-bloc-note vehicle-tag-boite-a-mouchoirs vehicle-tag-boite-de-pharmacie vehicle-tag-cables-dalimentation vehicle-tag-cintre vehicle-tag-parapluie vehicle-tag-power-bank vehicle-tag-serviettes-rafraichissantes vehicle-tag-siege-bebe-et-enfant vehicle-tag-stylo vehicle-tag-tablette-ipad vehicle-tag-welcome-drink vehicle-tag-wi-fi\">\n\t<div class=\"qodef-e-inner\">\n\t\t<div class=\"qodef-e-image\">\n\t\t\t\t<div class=\"qodef-e-media-image\">\n\t\t<a itemprop=\"url\" href=\"https:\/\/tahiriluxuryservices.ma\/fr_fr\/vehicle\/mercedes-classe-e\/\" target=\"_self\">\n\t\t\t<img loading=\"lazy\" decoding=\"async\" width=\"500\" height=\"303\" src=\"https:\/\/i0.wp.com\/tahiriluxuryservices.ma\/wp-content\/uploads\/2023\/02\/classe-E.png?fit=500%2C303&amp;ssl=1\" class=\"attachment-full size-full\" alt=\"\" srcset=\"https:\/\/i0.wp.com\/tahiriluxuryservices.ma\/wp-content\/uploads\/2023\/02\/classe-E.png?w=500&amp;ssl=1 500w, https:\/\/i0.wp.com\/tahiriluxuryservices.ma\/wp-content\/uploads\/2023\/02\/classe-E.png?resize=300%2C182&amp;ssl=1 300w\" sizes=\"auto, (max-width: 500px) 100vw, 500px\" loading=\"lazy\">\t\t<\/a>\n\t<\/div>\n\t\t<\/div>\n\t\t<div class=\"qodef-e-content\">\n\t\t\t<h4 itemprop=\"name\" class=\"qodef-e-title entry-title\">\n\t<a itemprop=\"url\" class=\"qodef-e-title-link\" href=\"https:\/\/tahiriluxuryservices.ma\/fr_fr\/vehicle\/mercedes-classe-e\/\">\n\t\tMercedes classe E\t<\/a>\n<\/h4>\n\t\t\t\t\t\t\t\t<div itemprop=\"description\" class=\"qodef-e-excerpt\">La Mercedes Classe E, symbole d\u2019\u00e9l\u00e9gance et de confort, offre des performances exceptionnelles et une technologie avanc\u00e9e pour des trajets inoubliables<\/div>\n\t\t\t\t\t<div class=\"qodef-e-price-info\">\n\t<\/div>\t\t\t\t<div class=\"qodef-e-read-more\">\n\t\t<a class=\"qodef-shortcode qodef-m  qodef-button qodef-layout--outlined  qodef-size--full qodef-html--link\" href=\"https:\/\/tahiriluxuryservices.ma\/fr_fr\/vehicle\/mercedes-classe-e\/\" target=\"_self\">\t<span class=\"qodef-m-text\">More Details<\/span><\/a>\t<\/div>\n\t\t<\/div>\n\t<\/div>\n<\/div>\n<div class=\"qodef-e qodef-grid-item  post-1029 vehicle type-vehicle status-publish has-post-thumbnail hentry vehicle-type-vehicule vehicle-make-mercedes vehicle-tag-3-persons vehicle-tag-bloc-note vehicle-tag-boite-a-mouchoirs vehicle-tag-boite-de-pharmacie vehicle-tag-cables-dalimentation vehicle-tag-cintre vehicle-tag-parapluie vehicle-tag-power-bank vehicle-tag-serviettes-rafraichissantes vehicle-tag-siege-bebe-et-enfant vehicle-tag-stylo vehicle-tag-tablette-ipad vehicle-tag-welcome-drink vehicle-tag-wi-fi\">\n\t<div class=\"qodef-e-inner\">\n\t\t<div class=\"qodef-e-image\">\n\t\t\t\t<div class=\"qodef-e-media-image\">\n\t\t<a itemprop=\"url\" href=\"https:\/\/tahiriluxuryservices.ma\/fr_fr\/vehicle\/mercedes-classe-s\/\" target=\"_self\">\n\t\t\t<img loading=\"lazy\" decoding=\"async\" width=\"500\" height=\"303\" src=\"https:\/\/i0.wp.com\/tahiriluxuryservices.ma\/wp-content\/uploads\/2023\/02\/classe-S-latest-model.png?fit=500%2C303&amp;ssl=1\" class=\"attachment-full size-full\" alt=\"\" srcset=\"https:\/\/i0.wp.com\/tahiriluxuryservices.ma\/wp-content\/uploads\/2023\/02\/classe-S-latest-model.png?w=500&amp;ssl=1 500w, https:\/\/i0.wp.com\/tahiriluxuryservices.ma\/wp-content\/uploads\/2023\/02\/classe-S-latest-model.png?resize=300%2C182&amp;ssl=1 300w\" sizes=\"auto, (max-width: 500px) 100vw, 500px\" loading=\"lazy\">\t\t<\/a>\n\t<\/div>\n\t\t<\/div>\n\t\t<div class=\"qodef-e-content\">\n\t\t\t<h4 itemprop=\"name\" class=\"qodef-e-title entry-title\">\n\t<a itemprop=\"url\" class=\"qodef-e-title-link\" href=\"https:\/\/tahiriluxuryservices.ma\/fr_fr\/vehicle\/mercedes-classe-s\/\">\n\t\tMercedes classe S\t<\/a>\n<\/h4>\n\t\t\t\t\t\t\t\t<div itemprop=\"description\" class=\"qodef-e-excerpt\">Offrez-vous une exp\u00e9rience de voyage in\u00e9gal\u00e9e avec la Mercedes Classe S, alliant raffinement, confort absolu et technologie de pointe pour des trajets d\u2019exception.<\/div>\n\t\t\t\t\t<div class=\"qodef-e-price-info\">\n\t<\/div>\t\t\t\t<div class=\"qodef-e-read-more\">\n\t\t<a class=\"qodef-shortcode qodef-m  qodef-button qodef-layout--outlined  qodef-size--full qodef-html--link\" href=\"https:\/\/tahiriluxuryservices.ma\/fr_fr\/vehicle\/mercedes-classe-s\/\" target=\"_self\">\t<span class=\"qodef-m-text\">More Details<\/span><\/a>\t<\/div>\n\t\t<\/div>\n\t<\/div>\n<\/div>\n<div class=\"qodef-e qodef-grid-item  post-1042 vehicle type-vehicle status-publish has-post-thumbnail hentry vehicle-type-vehicule vehicle-make-bmw vehicle-color-red vehicle-tag-3-persons vehicle-tag-bloc-note vehicle-tag-boite-a-mouchoirs vehicle-tag-boite-de-pharmacie vehicle-tag-cables-dalimentation vehicle-tag-cintre vehicle-tag-parapluie vehicle-tag-power-bank vehicle-tag-serviettes-rafraichissantes vehicle-tag-siege-bebe-et-enfant vehicle-tag-stylo vehicle-tag-tablette-ipad vehicle-tag-welcome-drink vehicle-tag-wi-fi\">\n\t<div class=\"qodef-e-inner\">\n\t\t<div class=\"qodef-e-image\">\n\t\t\t\t<div class=\"qodef-e-media-image\">\n\t\t<a itemprop=\"url\" href=\"https:\/\/tahiriluxuryservices.ma\/fr_fr\/vehicle\/bmw-serie-5\/\" target=\"_self\">\n\t\t\t<img loading=\"lazy\" decoding=\"async\" width=\"500\" height=\"303\" src=\"https:\/\/i0.wp.com\/tahiriluxuryservices.ma\/wp-content\/uploads\/2023\/02\/BMW-SERIE-5.png?fit=500%2C303&amp;ssl=1\" class=\"attachment-full size-full\" alt=\"\" srcset=\"https:\/\/i0.wp.com\/tahiriluxuryservices.ma\/wp-content\/uploads\/2023\/02\/BMW-SERIE-5.png?w=500&amp;ssl=1 500w, https:\/\/i0.wp.com\/tahiriluxuryservices.ma\/wp-content\/uploads\/2023\/02\/BMW-SERIE-5.png?resize=300%2C182&amp;ssl=1 300w\" sizes=\"auto, (max-width: 500px) 100vw, 500px\" loading=\"lazy\">\t\t<\/a>\n\t<\/div>\n\t\t<\/div>\n\t\t<div class=\"qodef-e-content\">\n\t\t\t<h4 itemprop=\"name\" class=\"qodef-e-title entry-title\">\n\t<a itemprop=\"url\" class=\"qodef-e-title-link\" href=\"https:\/\/tahiriluxuryservices.ma\/fr_fr\/vehicle\/bmw-serie-5\/\">\n\t\tBMW SERIE 5\t<\/a>\n<\/h4>\n\t\t\t\t\t\t\t\t<div itemprop=\"description\" class=\"qodef-e-excerpt\">D\u00e9couvrez l\u2019\u00e9l\u00e9gance et la performance de la BMW S\u00e9rie 5, un mod\u00e8le alliant confort raffin\u00e9, design sophistiqu\u00e9 et technologies avanc\u00e9es pour des trajets d\u2019exception.\r\n<\/div>\n\t\t\t\t\t<div class=\"qodef-e-price-info\">\n\t<\/div>\t\t\t\t<div class=\"qodef-e-read-more\">\n\t\t<a class=\"qodef-shortcode qodef-m  qodef-button qodef-layout--outlined  qodef-size--full qodef-html--link\" href=\"https:\/\/tahiriluxuryservices.ma\/fr_fr\/vehicle\/bmw-serie-5\/\" target=\"_self\">\t<span class=\"qodef-m-text\">More Details<\/span><\/a>\t<\/div>\n\t\t<\/div>\n\t<\/div>\n<\/div>\n<div class=\"qodef-e qodef-grid-item  post-1045 vehicle type-vehicle status-publish has-post-thumbnail hentry vehicle-type-vehicule vehicle-make-audi vehicle-color-white vehicle-tag-3-persons vehicle-tag-bloc-note vehicle-tag-boite-a-mouchoirs vehicle-tag-boite-de-pharmacie vehicle-tag-cables-dalimentation vehicle-tag-cintre vehicle-tag-parapluie vehicle-tag-power-bank vehicle-tag-serviettes-rafraichissantes vehicle-tag-siege-bebe-et-enfant vehicle-tag-stylo vehicle-tag-tablette-ipad vehicle-tag-welcome-drink vehicle-tag-wi-fi\">\n\t<div class=\"qodef-e-inner\">\n\t\t<div class=\"qodef-e-image\">\n\t\t\t\t<div class=\"qodef-e-media-image\">\n\t\t<a itemprop=\"url\" href=\"https:\/\/tahiriluxuryservices.ma\/fr_fr\/vehicle\/audi-a6\/\" target=\"_self\">\n\t\t\t<img loading=\"lazy\" decoding=\"async\" width=\"500\" height=\"303\" src=\"https:\/\/i0.wp.com\/tahiriluxuryservices.ma\/wp-content\/uploads\/2023\/02\/audi-6.png?fit=500%2C303&amp;ssl=1\" class=\"attachment-full size-full\" alt=\"\" srcset=\"https:\/\/i0.wp.com\/tahiriluxuryservices.ma\/wp-content\/uploads\/2023\/02\/audi-6.png?w=500&amp;ssl=1 500w, https:\/\/i0.wp.com\/tahiriluxuryservices.ma\/wp-content\/uploads\/2023\/02\/audi-6.png?resize=300%2C182&amp;ssl=1 300w\" sizes=\"auto, (max-width: 500px) 100vw, 500px\" loading=\"lazy\">\t\t<\/a>\n\t<\/div>\n\t\t<\/div>\n\t\t<div class=\"qodef-e-content\">\n\t\t\t<h4 itemprop=\"name\" class=\"qodef-e-title entry-title\">\n\t<a itemprop=\"url\" class=\"qodef-e-title-link\" href=\"https:\/\/tahiriluxuryservices.ma\/fr_fr\/vehicle\/audi-a6\/\">\n\t\tAUDI A6\t<\/a>\n<\/h4>\n\t\t\t\t\t\t\t\t<div itemprop=\"description\" class=\"qodef-e-excerpt\">L\u2019Audi A6, un v\u00e9ritable concentr\u00e9 de luxe, de confort et de performance, con\u00e7u pour offrir des d\u00e9placements raffin\u00e9s, une conduite in\u00e9gal\u00e9e et une exp\u00e9rience de voyage exceptionnelle<\/div>\n\t\t\t\t\t<div class=\"qodef-e-price-info\">\n\t<\/div>\t\t\t\t<div class=\"qodef-e-read-more\">\n\t\t<a class=\"qodef-shortcode qodef-m  qodef-button qodef-layout--outlined  qodef-size--full qodef-html--link\" href=\"https:\/\/tahiriluxuryservices.ma\/fr_fr\/vehicle\/audi-a6\/\" target=\"_self\">\t<span class=\"qodef-m-text\">More Details<\/span><\/a>\t<\/div>\n\t\t<\/div>\n\t<\/div>\n<\/div>\n<div class=\"qodef-e qodef-grid-item  post-1049 vehicle type-vehicle status-publish has-post-thumbnail hentry vehicle-type-vehicule vehicle-make-range-rover vehicle-color-metalic vehicle-tag-7-places vehicle-tag-bloc-note vehicle-tag-boite-a-mouchoirs vehicle-tag-boite-de-pharmacie vehicle-tag-cables-dalimentation vehicle-tag-cintre vehicle-tag-parapluie vehicle-tag-power-bank vehicle-tag-serviettes-rafraichissantes vehicle-tag-siege-bebe-et-enfant vehicle-tag-stylo vehicle-tag-tablette-ipad vehicle-tag-welcome-drink vehicle-tag-wi-fi\">\n\t<div class=\"qodef-e-inner\">\n\t\t<div class=\"qodef-e-image\">\n\t\t\t\t<div class=\"qodef-e-media-image\">\n\t\t<a itemprop=\"url\" href=\"https:\/\/tahiriluxuryservices.ma\/fr_fr\/vehicle\/mercedes-vito-van\/\" target=\"_self\">\n\t\t\t<img loading=\"lazy\" decoding=\"async\" width=\"500\" height=\"303\" src=\"https:\/\/i0.wp.com\/tahiriluxuryservices.ma\/wp-content\/uploads\/2023\/02\/vito.png?fit=500%2C303&amp;ssl=1\" class=\"attachment-full size-full\" alt=\"\" srcset=\"https:\/\/i0.wp.com\/tahiriluxuryservices.ma\/wp-content\/uploads\/2023\/02\/vito.png?w=500&amp;ssl=1 500w, https:\/\/i0.wp.com\/tahiriluxuryservices.ma\/wp-content\/uploads\/2023\/02\/vito.png?resize=300%2C182&amp;ssl=1 300w\" sizes=\"auto, (max-width: 500px) 100vw, 500px\" loading=\"lazy\">\t\t<\/a>\n\t<\/div>\n\t\t<\/div>\n\t\t<div class=\"qodef-e-content\">\n\t\t\t<h4 itemprop=\"name\" class=\"qodef-e-title entry-title\">\n\t<a itemprop=\"url\" class=\"qodef-e-title-link\" href=\"https:\/\/tahiriluxuryservices.ma\/fr_fr\/vehicle\/mercedes-vito-van\/\">\n\t\tMERCEDES VITO VAN\t<\/a>\n<\/h4>\n\t\t\t\t\t\t\t\t<div itemprop=\"description\" class=\"qodef-e-excerpt\">Le Mercedes Vito Van, une solution de transport spacieux et haut de gamme, offrant confort et flexibilit\u00e9 pour vos d\u00e9placements professionnels ou priv\u00e9s.<\/div>\n\t\t\t\t\t<div class=\"qodef-e-price-info\">\n\t<\/div>\t\t\t\t<div class=\"qodef-e-read-more\">\n\t\t<a class=\"qodef-shortcode qodef-m  qodef-button qodef-layout--outlined  qodef-size--full qodef-html--link\" href=\"https:\/\/tahiriluxuryservices.ma\/fr_fr\/vehicle\/mercedes-vito-van\/\" target=\"_self\">\t<span class=\"qodef-m-text\">More Details<\/span><\/a>\t<\/div>\n\t\t<\/div>\n\t<\/div>\n<\/div>\n<div class=\"qodef-e qodef-grid-item  post-6969 vehicle type-vehicle status-publish has-post-thumbnail hentry vehicle-type-vehicule vehicle-make-range-rover vehicle-color-metalic vehicle-tag-3-persons vehicle-tag-bloc-note vehicle-tag-boite-a-mouchoirs vehicle-tag-boite-de-pharmacie vehicle-tag-cables-dalimentation vehicle-tag-cintre vehicle-tag-parapluie vehicle-tag-power-bank vehicle-tag-serviettes-rafraichissantes vehicle-tag-siege-bebe-et-enfant vehicle-tag-stylo vehicle-tag-tablette-ipad vehicle-tag-welcome-drink vehicle-tag-wi-fi\">\n\t<div class=\"qodef-e-inner\">\n\t\t<div class=\"qodef-e-image\">\n\t\t\t\t<div class=\"qodef-e-media-image\">\n\t\t<a itemprop=\"url\" href=\"https:\/\/tahiriluxuryservices.ma\/fr_fr\/vehicle\/toyota-land-cruiser\/\" target=\"_self\">\n\t\t\t<img loading=\"lazy\" decoding=\"async\" width=\"500\" height=\"303\" src=\"https:\/\/i0.wp.com\/tahiriluxuryservices.ma\/wp-content\/uploads\/2023\/02\/toyota-parado.png?fit=500%2C303&amp;ssl=1\" class=\"attachment-full size-full\" alt=\"\" srcset=\"https:\/\/i0.wp.com\/tahiriluxuryservices.ma\/wp-content\/uploads\/2023\/02\/toyota-parado.png?w=500&amp;ssl=1 500w, https:\/\/i0.wp.com\/tahiriluxuryservices.ma\/wp-content\/uploads\/2023\/02\/toyota-parado.png?resize=300%2C182&amp;ssl=1 300w\" sizes=\"auto, (max-width: 500px) 100vw, 500px\" loading=\"lazy\">\t\t<\/a>\n\t<\/div>\n\t\t<\/div>\n\t\t<div class=\"qodef-e-content\">\n\t\t\t<h4 itemprop=\"name\" class=\"qodef-e-title entry-title\">\n\t<a itemprop=\"url\" class=\"qodef-e-title-link\" href=\"https:\/\/tahiriluxuryservices.ma\/fr_fr\/vehicle\/toyota-land-cruiser\/\">\n\t\tToyota land cruiser\t<\/a>\n<\/h4>\n\t\t\t\t\t\t\t\t<div itemprop=\"description\" class=\"qodef-e-excerpt\">Le Toyota Land Cruiser, symbole de robustesse et d\u2019\u00e9l\u00e9gance, offre une conduite tout-terrain exceptionnelle et un confort in\u00e9gal\u00e9 pour vos aventures et d\u00e9placements.<\/div>\n\t\t\t\t\t<div class=\"qodef-e-price-info\">\n\t<\/div>\t\t\t\t<div class=\"qodef-e-read-more\">\n\t\t<a class=\"qodef-shortcode qodef-m  qodef-button qodef-layout--outlined  qodef-size--full qodef-html--link\" href=\"https:\/\/tahiriluxuryservices.ma\/fr_fr\/vehicle\/toyota-land-cruiser\/\" target=\"_self\">\t<span class=\"qodef-m-text\">More Details<\/span><\/a>\t<\/div>\n\t\t<\/div>\n\t<\/div>\n<\/div>\n\t<\/div>\n\t<\/div>\n\t\t\t\t<\/div>\n\t\t\t\t<\/div>\n\t\t\t\t\t<\/div>\n\t\t<\/div>\n\t\t\t\t\t<\/div>\n\t\t<\/section>\n\t\t\t\t<\/div>\n\t\t<\/body>","protected":false},"excerpt":{"rendered":"<p>Mercedes classe E La Mercedes Classe E, symbole d\u2019\u00e9l\u00e9gance et de confort, offre des performances exceptionnelles et une technologie avanc\u00e9e pour des trajets inoubliables More Details Mercedes classe S Offrez-vous une exp\u00e9rience de voyage in\u00e9gal\u00e9e avec la Mercedes Classe S, alliant raffinement, confort absolu et technologie de pointe pour des trajets d\u2019exception. More Details AUDI [&hellip;]<\/p>\n","protected":false},"author":1,"featured_media":0,"parent":0,"menu_order":0,"comment_status":"closed","ping_status":"closed","template":"page-full-width.php","meta":{"om_disable_all_campaigns":false,"footnotes":""},"class_list":["post-996","page","type-page","status-publish","hentry"],"yoast_head":"<!-- This site is optimized with the Yoast SEO plugin v27.3 - https:\/\/yoast.com\/product\/yoast-seo-wordpress\/ -->\n<title>Parc V\u00e9hicule - Tahiri Luxury Services<\/title>\n<meta name=\"robots\" content=\"index, follow, max-snippet:-1, max-image-preview:large, max-video-preview:-1\" \/>\n<link rel=\"canonical\" href=\"https:\/\/tahiriluxuryservices.ma\/fr_fr\/parc-vehicule\/\" \/>\n<meta property=\"og:locale\" content=\"fr_FR\" \/>\n<meta property=\"og:type\" content=\"article\" \/>\n<meta property=\"og:title\" content=\"Parc V\u00e9hicule - Tahiri Luxury Services\" \/>\n<meta property=\"og:description\" content=\"Mercedes classe E La Mercedes Classe E, symbole d\u2019\u00e9l\u00e9gance et de confort, offre des performances exceptionnelles et une technologie avanc\u00e9e pour des trajets inoubliables More Details Mercedes classe S Offrez-vous une exp\u00e9rience de voyage in\u00e9gal\u00e9e avec la Mercedes Classe S, alliant raffinement, confort absolu et technologie de pointe pour des trajets d\u2019exception. More Details AUDI [&hellip;]\" \/>\n<meta property=\"og:url\" content=\"https:\/\/tahiriluxuryservices.ma\/fr_fr\/parc-vehicule\/\" \/>\n<meta property=\"og:site_name\" content=\"Tahiri Luxury Services\" \/>\n<meta property=\"article:modified_time\" content=\"2025-01-14T12:49:59+00:00\" \/>\n<meta property=\"og:image\" content=\"https:\/\/demo.tahiriluxuryservices.ma\/wp-content\/uploads\/2023\/02\/classe-E.png\" \/>\n<meta name=\"twitter:card\" content=\"summary_large_image\" \/>\n<meta name=\"twitter:label1\" content=\"Dur\u00e9e de lecture estim\u00e9e\" \/>\n\t<meta name=\"twitter:data1\" content=\"1 minute\" \/>\n<script type=\"application\/ld+json\" class=\"yoast-schema-graph\">{\"@context\":\"https:\\\/\\\/schema.org\",\"@graph\":[{\"@type\":\"WebPage\",\"@id\":\"https:\\\/\\\/tahiriluxuryservices.ma\\\/parc-vehicule\\\/\",\"url\":\"https:\\\/\\\/tahiriluxuryservices.ma\\\/parc-vehicule\\\/\",\"name\":\"Parc V\u00e9hicule - Tahiri Luxury Services\",\"isPartOf\":{\"@id\":\"https:\\\/\\\/tahiriluxuryservices.ma\\\/#website\"},\"primaryImageOfPage\":{\"@id\":\"https:\\\/\\\/tahiriluxuryservices.ma\\\/parc-vehicule\\\/#primaryimage\"},\"image\":{\"@id\":\"https:\\\/\\\/tahiriluxuryservices.ma\\\/parc-vehicule\\\/#primaryimage\"},\"thumbnailUrl\":\"https:\\\/\\\/demo.tahiriluxuryservices.ma\\\/wp-content\\\/uploads\\\/2023\\\/02\\\/classe-E.png\",\"datePublished\":\"2023-02-09T10:53:18+00:00\",\"dateModified\":\"2025-01-14T12:49:59+00:00\",\"breadcrumb\":{\"@id\":\"https:\\\/\\\/tahiriluxuryservices.ma\\\/parc-vehicule\\\/#breadcrumb\"},\"inLanguage\":\"fr-FR\",\"potentialAction\":[{\"@type\":\"ReadAction\",\"target\":[\"https:\\\/\\\/tahiriluxuryservices.ma\\\/parc-vehicule\\\/\"]}]},{\"@type\":\"ImageObject\",\"inLanguage\":\"fr-FR\",\"@id\":\"https:\\\/\\\/tahiriluxuryservices.ma\\\/parc-vehicule\\\/#primaryimage\",\"url\":\"https:\\\/\\\/demo.tahiriluxuryservices.ma\\\/wp-content\\\/uploads\\\/2023\\\/02\\\/classe-E.png\",\"contentUrl\":\"https:\\\/\\\/demo.tahiriluxuryservices.ma\\\/wp-content\\\/uploads\\\/2023\\\/02\\\/classe-E.png\"},{\"@type\":\"BreadcrumbList\",\"@id\":\"https:\\\/\\\/tahiriluxuryservices.ma\\\/parc-vehicule\\\/#breadcrumb\",\"itemListElement\":[{\"@type\":\"ListItem\",\"position\":1,\"name\":\"Accueil\",\"item\":\"https:\\\/\\\/tahiriluxuryservices.ma\\\/\"},{\"@type\":\"ListItem\",\"position\":2,\"name\":\"Parc V\u00e9hicule\"}]},{\"@type\":\"WebSite\",\"@id\":\"https:\\\/\\\/tahiriluxuryservices.ma\\\/#website\",\"url\":\"https:\\\/\\\/tahiriluxuryservices.ma\\\/\",\"name\":\"Tahiri Luxury Services\",\"description\":\"Chauffeur priv\u00e9 de luxe Marrakech\",\"potentialAction\":[{\"@type\":\"SearchAction\",\"target\":{\"@type\":\"EntryPoint\",\"urlTemplate\":\"https:\\\/\\\/tahiriluxuryservices.ma\\\/?s={search_term_string}\"},\"query-input\":{\"@type\":\"PropertyValueSpecification\",\"valueRequired\":true,\"valueName\":\"search_term_string\"}}],\"inLanguage\":\"fr-FR\"}]}<\/script>\n<!-- \/ Yoast SEO plugin. -->","yoast_head_json":{"title":"Parc V\u00e9hicule - Tahiri Luxury Services","robots":{"index":"index","follow":"follow","max-snippet":"max-snippet:-1","max-image-preview":"max-image-preview:large","max-video-preview":"max-video-preview:-1"},"canonical":"https:\/\/tahiriluxuryservices.ma\/fr_fr\/parc-vehicule\/","og_locale":"fr_FR","og_type":"article","og_title":"Parc V\u00e9hicule - Tahiri Luxury Services","og_description":"Mercedes classe E La Mercedes Classe E, symbole d\u2019\u00e9l\u00e9gance et de confort, offre des performances exceptionnelles et une technologie avanc\u00e9e pour des trajets inoubliables More Details Mercedes classe S Offrez-vous une exp\u00e9rience de voyage in\u00e9gal\u00e9e avec la Mercedes Classe S, alliant raffinement, confort absolu et technologie de pointe pour des trajets d\u2019exception. More Details AUDI [&hellip;]","og_url":"https:\/\/tahiriluxuryservices.ma\/fr_fr\/parc-vehicule\/","og_site_name":"Tahiri Luxury Services","article_modified_time":"2025-01-14T12:49:59+00:00","og_image":[{"url":"https:\/\/demo.tahiriluxuryservices.ma\/wp-content\/uploads\/2023\/02\/classe-E.png","type":"","width":"","height":""}],"twitter_card":"summary_large_image","twitter_misc":{"Dur\u00e9e de lecture estim\u00e9e":"1 minute"},"schema":{"@context":"https:\/\/schema.org","@graph":[{"@type":"WebPage","@id":"https:\/\/tahiriluxuryservices.ma\/parc-vehicule\/","url":"https:\/\/tahiriluxuryservices.ma\/parc-vehicule\/","name":"Parc V\u00e9hicule - Tahiri Luxury Services","isPartOf":{"@id":"https:\/\/tahiriluxuryservices.ma\/#website"},"primaryImageOfPage":{"@id":"https:\/\/tahiriluxuryservices.ma\/parc-vehicule\/#primaryimage"},"image":{"@id":"https:\/\/tahiriluxuryservices.ma\/parc-vehicule\/#primaryimage"},"thumbnailUrl":"https:\/\/demo.tahiriluxuryservices.ma\/wp-content\/uploads\/2023\/02\/classe-E.png","datePublished":"2023-02-09T10:53:18+00:00","dateModified":"2025-01-14T12:49:59+00:00","breadcrumb":{"@id":"https:\/\/tahiriluxuryservices.ma\/parc-vehicule\/#breadcrumb"},"inLanguage":"fr-FR","potentialAction":[{"@type":"ReadAction","target":["https:\/\/tahiriluxuryservices.ma\/parc-vehicule\/"]}]},{"@type":"ImageObject","inLanguage":"fr-FR","@id":"https:\/\/tahiriluxuryservices.ma\/parc-vehicule\/#primaryimage","url":"https:\/\/demo.tahiriluxuryservices.ma\/wp-content\/uploads\/2023\/02\/classe-E.png","contentUrl":"https:\/\/demo.tahiriluxuryservices.ma\/wp-content\/uploads\/2023\/02\/classe-E.png"},{"@type":"BreadcrumbList","@id":"https:\/\/tahiriluxuryservices.ma\/parc-vehicule\/#breadcrumb","itemListElement":[{"@type":"ListItem","position":1,"name":"Accueil","item":"https:\/\/tahiriluxuryservices.ma\/"},{"@type":"ListItem","position":2,"name":"Parc V\u00e9hicule"}]},{"@type":"WebSite","@id":"https:\/\/tahiriluxuryservices.ma\/#website","url":"https:\/\/tahiriluxuryservices.ma\/","name":"Tahiri Luxury Services","description":"Chauffeur priv\u00e9 de luxe Marrakech","potentialAction":[{"@type":"SearchAction","target":{"@type":"EntryPoint","urlTemplate":"https:\/\/tahiriluxuryservices.ma\/?s={search_term_string}"},"query-input":{"@type":"PropertyValueSpecification","valueRequired":true,"valueName":"search_term_string"}}],"inLanguage":"fr-FR"}]}},"jetpack_sharing_enabled":true,"_links":{"self":[{"href":"https:\/\/tahiriluxuryservices.ma\/fr_fr\/wp-json\/wp\/v2\/pages\/996","targetHints":{"allow":["GET"]}}],"collection":[{"href":"https:\/\/tahiriluxuryservices.ma\/fr_fr\/wp-json\/wp\/v2\/pages"}],"about":[{"href":"https:\/\/tahiriluxuryservices.ma\/fr_fr\/wp-json\/wp\/v2\/types\/page"}],"author":[{"embeddable":true,"href":"https:\/\/tahiriluxuryservices.ma\/fr_fr\/wp-json\/wp\/v2\/users\/1"}],"replies":[{"embeddable":true,"href":"https:\/\/tahiriluxuryservices.ma\/fr_fr\/wp-json\/wp\/v2\/comments?post=996"}],"version-history":[{"count":5,"href":"https:\/\/tahiriluxuryservices.ma\/fr_fr\/wp-json\/wp\/v2\/pages\/996\/revisions"}],"predecessor-version":[{"id":8990,"href":"https:\/\/tahiriluxuryservices.ma\/fr_fr\/wp-json\/wp\/v2\/pages\/996\/revisions\/8990"}],"wp:attachment":[{"href":"https:\/\/tahiriluxuryservices.ma\/fr_fr\/wp-json\/wp\/v2\/media?parent=996"}],"curies":[{"name":"wp","href":"https:\/\/api.w.org\/{rel}","templated":true}]}}