{"id":8532,"date":"2024-12-17T18:12:04","date_gmt":"2024-12-17T18:12:04","guid":{"rendered":"https:\/\/demo.tahiriluxuryservices.ma\/?post_type=product&#038;p=8532"},"modified":"2025-02-04T18:36:10","modified_gmt":"2025-02-04T18:36:10","slug":"oukaimeden","status":"publish","type":"product","link":"https:\/\/tahiriluxuryservices.ma\/fr_fr\/product\/oukaimeden\/","title":{"rendered":"Ouka\u00efmeden"},"content":{"rendered":"<body>\t\t<div data-elementor-type=\"wp-post\" data-elementor-id=\"8532\" class=\"elementor elementor-8532\" data-elementor-post-type=\"product\">\n\t\t\t\t\t\t<section class=\"elementor-section elementor-top-section elementor-element elementor-element-e1a78c1 elementor-section-boxed elementor-section-height-default elementor-section-height-default\" data-id=\"e1a78c1\" data-element_type=\"section\" data-e-type=\"section\">\n\t\t\t\t\t\t<div class=\"elementor-container elementor-column-gap-default\">\n\t\t\t\t\t<div class=\"elementor-column elementor-col-50 elementor-top-column elementor-element elementor-element-28f7644\" data-id=\"28f7644\" data-element_type=\"column\" data-e-type=\"column\">\n\t\t\t<div class=\"elementor-widget-wrap elementor-element-populated\">\n\t\t\t\t\t\t<div class=\"elementor-element elementor-element-eef320c elementor-widget elementor-widget-text-editor\" data-id=\"eef320c\" data-element_type=\"widget\" data-e-type=\"widget\" data-widget_type=\"text-editor.default\">\n\t\t\t\t<div class=\"elementor-widget-container\">\n\t\t\t\t\t\t\t\t\t<p>Perch\u00e9e \u00e0 plus de 3 000 m\u00e8tres d\u2019altitude dans le massif de l\u2019Atlas, Ouka\u00efmeden est la destination id\u00e9ale pour les amoureux de nature, d\u2019aventure et de paysages \u00e0 couper le souffle. Connue comme la plus haute station de ski d\u2019Afrique, elle d\u00e9voile des panoramas \u00e9poustouflants en hiver, o\u00f9 les sommets enneig\u00e9s se m\u00ealent aux vastes \u00e9tendues montagneuses. Avec Tahiri Luxury Services, vivez cette exp\u00e9rience hors du commun en toute s\u00e9r\u00e9nit\u00e9, avec un service haut de gamme qui transforme chaque instant en souvenir m\u00e9morable.<\/p>\t\t\t\t\t\t\t\t<\/div>\n\t\t\t\t<\/div>\n\t\t\t\t\t<\/div>\n\t\t<\/div>\n\t\t\t\t<div class=\"elementor-column elementor-col-50 elementor-top-column elementor-element elementor-element-fc8ee1c\" data-id=\"fc8ee1c\" data-element_type=\"column\" data-e-type=\"column\">\n\t\t\t<div class=\"elementor-widget-wrap elementor-element-populated\">\n\t\t\t\t\t\t<div class=\"elementor-element elementor-element-57ffef0 elementor-widget elementor-widget-text-editor\" data-id=\"57ffef0\" data-element_type=\"widget\" data-e-type=\"widget\" data-widget_type=\"text-editor.default\">\n\t\t\t\t<div class=\"elementor-widget-container\">\n\t\t\t\t\t\t\t\t\t<p>Laissez-nous prendre soin de tous les d\u00e9tails pour que votre escapade soit parfaite. Depuis un trajet confortable en v\u00e9hicule de luxe jusqu\u2019\u00e0 des itin\u00e9raires personnalis\u00e9s, nous veillons \u00e0 ce que vous profitiez pleinement de votre journ\u00e9e \u00e0 Ouka\u00efmeden. Que vous soyez tent\u00e9 par une session de ski, une randonn\u00e9e en pleine nature ou simplement l\u2019envie de savourer la beaut\u00e9 des montagnes dans un cadre paisible, Tahiri Luxury Services vous offre une exp\u00e9rience sur mesure, alliant aventure, confort et d\u00e9couverte authentique.<\/p>\t\t\t\t\t\t\t\t<\/div>\n\t\t\t\t<\/div>\n\t\t\t\t\t<\/div>\n\t\t<\/div>\n\t\t\t\t\t<\/div>\n\t\t<\/section>\n\t\t\t\t<\/div>\n\t\t<\/body>","protected":false},"excerpt":{"rendered":"<p>\u00c0 seulement quelques heures de Marrakech, Ouka\u00efmeden vous transporte dans un d\u00e9cor surprenant o\u00f9 sommets enneig\u00e9s et vastes paysages montagneux se rencontrent. Station de ski la plus haute d\u2019Afrique, elle offre une exp\u00e9rience unique entre sports d\u2019hiver et panoramas \u00e0 couper le souffle. Avec Tahiri Luxury Services, vivez une aventure parfaitement orchestr\u00e9e : transport en v\u00e9hicule de luxe, itin\u00e9raires personnalis\u00e9s et moments de d\u00e9tente au sommet. Que vous soyez amateur de ski ou simplement en qu\u00eate de paysages grandioses, Ouka\u00efmeden vous promet une journ\u00e9e inoubliable au c\u0153ur des montagnes marocaines.<\/p>\n","protected":false},"featured_media":8605,"comment_status":"closed","ping_status":"closed","template":"","meta":{"om_disable_all_campaigns":false},"product_brand":[],"product_cat":[86,87],"product_tag":[39,50],"class_list":{"0":"post-8532","1":"product","2":"type-product","3":"status-publish","4":"has-post-thumbnail","6":"product_cat-conciergerie","7":"product_cat-excursions","8":"product_tag-car","9":"product_tag-luxorius","11":"first","12":"instock","13":"shipping-taxable","14":"product-type-simple"},"yoast_head":"<!-- This site is optimized with the Yoast SEO plugin v27.3 - https:\/\/yoast.com\/product\/yoast-seo-wordpress\/ -->\n<title>Ouka\u00efmeden - Tahiri Luxury Services<\/title>\n<meta name=\"robots\" content=\"index, follow, max-snippet:-1, max-image-preview:large, max-video-preview:-1\" \/>\n<link rel=\"canonical\" href=\"https:\/\/tahiriluxuryservices.ma\/fr_fr\/product\/oukaimeden\/\" \/>\n<meta property=\"og:locale\" content=\"fr_FR\" \/>\n<meta property=\"og:type\" content=\"article\" \/>\n<meta property=\"og:title\" content=\"Ouka\u00efmeden - Tahiri Luxury Services\" \/>\n<meta property=\"og:description\" content=\"\u00c0 seulement quelques heures de Marrakech, Ouka\u00efmeden vous transporte dans un d\u00e9cor surprenant o\u00f9 sommets enneig\u00e9s et vastes paysages montagneux se rencontrent. Station de ski la plus haute d\u2019Afrique, elle offre une exp\u00e9rience unique entre sports d\u2019hiver et panoramas \u00e0 couper le souffle. Avec Tahiri Luxury Services, vivez une aventure parfaitement orchestr\u00e9e : transport en v\u00e9hicule de luxe, itin\u00e9raires personnalis\u00e9s et moments de d\u00e9tente au sommet. Que vous soyez amateur de ski ou simplement en qu\u00eate de paysages grandioses, Ouka\u00efmeden vous promet une journ\u00e9e inoubliable au c\u0153ur des montagnes marocaines.\" \/>\n<meta property=\"og:url\" content=\"https:\/\/tahiriluxuryservices.ma\/fr_fr\/product\/oukaimeden\/\" \/>\n<meta property=\"og:site_name\" content=\"Tahiri Luxury Services\" \/>\n<meta property=\"article:modified_time\" content=\"2025-02-04T18:36:10+00:00\" \/>\n<meta property=\"og:image\" content=\"https:\/\/tahiriluxuryservices.ma\/wp-content\/uploads\/2024\/12\/Oukaimeden.jpg\" \/>\n\t<meta property=\"og:image:width\" content=\"1300\" \/>\n\t<meta property=\"og:image:height\" content=\"774\" \/>\n\t<meta property=\"og:image:type\" content=\"image\/jpeg\" \/>\n<meta name=\"twitter:card\" content=\"summary_large_image\" \/>\n<meta name=\"twitter:label1\" content=\"Dur\u00e9e de lecture estim\u00e9e\" \/>\n\t<meta name=\"twitter:data1\" content=\"1 minute\" \/>\n<script type=\"application\/ld+json\" class=\"yoast-schema-graph\">{\"@context\":\"https:\\\/\\\/schema.org\",\"@graph\":[{\"@type\":\"WebPage\",\"@id\":\"https:\\\/\\\/tahiriluxuryservices.ma\\\/product\\\/oukaimeden\\\/\",\"url\":\"https:\\\/\\\/tahiriluxuryservices.ma\\\/product\\\/oukaimeden\\\/\",\"name\":\"Ouka\u00efmeden - Tahiri Luxury Services\",\"isPartOf\":{\"@id\":\"https:\\\/\\\/tahiriluxuryservices.ma\\\/#website\"},\"primaryImageOfPage\":{\"@id\":\"https:\\\/\\\/tahiriluxuryservices.ma\\\/product\\\/oukaimeden\\\/#primaryimage\"},\"image\":{\"@id\":\"https:\\\/\\\/tahiriluxuryservices.ma\\\/product\\\/oukaimeden\\\/#primaryimage\"},\"thumbnailUrl\":\"https:\\\/\\\/i0.wp.com\\\/tahiriluxuryservices.ma\\\/wp-content\\\/uploads\\\/2024\\\/12\\\/Oukaimeden.jpg?fit=1300%2C774&ssl=1\",\"datePublished\":\"2024-12-17T18:12:04+00:00\",\"dateModified\":\"2025-02-04T18:36:10+00:00\",\"breadcrumb\":{\"@id\":\"https:\\\/\\\/tahiriluxuryservices.ma\\\/product\\\/oukaimeden\\\/#breadcrumb\"},\"inLanguage\":\"fr-FR\",\"potentialAction\":[{\"@type\":\"ReadAction\",\"target\":[\"https:\\\/\\\/tahiriluxuryservices.ma\\\/product\\\/oukaimeden\\\/\"]}]},{\"@type\":\"ImageObject\",\"inLanguage\":\"fr-FR\",\"@id\":\"https:\\\/\\\/tahiriluxuryservices.ma\\\/product\\\/oukaimeden\\\/#primaryimage\",\"url\":\"https:\\\/\\\/i0.wp.com\\\/tahiriluxuryservices.ma\\\/wp-content\\\/uploads\\\/2024\\\/12\\\/Oukaimeden.jpg?fit=1300%2C774&ssl=1\",\"contentUrl\":\"https:\\\/\\\/i0.wp.com\\\/tahiriluxuryservices.ma\\\/wp-content\\\/uploads\\\/2024\\\/12\\\/Oukaimeden.jpg?fit=1300%2C774&ssl=1\",\"width\":1300,\"height\":774},{\"@type\":\"BreadcrumbList\",\"@id\":\"https:\\\/\\\/tahiriluxuryservices.ma\\\/product\\\/oukaimeden\\\/#breadcrumb\",\"itemListElement\":[{\"@type\":\"ListItem\",\"position\":1,\"name\":\"Accueil\",\"item\":\"https:\\\/\\\/tahiriluxuryservices.ma\\\/\"},{\"@type\":\"ListItem\",\"position\":2,\"name\":\"Shop\",\"item\":\"https:\\\/\\\/tahiriluxuryservices.ma\\\/shop\\\/\"},{\"@type\":\"ListItem\",\"position\":3,\"name\":\"Ouka\u00efmeden\"}]},{\"@type\":\"WebSite\",\"@id\":\"https:\\\/\\\/tahiriluxuryservices.ma\\\/#website\",\"url\":\"https:\\\/\\\/tahiriluxuryservices.ma\\\/\",\"name\":\"Tahiri Luxury Services\",\"description\":\"Chauffeur priv\u00e9 de luxe Marrakech\",\"potentialAction\":[{\"@type\":\"SearchAction\",\"target\":{\"@type\":\"EntryPoint\",\"urlTemplate\":\"https:\\\/\\\/tahiriluxuryservices.ma\\\/?s={search_term_string}\"},\"query-input\":{\"@type\":\"PropertyValueSpecification\",\"valueRequired\":true,\"valueName\":\"search_term_string\"}}],\"inLanguage\":\"fr-FR\"}]}<\/script>\n<!-- \/ Yoast SEO plugin. -->","yoast_head_json":{"title":"Ouka\u00efmeden - Tahiri Luxury Services","robots":{"index":"index","follow":"follow","max-snippet":"max-snippet:-1","max-image-preview":"max-image-preview:large","max-video-preview":"max-video-preview:-1"},"canonical":"https:\/\/tahiriluxuryservices.ma\/fr_fr\/product\/oukaimeden\/","og_locale":"fr_FR","og_type":"article","og_title":"Ouka\u00efmeden - Tahiri Luxury Services","og_description":"\u00c0 seulement quelques heures de Marrakech, Ouka\u00efmeden vous transporte dans un d\u00e9cor surprenant o\u00f9 sommets enneig\u00e9s et vastes paysages montagneux se rencontrent. Station de ski la plus haute d\u2019Afrique, elle offre une exp\u00e9rience unique entre sports d\u2019hiver et panoramas \u00e0 couper le souffle. Avec Tahiri Luxury Services, vivez une aventure parfaitement orchestr\u00e9e : transport en v\u00e9hicule de luxe, itin\u00e9raires personnalis\u00e9s et moments de d\u00e9tente au sommet. Que vous soyez amateur de ski ou simplement en qu\u00eate de paysages grandioses, Ouka\u00efmeden vous promet une journ\u00e9e inoubliable au c\u0153ur des montagnes marocaines.","og_url":"https:\/\/tahiriluxuryservices.ma\/fr_fr\/product\/oukaimeden\/","og_site_name":"Tahiri Luxury Services","article_modified_time":"2025-02-04T18:36:10+00:00","og_image":[{"width":1300,"height":774,"url":"https:\/\/tahiriluxuryservices.ma\/wp-content\/uploads\/2024\/12\/Oukaimeden.jpg","type":"image\/jpeg"}],"twitter_card":"summary_large_image","twitter_misc":{"Dur\u00e9e de lecture estim\u00e9e":"1 minute"},"schema":{"@context":"https:\/\/schema.org","@graph":[{"@type":"WebPage","@id":"https:\/\/tahiriluxuryservices.ma\/product\/oukaimeden\/","url":"https:\/\/tahiriluxuryservices.ma\/product\/oukaimeden\/","name":"Ouka\u00efmeden - Tahiri Luxury Services","isPartOf":{"@id":"https:\/\/tahiriluxuryservices.ma\/#website"},"primaryImageOfPage":{"@id":"https:\/\/tahiriluxuryservices.ma\/product\/oukaimeden\/#primaryimage"},"image":{"@id":"https:\/\/tahiriluxuryservices.ma\/product\/oukaimeden\/#primaryimage"},"thumbnailUrl":"https:\/\/i0.wp.com\/tahiriluxuryservices.ma\/wp-content\/uploads\/2024\/12\/Oukaimeden.jpg?fit=1300%2C774&ssl=1","datePublished":"2024-12-17T18:12:04+00:00","dateModified":"2025-02-04T18:36:10+00:00","breadcrumb":{"@id":"https:\/\/tahiriluxuryservices.ma\/product\/oukaimeden\/#breadcrumb"},"inLanguage":"fr-FR","potentialAction":[{"@type":"ReadAction","target":["https:\/\/tahiriluxuryservices.ma\/product\/oukaimeden\/"]}]},{"@type":"ImageObject","inLanguage":"fr-FR","@id":"https:\/\/tahiriluxuryservices.ma\/product\/oukaimeden\/#primaryimage","url":"https:\/\/i0.wp.com\/tahiriluxuryservices.ma\/wp-content\/uploads\/2024\/12\/Oukaimeden.jpg?fit=1300%2C774&ssl=1","contentUrl":"https:\/\/i0.wp.com\/tahiriluxuryservices.ma\/wp-content\/uploads\/2024\/12\/Oukaimeden.jpg?fit=1300%2C774&ssl=1","width":1300,"height":774},{"@type":"BreadcrumbList","@id":"https:\/\/tahiriluxuryservices.ma\/product\/oukaimeden\/#breadcrumb","itemListElement":[{"@type":"ListItem","position":1,"name":"Accueil","item":"https:\/\/tahiriluxuryservices.ma\/"},{"@type":"ListItem","position":2,"name":"Shop","item":"https:\/\/tahiriluxuryservices.ma\/shop\/"},{"@type":"ListItem","position":3,"name":"Ouka\u00efmeden"}]},{"@type":"WebSite","@id":"https:\/\/tahiriluxuryservices.ma\/#website","url":"https:\/\/tahiriluxuryservices.ma\/","name":"Tahiri Luxury Services","description":"Chauffeur priv\u00e9 de luxe Marrakech","potentialAction":[{"@type":"SearchAction","target":{"@type":"EntryPoint","urlTemplate":"https:\/\/tahiriluxuryservices.ma\/?s={search_term_string}"},"query-input":{"@type":"PropertyValueSpecification","valueRequired":true,"valueName":"search_term_string"}}],"inLanguage":"fr-FR"}]}},"jetpack_sharing_enabled":true,"_links":{"self":[{"href":"https:\/\/tahiriluxuryservices.ma\/fr_fr\/wp-json\/wp\/v2\/product\/8532","targetHints":{"allow":["GET"]}}],"collection":[{"href":"https:\/\/tahiriluxuryservices.ma\/fr_fr\/wp-json\/wp\/v2\/product"}],"about":[{"href":"https:\/\/tahiriluxuryservices.ma\/fr_fr\/wp-json\/wp\/v2\/types\/product"}],"replies":[{"embeddable":true,"href":"https:\/\/tahiriluxuryservices.ma\/fr_fr\/wp-json\/wp\/v2\/comments?post=8532"}],"version-history":[{"count":5,"href":"https:\/\/tahiriluxuryservices.ma\/fr_fr\/wp-json\/wp\/v2\/product\/8532\/revisions"}],"predecessor-version":[{"id":9110,"href":"https:\/\/tahiriluxuryservices.ma\/fr_fr\/wp-json\/wp\/v2\/product\/8532\/revisions\/9110"}],"wp:featuredmedia":[{"embeddable":true,"href":"https:\/\/tahiriluxuryservices.ma\/fr_fr\/wp-json\/wp\/v2\/media\/8605"}],"wp:attachment":[{"href":"https:\/\/tahiriluxuryservices.ma\/fr_fr\/wp-json\/wp\/v2\/media?parent=8532"}],"wp:term":[{"taxonomy":"product_brand","embeddable":true,"href":"https:\/\/tahiriluxuryservices.ma\/fr_fr\/wp-json\/wp\/v2\/product_brand?post=8532"},{"taxonomy":"product_cat","embeddable":true,"href":"https:\/\/tahiriluxuryservices.ma\/fr_fr\/wp-json\/wp\/v2\/product_cat?post=8532"},{"taxonomy":"product_tag","embeddable":true,"href":"https:\/\/tahiriluxuryservices.ma\/fr_fr\/wp-json\/wp\/v2\/product_tag?post=8532"}],"curies":[{"name":"wp","href":"https:\/\/api.w.org\/{rel}","templated":true}]}}