{"id":8534,"date":"2024-12-17T18:13:02","date_gmt":"2024-12-17T18:13:02","guid":{"rendered":"https:\/\/demo.tahiriluxuryservices.ma\/?post_type=product&#038;p=8534"},"modified":"2025-02-04T18:20:25","modified_gmt":"2025-02-04T18:20:25","slug":"excursions-dans-les-montagnes-de-latlas","status":"publish","type":"product","link":"https:\/\/tahiriluxuryservices.ma\/fr_fr\/product\/excursions-dans-les-montagnes-de-latlas\/","title":{"rendered":"Excursions dans les montagnes de l\u2019Atlas"},"content":{"rendered":"<body>\t\t<div data-elementor-type=\"wp-post\" data-elementor-id=\"8534\" class=\"elementor elementor-8534\" data-elementor-post-type=\"product\">\n\t\t\t\t\t\t<section class=\"elementor-section elementor-top-section elementor-element elementor-element-e1a78c1 elementor-section-boxed elementor-section-height-default elementor-section-height-default\" data-id=\"e1a78c1\" data-element_type=\"section\" data-e-type=\"section\">\n\t\t\t\t\t\t<div class=\"elementor-container elementor-column-gap-default\">\n\t\t\t\t\t<div class=\"elementor-column elementor-col-50 elementor-top-column elementor-element elementor-element-28f7644\" data-id=\"28f7644\" data-element_type=\"column\" data-e-type=\"column\">\n\t\t\t<div class=\"elementor-widget-wrap elementor-element-populated\">\n\t\t\t\t\t\t<div class=\"elementor-element elementor-element-eef320c elementor-widget elementor-widget-text-editor\" data-id=\"eef320c\" data-element_type=\"widget\" data-e-type=\"widget\" data-widget_type=\"text-editor.default\">\n\t\t\t\t<div class=\"elementor-widget-container\">\n\t\t\t\t\t\t\t\t\t<p>Prenez une bouff\u00e9e d\u2019air frais et laissez-vous s\u00e9duire par la beaut\u00e9 sauvage des montagnes de l\u2019Atlas. Avec Tahiri Luxury Services, chaque vir\u00e9e devient bien plus qu\u2019une simple excursion : c\u2019est une v\u00e9ritable aventure o\u00f9 les paysages se d\u00e9voilent comme des tableaux vivants. Entre les sommets enneig\u00e9s, les vall\u00e9es luxuriantes et les petits villages berb\u00e8res nich\u00e9s \u00e0 flanc de colline, chaque instant invite \u00e0 la contemplation. Ici, la nature raconte son histoire, brute et apaisante, tandis que le silence des montagnes offre une s\u00e9r\u00e9nit\u00e9 incomparable.<\/p>\t\t\t\t\t\t\t\t<\/div>\n\t\t\t\t<\/div>\n\t\t\t\t\t<\/div>\n\t\t<\/div>\n\t\t\t\t<div class=\"elementor-column elementor-col-50 elementor-top-column elementor-element elementor-element-fc8ee1c\" data-id=\"fc8ee1c\" data-element_type=\"column\" data-e-type=\"column\">\n\t\t\t<div class=\"elementor-widget-wrap elementor-element-populated\">\n\t\t\t\t\t\t<div class=\"elementor-element elementor-element-57ffef0 elementor-widget elementor-widget-text-editor\" data-id=\"57ffef0\" data-element_type=\"widget\" data-e-type=\"widget\" data-widget_type=\"text-editor.default\">\n\t\t\t\t<div class=\"elementor-widget-container\">\n\t\t\t\t\t\t\t\t\t<p>Nous mettons un point d\u2019honneur \u00e0 vous offrir une exp\u00e9rience personnalis\u00e9e et fluide. Confortablement install\u00e9 dans un v\u00e9hicule de luxe, vous profitez d\u2019arr\u00eats soigneusement s\u00e9lectionn\u00e9s pour capturer des panoramas \u00e0 couper le souffle. Envie d\u2019un d\u00e9jeuner traditionnel en pleine nature ou d\u2019une balade hors des sentiers battus ? Nous adaptons chaque d\u00e9tail selon vos envies. Avec Tahiri Luxury Services, explorez l\u2019Atlas autrement : avec \u00e9l\u00e9gance, authenticit\u00e9 et cette touche unique qui rend chaque moment inoubliable.<\/p>\t\t\t\t\t\t\t\t<\/div>\n\t\t\t\t<\/div>\n\t\t\t\t\t<\/div>\n\t\t<\/div>\n\t\t\t\t\t<\/div>\n\t\t<\/section>\n\t\t\t\t<\/div>\n\t\t<\/body>","protected":false},"excerpt":{"rendered":"<p>Partez \u00e0 la d\u00e9couverte des paysages majestueux des montagnes de l\u2019Atlas avec Tahiri Luxury Services, une aventure qui m\u00eale d\u00e9paysement, s\u00e9r\u00e9nit\u00e9 et rencontres authentiques. Cheminant \u00e0 travers des villages berb\u00e8res pittoresques, des vall\u00e9es verdoyantes et des cols escarp\u00e9s, chaque instant vous rapproche de l&#8217;essence m\u00eame du Maroc. Profitez d\u2019un service sur mesure avec transport en v\u00e9hicule de luxe, arr\u00eats panoramiques soigneusement s\u00e9lectionn\u00e9s et une attention particuli\u00e8re \u00e0 vos pr\u00e9f\u00e9rences. Que vous soyez passionn\u00e9 de nature ou simplement en qu\u00eate d\u2019\u00e9vasion, cette exp\u00e9rience unique vous offre un parfait \u00e9quilibre entre \u00e9merveillement et d\u00e9tente.<\/p>\n","protected":false},"featured_media":8601,"comment_status":"closed","ping_status":"closed","template":"","meta":{"om_disable_all_campaigns":false},"product_brand":[],"product_cat":[86,87],"product_tag":[39,50],"class_list":{"0":"post-8534","1":"product","2":"type-product","3":"status-publish","4":"has-post-thumbnail","6":"product_cat-conciergerie","7":"product_cat-excursions","8":"product_tag-car","9":"product_tag-luxorius","11":"first","12":"instock","13":"shipping-taxable","14":"product-type-simple"},"yoast_head":"<!-- This site is optimized with the Yoast SEO plugin v27.3 - https:\/\/yoast.com\/product\/yoast-seo-wordpress\/ -->\n<title>Excursions dans les montagnes de l\u2019Atlas - Tahiri Luxury Services<\/title>\n<meta name=\"robots\" content=\"index, follow, max-snippet:-1, max-image-preview:large, max-video-preview:-1\" \/>\n<link rel=\"canonical\" href=\"https:\/\/tahiriluxuryservices.ma\/fr_fr\/product\/excursions-dans-les-montagnes-de-latlas\/\" \/>\n<meta property=\"og:locale\" content=\"fr_FR\" \/>\n<meta property=\"og:type\" content=\"article\" \/>\n<meta property=\"og:title\" content=\"Excursions dans les montagnes de l\u2019Atlas - Tahiri Luxury Services\" \/>\n<meta property=\"og:description\" content=\"Partez \u00e0 la d\u00e9couverte des paysages majestueux des montagnes de l\u2019Atlas avec Tahiri Luxury Services, une aventure qui m\u00eale d\u00e9paysement, s\u00e9r\u00e9nit\u00e9 et rencontres authentiques. Cheminant \u00e0 travers des villages berb\u00e8res pittoresques, des vall\u00e9es verdoyantes et des cols escarp\u00e9s, chaque instant vous rapproche de l&#039;essence m\u00eame du Maroc. Profitez d\u2019un service sur mesure avec transport en v\u00e9hicule de luxe, arr\u00eats panoramiques soigneusement s\u00e9lectionn\u00e9s et une attention particuli\u00e8re \u00e0 vos pr\u00e9f\u00e9rences. Que vous soyez passionn\u00e9 de nature ou simplement en qu\u00eate d\u2019\u00e9vasion, cette exp\u00e9rience unique vous offre un parfait \u00e9quilibre entre \u00e9merveillement et d\u00e9tente.\" \/>\n<meta property=\"og:url\" content=\"https:\/\/tahiriluxuryservices.ma\/fr_fr\/product\/excursions-dans-les-montagnes-de-latlas\/\" \/>\n<meta property=\"og:site_name\" content=\"Tahiri Luxury Services\" \/>\n<meta property=\"article:modified_time\" content=\"2025-02-04T18:20:25+00:00\" \/>\n<meta property=\"og:image\" content=\"https:\/\/tahiriluxuryservices.ma\/wp-content\/uploads\/2024\/12\/Excursions-dans-les-montagnes-de-lAtlas.jpg\" \/>\n\t<meta property=\"og:image:width\" content=\"1300\" \/>\n\t<meta property=\"og:image:height\" content=\"774\" \/>\n\t<meta property=\"og:image:type\" content=\"image\/jpeg\" \/>\n<meta name=\"twitter:card\" content=\"summary_large_image\" \/>\n<meta name=\"twitter:label1\" content=\"Dur\u00e9e de lecture estim\u00e9e\" \/>\n\t<meta name=\"twitter:data1\" content=\"1 minute\" \/>\n<script type=\"application\/ld+json\" class=\"yoast-schema-graph\">{\"@context\":\"https:\\\/\\\/schema.org\",\"@graph\":[{\"@type\":\"WebPage\",\"@id\":\"https:\\\/\\\/tahiriluxuryservices.ma\\\/product\\\/excursions-dans-les-montagnes-de-latlas\\\/\",\"url\":\"https:\\\/\\\/tahiriluxuryservices.ma\\\/product\\\/excursions-dans-les-montagnes-de-latlas\\\/\",\"name\":\"Excursions dans les montagnes de l\u2019Atlas - Tahiri Luxury Services\",\"isPartOf\":{\"@id\":\"https:\\\/\\\/tahiriluxuryservices.ma\\\/#website\"},\"primaryImageOfPage\":{\"@id\":\"https:\\\/\\\/tahiriluxuryservices.ma\\\/product\\\/excursions-dans-les-montagnes-de-latlas\\\/#primaryimage\"},\"image\":{\"@id\":\"https:\\\/\\\/tahiriluxuryservices.ma\\\/product\\\/excursions-dans-les-montagnes-de-latlas\\\/#primaryimage\"},\"thumbnailUrl\":\"https:\\\/\\\/i0.wp.com\\\/tahiriluxuryservices.ma\\\/wp-content\\\/uploads\\\/2024\\\/12\\\/Excursions-dans-les-montagnes-de-lAtlas.jpg?fit=1300%2C774&ssl=1\",\"datePublished\":\"2024-12-17T18:13:02+00:00\",\"dateModified\":\"2025-02-04T18:20:25+00:00\",\"breadcrumb\":{\"@id\":\"https:\\\/\\\/tahiriluxuryservices.ma\\\/product\\\/excursions-dans-les-montagnes-de-latlas\\\/#breadcrumb\"},\"inLanguage\":\"fr-FR\",\"potentialAction\":[{\"@type\":\"ReadAction\",\"target\":[\"https:\\\/\\\/tahiriluxuryservices.ma\\\/product\\\/excursions-dans-les-montagnes-de-latlas\\\/\"]}]},{\"@type\":\"ImageObject\",\"inLanguage\":\"fr-FR\",\"@id\":\"https:\\\/\\\/tahiriluxuryservices.ma\\\/product\\\/excursions-dans-les-montagnes-de-latlas\\\/#primaryimage\",\"url\":\"https:\\\/\\\/i0.wp.com\\\/tahiriluxuryservices.ma\\\/wp-content\\\/uploads\\\/2024\\\/12\\\/Excursions-dans-les-montagnes-de-lAtlas.jpg?fit=1300%2C774&ssl=1\",\"contentUrl\":\"https:\\\/\\\/i0.wp.com\\\/tahiriluxuryservices.ma\\\/wp-content\\\/uploads\\\/2024\\\/12\\\/Excursions-dans-les-montagnes-de-lAtlas.jpg?fit=1300%2C774&ssl=1\",\"width\":1300,\"height\":774},{\"@type\":\"BreadcrumbList\",\"@id\":\"https:\\\/\\\/tahiriluxuryservices.ma\\\/product\\\/excursions-dans-les-montagnes-de-latlas\\\/#breadcrumb\",\"itemListElement\":[{\"@type\":\"ListItem\",\"position\":1,\"name\":\"Accueil\",\"item\":\"https:\\\/\\\/tahiriluxuryservices.ma\\\/\"},{\"@type\":\"ListItem\",\"position\":2,\"name\":\"Shop\",\"item\":\"https:\\\/\\\/tahiriluxuryservices.ma\\\/shop\\\/\"},{\"@type\":\"ListItem\",\"position\":3,\"name\":\"Excursions dans les montagnes de l\u2019Atlas\"}]},{\"@type\":\"WebSite\",\"@id\":\"https:\\\/\\\/tahiriluxuryservices.ma\\\/#website\",\"url\":\"https:\\\/\\\/tahiriluxuryservices.ma\\\/\",\"name\":\"Tahiri Luxury Services\",\"description\":\"Chauffeur priv\u00e9 de luxe Marrakech\",\"potentialAction\":[{\"@type\":\"SearchAction\",\"target\":{\"@type\":\"EntryPoint\",\"urlTemplate\":\"https:\\\/\\\/tahiriluxuryservices.ma\\\/?s={search_term_string}\"},\"query-input\":{\"@type\":\"PropertyValueSpecification\",\"valueRequired\":true,\"valueName\":\"search_term_string\"}}],\"inLanguage\":\"fr-FR\"}]}<\/script>\n<!-- \/ Yoast SEO plugin. -->","yoast_head_json":{"title":"Excursions dans les montagnes de l\u2019Atlas - Tahiri Luxury Services","robots":{"index":"index","follow":"follow","max-snippet":"max-snippet:-1","max-image-preview":"max-image-preview:large","max-video-preview":"max-video-preview:-1"},"canonical":"https:\/\/tahiriluxuryservices.ma\/fr_fr\/product\/excursions-dans-les-montagnes-de-latlas\/","og_locale":"fr_FR","og_type":"article","og_title":"Excursions dans les montagnes de l\u2019Atlas - Tahiri Luxury Services","og_description":"Partez \u00e0 la d\u00e9couverte des paysages majestueux des montagnes de l\u2019Atlas avec Tahiri Luxury Services, une aventure qui m\u00eale d\u00e9paysement, s\u00e9r\u00e9nit\u00e9 et rencontres authentiques. Cheminant \u00e0 travers des villages berb\u00e8res pittoresques, des vall\u00e9es verdoyantes et des cols escarp\u00e9s, chaque instant vous rapproche de l'essence m\u00eame du Maroc. Profitez d\u2019un service sur mesure avec transport en v\u00e9hicule de luxe, arr\u00eats panoramiques soigneusement s\u00e9lectionn\u00e9s et une attention particuli\u00e8re \u00e0 vos pr\u00e9f\u00e9rences. Que vous soyez passionn\u00e9 de nature ou simplement en qu\u00eate d\u2019\u00e9vasion, cette exp\u00e9rience unique vous offre un parfait \u00e9quilibre entre \u00e9merveillement et d\u00e9tente.","og_url":"https:\/\/tahiriluxuryservices.ma\/fr_fr\/product\/excursions-dans-les-montagnes-de-latlas\/","og_site_name":"Tahiri Luxury Services","article_modified_time":"2025-02-04T18:20:25+00:00","og_image":[{"width":1300,"height":774,"url":"https:\/\/tahiriluxuryservices.ma\/wp-content\/uploads\/2024\/12\/Excursions-dans-les-montagnes-de-lAtlas.jpg","type":"image\/jpeg"}],"twitter_card":"summary_large_image","twitter_misc":{"Dur\u00e9e de lecture estim\u00e9e":"1 minute"},"schema":{"@context":"https:\/\/schema.org","@graph":[{"@type":"WebPage","@id":"https:\/\/tahiriluxuryservices.ma\/product\/excursions-dans-les-montagnes-de-latlas\/","url":"https:\/\/tahiriluxuryservices.ma\/product\/excursions-dans-les-montagnes-de-latlas\/","name":"Excursions dans les montagnes de l\u2019Atlas - Tahiri Luxury Services","isPartOf":{"@id":"https:\/\/tahiriluxuryservices.ma\/#website"},"primaryImageOfPage":{"@id":"https:\/\/tahiriluxuryservices.ma\/product\/excursions-dans-les-montagnes-de-latlas\/#primaryimage"},"image":{"@id":"https:\/\/tahiriluxuryservices.ma\/product\/excursions-dans-les-montagnes-de-latlas\/#primaryimage"},"thumbnailUrl":"https:\/\/i0.wp.com\/tahiriluxuryservices.ma\/wp-content\/uploads\/2024\/12\/Excursions-dans-les-montagnes-de-lAtlas.jpg?fit=1300%2C774&ssl=1","datePublished":"2024-12-17T18:13:02+00:00","dateModified":"2025-02-04T18:20:25+00:00","breadcrumb":{"@id":"https:\/\/tahiriluxuryservices.ma\/product\/excursions-dans-les-montagnes-de-latlas\/#breadcrumb"},"inLanguage":"fr-FR","potentialAction":[{"@type":"ReadAction","target":["https:\/\/tahiriluxuryservices.ma\/product\/excursions-dans-les-montagnes-de-latlas\/"]}]},{"@type":"ImageObject","inLanguage":"fr-FR","@id":"https:\/\/tahiriluxuryservices.ma\/product\/excursions-dans-les-montagnes-de-latlas\/#primaryimage","url":"https:\/\/i0.wp.com\/tahiriluxuryservices.ma\/wp-content\/uploads\/2024\/12\/Excursions-dans-les-montagnes-de-lAtlas.jpg?fit=1300%2C774&ssl=1","contentUrl":"https:\/\/i0.wp.com\/tahiriluxuryservices.ma\/wp-content\/uploads\/2024\/12\/Excursions-dans-les-montagnes-de-lAtlas.jpg?fit=1300%2C774&ssl=1","width":1300,"height":774},{"@type":"BreadcrumbList","@id":"https:\/\/tahiriluxuryservices.ma\/product\/excursions-dans-les-montagnes-de-latlas\/#breadcrumb","itemListElement":[{"@type":"ListItem","position":1,"name":"Accueil","item":"https:\/\/tahiriluxuryservices.ma\/"},{"@type":"ListItem","position":2,"name":"Shop","item":"https:\/\/tahiriluxuryservices.ma\/shop\/"},{"@type":"ListItem","position":3,"name":"Excursions dans les montagnes de l\u2019Atlas"}]},{"@type":"WebSite","@id":"https:\/\/tahiriluxuryservices.ma\/#website","url":"https:\/\/tahiriluxuryservices.ma\/","name":"Tahiri Luxury Services","description":"Chauffeur priv\u00e9 de luxe Marrakech","potentialAction":[{"@type":"SearchAction","target":{"@type":"EntryPoint","urlTemplate":"https:\/\/tahiriluxuryservices.ma\/?s={search_term_string}"},"query-input":{"@type":"PropertyValueSpecification","valueRequired":true,"valueName":"search_term_string"}}],"inLanguage":"fr-FR"}]}},"jetpack_sharing_enabled":true,"_links":{"self":[{"href":"https:\/\/tahiriluxuryservices.ma\/fr_fr\/wp-json\/wp\/v2\/product\/8534","targetHints":{"allow":["GET"]}}],"collection":[{"href":"https:\/\/tahiriluxuryservices.ma\/fr_fr\/wp-json\/wp\/v2\/product"}],"about":[{"href":"https:\/\/tahiriluxuryservices.ma\/fr_fr\/wp-json\/wp\/v2\/types\/product"}],"replies":[{"embeddable":true,"href":"https:\/\/tahiriluxuryservices.ma\/fr_fr\/wp-json\/wp\/v2\/comments?post=8534"}],"version-history":[{"count":5,"href":"https:\/\/tahiriluxuryservices.ma\/fr_fr\/wp-json\/wp\/v2\/product\/8534\/revisions"}],"predecessor-version":[{"id":9100,"href":"https:\/\/tahiriluxuryservices.ma\/fr_fr\/wp-json\/wp\/v2\/product\/8534\/revisions\/9100"}],"wp:featuredmedia":[{"embeddable":true,"href":"https:\/\/tahiriluxuryservices.ma\/fr_fr\/wp-json\/wp\/v2\/media\/8601"}],"wp:attachment":[{"href":"https:\/\/tahiriluxuryservices.ma\/fr_fr\/wp-json\/wp\/v2\/media?parent=8534"}],"wp:term":[{"taxonomy":"product_brand","embeddable":true,"href":"https:\/\/tahiriluxuryservices.ma\/fr_fr\/wp-json\/wp\/v2\/product_brand?post=8534"},{"taxonomy":"product_cat","embeddable":true,"href":"https:\/\/tahiriluxuryservices.ma\/fr_fr\/wp-json\/wp\/v2\/product_cat?post=8534"},{"taxonomy":"product_tag","embeddable":true,"href":"https:\/\/tahiriluxuryservices.ma\/fr_fr\/wp-json\/wp\/v2\/product_tag?post=8534"}],"curies":[{"name":"wp","href":"https:\/\/api.w.org\/{rel}","templated":true}]}}