{"id":8544,"date":"2024-12-17T18:15:44","date_gmt":"2024-12-17T18:15:44","guid":{"rendered":"https:\/\/demo.tahiriluxuryservices.ma\/?post_type=product&#038;p=8544"},"modified":"2024-12-25T10:03:24","modified_gmt":"2024-12-25T10:03:24","slug":"ait-ben-haddou-kasbah-telouet-day-trip","status":"publish","type":"product","link":"https:\/\/tahiriluxuryservices.ma\/fr_fr\/product\/ait-ben-haddou-kasbah-telouet-day-trip\/","title":{"rendered":"Ait Ben Haddou &#038; Kasbah Telouet Day Trip"},"content":{"rendered":"<body>\t\t<div data-elementor-type=\"wp-post\" data-elementor-id=\"8544\" class=\"elementor elementor-8544\" data-elementor-post-type=\"product\">\n\t\t\t\t\t\t<section class=\"elementor-section elementor-top-section elementor-element elementor-element-e1a78c1 elementor-section-boxed elementor-section-height-default elementor-section-height-default\" data-id=\"e1a78c1\" data-element_type=\"section\" data-e-type=\"section\">\n\t\t\t\t\t\t<div class=\"elementor-container elementor-column-gap-default\">\n\t\t\t\t\t<div class=\"elementor-column elementor-col-50 elementor-top-column elementor-element elementor-element-28f7644\" data-id=\"28f7644\" data-element_type=\"column\" data-e-type=\"column\">\n\t\t\t<div class=\"elementor-widget-wrap elementor-element-populated\">\n\t\t\t\t\t\t<div class=\"elementor-element elementor-element-eef320c elementor-widget elementor-widget-text-editor\" data-id=\"eef320c\" data-element_type=\"widget\" data-e-type=\"widget\" data-widget_type=\"text-editor.default\">\n\t\t\t\t<div class=\"elementor-widget-container\">\n\t\t\t\t\t\t\t\t\t<p>La Kasbah Telouet, construite au XVIIIe si\u00e8cle, est une forteresse historique situ\u00e9e dans les montagnes du Haut Atlas au Maroc. Elle fut autrefois le domicile de la puissante famille Glaoui, en particulier de Thami El Glaoui, qui domina la r\u00e9gion de la fin du XIXe si\u00e8cle au milieu du XXe si\u00e8cle. Ce joyau architectural pr\u00e9sente des carreaux d\u00e9coratifs complexes et des couleurs vibrantes, refl\u00e9tant sa splendeur d\u2019antan en tant qu\u2019\u00e9tape cl\u00e9<\/p><div class=\"flex max-w-full flex-col flex-grow\"><div class=\"min-h-8 text-message flex w-full flex-col items-end gap-2 whitespace-normal break-words text-start [.text-message+&amp;]:mt-5\" dir=\"auto\" data-message-author-role=\"assistant\" data-message-id=\"97013e7f-5531-4738-88c1-2c8f1c0d9e45\" data-message-model-slug=\"gpt-4o-mini\"><div class=\"flex w-full flex-col gap-1 empty:hidden first:pt-[3px]\"><div class=\"markdown prose w-full break-words dark:prose-invert light\"><p>sur la route des caravanes entre Marrakech et le Sahara. Aujourd\u2019hui, les visiteurs peuvent explorer ses impressionnantes ruines, notamment de magnifiques salles de r\u00e9ception d\u00e9cor\u00e9es et les vestiges de jardins luxuriants, tout en d\u00e9couvrant l\u2019histoire riche qui a fa\u00e7onn\u00e9 ce site remarquable.<\/p><\/div><\/div><\/div><\/div>\t\t\t\t\t\t\t\t<\/div>\n\t\t\t\t<\/div>\n\t\t\t\t\t<\/div>\n\t\t<\/div>\n\t\t\t\t<div class=\"elementor-column elementor-col-50 elementor-top-column elementor-element elementor-element-fc8ee1c\" data-id=\"fc8ee1c\" data-element_type=\"column\" data-e-type=\"column\">\n\t\t\t<div class=\"elementor-widget-wrap elementor-element-populated\">\n\t\t\t\t\t\t<div class=\"elementor-element elementor-element-57ffef0 elementor-widget elementor-widget-text-editor\" data-id=\"57ffef0\" data-element_type=\"widget\" data-e-type=\"widget\" data-widget_type=\"text-editor.default\">\n\t\t\t\t<div class=\"elementor-widget-container\">\n\t\t\t\t\t\t\t\t\t<p>Ait Ben Haddou est un site class\u00e9 au patrimoine mondial de l\u2019UNESCO, situ\u00e9 le long de l\u2019ancienne route des caravanes entre Marrakech et le Sahara. Datant du XVIIe si\u00e8cle, ce village fortifi\u00e9 pr\u00e9sente une architecture en terre et en argile impressionnante, avec ses b\u00e2timents embl\u00e9matiques en briques de boue rouges. Autrefois un poste de commerce strat\u00e9gique, il facilitait les \u00e9changes commerciaux et culturels. Aujourd\u2019hui, il est c\u00e9l\u00e8bre pour ses apparitions dans des films tels que \u201cGladiator\u201d et \u201cGame of Thrones\u201d. Les visiteurs peuvent explorer ses ruelles sinueuses et profiter de vues imprenables sur le paysage d\u00e9sertique environnant.<\/p>\t\t\t\t\t\t\t\t<\/div>\n\t\t\t\t<\/div>\n\t\t\t\t\t<\/div>\n\t\t<\/div>\n\t\t\t\t\t<\/div>\n\t\t<\/section>\n\t\t\t\t<\/div>\n\t\t<\/body>","protected":false},"excerpt":{"rendered":"<p class=\"p1\">Vivez une journ\u00e9e hors du temps, o\u00f9 chaque instant est un hommage \u00e0 l\u2019\u00e9l\u00e9gance et \u00e0 l\u2019authenticit\u00e9 du Maroc. Avec <b>Tahiri Luxury Services<\/b>, d\u00e9couvrez Ait Ben Haddou et la Kasbah Telouet, deux joyaux du patrimoine marocain, dans une exp\u00e9rience taill\u00e9e sur mesure, m\u00ealant luxe, confort, et \u00e9merveillement.<\/p>\n","protected":false},"featured_media":8515,"comment_status":"closed","ping_status":"closed","template":"","meta":{"om_disable_all_campaigns":false},"product_brand":[],"product_cat":[86,87],"product_tag":[39,50],"class_list":{"0":"post-8544","1":"product","2":"type-product","3":"status-publish","4":"has-post-thumbnail","6":"product_cat-conciergerie","7":"product_cat-excursions","8":"product_tag-car","9":"product_tag-luxorius","11":"first","12":"instock","13":"shipping-taxable","14":"product-type-simple"},"yoast_head":"<!-- This site is optimized with the Yoast SEO plugin v27.3 - https:\/\/yoast.com\/product\/yoast-seo-wordpress\/ -->\n<title>Ait Ben Haddou &amp; Kasbah Telouet Day Trip - Tahiri Luxury Services<\/title>\n<meta name=\"robots\" content=\"index, follow, max-snippet:-1, max-image-preview:large, max-video-preview:-1\" \/>\n<link rel=\"canonical\" href=\"https:\/\/tahiriluxuryservices.ma\/fr_fr\/product\/ait-ben-haddou-kasbah-telouet-day-trip\/\" \/>\n<meta property=\"og:locale\" content=\"fr_FR\" \/>\n<meta property=\"og:type\" content=\"article\" \/>\n<meta property=\"og:title\" content=\"Ait Ben Haddou &amp; Kasbah Telouet Day Trip - Tahiri Luxury Services\" \/>\n<meta property=\"og:description\" content=\"Vivez une journ\u00e9e hors du temps, o\u00f9 chaque instant est un hommage \u00e0 l\u2019\u00e9l\u00e9gance et \u00e0 l\u2019authenticit\u00e9 du Maroc. Avec Tahiri Luxury Services, d\u00e9couvrez Ait Ben Haddou et la Kasbah Telouet, deux joyaux du patrimoine marocain, dans une exp\u00e9rience taill\u00e9e sur mesure, m\u00ealant luxe, confort, et \u00e9merveillement.\" \/>\n<meta property=\"og:url\" content=\"https:\/\/tahiriluxuryservices.ma\/fr_fr\/product\/ait-ben-haddou-kasbah-telouet-day-trip\/\" \/>\n<meta property=\"og:site_name\" content=\"Tahiri Luxury Services\" \/>\n<meta property=\"article:modified_time\" content=\"2024-12-25T10:03:24+00:00\" \/>\n<meta property=\"og:image\" content=\"https:\/\/tahiriluxuryservices.ma\/wp-content\/uploads\/2023\/04\/Mazagan-El-Jadida.jpg\" \/>\n\t<meta property=\"og:image:width\" content=\"1300\" \/>\n\t<meta property=\"og:image:height\" content=\"774\" \/>\n\t<meta property=\"og:image:type\" content=\"image\/jpeg\" \/>\n<meta name=\"twitter:card\" content=\"summary_large_image\" \/>\n<meta name=\"twitter:label1\" content=\"Dur\u00e9e de lecture estim\u00e9e\" \/>\n\t<meta name=\"twitter:data1\" content=\"1 minute\" \/>\n<script type=\"application\/ld+json\" class=\"yoast-schema-graph\">{\"@context\":\"https:\\\/\\\/schema.org\",\"@graph\":[{\"@type\":\"WebPage\",\"@id\":\"https:\\\/\\\/tahiriluxuryservices.ma\\\/product\\\/ait-ben-haddou-kasbah-telouet-day-trip\\\/\",\"url\":\"https:\\\/\\\/tahiriluxuryservices.ma\\\/product\\\/ait-ben-haddou-kasbah-telouet-day-trip\\\/\",\"name\":\"Ait Ben Haddou & Kasbah Telouet Day Trip - Tahiri Luxury Services\",\"isPartOf\":{\"@id\":\"https:\\\/\\\/tahiriluxuryservices.ma\\\/#website\"},\"primaryImageOfPage\":{\"@id\":\"https:\\\/\\\/tahiriluxuryservices.ma\\\/product\\\/ait-ben-haddou-kasbah-telouet-day-trip\\\/#primaryimage\"},\"image\":{\"@id\":\"https:\\\/\\\/tahiriluxuryservices.ma\\\/product\\\/ait-ben-haddou-kasbah-telouet-day-trip\\\/#primaryimage\"},\"thumbnailUrl\":\"https:\\\/\\\/i0.wp.com\\\/tahiriluxuryservices.ma\\\/wp-content\\\/uploads\\\/2023\\\/04\\\/Mazagan-El-Jadida.jpg?fit=1300%2C774&ssl=1\",\"datePublished\":\"2024-12-17T18:15:44+00:00\",\"dateModified\":\"2024-12-25T10:03:24+00:00\",\"breadcrumb\":{\"@id\":\"https:\\\/\\\/tahiriluxuryservices.ma\\\/product\\\/ait-ben-haddou-kasbah-telouet-day-trip\\\/#breadcrumb\"},\"inLanguage\":\"fr-FR\",\"potentialAction\":[{\"@type\":\"ReadAction\",\"target\":[\"https:\\\/\\\/tahiriluxuryservices.ma\\\/product\\\/ait-ben-haddou-kasbah-telouet-day-trip\\\/\"]}]},{\"@type\":\"ImageObject\",\"inLanguage\":\"fr-FR\",\"@id\":\"https:\\\/\\\/tahiriluxuryservices.ma\\\/product\\\/ait-ben-haddou-kasbah-telouet-day-trip\\\/#primaryimage\",\"url\":\"https:\\\/\\\/i0.wp.com\\\/tahiriluxuryservices.ma\\\/wp-content\\\/uploads\\\/2023\\\/04\\\/Mazagan-El-Jadida.jpg?fit=1300%2C774&ssl=1\",\"contentUrl\":\"https:\\\/\\\/i0.wp.com\\\/tahiriluxuryservices.ma\\\/wp-content\\\/uploads\\\/2023\\\/04\\\/Mazagan-El-Jadida.jpg?fit=1300%2C774&ssl=1\",\"width\":1300,\"height\":774},{\"@type\":\"BreadcrumbList\",\"@id\":\"https:\\\/\\\/tahiriluxuryservices.ma\\\/product\\\/ait-ben-haddou-kasbah-telouet-day-trip\\\/#breadcrumb\",\"itemListElement\":[{\"@type\":\"ListItem\",\"position\":1,\"name\":\"Accueil\",\"item\":\"https:\\\/\\\/tahiriluxuryservices.ma\\\/\"},{\"@type\":\"ListItem\",\"position\":2,\"name\":\"Shop\",\"item\":\"https:\\\/\\\/tahiriluxuryservices.ma\\\/shop\\\/\"},{\"@type\":\"ListItem\",\"position\":3,\"name\":\"Ait Ben Haddou &#038; Kasbah Telouet Day Trip\"}]},{\"@type\":\"WebSite\",\"@id\":\"https:\\\/\\\/tahiriluxuryservices.ma\\\/#website\",\"url\":\"https:\\\/\\\/tahiriluxuryservices.ma\\\/\",\"name\":\"Tahiri Luxury Services\",\"description\":\"Chauffeur priv\u00e9 de luxe Marrakech\",\"potentialAction\":[{\"@type\":\"SearchAction\",\"target\":{\"@type\":\"EntryPoint\",\"urlTemplate\":\"https:\\\/\\\/tahiriluxuryservices.ma\\\/?s={search_term_string}\"},\"query-input\":{\"@type\":\"PropertyValueSpecification\",\"valueRequired\":true,\"valueName\":\"search_term_string\"}}],\"inLanguage\":\"fr-FR\"}]}<\/script>\n<!-- \/ Yoast SEO plugin. -->","yoast_head_json":{"title":"Ait Ben Haddou & Kasbah Telouet Day Trip - Tahiri Luxury Services","robots":{"index":"index","follow":"follow","max-snippet":"max-snippet:-1","max-image-preview":"max-image-preview:large","max-video-preview":"max-video-preview:-1"},"canonical":"https:\/\/tahiriluxuryservices.ma\/fr_fr\/product\/ait-ben-haddou-kasbah-telouet-day-trip\/","og_locale":"fr_FR","og_type":"article","og_title":"Ait Ben Haddou & Kasbah Telouet Day Trip - Tahiri Luxury Services","og_description":"Vivez une journ\u00e9e hors du temps, o\u00f9 chaque instant est un hommage \u00e0 l\u2019\u00e9l\u00e9gance et \u00e0 l\u2019authenticit\u00e9 du Maroc. Avec Tahiri Luxury Services, d\u00e9couvrez Ait Ben Haddou et la Kasbah Telouet, deux joyaux du patrimoine marocain, dans une exp\u00e9rience taill\u00e9e sur mesure, m\u00ealant luxe, confort, et \u00e9merveillement.","og_url":"https:\/\/tahiriluxuryservices.ma\/fr_fr\/product\/ait-ben-haddou-kasbah-telouet-day-trip\/","og_site_name":"Tahiri Luxury Services","article_modified_time":"2024-12-25T10:03:24+00:00","og_image":[{"width":1300,"height":774,"url":"https:\/\/tahiriluxuryservices.ma\/wp-content\/uploads\/2023\/04\/Mazagan-El-Jadida.jpg","type":"image\/jpeg"}],"twitter_card":"summary_large_image","twitter_misc":{"Dur\u00e9e de lecture estim\u00e9e":"1 minute"},"schema":{"@context":"https:\/\/schema.org","@graph":[{"@type":"WebPage","@id":"https:\/\/tahiriluxuryservices.ma\/product\/ait-ben-haddou-kasbah-telouet-day-trip\/","url":"https:\/\/tahiriluxuryservices.ma\/product\/ait-ben-haddou-kasbah-telouet-day-trip\/","name":"Ait Ben Haddou & Kasbah Telouet Day Trip - Tahiri Luxury Services","isPartOf":{"@id":"https:\/\/tahiriluxuryservices.ma\/#website"},"primaryImageOfPage":{"@id":"https:\/\/tahiriluxuryservices.ma\/product\/ait-ben-haddou-kasbah-telouet-day-trip\/#primaryimage"},"image":{"@id":"https:\/\/tahiriluxuryservices.ma\/product\/ait-ben-haddou-kasbah-telouet-day-trip\/#primaryimage"},"thumbnailUrl":"https:\/\/i0.wp.com\/tahiriluxuryservices.ma\/wp-content\/uploads\/2023\/04\/Mazagan-El-Jadida.jpg?fit=1300%2C774&ssl=1","datePublished":"2024-12-17T18:15:44+00:00","dateModified":"2024-12-25T10:03:24+00:00","breadcrumb":{"@id":"https:\/\/tahiriluxuryservices.ma\/product\/ait-ben-haddou-kasbah-telouet-day-trip\/#breadcrumb"},"inLanguage":"fr-FR","potentialAction":[{"@type":"ReadAction","target":["https:\/\/tahiriluxuryservices.ma\/product\/ait-ben-haddou-kasbah-telouet-day-trip\/"]}]},{"@type":"ImageObject","inLanguage":"fr-FR","@id":"https:\/\/tahiriluxuryservices.ma\/product\/ait-ben-haddou-kasbah-telouet-day-trip\/#primaryimage","url":"https:\/\/i0.wp.com\/tahiriluxuryservices.ma\/wp-content\/uploads\/2023\/04\/Mazagan-El-Jadida.jpg?fit=1300%2C774&ssl=1","contentUrl":"https:\/\/i0.wp.com\/tahiriluxuryservices.ma\/wp-content\/uploads\/2023\/04\/Mazagan-El-Jadida.jpg?fit=1300%2C774&ssl=1","width":1300,"height":774},{"@type":"BreadcrumbList","@id":"https:\/\/tahiriluxuryservices.ma\/product\/ait-ben-haddou-kasbah-telouet-day-trip\/#breadcrumb","itemListElement":[{"@type":"ListItem","position":1,"name":"Accueil","item":"https:\/\/tahiriluxuryservices.ma\/"},{"@type":"ListItem","position":2,"name":"Shop","item":"https:\/\/tahiriluxuryservices.ma\/shop\/"},{"@type":"ListItem","position":3,"name":"Ait Ben Haddou &#038; Kasbah Telouet Day Trip"}]},{"@type":"WebSite","@id":"https:\/\/tahiriluxuryservices.ma\/#website","url":"https:\/\/tahiriluxuryservices.ma\/","name":"Tahiri Luxury Services","description":"Chauffeur priv\u00e9 de luxe Marrakech","potentialAction":[{"@type":"SearchAction","target":{"@type":"EntryPoint","urlTemplate":"https:\/\/tahiriluxuryservices.ma\/?s={search_term_string}"},"query-input":{"@type":"PropertyValueSpecification","valueRequired":true,"valueName":"search_term_string"}}],"inLanguage":"fr-FR"}]}},"jetpack_sharing_enabled":true,"_links":{"self":[{"href":"https:\/\/tahiriluxuryservices.ma\/fr_fr\/wp-json\/wp\/v2\/product\/8544","targetHints":{"allow":["GET"]}}],"collection":[{"href":"https:\/\/tahiriluxuryservices.ma\/fr_fr\/wp-json\/wp\/v2\/product"}],"about":[{"href":"https:\/\/tahiriluxuryservices.ma\/fr_fr\/wp-json\/wp\/v2\/types\/product"}],"replies":[{"embeddable":true,"href":"https:\/\/tahiriluxuryservices.ma\/fr_fr\/wp-json\/wp\/v2\/comments?post=8544"}],"version-history":[{"count":6,"href":"https:\/\/tahiriluxuryservices.ma\/fr_fr\/wp-json\/wp\/v2\/product\/8544\/revisions"}],"predecessor-version":[{"id":8914,"href":"https:\/\/tahiriluxuryservices.ma\/fr_fr\/wp-json\/wp\/v2\/product\/8544\/revisions\/8914"}],"wp:featuredmedia":[{"embeddable":true,"href":"https:\/\/tahiriluxuryservices.ma\/fr_fr\/wp-json\/wp\/v2\/media\/8515"}],"wp:attachment":[{"href":"https:\/\/tahiriluxuryservices.ma\/fr_fr\/wp-json\/wp\/v2\/media?parent=8544"}],"wp:term":[{"taxonomy":"product_brand","embeddable":true,"href":"https:\/\/tahiriluxuryservices.ma\/fr_fr\/wp-json\/wp\/v2\/product_brand?post=8544"},{"taxonomy":"product_cat","embeddable":true,"href":"https:\/\/tahiriluxuryservices.ma\/fr_fr\/wp-json\/wp\/v2\/product_cat?post=8544"},{"taxonomy":"product_tag","embeddable":true,"href":"https:\/\/tahiriluxuryservices.ma\/fr_fr\/wp-json\/wp\/v2\/product_tag?post=8544"}],"curies":[{"name":"wp","href":"https:\/\/api.w.org\/{rel}","templated":true}]}}