{"id":8553,"date":"2024-12-18T10:37:46","date_gmt":"2024-12-18T10:37:46","guid":{"rendered":"https:\/\/demo.tahiriluxuryservices.ma\/?post_type=product&#038;p=8553"},"modified":"2025-02-04T18:00:50","modified_gmt":"2025-02-04T18:00:50","slug":"ait-ben-haddou-kasbah-telouet-day-trip-2","status":"publish","type":"product","link":"https:\/\/tahiriluxuryservices.ma\/fr_fr\/product\/ait-ben-haddou-kasbah-telouet-day-trip-2\/","title":{"rendered":"Ait Ben Haddou &#038; Kasbah Telouet Day Trip"},"content":{"rendered":"<body>\t\t<div data-elementor-type=\"wp-post\" data-elementor-id=\"8553\" class=\"elementor elementor-8553\" data-elementor-post-type=\"product\">\n\t\t\t\t\t\t<section class=\"elementor-section elementor-top-section elementor-element elementor-element-e1a78c1 elementor-section-boxed elementor-section-height-default elementor-section-height-default\" data-id=\"e1a78c1\" data-element_type=\"section\" data-e-type=\"section\">\n\t\t\t\t\t\t<div class=\"elementor-container elementor-column-gap-default\">\n\t\t\t\t\t<div class=\"elementor-column elementor-col-50 elementor-top-column elementor-element elementor-element-28f7644\" data-id=\"28f7644\" data-element_type=\"column\" data-e-type=\"column\">\n\t\t\t<div class=\"elementor-widget-wrap elementor-element-populated\">\n\t\t\t\t\t\t<div class=\"elementor-element elementor-element-eef320c elementor-widget elementor-widget-text-editor\" data-id=\"eef320c\" data-element_type=\"widget\" data-e-type=\"widget\" data-widget_type=\"text-editor.default\">\n\t\t\t\t<div class=\"elementor-widget-container\">\n\t\t\t\t\t\t\t\t\t<p>Vivez une aventure authentique \u00e0 travers les paysages enchanteurs du Haut Atlas avec Tahiri Luxury Services. Lors de cette excursion exclusive, d\u00e9couvrez le l\u00e9gendaire village fortifi\u00e9 d\u2019A\u00eft Ben Haddou, class\u00e9 au patrimoine mondial de l\u2019UNESCO. Perdez-vous dans ses ruelles charg\u00e9es d\u2019histoire, o\u00f9 l\u2019architecture traditionnelle berb\u00e8re semble fig\u00e9e dans le temps. Avec ses apparitions dans des chefs-d\u2019\u0153uvre cin\u00e9matographiques, cette perle marocaine vous plonge dans une ambiance \u00e0 la fois historique et cin\u00e9matographique.<\/p>\t\t\t\t\t\t\t\t<\/div>\n\t\t\t\t<\/div>\n\t\t\t\t\t<\/div>\n\t\t<\/div>\n\t\t\t\t<div class=\"elementor-column elementor-col-50 elementor-top-column elementor-element elementor-element-fc8ee1c\" data-id=\"fc8ee1c\" data-element_type=\"column\" data-e-type=\"column\">\n\t\t\t<div class=\"elementor-widget-wrap elementor-element-populated\">\n\t\t\t\t\t\t<div class=\"elementor-element elementor-element-57ffef0 elementor-widget elementor-widget-text-editor\" data-id=\"57ffef0\" data-element_type=\"widget\" data-e-type=\"widget\" data-widget_type=\"text-editor.default\">\n\t\t\t\t<div class=\"elementor-widget-container\">\n\t\t\t\t\t\t\t\t\t<p>Poursuivez votre escapade avec la majestueuse Kasbah de Telouet, ancienne r\u00e9sidence des puissants seigneurs Glaoui. Derri\u00e8re ses murs imposants se cachent des salles d\u00e9cor\u00e9es de mosa\u00efques et des fresques t\u00e9moignant d\u2019un pass\u00e9 grandiose. Tout au long de cette journ\u00e9e, profitez d\u2019un trajet confortable en v\u00e9hicule de luxe et d\u2019un service personnalis\u00e9 pour une exp\u00e9rience sans \u00e9gal. Avec Tahiri Luxury Services, partez \u00e0 la d\u00e9couverte d\u2019un Maroc authentique, entre histoire, culture et paysages spectaculaires.<\/p>\t\t\t\t\t\t\t\t<\/div>\n\t\t\t\t<\/div>\n\t\t\t\t\t<\/div>\n\t\t<\/div>\n\t\t\t\t\t<\/div>\n\t\t<\/section>\n\t\t\t\t<\/div>\n\t\t<\/body>","protected":false},"excerpt":{"rendered":"<p>Partez \u00e0 la d\u00e9couverte des merveilles du Maroc avec une excursion exclusive \u00e0 A\u00eft Ben Haddou et la Kasbah de Telouet, organis\u00e9e par Tahiri Luxury Services. Traversez les majestueuses montagnes de l\u2019Atlas dans le confort de nos v\u00e9hicules de luxe et laissez-vous \u00e9merveiller par les paysages spectaculaires qui jalonnent votre parcours. Class\u00e9 au patrimoine mondial de l\u2019UNESCO, A\u00eft Ben Haddou vous invite \u00e0 explorer son architecture fascinante, c\u00e9l\u00e8bre pour ses apparitions dans des films cultes. La Kasbah de Telouet, ancienne r\u00e9sidence des puissants Glaoui, vous d\u00e9voilera ses secrets \u00e0 travers ses fresques orn\u00e9es et son histoire captivante. Avec une organisation minutieuse et une attention \u00e0 chaque d\u00e9tail, cette journ\u00e9e devient bien plus qu\u2019une simple visite : une immersion authentique dans l\u2019histoire et la beaut\u00e9 du Maroc.<\/p>\n","protected":false},"featured_media":8578,"comment_status":"closed","ping_status":"closed","template":"","meta":{"om_disable_all_campaigns":false},"product_brand":[],"product_cat":[86,87],"product_tag":[39,50],"class_list":{"0":"post-8553","1":"product","2":"type-product","3":"status-publish","4":"has-post-thumbnail","6":"product_cat-conciergerie","7":"product_cat-excursions","8":"product_tag-car","9":"product_tag-luxorius","11":"first","12":"instock","13":"shipping-taxable","14":"product-type-simple"},"yoast_head":"<!-- This site is optimized with the Yoast SEO plugin v27.3 - https:\/\/yoast.com\/product\/yoast-seo-wordpress\/ -->\n<title>Ait Ben Haddou &amp; Kasbah Telouet Day Trip - Tahiri Luxury Services<\/title>\n<meta name=\"robots\" content=\"index, follow, max-snippet:-1, max-image-preview:large, max-video-preview:-1\" \/>\n<link rel=\"canonical\" href=\"https:\/\/tahiriluxuryservices.ma\/fr_fr\/product\/ait-ben-haddou-kasbah-telouet-day-trip-2\/\" \/>\n<meta property=\"og:locale\" content=\"fr_FR\" \/>\n<meta property=\"og:type\" content=\"article\" \/>\n<meta property=\"og:title\" content=\"Ait Ben Haddou &amp; Kasbah Telouet Day Trip - Tahiri Luxury Services\" \/>\n<meta property=\"og:description\" content=\"Partez \u00e0 la d\u00e9couverte des merveilles du Maroc avec une excursion exclusive \u00e0 A\u00eft Ben Haddou et la Kasbah de Telouet, organis\u00e9e par Tahiri Luxury Services. Traversez les majestueuses montagnes de l\u2019Atlas dans le confort de nos v\u00e9hicules de luxe et laissez-vous \u00e9merveiller par les paysages spectaculaires qui jalonnent votre parcours. Class\u00e9 au patrimoine mondial de l\u2019UNESCO, A\u00eft Ben Haddou vous invite \u00e0 explorer son architecture fascinante, c\u00e9l\u00e8bre pour ses apparitions dans des films cultes. La Kasbah de Telouet, ancienne r\u00e9sidence des puissants Glaoui, vous d\u00e9voilera ses secrets \u00e0 travers ses fresques orn\u00e9es et son histoire captivante. Avec une organisation minutieuse et une attention \u00e0 chaque d\u00e9tail, cette journ\u00e9e devient bien plus qu\u2019une simple visite : une immersion authentique dans l\u2019histoire et la beaut\u00e9 du Maroc.\" \/>\n<meta property=\"og:url\" content=\"https:\/\/tahiriluxuryservices.ma\/fr_fr\/product\/ait-ben-haddou-kasbah-telouet-day-trip-2\/\" \/>\n<meta property=\"og:site_name\" content=\"Tahiri Luxury Services\" \/>\n<meta property=\"article:modified_time\" content=\"2025-02-04T18:00:50+00:00\" \/>\n<meta property=\"og:image\" content=\"https:\/\/tahiriluxuryservices.ma\/wp-content\/uploads\/2024\/12\/ait-ben-hadou-kasbah.jpg\" \/>\n\t<meta property=\"og:image:width\" content=\"1300\" \/>\n\t<meta property=\"og:image:height\" content=\"774\" \/>\n\t<meta property=\"og:image:type\" content=\"image\/jpeg\" \/>\n<meta name=\"twitter:card\" content=\"summary_large_image\" \/>\n<meta name=\"twitter:label1\" content=\"Dur\u00e9e de lecture estim\u00e9e\" \/>\n\t<meta name=\"twitter:data1\" content=\"1 minute\" \/>\n<script type=\"application\/ld+json\" class=\"yoast-schema-graph\">{\"@context\":\"https:\\\/\\\/schema.org\",\"@graph\":[{\"@type\":\"WebPage\",\"@id\":\"https:\\\/\\\/tahiriluxuryservices.ma\\\/product\\\/ait-ben-haddou-kasbah-telouet-day-trip-2\\\/\",\"url\":\"https:\\\/\\\/tahiriluxuryservices.ma\\\/product\\\/ait-ben-haddou-kasbah-telouet-day-trip-2\\\/\",\"name\":\"Ait Ben Haddou & Kasbah Telouet Day Trip - Tahiri Luxury Services\",\"isPartOf\":{\"@id\":\"https:\\\/\\\/tahiriluxuryservices.ma\\\/#website\"},\"primaryImageOfPage\":{\"@id\":\"https:\\\/\\\/tahiriluxuryservices.ma\\\/product\\\/ait-ben-haddou-kasbah-telouet-day-trip-2\\\/#primaryimage\"},\"image\":{\"@id\":\"https:\\\/\\\/tahiriluxuryservices.ma\\\/product\\\/ait-ben-haddou-kasbah-telouet-day-trip-2\\\/#primaryimage\"},\"thumbnailUrl\":\"https:\\\/\\\/i0.wp.com\\\/tahiriluxuryservices.ma\\\/wp-content\\\/uploads\\\/2024\\\/12\\\/ait-ben-hadou-kasbah.jpg?fit=1300%2C774&ssl=1\",\"datePublished\":\"2024-12-18T10:37:46+00:00\",\"dateModified\":\"2025-02-04T18:00:50+00:00\",\"breadcrumb\":{\"@id\":\"https:\\\/\\\/tahiriluxuryservices.ma\\\/product\\\/ait-ben-haddou-kasbah-telouet-day-trip-2\\\/#breadcrumb\"},\"inLanguage\":\"fr-FR\",\"potentialAction\":[{\"@type\":\"ReadAction\",\"target\":[\"https:\\\/\\\/tahiriluxuryservices.ma\\\/product\\\/ait-ben-haddou-kasbah-telouet-day-trip-2\\\/\"]}]},{\"@type\":\"ImageObject\",\"inLanguage\":\"fr-FR\",\"@id\":\"https:\\\/\\\/tahiriluxuryservices.ma\\\/product\\\/ait-ben-haddou-kasbah-telouet-day-trip-2\\\/#primaryimage\",\"url\":\"https:\\\/\\\/i0.wp.com\\\/tahiriluxuryservices.ma\\\/wp-content\\\/uploads\\\/2024\\\/12\\\/ait-ben-hadou-kasbah.jpg?fit=1300%2C774&ssl=1\",\"contentUrl\":\"https:\\\/\\\/i0.wp.com\\\/tahiriluxuryservices.ma\\\/wp-content\\\/uploads\\\/2024\\\/12\\\/ait-ben-hadou-kasbah.jpg?fit=1300%2C774&ssl=1\",\"width\":1300,\"height\":774},{\"@type\":\"BreadcrumbList\",\"@id\":\"https:\\\/\\\/tahiriluxuryservices.ma\\\/product\\\/ait-ben-haddou-kasbah-telouet-day-trip-2\\\/#breadcrumb\",\"itemListElement\":[{\"@type\":\"ListItem\",\"position\":1,\"name\":\"Accueil\",\"item\":\"https:\\\/\\\/tahiriluxuryservices.ma\\\/\"},{\"@type\":\"ListItem\",\"position\":2,\"name\":\"Shop\",\"item\":\"https:\\\/\\\/tahiriluxuryservices.ma\\\/shop\\\/\"},{\"@type\":\"ListItem\",\"position\":3,\"name\":\"Ait Ben Haddou &#038; Kasbah Telouet Day Trip\"}]},{\"@type\":\"WebSite\",\"@id\":\"https:\\\/\\\/tahiriluxuryservices.ma\\\/#website\",\"url\":\"https:\\\/\\\/tahiriluxuryservices.ma\\\/\",\"name\":\"Tahiri Luxury Services\",\"description\":\"Chauffeur priv\u00e9 de luxe Marrakech\",\"potentialAction\":[{\"@type\":\"SearchAction\",\"target\":{\"@type\":\"EntryPoint\",\"urlTemplate\":\"https:\\\/\\\/tahiriluxuryservices.ma\\\/?s={search_term_string}\"},\"query-input\":{\"@type\":\"PropertyValueSpecification\",\"valueRequired\":true,\"valueName\":\"search_term_string\"}}],\"inLanguage\":\"fr-FR\"}]}<\/script>\n<!-- \/ Yoast SEO plugin. -->","yoast_head_json":{"title":"Ait Ben Haddou & Kasbah Telouet Day Trip - Tahiri Luxury Services","robots":{"index":"index","follow":"follow","max-snippet":"max-snippet:-1","max-image-preview":"max-image-preview:large","max-video-preview":"max-video-preview:-1"},"canonical":"https:\/\/tahiriluxuryservices.ma\/fr_fr\/product\/ait-ben-haddou-kasbah-telouet-day-trip-2\/","og_locale":"fr_FR","og_type":"article","og_title":"Ait Ben Haddou & Kasbah Telouet Day Trip - Tahiri Luxury Services","og_description":"Partez \u00e0 la d\u00e9couverte des merveilles du Maroc avec une excursion exclusive \u00e0 A\u00eft Ben Haddou et la Kasbah de Telouet, organis\u00e9e par Tahiri Luxury Services. Traversez les majestueuses montagnes de l\u2019Atlas dans le confort de nos v\u00e9hicules de luxe et laissez-vous \u00e9merveiller par les paysages spectaculaires qui jalonnent votre parcours. Class\u00e9 au patrimoine mondial de l\u2019UNESCO, A\u00eft Ben Haddou vous invite \u00e0 explorer son architecture fascinante, c\u00e9l\u00e8bre pour ses apparitions dans des films cultes. La Kasbah de Telouet, ancienne r\u00e9sidence des puissants Glaoui, vous d\u00e9voilera ses secrets \u00e0 travers ses fresques orn\u00e9es et son histoire captivante. Avec une organisation minutieuse et une attention \u00e0 chaque d\u00e9tail, cette journ\u00e9e devient bien plus qu\u2019une simple visite : une immersion authentique dans l\u2019histoire et la beaut\u00e9 du Maroc.","og_url":"https:\/\/tahiriluxuryservices.ma\/fr_fr\/product\/ait-ben-haddou-kasbah-telouet-day-trip-2\/","og_site_name":"Tahiri Luxury Services","article_modified_time":"2025-02-04T18:00:50+00:00","og_image":[{"width":1300,"height":774,"url":"https:\/\/tahiriluxuryservices.ma\/wp-content\/uploads\/2024\/12\/ait-ben-hadou-kasbah.jpg","type":"image\/jpeg"}],"twitter_card":"summary_large_image","twitter_misc":{"Dur\u00e9e de lecture estim\u00e9e":"1 minute"},"schema":{"@context":"https:\/\/schema.org","@graph":[{"@type":"WebPage","@id":"https:\/\/tahiriluxuryservices.ma\/product\/ait-ben-haddou-kasbah-telouet-day-trip-2\/","url":"https:\/\/tahiriluxuryservices.ma\/product\/ait-ben-haddou-kasbah-telouet-day-trip-2\/","name":"Ait Ben Haddou & Kasbah Telouet Day Trip - Tahiri Luxury Services","isPartOf":{"@id":"https:\/\/tahiriluxuryservices.ma\/#website"},"primaryImageOfPage":{"@id":"https:\/\/tahiriluxuryservices.ma\/product\/ait-ben-haddou-kasbah-telouet-day-trip-2\/#primaryimage"},"image":{"@id":"https:\/\/tahiriluxuryservices.ma\/product\/ait-ben-haddou-kasbah-telouet-day-trip-2\/#primaryimage"},"thumbnailUrl":"https:\/\/i0.wp.com\/tahiriluxuryservices.ma\/wp-content\/uploads\/2024\/12\/ait-ben-hadou-kasbah.jpg?fit=1300%2C774&ssl=1","datePublished":"2024-12-18T10:37:46+00:00","dateModified":"2025-02-04T18:00:50+00:00","breadcrumb":{"@id":"https:\/\/tahiriluxuryservices.ma\/product\/ait-ben-haddou-kasbah-telouet-day-trip-2\/#breadcrumb"},"inLanguage":"fr-FR","potentialAction":[{"@type":"ReadAction","target":["https:\/\/tahiriluxuryservices.ma\/product\/ait-ben-haddou-kasbah-telouet-day-trip-2\/"]}]},{"@type":"ImageObject","inLanguage":"fr-FR","@id":"https:\/\/tahiriluxuryservices.ma\/product\/ait-ben-haddou-kasbah-telouet-day-trip-2\/#primaryimage","url":"https:\/\/i0.wp.com\/tahiriluxuryservices.ma\/wp-content\/uploads\/2024\/12\/ait-ben-hadou-kasbah.jpg?fit=1300%2C774&ssl=1","contentUrl":"https:\/\/i0.wp.com\/tahiriluxuryservices.ma\/wp-content\/uploads\/2024\/12\/ait-ben-hadou-kasbah.jpg?fit=1300%2C774&ssl=1","width":1300,"height":774},{"@type":"BreadcrumbList","@id":"https:\/\/tahiriluxuryservices.ma\/product\/ait-ben-haddou-kasbah-telouet-day-trip-2\/#breadcrumb","itemListElement":[{"@type":"ListItem","position":1,"name":"Accueil","item":"https:\/\/tahiriluxuryservices.ma\/"},{"@type":"ListItem","position":2,"name":"Shop","item":"https:\/\/tahiriluxuryservices.ma\/shop\/"},{"@type":"ListItem","position":3,"name":"Ait Ben Haddou &#038; Kasbah Telouet Day Trip"}]},{"@type":"WebSite","@id":"https:\/\/tahiriluxuryservices.ma\/#website","url":"https:\/\/tahiriluxuryservices.ma\/","name":"Tahiri Luxury Services","description":"Chauffeur priv\u00e9 de luxe Marrakech","potentialAction":[{"@type":"SearchAction","target":{"@type":"EntryPoint","urlTemplate":"https:\/\/tahiriluxuryservices.ma\/?s={search_term_string}"},"query-input":{"@type":"PropertyValueSpecification","valueRequired":true,"valueName":"search_term_string"}}],"inLanguage":"fr-FR"}]}},"jetpack_sharing_enabled":true,"_links":{"self":[{"href":"https:\/\/tahiriluxuryservices.ma\/fr_fr\/wp-json\/wp\/v2\/product\/8553","targetHints":{"allow":["GET"]}}],"collection":[{"href":"https:\/\/tahiriluxuryservices.ma\/fr_fr\/wp-json\/wp\/v2\/product"}],"about":[{"href":"https:\/\/tahiriluxuryservices.ma\/fr_fr\/wp-json\/wp\/v2\/types\/product"}],"replies":[{"embeddable":true,"href":"https:\/\/tahiriluxuryservices.ma\/fr_fr\/wp-json\/wp\/v2\/comments?post=8553"}],"version-history":[{"count":5,"href":"https:\/\/tahiriluxuryservices.ma\/fr_fr\/wp-json\/wp\/v2\/product\/8553\/revisions"}],"predecessor-version":[{"id":9088,"href":"https:\/\/tahiriluxuryservices.ma\/fr_fr\/wp-json\/wp\/v2\/product\/8553\/revisions\/9088"}],"wp:featuredmedia":[{"embeddable":true,"href":"https:\/\/tahiriluxuryservices.ma\/fr_fr\/wp-json\/wp\/v2\/media\/8578"}],"wp:attachment":[{"href":"https:\/\/tahiriluxuryservices.ma\/fr_fr\/wp-json\/wp\/v2\/media?parent=8553"}],"wp:term":[{"taxonomy":"product_brand","embeddable":true,"href":"https:\/\/tahiriluxuryservices.ma\/fr_fr\/wp-json\/wp\/v2\/product_brand?post=8553"},{"taxonomy":"product_cat","embeddable":true,"href":"https:\/\/tahiriluxuryservices.ma\/fr_fr\/wp-json\/wp\/v2\/product_cat?post=8553"},{"taxonomy":"product_tag","embeddable":true,"href":"https:\/\/tahiriluxuryservices.ma\/fr_fr\/wp-json\/wp\/v2\/product_tag?post=8553"}],"curies":[{"name":"wp","href":"https:\/\/api.w.org\/{rel}","templated":true}]}}