{"id":8558,"date":"2024-12-17T18:29:25","date_gmt":"2024-12-17T18:29:25","guid":{"rendered":"https:\/\/demo.tahiriluxuryservices.ma\/?post_type=product&#038;p=8558"},"modified":"2025-02-04T19:34:06","modified_gmt":"2025-02-04T19:34:06","slug":"quad-et-buggy","status":"publish","type":"product","link":"https:\/\/tahiriluxuryservices.ma\/fr_fr\/product\/quad-et-buggy\/","title":{"rendered":"Quad et buggy"},"content":{"rendered":"<body>\t\t<div data-elementor-type=\"wp-post\" data-elementor-id=\"8558\" class=\"elementor elementor-8558\" data-elementor-post-type=\"product\">\n\t\t\t\t\t\t<section class=\"elementor-section elementor-top-section elementor-element elementor-element-e1a78c1 elementor-section-boxed elementor-section-height-default elementor-section-height-default\" data-id=\"e1a78c1\" data-element_type=\"section\" data-e-type=\"section\">\n\t\t\t\t\t\t<div class=\"elementor-container elementor-column-gap-default\">\n\t\t\t\t\t<div class=\"elementor-column elementor-col-50 elementor-top-column elementor-element elementor-element-28f7644\" data-id=\"28f7644\" data-element_type=\"column\" data-e-type=\"column\">\n\t\t\t<div class=\"elementor-widget-wrap elementor-element-populated\">\n\t\t\t\t\t\t<div class=\"elementor-element elementor-element-eef320c elementor-widget elementor-widget-text-editor\" data-id=\"eef320c\" data-element_type=\"widget\" data-e-type=\"widget\" data-widget_type=\"text-editor.default\">\n\t\t\t\t<div class=\"elementor-widget-container\">\n\t\t\t\t\t\t\t\t\t<p>Le Maroc offre des paysages \u00e9poustouflants, parfaits pour une aventure palpitante en quad ou en buggy, et avec Tahiri Luxury Services, nous vous emmenons au c\u0153ur de cette exp\u00e9rience unique. Explorez les vastes dunes du d\u00e9sert d\u2019Agafay ou du Sahara, traversez les paysages arides des montagnes de l\u2019Atlas ou d\u00e9couvrez des terrains inaccessibles lors d\u2019une aventure 100% adr\u00e9naline. Nos v\u00e9hicules de luxe vous assurent un confort optimal avant et apr\u00e8s vos escapades, pour que vous puissiez pleinement profiter de chaque instant. Que vous soyez un passionn\u00e9 de sports m\u00e9caniques ou simplement \u00e0 la recherche d\u2019une exp\u00e9rience inoubliable, nous vous garantissons une aventure sur mesure qui r\u00e9pond \u00e0 vos attentes.<\/p>\t\t\t\t\t\t\t\t<\/div>\n\t\t\t\t<\/div>\n\t\t\t\t\t<\/div>\n\t\t<\/div>\n\t\t\t\t<div class=\"elementor-column elementor-col-50 elementor-top-column elementor-element elementor-element-fc8ee1c\" data-id=\"fc8ee1c\" data-element_type=\"column\" data-e-type=\"column\">\n\t\t\t<div class=\"elementor-widget-wrap elementor-element-populated\">\n\t\t\t\t\t\t<div class=\"elementor-element elementor-element-57ffef0 elementor-widget elementor-widget-text-editor\" data-id=\"57ffef0\" data-element_type=\"widget\" data-e-type=\"widget\" data-widget_type=\"text-editor.default\">\n\t\t\t\t<div class=\"elementor-widget-container\">\n\t\t\t\t\t\t\t\t\t<p>Le Maroc offre des paysages \u00e9poustouflants, parfaits pour une aventure palpitante en quad ou en buggy, et avec Tahiri Luxury Services, nous vous emmenons au c\u0153ur de cette exp\u00e9rience unique. Explorez les vastes dunes du d\u00e9sert d\u2019Agafay ou du Sahara, traversez les paysages arides des montagnes de l\u2019Atlas ou d\u00e9couvrez des terrains inaccessibles lors d\u2019une aventure 100% adr\u00e9naline. Nos v\u00e9hicules de luxe vous assurent un confort optimal avant et apr\u00e8s vos escapades, pour que vous puissiez pleinement profiter de chaque instant. Que vous soyez un passionn\u00e9 de sports m\u00e9caniques ou simplement \u00e0 la recherche d\u2019une exp\u00e9rience inoubliable, nous vous garantissons une aventure sur mesure qui r\u00e9pond \u00e0 vos attentes.<\/p>\t\t\t\t\t\t\t\t<\/div>\n\t\t\t\t<\/div>\n\t\t\t\t\t<\/div>\n\t\t<\/div>\n\t\t\t\t\t<\/div>\n\t\t<\/section>\n\t\t\t\t<\/div>\n\t\t<\/body>","protected":false},"excerpt":{"rendered":"<p>Plongez dans une aventure palpitante au c\u0153ur du d\u00e9sert marocain avec Tahiri Luxury Services, qui vous propose des exp\u00e9riences inoubliables en quad et buggy. Explorez les paysages spectaculaires de Marrakech et de ses environs dans le confort et la s\u00e9curit\u00e9 d\u2019un transport de luxe, tout en ressentant les sensations fortes de la conduite tout-terrain.<\/p>\n<p>Que vous souhaitiez parcourir les dunes dor\u00e9es du d\u00e9sert ou les montagnes de l&#8217;Atlas, nos chauffeurs professionnels vous transporteront vers les points de d\u00e9part de ces excursions, vous permettant de profiter pleinement de chaque moment. Nos quads et buggys sont con\u00e7us pour offrir une exp\u00e9rience agr\u00e9able, tandis que nos v\u00e9hicules de transport haut de gamme assurent votre confort tout au long de l\u2019excursion. Avec Tahiri Luxury Services, pr\u00e9parez-vous \u00e0 une aventure excitante, alliant luxe et sensations fortes dans un cadre exceptionnel.<\/p>\n","protected":false},"featured_media":8634,"comment_status":"closed","ping_status":"closed","template":"","meta":{"om_disable_all_campaigns":false},"product_brand":[],"product_cat":[89,86],"product_tag":[39,50],"class_list":{"0":"post-8558","1":"product","2":"type-product","3":"status-publish","4":"has-post-thumbnail","6":"product_cat-activites","7":"product_cat-conciergerie","8":"product_tag-car","9":"product_tag-luxorius","11":"first","12":"instock","13":"shipping-taxable","14":"product-type-simple"},"yoast_head":"<!-- This site is optimized with the Yoast SEO plugin v27.3 - https:\/\/yoast.com\/product\/yoast-seo-wordpress\/ -->\n<title>Quad et buggy - Tahiri Luxury Services<\/title>\n<meta name=\"robots\" content=\"index, follow, max-snippet:-1, max-image-preview:large, max-video-preview:-1\" \/>\n<link rel=\"canonical\" href=\"https:\/\/tahiriluxuryservices.ma\/fr_fr\/product\/quad-et-buggy\/\" \/>\n<meta property=\"og:locale\" content=\"fr_FR\" \/>\n<meta property=\"og:type\" content=\"article\" \/>\n<meta property=\"og:title\" content=\"Quad et buggy - Tahiri Luxury Services\" \/>\n<meta property=\"og:description\" content=\"Plongez dans une aventure palpitante au c\u0153ur du d\u00e9sert marocain avec Tahiri Luxury Services, qui vous propose des exp\u00e9riences inoubliables en quad et buggy. Explorez les paysages spectaculaires de Marrakech et de ses environs dans le confort et la s\u00e9curit\u00e9 d\u2019un transport de luxe, tout en ressentant les sensations fortes de la conduite tout-terrain.  Que vous souhaitiez parcourir les dunes dor\u00e9es du d\u00e9sert ou les montagnes de l&#039;Atlas, nos chauffeurs professionnels vous transporteront vers les points de d\u00e9part de ces excursions, vous permettant de profiter pleinement de chaque moment. Nos quads et buggys sont con\u00e7us pour offrir une exp\u00e9rience agr\u00e9able, tandis que nos v\u00e9hicules de transport haut de gamme assurent votre confort tout au long de l\u2019excursion. Avec Tahiri Luxury Services, pr\u00e9parez-vous \u00e0 une aventure excitante, alliant luxe et sensations fortes dans un cadre exceptionnel.\" \/>\n<meta property=\"og:url\" content=\"https:\/\/tahiriluxuryservices.ma\/fr_fr\/product\/quad-et-buggy\/\" \/>\n<meta property=\"og:site_name\" content=\"Tahiri Luxury Services\" \/>\n<meta property=\"article:modified_time\" content=\"2025-02-04T19:34:06+00:00\" \/>\n<meta property=\"og:image\" content=\"https:\/\/tahiriluxuryservices.ma\/wp-content\/uploads\/2024\/12\/Quad-et-buggy-1.jpg\" \/>\n\t<meta property=\"og:image:width\" content=\"1300\" \/>\n\t<meta property=\"og:image:height\" content=\"774\" \/>\n\t<meta property=\"og:image:type\" content=\"image\/jpeg\" \/>\n<meta name=\"twitter:card\" content=\"summary_large_image\" \/>\n<meta name=\"twitter:label1\" content=\"Dur\u00e9e de lecture estim\u00e9e\" \/>\n\t<meta name=\"twitter:data1\" content=\"1 minute\" \/>\n<script type=\"application\/ld+json\" class=\"yoast-schema-graph\">{\"@context\":\"https:\\\/\\\/schema.org\",\"@graph\":[{\"@type\":\"WebPage\",\"@id\":\"https:\\\/\\\/tahiriluxuryservices.ma\\\/product\\\/quad-et-buggy\\\/\",\"url\":\"https:\\\/\\\/tahiriluxuryservices.ma\\\/product\\\/quad-et-buggy\\\/\",\"name\":\"Quad et buggy - Tahiri Luxury Services\",\"isPartOf\":{\"@id\":\"https:\\\/\\\/tahiriluxuryservices.ma\\\/#website\"},\"primaryImageOfPage\":{\"@id\":\"https:\\\/\\\/tahiriluxuryservices.ma\\\/product\\\/quad-et-buggy\\\/#primaryimage\"},\"image\":{\"@id\":\"https:\\\/\\\/tahiriluxuryservices.ma\\\/product\\\/quad-et-buggy\\\/#primaryimage\"},\"thumbnailUrl\":\"https:\\\/\\\/i0.wp.com\\\/tahiriluxuryservices.ma\\\/wp-content\\\/uploads\\\/2024\\\/12\\\/Quad-et-buggy-1.jpg?fit=1300%2C774&ssl=1\",\"datePublished\":\"2024-12-17T18:29:25+00:00\",\"dateModified\":\"2025-02-04T19:34:06+00:00\",\"breadcrumb\":{\"@id\":\"https:\\\/\\\/tahiriluxuryservices.ma\\\/product\\\/quad-et-buggy\\\/#breadcrumb\"},\"inLanguage\":\"fr-FR\",\"potentialAction\":[{\"@type\":\"ReadAction\",\"target\":[\"https:\\\/\\\/tahiriluxuryservices.ma\\\/product\\\/quad-et-buggy\\\/\"]}]},{\"@type\":\"ImageObject\",\"inLanguage\":\"fr-FR\",\"@id\":\"https:\\\/\\\/tahiriluxuryservices.ma\\\/product\\\/quad-et-buggy\\\/#primaryimage\",\"url\":\"https:\\\/\\\/i0.wp.com\\\/tahiriluxuryservices.ma\\\/wp-content\\\/uploads\\\/2024\\\/12\\\/Quad-et-buggy-1.jpg?fit=1300%2C774&ssl=1\",\"contentUrl\":\"https:\\\/\\\/i0.wp.com\\\/tahiriluxuryservices.ma\\\/wp-content\\\/uploads\\\/2024\\\/12\\\/Quad-et-buggy-1.jpg?fit=1300%2C774&ssl=1\",\"width\":1300,\"height\":774},{\"@type\":\"BreadcrumbList\",\"@id\":\"https:\\\/\\\/tahiriluxuryservices.ma\\\/product\\\/quad-et-buggy\\\/#breadcrumb\",\"itemListElement\":[{\"@type\":\"ListItem\",\"position\":1,\"name\":\"Accueil\",\"item\":\"https:\\\/\\\/tahiriluxuryservices.ma\\\/\"},{\"@type\":\"ListItem\",\"position\":2,\"name\":\"Shop\",\"item\":\"https:\\\/\\\/tahiriluxuryservices.ma\\\/shop\\\/\"},{\"@type\":\"ListItem\",\"position\":3,\"name\":\"Quad et buggy\"}]},{\"@type\":\"WebSite\",\"@id\":\"https:\\\/\\\/tahiriluxuryservices.ma\\\/#website\",\"url\":\"https:\\\/\\\/tahiriluxuryservices.ma\\\/\",\"name\":\"Tahiri Luxury Services\",\"description\":\"Chauffeur priv\u00e9 de luxe Marrakech\",\"potentialAction\":[{\"@type\":\"SearchAction\",\"target\":{\"@type\":\"EntryPoint\",\"urlTemplate\":\"https:\\\/\\\/tahiriluxuryservices.ma\\\/?s={search_term_string}\"},\"query-input\":{\"@type\":\"PropertyValueSpecification\",\"valueRequired\":true,\"valueName\":\"search_term_string\"}}],\"inLanguage\":\"fr-FR\"}]}<\/script>\n<!-- \/ Yoast SEO plugin. -->","yoast_head_json":{"title":"Quad et buggy - Tahiri Luxury Services","robots":{"index":"index","follow":"follow","max-snippet":"max-snippet:-1","max-image-preview":"max-image-preview:large","max-video-preview":"max-video-preview:-1"},"canonical":"https:\/\/tahiriluxuryservices.ma\/fr_fr\/product\/quad-et-buggy\/","og_locale":"fr_FR","og_type":"article","og_title":"Quad et buggy - Tahiri Luxury Services","og_description":"Plongez dans une aventure palpitante au c\u0153ur du d\u00e9sert marocain avec Tahiri Luxury Services, qui vous propose des exp\u00e9riences inoubliables en quad et buggy. Explorez les paysages spectaculaires de Marrakech et de ses environs dans le confort et la s\u00e9curit\u00e9 d\u2019un transport de luxe, tout en ressentant les sensations fortes de la conduite tout-terrain.  Que vous souhaitiez parcourir les dunes dor\u00e9es du d\u00e9sert ou les montagnes de l'Atlas, nos chauffeurs professionnels vous transporteront vers les points de d\u00e9part de ces excursions, vous permettant de profiter pleinement de chaque moment. Nos quads et buggys sont con\u00e7us pour offrir une exp\u00e9rience agr\u00e9able, tandis que nos v\u00e9hicules de transport haut de gamme assurent votre confort tout au long de l\u2019excursion. Avec Tahiri Luxury Services, pr\u00e9parez-vous \u00e0 une aventure excitante, alliant luxe et sensations fortes dans un cadre exceptionnel.","og_url":"https:\/\/tahiriluxuryservices.ma\/fr_fr\/product\/quad-et-buggy\/","og_site_name":"Tahiri Luxury Services","article_modified_time":"2025-02-04T19:34:06+00:00","og_image":[{"width":1300,"height":774,"url":"https:\/\/tahiriluxuryservices.ma\/wp-content\/uploads\/2024\/12\/Quad-et-buggy-1.jpg","type":"image\/jpeg"}],"twitter_card":"summary_large_image","twitter_misc":{"Dur\u00e9e de lecture estim\u00e9e":"1 minute"},"schema":{"@context":"https:\/\/schema.org","@graph":[{"@type":"WebPage","@id":"https:\/\/tahiriluxuryservices.ma\/product\/quad-et-buggy\/","url":"https:\/\/tahiriluxuryservices.ma\/product\/quad-et-buggy\/","name":"Quad et buggy - Tahiri Luxury Services","isPartOf":{"@id":"https:\/\/tahiriluxuryservices.ma\/#website"},"primaryImageOfPage":{"@id":"https:\/\/tahiriluxuryservices.ma\/product\/quad-et-buggy\/#primaryimage"},"image":{"@id":"https:\/\/tahiriluxuryservices.ma\/product\/quad-et-buggy\/#primaryimage"},"thumbnailUrl":"https:\/\/i0.wp.com\/tahiriluxuryservices.ma\/wp-content\/uploads\/2024\/12\/Quad-et-buggy-1.jpg?fit=1300%2C774&ssl=1","datePublished":"2024-12-17T18:29:25+00:00","dateModified":"2025-02-04T19:34:06+00:00","breadcrumb":{"@id":"https:\/\/tahiriluxuryservices.ma\/product\/quad-et-buggy\/#breadcrumb"},"inLanguage":"fr-FR","potentialAction":[{"@type":"ReadAction","target":["https:\/\/tahiriluxuryservices.ma\/product\/quad-et-buggy\/"]}]},{"@type":"ImageObject","inLanguage":"fr-FR","@id":"https:\/\/tahiriluxuryservices.ma\/product\/quad-et-buggy\/#primaryimage","url":"https:\/\/i0.wp.com\/tahiriluxuryservices.ma\/wp-content\/uploads\/2024\/12\/Quad-et-buggy-1.jpg?fit=1300%2C774&ssl=1","contentUrl":"https:\/\/i0.wp.com\/tahiriluxuryservices.ma\/wp-content\/uploads\/2024\/12\/Quad-et-buggy-1.jpg?fit=1300%2C774&ssl=1","width":1300,"height":774},{"@type":"BreadcrumbList","@id":"https:\/\/tahiriluxuryservices.ma\/product\/quad-et-buggy\/#breadcrumb","itemListElement":[{"@type":"ListItem","position":1,"name":"Accueil","item":"https:\/\/tahiriluxuryservices.ma\/"},{"@type":"ListItem","position":2,"name":"Shop","item":"https:\/\/tahiriluxuryservices.ma\/shop\/"},{"@type":"ListItem","position":3,"name":"Quad et buggy"}]},{"@type":"WebSite","@id":"https:\/\/tahiriluxuryservices.ma\/#website","url":"https:\/\/tahiriluxuryservices.ma\/","name":"Tahiri Luxury Services","description":"Chauffeur priv\u00e9 de luxe Marrakech","potentialAction":[{"@type":"SearchAction","target":{"@type":"EntryPoint","urlTemplate":"https:\/\/tahiriluxuryservices.ma\/?s={search_term_string}"},"query-input":{"@type":"PropertyValueSpecification","valueRequired":true,"valueName":"search_term_string"}}],"inLanguage":"fr-FR"}]}},"jetpack_sharing_enabled":true,"_links":{"self":[{"href":"https:\/\/tahiriluxuryservices.ma\/fr_fr\/wp-json\/wp\/v2\/product\/8558","targetHints":{"allow":["GET"]}}],"collection":[{"href":"https:\/\/tahiriluxuryservices.ma\/fr_fr\/wp-json\/wp\/v2\/product"}],"about":[{"href":"https:\/\/tahiriluxuryservices.ma\/fr_fr\/wp-json\/wp\/v2\/types\/product"}],"replies":[{"embeddable":true,"href":"https:\/\/tahiriluxuryservices.ma\/fr_fr\/wp-json\/wp\/v2\/comments?post=8558"}],"version-history":[{"count":5,"href":"https:\/\/tahiriluxuryservices.ma\/fr_fr\/wp-json\/wp\/v2\/product\/8558\/revisions"}],"predecessor-version":[{"id":9138,"href":"https:\/\/tahiriluxuryservices.ma\/fr_fr\/wp-json\/wp\/v2\/product\/8558\/revisions\/9138"}],"wp:featuredmedia":[{"embeddable":true,"href":"https:\/\/tahiriluxuryservices.ma\/fr_fr\/wp-json\/wp\/v2\/media\/8634"}],"wp:attachment":[{"href":"https:\/\/tahiriluxuryservices.ma\/fr_fr\/wp-json\/wp\/v2\/media?parent=8558"}],"wp:term":[{"taxonomy":"product_brand","embeddable":true,"href":"https:\/\/tahiriluxuryservices.ma\/fr_fr\/wp-json\/wp\/v2\/product_brand?post=8558"},{"taxonomy":"product_cat","embeddable":true,"href":"https:\/\/tahiriluxuryservices.ma\/fr_fr\/wp-json\/wp\/v2\/product_cat?post=8558"},{"taxonomy":"product_tag","embeddable":true,"href":"https:\/\/tahiriluxuryservices.ma\/fr_fr\/wp-json\/wp\/v2\/product_tag?post=8558"}],"curies":[{"name":"wp","href":"https:\/\/api.w.org\/{rel}","templated":true}]}}