{"id":8564,"date":"2024-12-17T18:31:02","date_gmt":"2024-12-17T18:31:02","guid":{"rendered":"https:\/\/demo.tahiriluxuryservices.ma\/?post_type=product&#038;p=8564"},"modified":"2025-02-04T19:22:16","modified_gmt":"2025-02-04T19:22:16","slug":"jardin-majorelle-et-musee-yves-saint-laurent","status":"publish","type":"product","link":"https:\/\/tahiriluxuryservices.ma\/fr_fr\/product\/jardin-majorelle-et-musee-yves-saint-laurent\/","title":{"rendered":"Jardin Majorelle et mus\u00e9e Yves Saint Laurent"},"content":{"rendered":"<body>\t\t<div data-elementor-type=\"wp-post\" data-elementor-id=\"8564\" class=\"elementor elementor-8564\" data-elementor-post-type=\"product\">\n\t\t\t\t\t\t<section class=\"elementor-section elementor-top-section elementor-element elementor-element-e1a78c1 elementor-section-boxed elementor-section-height-default elementor-section-height-default\" data-id=\"e1a78c1\" data-element_type=\"section\" data-e-type=\"section\">\n\t\t\t\t\t\t<div class=\"elementor-container elementor-column-gap-default\">\n\t\t\t\t\t<div class=\"elementor-column elementor-col-50 elementor-top-column elementor-element elementor-element-28f7644\" data-id=\"28f7644\" data-element_type=\"column\" data-e-type=\"column\">\n\t\t\t<div class=\"elementor-widget-wrap elementor-element-populated\">\n\t\t\t\t\t\t<div class=\"elementor-element elementor-element-eef320c elementor-widget elementor-widget-text-editor\" data-id=\"eef320c\" data-element_type=\"widget\" data-e-type=\"widget\" data-widget_type=\"text-editor.default\">\n\t\t\t\t<div class=\"elementor-widget-container\">\n\t\t\t\t\t\t\t\t\t<p>Au c\u0153ur de Marrakech, le Jardin Majorelle est un havre de paix o\u00f9 la nature rencontre l\u2019art. Ce lieu embl\u00e9matique, cr\u00e9\u00e9 par le peintre fran\u00e7ais Jacques Majorelle, regorge de couleurs vibrantes, de plantes exotiques et de chemins sinueux qui invitent \u00e0 la contemplation. Tahiri Luxury Services vous propose de d\u00e9couvrir ce jardin magique dans un confort absolu, avec des transferts priv\u00e9s en v\u00e9hicule de luxe et un service personnalis\u00e9. Une visite du Jardin Majorelle est bien plus qu\u2019une simple promenade, c\u2019est un voyage sensoriel o\u00f9 chaque coin de verdure d\u00e9voile une nouvelle merveille.<\/p>\t\t\t\t\t\t\t\t<\/div>\n\t\t\t\t<\/div>\n\t\t\t\t\t<\/div>\n\t\t<\/div>\n\t\t\t\t<div class=\"elementor-column elementor-col-50 elementor-top-column elementor-element elementor-element-fc8ee1c\" data-id=\"fc8ee1c\" data-element_type=\"column\" data-e-type=\"column\">\n\t\t\t<div class=\"elementor-widget-wrap elementor-element-populated\">\n\t\t\t\t\t\t<div class=\"elementor-element elementor-element-57ffef0 elementor-widget elementor-widget-text-editor\" data-id=\"57ffef0\" data-element_type=\"widget\" data-e-type=\"widget\" data-widget_type=\"text-editor.default\">\n\t\t\t\t<div class=\"elementor-widget-container\">\n\t\t\t\t\t\t\t\t\t<p>Apr\u00e8s avoir explor\u00e9 ce paradis botanique, plongez dans l\u2019univers du grand couturier Yves Saint Laurent en visitant le mus\u00e9e qui porte son nom. Ce lieu exceptionnel est un hommage \u00e0 l\u2019\u0153uvre du designer, o\u00f9 la mode, l\u2019art et l\u2019histoire se rencontrent. \u00c0 travers ses expositions, vous d\u00e9couvrirez l\u2019impact d\u2019Yves Saint Laurent sur l\u2019industrie de la mode, tout en \u00e9tant immerg\u00e9 dans un cadre moderne et raffin\u00e9. Avec Tahiri Luxury Services, nous veillons \u00e0 ce que votre journ\u00e9e soit fluide et agr\u00e9able, vous offrant un acc\u00e8s privil\u00e9gi\u00e9 \u00e0 ces lieux iconiques et transformant cette exp\u00e9rience culturelle en un souvenir inoubliable.<\/p>\t\t\t\t\t\t\t\t<\/div>\n\t\t\t\t<\/div>\n\t\t\t\t\t<\/div>\n\t\t<\/div>\n\t\t\t\t\t<\/div>\n\t\t<\/section>\n\t\t\t\t<\/div>\n\t\t<\/body>","protected":false},"excerpt":{"rendered":"<p>Plongez au c\u0153ur de la culture et de l\u2019art de Marrakech avec Tahiri Luxury Services. Nous vous offrons un transport de luxe pour explorer deux des sites les plus embl\u00e9matiques de la ville : le Jardin Majorelle et le Mus\u00e9e Yves Saint Laurent, o\u00f9 la nature, l\u2019art et l\u2019histoire se conjuguent harmonieusement.<\/p>\n<p>Le Jardin Majorelle, avec ses teintes vibrantes et son atmosph\u00e8re sereine, est un v\u00e9ritable sanctuaire de beaut\u00e9. Fl\u00e2nez parmi ses all\u00e9es verdoyantes, \u00e9merveillez-vous devant ses plantes exotiques et son architecture iconique. Puis, laissez-vous envo\u00fbter par l\u2019univers cr\u00e9atif du Mus\u00e9e Yves Saint Laurent, o\u00f9 l\u2019\u00e9l\u00e9gance de la haute couture rencontre l\u2019h\u00e9ritage de l\u2019un des plus grands cr\u00e9ateurs de mode. Nos chauffeurs professionnels vous assureront un transport confortable, ponctuel et sans souci, vous permettant de savourer pleinement cette exp\u00e9rience culturelle unique. Avec Tahiri Luxury Services, nous nous occupons de vos d\u00e9placements pour vous offrir une immersion parfaite dans ces lieux d\u2019exception.<\/p>\n","protected":false},"featured_media":8595,"comment_status":"closed","ping_status":"closed","template":"","meta":{"om_disable_all_campaigns":false},"product_brand":[],"product_cat":[89,86],"product_tag":[39,50],"class_list":{"0":"post-8564","1":"product","2":"type-product","3":"status-publish","4":"has-post-thumbnail","6":"product_cat-activites","7":"product_cat-conciergerie","8":"product_tag-car","9":"product_tag-luxorius","11":"first","12":"instock","13":"shipping-taxable","14":"product-type-simple"},"yoast_head":"<!-- This site is optimized with the Yoast SEO plugin v27.3 - https:\/\/yoast.com\/product\/yoast-seo-wordpress\/ -->\n<title>Jardin Majorelle et mus\u00e9e Yves Saint Laurent - Tahiri Luxury Services<\/title>\n<meta name=\"robots\" content=\"index, follow, max-snippet:-1, max-image-preview:large, max-video-preview:-1\" \/>\n<link rel=\"canonical\" href=\"https:\/\/tahiriluxuryservices.ma\/fr_fr\/product\/jardin-majorelle-et-musee-yves-saint-laurent\/\" \/>\n<meta property=\"og:locale\" content=\"fr_FR\" \/>\n<meta property=\"og:type\" content=\"article\" \/>\n<meta property=\"og:title\" content=\"Jardin Majorelle et mus\u00e9e Yves Saint Laurent - Tahiri Luxury Services\" \/>\n<meta property=\"og:description\" content=\"Plongez au c\u0153ur de la culture et de l\u2019art de Marrakech avec Tahiri Luxury Services. Nous vous offrons un transport de luxe pour explorer deux des sites les plus embl\u00e9matiques de la ville : le Jardin Majorelle et le Mus\u00e9e Yves Saint Laurent, o\u00f9 la nature, l\u2019art et l\u2019histoire se conjuguent harmonieusement.  Le Jardin Majorelle, avec ses teintes vibrantes et son atmosph\u00e8re sereine, est un v\u00e9ritable sanctuaire de beaut\u00e9. Fl\u00e2nez parmi ses all\u00e9es verdoyantes, \u00e9merveillez-vous devant ses plantes exotiques et son architecture iconique. Puis, laissez-vous envo\u00fbter par l\u2019univers cr\u00e9atif du Mus\u00e9e Yves Saint Laurent, o\u00f9 l\u2019\u00e9l\u00e9gance de la haute couture rencontre l\u2019h\u00e9ritage de l\u2019un des plus grands cr\u00e9ateurs de mode. Nos chauffeurs professionnels vous assureront un transport confortable, ponctuel et sans souci, vous permettant de savourer pleinement cette exp\u00e9rience culturelle unique. Avec Tahiri Luxury Services, nous nous occupons de vos d\u00e9placements pour vous offrir une immersion parfaite dans ces lieux d\u2019exception.\" \/>\n<meta property=\"og:url\" content=\"https:\/\/tahiriluxuryservices.ma\/fr_fr\/product\/jardin-majorelle-et-musee-yves-saint-laurent\/\" \/>\n<meta property=\"og:site_name\" content=\"Tahiri Luxury Services\" \/>\n<meta property=\"article:modified_time\" content=\"2025-02-04T19:22:16+00:00\" \/>\n<meta property=\"og:image\" content=\"https:\/\/tahiriluxuryservices.ma\/wp-content\/uploads\/2024\/12\/Jardin-Majorelle-et-musee-Yves-Saint-Laurent.jpg\" \/>\n\t<meta property=\"og:image:width\" content=\"1300\" \/>\n\t<meta property=\"og:image:height\" content=\"774\" \/>\n\t<meta property=\"og:image:type\" content=\"image\/jpeg\" \/>\n<meta name=\"twitter:card\" content=\"summary_large_image\" \/>\n<meta name=\"twitter:label1\" content=\"Dur\u00e9e de lecture estim\u00e9e\" \/>\n\t<meta name=\"twitter:data1\" content=\"1 minute\" \/>\n<script type=\"application\/ld+json\" class=\"yoast-schema-graph\">{\"@context\":\"https:\\\/\\\/schema.org\",\"@graph\":[{\"@type\":\"WebPage\",\"@id\":\"https:\\\/\\\/tahiriluxuryservices.ma\\\/product\\\/jardin-majorelle-et-musee-yves-saint-laurent\\\/\",\"url\":\"https:\\\/\\\/tahiriluxuryservices.ma\\\/product\\\/jardin-majorelle-et-musee-yves-saint-laurent\\\/\",\"name\":\"Jardin Majorelle et mus\u00e9e Yves Saint Laurent - Tahiri Luxury Services\",\"isPartOf\":{\"@id\":\"https:\\\/\\\/tahiriluxuryservices.ma\\\/#website\"},\"primaryImageOfPage\":{\"@id\":\"https:\\\/\\\/tahiriluxuryservices.ma\\\/product\\\/jardin-majorelle-et-musee-yves-saint-laurent\\\/#primaryimage\"},\"image\":{\"@id\":\"https:\\\/\\\/tahiriluxuryservices.ma\\\/product\\\/jardin-majorelle-et-musee-yves-saint-laurent\\\/#primaryimage\"},\"thumbnailUrl\":\"https:\\\/\\\/i0.wp.com\\\/tahiriluxuryservices.ma\\\/wp-content\\\/uploads\\\/2024\\\/12\\\/Jardin-Majorelle-et-musee-Yves-Saint-Laurent.jpg?fit=1300%2C774&ssl=1\",\"datePublished\":\"2024-12-17T18:31:02+00:00\",\"dateModified\":\"2025-02-04T19:22:16+00:00\",\"breadcrumb\":{\"@id\":\"https:\\\/\\\/tahiriluxuryservices.ma\\\/product\\\/jardin-majorelle-et-musee-yves-saint-laurent\\\/#breadcrumb\"},\"inLanguage\":\"fr-FR\",\"potentialAction\":[{\"@type\":\"ReadAction\",\"target\":[\"https:\\\/\\\/tahiriluxuryservices.ma\\\/product\\\/jardin-majorelle-et-musee-yves-saint-laurent\\\/\"]}]},{\"@type\":\"ImageObject\",\"inLanguage\":\"fr-FR\",\"@id\":\"https:\\\/\\\/tahiriluxuryservices.ma\\\/product\\\/jardin-majorelle-et-musee-yves-saint-laurent\\\/#primaryimage\",\"url\":\"https:\\\/\\\/i0.wp.com\\\/tahiriluxuryservices.ma\\\/wp-content\\\/uploads\\\/2024\\\/12\\\/Jardin-Majorelle-et-musee-Yves-Saint-Laurent.jpg?fit=1300%2C774&ssl=1\",\"contentUrl\":\"https:\\\/\\\/i0.wp.com\\\/tahiriluxuryservices.ma\\\/wp-content\\\/uploads\\\/2024\\\/12\\\/Jardin-Majorelle-et-musee-Yves-Saint-Laurent.jpg?fit=1300%2C774&ssl=1\",\"width\":1300,\"height\":774},{\"@type\":\"BreadcrumbList\",\"@id\":\"https:\\\/\\\/tahiriluxuryservices.ma\\\/product\\\/jardin-majorelle-et-musee-yves-saint-laurent\\\/#breadcrumb\",\"itemListElement\":[{\"@type\":\"ListItem\",\"position\":1,\"name\":\"Accueil\",\"item\":\"https:\\\/\\\/tahiriluxuryservices.ma\\\/\"},{\"@type\":\"ListItem\",\"position\":2,\"name\":\"Shop\",\"item\":\"https:\\\/\\\/tahiriluxuryservices.ma\\\/shop\\\/\"},{\"@type\":\"ListItem\",\"position\":3,\"name\":\"Jardin Majorelle et mus\u00e9e Yves Saint Laurent\"}]},{\"@type\":\"WebSite\",\"@id\":\"https:\\\/\\\/tahiriluxuryservices.ma\\\/#website\",\"url\":\"https:\\\/\\\/tahiriluxuryservices.ma\\\/\",\"name\":\"Tahiri Luxury Services\",\"description\":\"Chauffeur priv\u00e9 de luxe Marrakech\",\"potentialAction\":[{\"@type\":\"SearchAction\",\"target\":{\"@type\":\"EntryPoint\",\"urlTemplate\":\"https:\\\/\\\/tahiriluxuryservices.ma\\\/?s={search_term_string}\"},\"query-input\":{\"@type\":\"PropertyValueSpecification\",\"valueRequired\":true,\"valueName\":\"search_term_string\"}}],\"inLanguage\":\"fr-FR\"}]}<\/script>\n<!-- \/ Yoast SEO plugin. -->","yoast_head_json":{"title":"Jardin Majorelle et mus\u00e9e Yves Saint Laurent - Tahiri Luxury Services","robots":{"index":"index","follow":"follow","max-snippet":"max-snippet:-1","max-image-preview":"max-image-preview:large","max-video-preview":"max-video-preview:-1"},"canonical":"https:\/\/tahiriluxuryservices.ma\/fr_fr\/product\/jardin-majorelle-et-musee-yves-saint-laurent\/","og_locale":"fr_FR","og_type":"article","og_title":"Jardin Majorelle et mus\u00e9e Yves Saint Laurent - Tahiri Luxury Services","og_description":"Plongez au c\u0153ur de la culture et de l\u2019art de Marrakech avec Tahiri Luxury Services. Nous vous offrons un transport de luxe pour explorer deux des sites les plus embl\u00e9matiques de la ville : le Jardin Majorelle et le Mus\u00e9e Yves Saint Laurent, o\u00f9 la nature, l\u2019art et l\u2019histoire se conjuguent harmonieusement.  Le Jardin Majorelle, avec ses teintes vibrantes et son atmosph\u00e8re sereine, est un v\u00e9ritable sanctuaire de beaut\u00e9. Fl\u00e2nez parmi ses all\u00e9es verdoyantes, \u00e9merveillez-vous devant ses plantes exotiques et son architecture iconique. Puis, laissez-vous envo\u00fbter par l\u2019univers cr\u00e9atif du Mus\u00e9e Yves Saint Laurent, o\u00f9 l\u2019\u00e9l\u00e9gance de la haute couture rencontre l\u2019h\u00e9ritage de l\u2019un des plus grands cr\u00e9ateurs de mode. Nos chauffeurs professionnels vous assureront un transport confortable, ponctuel et sans souci, vous permettant de savourer pleinement cette exp\u00e9rience culturelle unique. Avec Tahiri Luxury Services, nous nous occupons de vos d\u00e9placements pour vous offrir une immersion parfaite dans ces lieux d\u2019exception.","og_url":"https:\/\/tahiriluxuryservices.ma\/fr_fr\/product\/jardin-majorelle-et-musee-yves-saint-laurent\/","og_site_name":"Tahiri Luxury Services","article_modified_time":"2025-02-04T19:22:16+00:00","og_image":[{"width":1300,"height":774,"url":"https:\/\/tahiriluxuryservices.ma\/wp-content\/uploads\/2024\/12\/Jardin-Majorelle-et-musee-Yves-Saint-Laurent.jpg","type":"image\/jpeg"}],"twitter_card":"summary_large_image","twitter_misc":{"Dur\u00e9e de lecture estim\u00e9e":"1 minute"},"schema":{"@context":"https:\/\/schema.org","@graph":[{"@type":"WebPage","@id":"https:\/\/tahiriluxuryservices.ma\/product\/jardin-majorelle-et-musee-yves-saint-laurent\/","url":"https:\/\/tahiriluxuryservices.ma\/product\/jardin-majorelle-et-musee-yves-saint-laurent\/","name":"Jardin Majorelle et mus\u00e9e Yves Saint Laurent - Tahiri Luxury Services","isPartOf":{"@id":"https:\/\/tahiriluxuryservices.ma\/#website"},"primaryImageOfPage":{"@id":"https:\/\/tahiriluxuryservices.ma\/product\/jardin-majorelle-et-musee-yves-saint-laurent\/#primaryimage"},"image":{"@id":"https:\/\/tahiriluxuryservices.ma\/product\/jardin-majorelle-et-musee-yves-saint-laurent\/#primaryimage"},"thumbnailUrl":"https:\/\/i0.wp.com\/tahiriluxuryservices.ma\/wp-content\/uploads\/2024\/12\/Jardin-Majorelle-et-musee-Yves-Saint-Laurent.jpg?fit=1300%2C774&ssl=1","datePublished":"2024-12-17T18:31:02+00:00","dateModified":"2025-02-04T19:22:16+00:00","breadcrumb":{"@id":"https:\/\/tahiriluxuryservices.ma\/product\/jardin-majorelle-et-musee-yves-saint-laurent\/#breadcrumb"},"inLanguage":"fr-FR","potentialAction":[{"@type":"ReadAction","target":["https:\/\/tahiriluxuryservices.ma\/product\/jardin-majorelle-et-musee-yves-saint-laurent\/"]}]},{"@type":"ImageObject","inLanguage":"fr-FR","@id":"https:\/\/tahiriluxuryservices.ma\/product\/jardin-majorelle-et-musee-yves-saint-laurent\/#primaryimage","url":"https:\/\/i0.wp.com\/tahiriluxuryservices.ma\/wp-content\/uploads\/2024\/12\/Jardin-Majorelle-et-musee-Yves-Saint-Laurent.jpg?fit=1300%2C774&ssl=1","contentUrl":"https:\/\/i0.wp.com\/tahiriluxuryservices.ma\/wp-content\/uploads\/2024\/12\/Jardin-Majorelle-et-musee-Yves-Saint-Laurent.jpg?fit=1300%2C774&ssl=1","width":1300,"height":774},{"@type":"BreadcrumbList","@id":"https:\/\/tahiriluxuryservices.ma\/product\/jardin-majorelle-et-musee-yves-saint-laurent\/#breadcrumb","itemListElement":[{"@type":"ListItem","position":1,"name":"Accueil","item":"https:\/\/tahiriluxuryservices.ma\/"},{"@type":"ListItem","position":2,"name":"Shop","item":"https:\/\/tahiriluxuryservices.ma\/shop\/"},{"@type":"ListItem","position":3,"name":"Jardin Majorelle et mus\u00e9e Yves Saint Laurent"}]},{"@type":"WebSite","@id":"https:\/\/tahiriluxuryservices.ma\/#website","url":"https:\/\/tahiriluxuryservices.ma\/","name":"Tahiri Luxury Services","description":"Chauffeur priv\u00e9 de luxe Marrakech","potentialAction":[{"@type":"SearchAction","target":{"@type":"EntryPoint","urlTemplate":"https:\/\/tahiriluxuryservices.ma\/?s={search_term_string}"},"query-input":{"@type":"PropertyValueSpecification","valueRequired":true,"valueName":"search_term_string"}}],"inLanguage":"fr-FR"}]}},"jetpack_sharing_enabled":true,"_links":{"self":[{"href":"https:\/\/tahiriluxuryservices.ma\/fr_fr\/wp-json\/wp\/v2\/product\/8564","targetHints":{"allow":["GET"]}}],"collection":[{"href":"https:\/\/tahiriluxuryservices.ma\/fr_fr\/wp-json\/wp\/v2\/product"}],"about":[{"href":"https:\/\/tahiriluxuryservices.ma\/fr_fr\/wp-json\/wp\/v2\/types\/product"}],"replies":[{"embeddable":true,"href":"https:\/\/tahiriluxuryservices.ma\/fr_fr\/wp-json\/wp\/v2\/comments?post=8564"}],"version-history":[{"count":5,"href":"https:\/\/tahiriluxuryservices.ma\/fr_fr\/wp-json\/wp\/v2\/product\/8564\/revisions"}],"predecessor-version":[{"id":9129,"href":"https:\/\/tahiriluxuryservices.ma\/fr_fr\/wp-json\/wp\/v2\/product\/8564\/revisions\/9129"}],"wp:featuredmedia":[{"embeddable":true,"href":"https:\/\/tahiriluxuryservices.ma\/fr_fr\/wp-json\/wp\/v2\/media\/8595"}],"wp:attachment":[{"href":"https:\/\/tahiriluxuryservices.ma\/fr_fr\/wp-json\/wp\/v2\/media?parent=8564"}],"wp:term":[{"taxonomy":"product_brand","embeddable":true,"href":"https:\/\/tahiriluxuryservices.ma\/fr_fr\/wp-json\/wp\/v2\/product_brand?post=8564"},{"taxonomy":"product_cat","embeddable":true,"href":"https:\/\/tahiriluxuryservices.ma\/fr_fr\/wp-json\/wp\/v2\/product_cat?post=8564"},{"taxonomy":"product_tag","embeddable":true,"href":"https:\/\/tahiriluxuryservices.ma\/fr_fr\/wp-json\/wp\/v2\/product_tag?post=8564"}],"curies":[{"name":"wp","href":"https:\/\/api.w.org\/{rel}","templated":true}]}}