{"id":8567,"date":"2024-12-17T18:32:23","date_gmt":"2024-12-17T18:32:23","guid":{"rendered":"https:\/\/demo.tahiriluxuryservices.ma\/?post_type=product&#038;p=8567"},"modified":"2025-02-04T19:28:30","modified_gmt":"2025-02-04T19:28:30","slug":"montgolfiere","status":"publish","type":"product","link":"https:\/\/tahiriluxuryservices.ma\/fr_fr\/product\/montgolfiere\/","title":{"rendered":"Montgolfi\u00e8re"},"content":{"rendered":"<body>\t\t<div data-elementor-type=\"wp-post\" data-elementor-id=\"8567\" class=\"elementor elementor-8567\" data-elementor-post-type=\"product\">\n\t\t\t\t\t\t<section class=\"elementor-section elementor-top-section elementor-element elementor-element-e1a78c1 elementor-section-boxed elementor-section-height-default elementor-section-height-default\" data-id=\"e1a78c1\" data-element_type=\"section\" data-e-type=\"section\">\n\t\t\t\t\t\t<div class=\"elementor-container elementor-column-gap-default\">\n\t\t\t\t\t<div class=\"elementor-column elementor-col-50 elementor-top-column elementor-element elementor-element-28f7644\" data-id=\"28f7644\" data-element_type=\"column\" data-e-type=\"column\">\n\t\t\t<div class=\"elementor-widget-wrap elementor-element-populated\">\n\t\t\t\t\t\t<div class=\"elementor-element elementor-element-eef320c elementor-widget elementor-widget-text-editor\" data-id=\"eef320c\" data-element_type=\"widget\" data-e-type=\"widget\" data-widget_type=\"text-editor.default\">\n\t\t\t\t<div class=\"elementor-widget-container\">\n\t\t\t\t\t\t\t\t\t<p>Avec Tahiri Luxury Services, nous vous offrons une exp\u00e9rience a\u00e9rienne exceptionnelle au Maroc, o\u00f9 chaque vol en montgolfi\u00e8re devient une aventure unique. Survolez les paysages spectaculaires du pays : des dunes dor\u00e9es du d\u00e9sert aux montagnes majestueuses de l\u2019Atlas, en passant par les vall\u00e9es verdoyantes. \u00c0 bord de nos montgolfi\u00e8res, vous serez envelopp\u00e9 par une sensation de s\u00e9r\u00e9nit\u00e9 totale, avec une vue imprenable sur la beaut\u00e9 naturelle du Maroc. Nous veillons \u00e0 ce que chaque d\u00e9tail de votre exp\u00e9rience soit parfaitement orchestr\u00e9, du confort de votre voyage \u00e0 l\u2019atterrissage, pour que vous puissiez profiter de ce moment magique en toute tranquillit\u00e9.<\/p>\t\t\t\t\t\t\t\t<\/div>\n\t\t\t\t<\/div>\n\t\t\t\t\t<\/div>\n\t\t<\/div>\n\t\t\t\t<div class=\"elementor-column elementor-col-50 elementor-top-column elementor-element elementor-element-fc8ee1c\" data-id=\"fc8ee1c\" data-element_type=\"column\" data-e-type=\"column\">\n\t\t\t<div class=\"elementor-widget-wrap elementor-element-populated\">\n\t\t\t\t\t\t<div class=\"elementor-element elementor-element-57ffef0 elementor-widget elementor-widget-text-editor\" data-id=\"57ffef0\" data-element_type=\"widget\" data-e-type=\"widget\" data-widget_type=\"text-editor.default\">\n\t\t\t\t<div class=\"elementor-widget-container\">\n\t\t\t\t\t\t\t\t\t<p>Au-del\u00e0 du vol en lui-m\u00eame, nous vous offrons un service haut de gamme pour que chaque aspect de votre aventure soit inoubliable. Tahiri Luxury Services vous accompagne de A \u00e0 Z : nous assurons votre transport priv\u00e9 vers le site de d\u00e9collage \u00e0 bord de v\u00e9hicules de luxe, pour que vous commenciez votre exp\u00e9rience dans le confort et le style. Que vous soyez \u00e0 la recherche d\u2019une escapade romantique, d\u2019une aventure entre amis ou d\u2019un moment m\u00e9morable en famille, nous nous engageons \u00e0 rendre votre vol en montgolfi\u00e8re un souvenir imp\u00e9rissable, dans un cadre naturel \u00e9poustouflant et un service digne de vos attentes.<\/p>\t\t\t\t\t\t\t\t<\/div>\n\t\t\t\t<\/div>\n\t\t\t\t\t<\/div>\n\t\t<\/div>\n\t\t\t\t\t<\/div>\n\t\t<\/section>\n\t\t\t\t<\/div>\n\t\t<\/body>","protected":false},"excerpt":{"rendered":"<p>Offrez-vous une exp\u00e9rience inoubliable avec Tahiri Luxury Services et laissez-vous transporter dans les airs \u00e0 bord d&#8217;une montgolfi\u00e8re pour une vue spectaculaire de Marrakech et de ses paysages environnants. Profitez d\u2019un moment d\u2019\u00e9vasion unique, o\u00f9 s\u00e9r\u00e9nit\u00e9 et aventure se rencontrent, et d\u00e9couvrez la ville rouge sous un angle in\u00e9dit.<\/p>\n<p>Nos services de transport de luxe vous conduiront en toute tranquillit\u00e9 vers le site de d\u00e9collage, o\u00f9 vous pourrez admirer l\u2019ascension de la montgolfi\u00e8re, suivie d\u2019un vol magique au-dessus des palmeraies, des montagnes de l\u2019Atlas et des villages berb\u00e8res. Nos chauffeurs professionnels veilleront \u00e0 votre confort et \u00e0 votre s\u00e9curit\u00e9, vous permettant de profiter pleinement de cette exp\u00e9rience a\u00e9rienne. Avec Tahiri Luxury Services, nous nous occupons de tous les d\u00e9tails pour que votre vol en montgolfi\u00e8re soit une aventure m\u00e9morable, alliant luxe, exploration et \u00e9merveillement.<\/p>\n","protected":false},"featured_media":8596,"comment_status":"closed","ping_status":"closed","template":"","meta":{"om_disable_all_campaigns":false},"product_brand":[],"product_cat":[89,86],"product_tag":[39,50],"class_list":{"0":"post-8567","1":"product","2":"type-product","3":"status-publish","4":"has-post-thumbnail","6":"product_cat-activites","7":"product_cat-conciergerie","8":"product_tag-car","9":"product_tag-luxorius","11":"first","12":"instock","13":"shipping-taxable","14":"product-type-simple"},"yoast_head":"<!-- This site is optimized with the Yoast SEO plugin v27.4 - https:\/\/yoast.com\/product\/yoast-seo-wordpress\/ -->\n<title>Montgolfi\u00e8re - Tahiri Luxury Services<\/title>\n<meta name=\"robots\" content=\"index, follow, max-snippet:-1, max-image-preview:large, max-video-preview:-1\" \/>\n<link rel=\"canonical\" href=\"https:\/\/tahiriluxuryservices.ma\/fr_fr\/product\/montgolfiere\/\" \/>\n<meta property=\"og:locale\" content=\"fr_FR\" \/>\n<meta property=\"og:type\" content=\"article\" \/>\n<meta property=\"og:title\" content=\"Montgolfi\u00e8re - Tahiri Luxury Services\" \/>\n<meta property=\"og:description\" content=\"Offrez-vous une exp\u00e9rience inoubliable avec Tahiri Luxury Services et laissez-vous transporter dans les airs \u00e0 bord d&#039;une montgolfi\u00e8re pour une vue spectaculaire de Marrakech et de ses paysages environnants. Profitez d\u2019un moment d\u2019\u00e9vasion unique, o\u00f9 s\u00e9r\u00e9nit\u00e9 et aventure se rencontrent, et d\u00e9couvrez la ville rouge sous un angle in\u00e9dit.  Nos services de transport de luxe vous conduiront en toute tranquillit\u00e9 vers le site de d\u00e9collage, o\u00f9 vous pourrez admirer l\u2019ascension de la montgolfi\u00e8re, suivie d\u2019un vol magique au-dessus des palmeraies, des montagnes de l\u2019Atlas et des villages berb\u00e8res. Nos chauffeurs professionnels veilleront \u00e0 votre confort et \u00e0 votre s\u00e9curit\u00e9, vous permettant de profiter pleinement de cette exp\u00e9rience a\u00e9rienne. Avec Tahiri Luxury Services, nous nous occupons de tous les d\u00e9tails pour que votre vol en montgolfi\u00e8re soit une aventure m\u00e9morable, alliant luxe, exploration et \u00e9merveillement.\" \/>\n<meta property=\"og:url\" content=\"https:\/\/tahiriluxuryservices.ma\/fr_fr\/product\/montgolfiere\/\" \/>\n<meta property=\"og:site_name\" content=\"Tahiri Luxury Services\" \/>\n<meta property=\"article:modified_time\" content=\"2025-02-04T19:28:30+00:00\" \/>\n<meta property=\"og:image\" content=\"https:\/\/tahiriluxuryservices.ma\/wp-content\/uploads\/2024\/12\/Montgolfiere.jpg\" \/>\n\t<meta property=\"og:image:width\" content=\"1300\" \/>\n\t<meta property=\"og:image:height\" content=\"774\" \/>\n\t<meta property=\"og:image:type\" content=\"image\/jpeg\" \/>\n<meta name=\"twitter:card\" content=\"summary_large_image\" \/>\n<meta name=\"twitter:label1\" content=\"Dur\u00e9e de lecture estim\u00e9e\" \/>\n\t<meta name=\"twitter:data1\" content=\"1 minute\" \/>\n<script type=\"application\/ld+json\" class=\"yoast-schema-graph\">{\"@context\":\"https:\\\/\\\/schema.org\",\"@graph\":[{\"@type\":\"WebPage\",\"@id\":\"https:\\\/\\\/tahiriluxuryservices.ma\\\/product\\\/montgolfiere\\\/\",\"url\":\"https:\\\/\\\/tahiriluxuryservices.ma\\\/product\\\/montgolfiere\\\/\",\"name\":\"Montgolfi\u00e8re - Tahiri Luxury Services\",\"isPartOf\":{\"@id\":\"https:\\\/\\\/tahiriluxuryservices.ma\\\/#website\"},\"primaryImageOfPage\":{\"@id\":\"https:\\\/\\\/tahiriluxuryservices.ma\\\/product\\\/montgolfiere\\\/#primaryimage\"},\"image\":{\"@id\":\"https:\\\/\\\/tahiriluxuryservices.ma\\\/product\\\/montgolfiere\\\/#primaryimage\"},\"thumbnailUrl\":\"https:\\\/\\\/i0.wp.com\\\/tahiriluxuryservices.ma\\\/wp-content\\\/uploads\\\/2024\\\/12\\\/Montgolfiere.jpg?fit=1300%2C774&ssl=1\",\"datePublished\":\"2024-12-17T18:32:23+00:00\",\"dateModified\":\"2025-02-04T19:28:30+00:00\",\"breadcrumb\":{\"@id\":\"https:\\\/\\\/tahiriluxuryservices.ma\\\/product\\\/montgolfiere\\\/#breadcrumb\"},\"inLanguage\":\"fr-FR\",\"potentialAction\":[{\"@type\":\"ReadAction\",\"target\":[\"https:\\\/\\\/tahiriluxuryservices.ma\\\/product\\\/montgolfiere\\\/\"]}]},{\"@type\":\"ImageObject\",\"inLanguage\":\"fr-FR\",\"@id\":\"https:\\\/\\\/tahiriluxuryservices.ma\\\/product\\\/montgolfiere\\\/#primaryimage\",\"url\":\"https:\\\/\\\/i0.wp.com\\\/tahiriluxuryservices.ma\\\/wp-content\\\/uploads\\\/2024\\\/12\\\/Montgolfiere.jpg?fit=1300%2C774&ssl=1\",\"contentUrl\":\"https:\\\/\\\/i0.wp.com\\\/tahiriluxuryservices.ma\\\/wp-content\\\/uploads\\\/2024\\\/12\\\/Montgolfiere.jpg?fit=1300%2C774&ssl=1\",\"width\":1300,\"height\":774},{\"@type\":\"BreadcrumbList\",\"@id\":\"https:\\\/\\\/tahiriluxuryservices.ma\\\/product\\\/montgolfiere\\\/#breadcrumb\",\"itemListElement\":[{\"@type\":\"ListItem\",\"position\":1,\"name\":\"Accueil\",\"item\":\"https:\\\/\\\/tahiriluxuryservices.ma\\\/\"},{\"@type\":\"ListItem\",\"position\":2,\"name\":\"Shop\",\"item\":\"https:\\\/\\\/tahiriluxuryservices.ma\\\/shop\\\/\"},{\"@type\":\"ListItem\",\"position\":3,\"name\":\"Montgolfi\u00e8re\"}]},{\"@type\":\"WebSite\",\"@id\":\"https:\\\/\\\/tahiriluxuryservices.ma\\\/#website\",\"url\":\"https:\\\/\\\/tahiriluxuryservices.ma\\\/\",\"name\":\"Tahiri Luxury Services\",\"description\":\"Chauffeur priv\u00e9 de luxe Marrakech\",\"potentialAction\":[{\"@type\":\"SearchAction\",\"target\":{\"@type\":\"EntryPoint\",\"urlTemplate\":\"https:\\\/\\\/tahiriluxuryservices.ma\\\/?s={search_term_string}\"},\"query-input\":{\"@type\":\"PropertyValueSpecification\",\"valueRequired\":true,\"valueName\":\"search_term_string\"}}],\"inLanguage\":\"fr-FR\"}]}<\/script>\n<!-- \/ Yoast SEO plugin. -->","yoast_head_json":{"title":"Montgolfi\u00e8re - Tahiri Luxury Services","robots":{"index":"index","follow":"follow","max-snippet":"max-snippet:-1","max-image-preview":"max-image-preview:large","max-video-preview":"max-video-preview:-1"},"canonical":"https:\/\/tahiriluxuryservices.ma\/fr_fr\/product\/montgolfiere\/","og_locale":"fr_FR","og_type":"article","og_title":"Montgolfi\u00e8re - Tahiri Luxury Services","og_description":"Offrez-vous une exp\u00e9rience inoubliable avec Tahiri Luxury Services et laissez-vous transporter dans les airs \u00e0 bord d'une montgolfi\u00e8re pour une vue spectaculaire de Marrakech et de ses paysages environnants. Profitez d\u2019un moment d\u2019\u00e9vasion unique, o\u00f9 s\u00e9r\u00e9nit\u00e9 et aventure se rencontrent, et d\u00e9couvrez la ville rouge sous un angle in\u00e9dit.  Nos services de transport de luxe vous conduiront en toute tranquillit\u00e9 vers le site de d\u00e9collage, o\u00f9 vous pourrez admirer l\u2019ascension de la montgolfi\u00e8re, suivie d\u2019un vol magique au-dessus des palmeraies, des montagnes de l\u2019Atlas et des villages berb\u00e8res. Nos chauffeurs professionnels veilleront \u00e0 votre confort et \u00e0 votre s\u00e9curit\u00e9, vous permettant de profiter pleinement de cette exp\u00e9rience a\u00e9rienne. Avec Tahiri Luxury Services, nous nous occupons de tous les d\u00e9tails pour que votre vol en montgolfi\u00e8re soit une aventure m\u00e9morable, alliant luxe, exploration et \u00e9merveillement.","og_url":"https:\/\/tahiriluxuryservices.ma\/fr_fr\/product\/montgolfiere\/","og_site_name":"Tahiri Luxury Services","article_modified_time":"2025-02-04T19:28:30+00:00","og_image":[{"width":1300,"height":774,"url":"https:\/\/tahiriluxuryservices.ma\/wp-content\/uploads\/2024\/12\/Montgolfiere.jpg","type":"image\/jpeg"}],"twitter_card":"summary_large_image","twitter_misc":{"Dur\u00e9e de lecture estim\u00e9e":"1 minute"},"schema":{"@context":"https:\/\/schema.org","@graph":[{"@type":"WebPage","@id":"https:\/\/tahiriluxuryservices.ma\/product\/montgolfiere\/","url":"https:\/\/tahiriluxuryservices.ma\/product\/montgolfiere\/","name":"Montgolfi\u00e8re - Tahiri Luxury Services","isPartOf":{"@id":"https:\/\/tahiriluxuryservices.ma\/#website"},"primaryImageOfPage":{"@id":"https:\/\/tahiriluxuryservices.ma\/product\/montgolfiere\/#primaryimage"},"image":{"@id":"https:\/\/tahiriluxuryservices.ma\/product\/montgolfiere\/#primaryimage"},"thumbnailUrl":"https:\/\/i0.wp.com\/tahiriluxuryservices.ma\/wp-content\/uploads\/2024\/12\/Montgolfiere.jpg?fit=1300%2C774&ssl=1","datePublished":"2024-12-17T18:32:23+00:00","dateModified":"2025-02-04T19:28:30+00:00","breadcrumb":{"@id":"https:\/\/tahiriluxuryservices.ma\/product\/montgolfiere\/#breadcrumb"},"inLanguage":"fr-FR","potentialAction":[{"@type":"ReadAction","target":["https:\/\/tahiriluxuryservices.ma\/product\/montgolfiere\/"]}]},{"@type":"ImageObject","inLanguage":"fr-FR","@id":"https:\/\/tahiriluxuryservices.ma\/product\/montgolfiere\/#primaryimage","url":"https:\/\/i0.wp.com\/tahiriluxuryservices.ma\/wp-content\/uploads\/2024\/12\/Montgolfiere.jpg?fit=1300%2C774&ssl=1","contentUrl":"https:\/\/i0.wp.com\/tahiriluxuryservices.ma\/wp-content\/uploads\/2024\/12\/Montgolfiere.jpg?fit=1300%2C774&ssl=1","width":1300,"height":774},{"@type":"BreadcrumbList","@id":"https:\/\/tahiriluxuryservices.ma\/product\/montgolfiere\/#breadcrumb","itemListElement":[{"@type":"ListItem","position":1,"name":"Accueil","item":"https:\/\/tahiriluxuryservices.ma\/"},{"@type":"ListItem","position":2,"name":"Shop","item":"https:\/\/tahiriluxuryservices.ma\/shop\/"},{"@type":"ListItem","position":3,"name":"Montgolfi\u00e8re"}]},{"@type":"WebSite","@id":"https:\/\/tahiriluxuryservices.ma\/#website","url":"https:\/\/tahiriluxuryservices.ma\/","name":"Tahiri Luxury Services","description":"Chauffeur priv\u00e9 de luxe Marrakech","potentialAction":[{"@type":"SearchAction","target":{"@type":"EntryPoint","urlTemplate":"https:\/\/tahiriluxuryservices.ma\/?s={search_term_string}"},"query-input":{"@type":"PropertyValueSpecification","valueRequired":true,"valueName":"search_term_string"}}],"inLanguage":"fr-FR"}]}},"jetpack_sharing_enabled":true,"_links":{"self":[{"href":"https:\/\/tahiriluxuryservices.ma\/fr_fr\/wp-json\/wp\/v2\/product\/8567","targetHints":{"allow":["GET"]}}],"collection":[{"href":"https:\/\/tahiriluxuryservices.ma\/fr_fr\/wp-json\/wp\/v2\/product"}],"about":[{"href":"https:\/\/tahiriluxuryservices.ma\/fr_fr\/wp-json\/wp\/v2\/types\/product"}],"replies":[{"embeddable":true,"href":"https:\/\/tahiriluxuryservices.ma\/fr_fr\/wp-json\/wp\/v2\/comments?post=8567"}],"version-history":[{"count":5,"href":"https:\/\/tahiriluxuryservices.ma\/fr_fr\/wp-json\/wp\/v2\/product\/8567\/revisions"}],"predecessor-version":[{"id":9132,"href":"https:\/\/tahiriluxuryservices.ma\/fr_fr\/wp-json\/wp\/v2\/product\/8567\/revisions\/9132"}],"wp:featuredmedia":[{"embeddable":true,"href":"https:\/\/tahiriluxuryservices.ma\/fr_fr\/wp-json\/wp\/v2\/media\/8596"}],"wp:attachment":[{"href":"https:\/\/tahiriluxuryservices.ma\/fr_fr\/wp-json\/wp\/v2\/media?parent=8567"}],"wp:term":[{"taxonomy":"product_brand","embeddable":true,"href":"https:\/\/tahiriluxuryservices.ma\/fr_fr\/wp-json\/wp\/v2\/product_brand?post=8567"},{"taxonomy":"product_cat","embeddable":true,"href":"https:\/\/tahiriluxuryservices.ma\/fr_fr\/wp-json\/wp\/v2\/product_cat?post=8567"},{"taxonomy":"product_tag","embeddable":true,"href":"https:\/\/tahiriluxuryservices.ma\/fr_fr\/wp-json\/wp\/v2\/product_tag?post=8567"}],"curies":[{"name":"wp","href":"https:\/\/api.w.org\/{rel}","templated":true}]}}