{"id":8572,"date":"2024-12-17T18:34:04","date_gmt":"2024-12-17T18:34:04","guid":{"rendered":"https:\/\/demo.tahiriluxuryservices.ma\/?post_type=product&#038;p=8572"},"modified":"2025-02-04T19:31:53","modified_gmt":"2025-02-04T19:31:53","slug":"padel","status":"publish","type":"product","link":"https:\/\/tahiriluxuryservices.ma\/fr_fr\/product\/padel\/","title":{"rendered":"Padel"},"content":{"rendered":"<body>\t\t<div data-elementor-type=\"wp-post\" data-elementor-id=\"8572\" class=\"elementor elementor-8572\" data-elementor-post-type=\"product\">\n\t\t\t\t\t\t<section class=\"elementor-section elementor-top-section elementor-element elementor-element-e1a78c1 elementor-section-boxed elementor-section-height-default elementor-section-height-default\" data-id=\"e1a78c1\" data-element_type=\"section\" data-e-type=\"section\">\n\t\t\t\t\t\t<div class=\"elementor-container elementor-column-gap-default\">\n\t\t\t\t\t<div class=\"elementor-column elementor-col-50 elementor-top-column elementor-element elementor-element-28f7644\" data-id=\"28f7644\" data-element_type=\"column\" data-e-type=\"column\">\n\t\t\t<div class=\"elementor-widget-wrap elementor-element-populated\">\n\t\t\t\t\t\t<div class=\"elementor-element elementor-element-eef320c elementor-widget elementor-widget-text-editor\" data-id=\"eef320c\" data-element_type=\"widget\" data-e-type=\"widget\" data-widget_type=\"text-editor.default\">\n\t\t\t\t<div class=\"elementor-widget-container\">\n\t\t\t\t\t\t\t\t\t<p>Le padel est devenu l\u2019un des sports les plus populaires au Maroc, et avec Tahiri Luxury Services, nous vous offrons l\u2019opportunit\u00e9 de d\u00e9couvrir ce sport dynamique dans des conditions exceptionnelles. Que vous soyez un joueur passionn\u00e9 ou un d\u00e9butant d\u00e9sireux de s\u2019initier, nous vous emmenons vers les meilleurs clubs de padel du pays, o\u00f9 vous pourrez profiter de terrains modernes et parfaitement entretenus. Nos services de transport de luxe vous garantissent un confort optimal, vous permettant de vous concentrer sur votre jeu sans vous soucier du reste. Le padel est bien plus qu\u2019un sport : c\u2019est une exp\u00e9rience sociale, pleine de fun et de convivialit\u00e9, et nous nous engageons \u00e0 vous offrir une exp\u00e9rience sur mesure qui correspond \u00e0 vos envies et votre niveau de jeu.<\/p>\t\t\t\t\t\t\t\t<\/div>\n\t\t\t\t<\/div>\n\t\t\t\t\t<\/div>\n\t\t<\/div>\n\t\t\t\t<div class=\"elementor-column elementor-col-50 elementor-top-column elementor-element elementor-element-fc8ee1c\" data-id=\"fc8ee1c\" data-element_type=\"column\" data-e-type=\"column\">\n\t\t\t<div class=\"elementor-widget-wrap elementor-element-populated\">\n\t\t\t\t\t\t<div class=\"elementor-element elementor-element-57ffef0 elementor-widget elementor-widget-text-editor\" data-id=\"57ffef0\" data-element_type=\"widget\" data-e-type=\"widget\" data-widget_type=\"text-editor.default\">\n\t\t\t\t<div class=\"elementor-widget-container\">\n\t\t\t\t\t\t\t\t\t<p>Chez Tahiri Luxury Services, nous croyons que chaque moment doit \u00eatre v\u00e9cu dans le confort et le luxe. C\u2019est pourquoi nous vous proposons une exp\u00e9rience compl\u00e8te : de votre transport priv\u00e9 jusqu\u2019aux terrains de padel, \u00e0 la r\u00e9servation de vos sessions, en passant par l\u2019organisation de tournois priv\u00e9s ou d\u2019\u00e9v\u00e9nements exclusifs. Vivez le padel dans une ambiance conviviale mais raffin\u00e9e, o\u00f9 chaque d\u00e9tail est pens\u00e9 pour vous offrir une exp\u00e9rience inoubliable. Que ce soit pour une activit\u00e9 sportive entre amis, une session de relaxation apr\u00e8s un match ou simplement pour d\u00e9couvrir ce sport, Tahiri Luxury Services vous garantit un service haut de gamme et personnalis\u00e9 \u00e0 chaque instant.<\/p>\t\t\t\t\t\t\t\t<\/div>\n\t\t\t\t<\/div>\n\t\t\t\t\t<\/div>\n\t\t<\/div>\n\t\t\t\t\t<\/div>\n\t\t<\/section>\n\t\t\t\t<\/div>\n\t\t<\/body>","protected":false},"excerpt":{"rendered":"<p>Vivez l&#8217;excitation du padel, un sport dynamique et convivial, avec Tahiri Luxury Services. Nous vous offrons un transport de luxe vers les clubs les plus prestigieux de Marrakech, o\u00f9 vous pourrez profiter de courts de padel modernes dans un cadre \u00e9l\u00e9gant et agr\u00e9able.<\/p>\n<p>Que vous soyez d\u00e9butant ou joueur exp\u00e9riment\u00e9, nous nous assurons que vous acc\u00e9dez aux meilleures installations pour pratiquer ce sport en toute s\u00e9r\u00e9nit\u00e9. Nos chauffeurs professionnels vous garantiront un transport confortable et ponctuel, vous permettant de vous concentrer pleinement sur votre jeu. Avec Tahiri Luxury Services, chaque moment pass\u00e9 sur le court de padel devient une exp\u00e9rience raffin\u00e9e et inoubliable, alliant sport et d\u00e9tente dans un environnement exclusif.<\/p>\n","protected":false},"featured_media":8593,"comment_status":"closed","ping_status":"closed","template":"","meta":{"om_disable_all_campaigns":false},"product_brand":[],"product_cat":[89,86],"product_tag":[39,50],"class_list":{"0":"post-8572","1":"product","2":"type-product","3":"status-publish","4":"has-post-thumbnail","6":"product_cat-activites","7":"product_cat-conciergerie","8":"product_tag-car","9":"product_tag-luxorius","11":"first","12":"instock","13":"shipping-taxable","14":"product-type-simple"},"yoast_head":"<!-- This site is optimized with the Yoast SEO plugin v27.3 - https:\/\/yoast.com\/product\/yoast-seo-wordpress\/ -->\n<title>Padel - Tahiri Luxury Services<\/title>\n<meta name=\"robots\" content=\"index, follow, max-snippet:-1, max-image-preview:large, max-video-preview:-1\" \/>\n<link rel=\"canonical\" href=\"https:\/\/tahiriluxuryservices.ma\/fr_fr\/product\/padel\/\" \/>\n<meta property=\"og:locale\" content=\"fr_FR\" \/>\n<meta property=\"og:type\" content=\"article\" \/>\n<meta property=\"og:title\" content=\"Padel - Tahiri Luxury Services\" \/>\n<meta property=\"og:description\" content=\"Vivez l&#039;excitation du padel, un sport dynamique et convivial, avec Tahiri Luxury Services. Nous vous offrons un transport de luxe vers les clubs les plus prestigieux de Marrakech, o\u00f9 vous pourrez profiter de courts de padel modernes dans un cadre \u00e9l\u00e9gant et agr\u00e9able.  Que vous soyez d\u00e9butant ou joueur exp\u00e9riment\u00e9, nous nous assurons que vous acc\u00e9dez aux meilleures installations pour pratiquer ce sport en toute s\u00e9r\u00e9nit\u00e9. Nos chauffeurs professionnels vous garantiront un transport confortable et ponctuel, vous permettant de vous concentrer pleinement sur votre jeu. Avec Tahiri Luxury Services, chaque moment pass\u00e9 sur le court de padel devient une exp\u00e9rience raffin\u00e9e et inoubliable, alliant sport et d\u00e9tente dans un environnement exclusif.\" \/>\n<meta property=\"og:url\" content=\"https:\/\/tahiriluxuryservices.ma\/fr_fr\/product\/padel\/\" \/>\n<meta property=\"og:site_name\" content=\"Tahiri Luxury Services\" \/>\n<meta property=\"article:modified_time\" content=\"2025-02-04T19:31:53+00:00\" \/>\n<meta property=\"og:image\" content=\"https:\/\/tahiriluxuryservices.ma\/wp-content\/uploads\/2024\/12\/Padel.jpg\" \/>\n\t<meta property=\"og:image:width\" content=\"1300\" \/>\n\t<meta property=\"og:image:height\" content=\"774\" \/>\n\t<meta property=\"og:image:type\" content=\"image\/jpeg\" \/>\n<meta name=\"twitter:card\" content=\"summary_large_image\" \/>\n<meta name=\"twitter:label1\" content=\"Dur\u00e9e de lecture estim\u00e9e\" \/>\n\t<meta name=\"twitter:data1\" content=\"1 minute\" \/>\n<script type=\"application\/ld+json\" class=\"yoast-schema-graph\">{\"@context\":\"https:\\\/\\\/schema.org\",\"@graph\":[{\"@type\":\"WebPage\",\"@id\":\"https:\\\/\\\/tahiriluxuryservices.ma\\\/product\\\/padel\\\/\",\"url\":\"https:\\\/\\\/tahiriluxuryservices.ma\\\/product\\\/padel\\\/\",\"name\":\"Padel - Tahiri Luxury Services\",\"isPartOf\":{\"@id\":\"https:\\\/\\\/tahiriluxuryservices.ma\\\/#website\"},\"primaryImageOfPage\":{\"@id\":\"https:\\\/\\\/tahiriluxuryservices.ma\\\/product\\\/padel\\\/#primaryimage\"},\"image\":{\"@id\":\"https:\\\/\\\/tahiriluxuryservices.ma\\\/product\\\/padel\\\/#primaryimage\"},\"thumbnailUrl\":\"https:\\\/\\\/i0.wp.com\\\/tahiriluxuryservices.ma\\\/wp-content\\\/uploads\\\/2024\\\/12\\\/Padel.jpg?fit=1300%2C774&ssl=1\",\"datePublished\":\"2024-12-17T18:34:04+00:00\",\"dateModified\":\"2025-02-04T19:31:53+00:00\",\"breadcrumb\":{\"@id\":\"https:\\\/\\\/tahiriluxuryservices.ma\\\/product\\\/padel\\\/#breadcrumb\"},\"inLanguage\":\"fr-FR\",\"potentialAction\":[{\"@type\":\"ReadAction\",\"target\":[\"https:\\\/\\\/tahiriluxuryservices.ma\\\/product\\\/padel\\\/\"]}]},{\"@type\":\"ImageObject\",\"inLanguage\":\"fr-FR\",\"@id\":\"https:\\\/\\\/tahiriluxuryservices.ma\\\/product\\\/padel\\\/#primaryimage\",\"url\":\"https:\\\/\\\/i0.wp.com\\\/tahiriluxuryservices.ma\\\/wp-content\\\/uploads\\\/2024\\\/12\\\/Padel.jpg?fit=1300%2C774&ssl=1\",\"contentUrl\":\"https:\\\/\\\/i0.wp.com\\\/tahiriluxuryservices.ma\\\/wp-content\\\/uploads\\\/2024\\\/12\\\/Padel.jpg?fit=1300%2C774&ssl=1\",\"width\":1300,\"height\":774},{\"@type\":\"BreadcrumbList\",\"@id\":\"https:\\\/\\\/tahiriluxuryservices.ma\\\/product\\\/padel\\\/#breadcrumb\",\"itemListElement\":[{\"@type\":\"ListItem\",\"position\":1,\"name\":\"Accueil\",\"item\":\"https:\\\/\\\/tahiriluxuryservices.ma\\\/\"},{\"@type\":\"ListItem\",\"position\":2,\"name\":\"Shop\",\"item\":\"https:\\\/\\\/tahiriluxuryservices.ma\\\/shop\\\/\"},{\"@type\":\"ListItem\",\"position\":3,\"name\":\"Padel\"}]},{\"@type\":\"WebSite\",\"@id\":\"https:\\\/\\\/tahiriluxuryservices.ma\\\/#website\",\"url\":\"https:\\\/\\\/tahiriluxuryservices.ma\\\/\",\"name\":\"Tahiri Luxury Services\",\"description\":\"Chauffeur priv\u00e9 de luxe Marrakech\",\"potentialAction\":[{\"@type\":\"SearchAction\",\"target\":{\"@type\":\"EntryPoint\",\"urlTemplate\":\"https:\\\/\\\/tahiriluxuryservices.ma\\\/?s={search_term_string}\"},\"query-input\":{\"@type\":\"PropertyValueSpecification\",\"valueRequired\":true,\"valueName\":\"search_term_string\"}}],\"inLanguage\":\"fr-FR\"}]}<\/script>\n<!-- \/ Yoast SEO plugin. -->","yoast_head_json":{"title":"Padel - Tahiri Luxury Services","robots":{"index":"index","follow":"follow","max-snippet":"max-snippet:-1","max-image-preview":"max-image-preview:large","max-video-preview":"max-video-preview:-1"},"canonical":"https:\/\/tahiriluxuryservices.ma\/fr_fr\/product\/padel\/","og_locale":"fr_FR","og_type":"article","og_title":"Padel - Tahiri Luxury Services","og_description":"Vivez l'excitation du padel, un sport dynamique et convivial, avec Tahiri Luxury Services. Nous vous offrons un transport de luxe vers les clubs les plus prestigieux de Marrakech, o\u00f9 vous pourrez profiter de courts de padel modernes dans un cadre \u00e9l\u00e9gant et agr\u00e9able.  Que vous soyez d\u00e9butant ou joueur exp\u00e9riment\u00e9, nous nous assurons que vous acc\u00e9dez aux meilleures installations pour pratiquer ce sport en toute s\u00e9r\u00e9nit\u00e9. Nos chauffeurs professionnels vous garantiront un transport confortable et ponctuel, vous permettant de vous concentrer pleinement sur votre jeu. Avec Tahiri Luxury Services, chaque moment pass\u00e9 sur le court de padel devient une exp\u00e9rience raffin\u00e9e et inoubliable, alliant sport et d\u00e9tente dans un environnement exclusif.","og_url":"https:\/\/tahiriluxuryservices.ma\/fr_fr\/product\/padel\/","og_site_name":"Tahiri Luxury Services","article_modified_time":"2025-02-04T19:31:53+00:00","og_image":[{"width":1300,"height":774,"url":"https:\/\/tahiriluxuryservices.ma\/wp-content\/uploads\/2024\/12\/Padel.jpg","type":"image\/jpeg"}],"twitter_card":"summary_large_image","twitter_misc":{"Dur\u00e9e de lecture estim\u00e9e":"1 minute"},"schema":{"@context":"https:\/\/schema.org","@graph":[{"@type":"WebPage","@id":"https:\/\/tahiriluxuryservices.ma\/product\/padel\/","url":"https:\/\/tahiriluxuryservices.ma\/product\/padel\/","name":"Padel - Tahiri Luxury Services","isPartOf":{"@id":"https:\/\/tahiriluxuryservices.ma\/#website"},"primaryImageOfPage":{"@id":"https:\/\/tahiriluxuryservices.ma\/product\/padel\/#primaryimage"},"image":{"@id":"https:\/\/tahiriluxuryservices.ma\/product\/padel\/#primaryimage"},"thumbnailUrl":"https:\/\/i0.wp.com\/tahiriluxuryservices.ma\/wp-content\/uploads\/2024\/12\/Padel.jpg?fit=1300%2C774&ssl=1","datePublished":"2024-12-17T18:34:04+00:00","dateModified":"2025-02-04T19:31:53+00:00","breadcrumb":{"@id":"https:\/\/tahiriluxuryservices.ma\/product\/padel\/#breadcrumb"},"inLanguage":"fr-FR","potentialAction":[{"@type":"ReadAction","target":["https:\/\/tahiriluxuryservices.ma\/product\/padel\/"]}]},{"@type":"ImageObject","inLanguage":"fr-FR","@id":"https:\/\/tahiriluxuryservices.ma\/product\/padel\/#primaryimage","url":"https:\/\/i0.wp.com\/tahiriluxuryservices.ma\/wp-content\/uploads\/2024\/12\/Padel.jpg?fit=1300%2C774&ssl=1","contentUrl":"https:\/\/i0.wp.com\/tahiriluxuryservices.ma\/wp-content\/uploads\/2024\/12\/Padel.jpg?fit=1300%2C774&ssl=1","width":1300,"height":774},{"@type":"BreadcrumbList","@id":"https:\/\/tahiriluxuryservices.ma\/product\/padel\/#breadcrumb","itemListElement":[{"@type":"ListItem","position":1,"name":"Accueil","item":"https:\/\/tahiriluxuryservices.ma\/"},{"@type":"ListItem","position":2,"name":"Shop","item":"https:\/\/tahiriluxuryservices.ma\/shop\/"},{"@type":"ListItem","position":3,"name":"Padel"}]},{"@type":"WebSite","@id":"https:\/\/tahiriluxuryservices.ma\/#website","url":"https:\/\/tahiriluxuryservices.ma\/","name":"Tahiri Luxury Services","description":"Chauffeur priv\u00e9 de luxe Marrakech","potentialAction":[{"@type":"SearchAction","target":{"@type":"EntryPoint","urlTemplate":"https:\/\/tahiriluxuryservices.ma\/?s={search_term_string}"},"query-input":{"@type":"PropertyValueSpecification","valueRequired":true,"valueName":"search_term_string"}}],"inLanguage":"fr-FR"}]}},"jetpack_sharing_enabled":true,"_links":{"self":[{"href":"https:\/\/tahiriluxuryservices.ma\/fr_fr\/wp-json\/wp\/v2\/product\/8572","targetHints":{"allow":["GET"]}}],"collection":[{"href":"https:\/\/tahiriluxuryservices.ma\/fr_fr\/wp-json\/wp\/v2\/product"}],"about":[{"href":"https:\/\/tahiriluxuryservices.ma\/fr_fr\/wp-json\/wp\/v2\/types\/product"}],"replies":[{"embeddable":true,"href":"https:\/\/tahiriluxuryservices.ma\/fr_fr\/wp-json\/wp\/v2\/comments?post=8572"}],"version-history":[{"count":5,"href":"https:\/\/tahiriluxuryservices.ma\/fr_fr\/wp-json\/wp\/v2\/product\/8572\/revisions"}],"predecessor-version":[{"id":9135,"href":"https:\/\/tahiriluxuryservices.ma\/fr_fr\/wp-json\/wp\/v2\/product\/8572\/revisions\/9135"}],"wp:featuredmedia":[{"embeddable":true,"href":"https:\/\/tahiriluxuryservices.ma\/fr_fr\/wp-json\/wp\/v2\/media\/8593"}],"wp:attachment":[{"href":"https:\/\/tahiriluxuryservices.ma\/fr_fr\/wp-json\/wp\/v2\/media?parent=8572"}],"wp:term":[{"taxonomy":"product_brand","embeddable":true,"href":"https:\/\/tahiriluxuryservices.ma\/fr_fr\/wp-json\/wp\/v2\/product_brand?post=8572"},{"taxonomy":"product_cat","embeddable":true,"href":"https:\/\/tahiriluxuryservices.ma\/fr_fr\/wp-json\/wp\/v2\/product_cat?post=8572"},{"taxonomy":"product_tag","embeddable":true,"href":"https:\/\/tahiriluxuryservices.ma\/fr_fr\/wp-json\/wp\/v2\/product_tag?post=8572"}],"curies":[{"name":"wp","href":"https:\/\/api.w.org\/{rel}","templated":true}]}}