{"id":8574,"date":"2024-12-17T18:34:15","date_gmt":"2024-12-17T18:34:15","guid":{"rendered":"https:\/\/demo.tahiriluxuryservices.ma\/?post_type=product&#038;p=8574"},"modified":"2025-02-04T19:00:59","modified_gmt":"2025-02-04T19:00:59","slug":"experiences-culinaires","status":"publish","type":"product","link":"https:\/\/tahiriluxuryservices.ma\/fr_fr\/product\/experiences-culinaires\/","title":{"rendered":"Exp\u00e9riences culinaires"},"content":{"rendered":"<body>\t\t<div data-elementor-type=\"wp-post\" data-elementor-id=\"8574\" class=\"elementor elementor-8574\" data-elementor-post-type=\"product\">\n\t\t\t\t\t\t<section class=\"elementor-section elementor-top-section elementor-element elementor-element-e1a78c1 elementor-section-boxed elementor-section-height-default elementor-section-height-default\" data-id=\"e1a78c1\" data-element_type=\"section\" data-e-type=\"section\">\n\t\t\t\t\t\t<div class=\"elementor-container elementor-column-gap-default\">\n\t\t\t\t\t<div class=\"elementor-column elementor-col-50 elementor-top-column elementor-element elementor-element-28f7644\" data-id=\"28f7644\" data-element_type=\"column\" data-e-type=\"column\">\n\t\t\t<div class=\"elementor-widget-wrap elementor-element-populated\">\n\t\t\t\t\t\t<div class=\"elementor-element elementor-element-eef320c elementor-widget elementor-widget-text-editor\" data-id=\"eef320c\" data-element_type=\"widget\" data-e-type=\"widget\" data-widget_type=\"text-editor.default\">\n\t\t\t\t<div class=\"elementor-widget-container\">\n\t\t\t\t\t\t\t\t\t<p>Le Maroc est une terre o\u00f9 les saveurs se m\u00ealent aux couleurs, o\u00f9 chaque plat raconte une histoire. Avec Tahiri Luxury Services, nous vous emmenons dans une aventure culinaire inoubliable. Nous vous guidons \u00e0 travers les march\u00e9s vibrants de Marrakech, les souks d\u2019\u00e9pices de F\u00e8s, ou encore les riads secrets o\u00f9 les chefs locaux vous initieront \u00e0 la pr\u00e9paration de plats traditionnels comme le tajine, le couscous ou les p\u00e2tisseries marocaines. Chaque exp\u00e9rience gastronomique est pens\u00e9e pour \u00e9veiller vos papilles et vous faire d\u00e9couvrir les secrets bien gard\u00e9s de la cuisine marocaine, le tout dans un confort absolu, \u00e0 bord de v\u00e9hicules de luxe.<\/p>\t\t\t\t\t\t\t\t<\/div>\n\t\t\t\t<\/div>\n\t\t\t\t\t<\/div>\n\t\t<\/div>\n\t\t\t\t<div class=\"elementor-column elementor-col-50 elementor-top-column elementor-element elementor-element-fc8ee1c\" data-id=\"fc8ee1c\" data-element_type=\"column\" data-e-type=\"column\">\n\t\t\t<div class=\"elementor-widget-wrap elementor-element-populated\">\n\t\t\t\t\t\t<div class=\"elementor-element elementor-element-57ffef0 elementor-widget elementor-widget-text-editor\" data-id=\"57ffef0\" data-element_type=\"widget\" data-e-type=\"widget\" data-widget_type=\"text-editor.default\">\n\t\t\t\t<div class=\"elementor-widget-container\">\n\t\t\t\t\t\t\t\t\t<p>Au-del\u00e0 des repas, Tahiri Luxury Services vous propose des exp\u00e9riences culinaires sur mesure : des cours de cuisine priv\u00e9s, des d\u00e9gustations de vins marocains, ou encore des d\u00eeners gastronomiques dans des lieux exclusifs. Chaque moment est con\u00e7u pour vous offrir une immersion totale dans la culture culinaire du Maroc, tout en vous garantissant un service haut de gamme et personnalis\u00e9. Que vous soyez passionn\u00e9 de cuisine ou simplement curieux de d\u00e9couvrir de nouvelles saveurs, nous vous offrons une exp\u00e9rience gastronomique qui allie luxe, tradition et d\u00e9couverte.<\/p>\t\t\t\t\t\t\t\t<\/div>\n\t\t\t\t<\/div>\n\t\t\t\t\t<\/div>\n\t\t<\/div>\n\t\t\t\t\t<\/div>\n\t\t<\/section>\n\t\t\t\t<\/div>\n\t\t<\/body>","protected":false},"excerpt":{"rendered":"<p>D\u00e9couvrez les saveurs authentiques et raffin\u00e9es du Maroc avec Tahiri Luxury Services. Nous vous offrons une exp\u00e9rience culinaire exclusive, en vous conduisant vers les meilleurs restaurants, march\u00e9s et \u00e9tablissements gastronomiques de Marrakech et ses environs, o\u00f9 vous pourrez savourer une cuisine marocaine traditionnelle ou des plats internationaux de haute qualit\u00e9.<\/p>\n<p>Nos chauffeurs professionnels vous assurent un transport \u00e9l\u00e9gant et confortable, vous permettant de profiter pleinement de chaque d\u00e9gustation sans souci. Que vous souhaitiez explorer les souks de Marrakech, d\u00eener dans des restaurants \u00e9toil\u00e9s ou d\u00e9couvrir des sp\u00e9cialit\u00e9s locales lors de repas priv\u00e9s, nous nous engageons \u00e0 vous offrir un voyage gustatif m\u00e9morable. Avec Tahiri Luxury Services, chaque exp\u00e9rience culinaire devient un v\u00e9ritable moment de d\u00e9couverte et de plaisir.<\/p>\n","protected":false},"featured_media":8590,"comment_status":"closed","ping_status":"closed","template":"","meta":{"om_disable_all_campaigns":false},"product_brand":[],"product_cat":[89,86],"product_tag":[39,50],"class_list":{"0":"post-8574","1":"product","2":"type-product","3":"status-publish","4":"has-post-thumbnail","6":"product_cat-activites","7":"product_cat-conciergerie","8":"product_tag-car","9":"product_tag-luxorius","11":"first","12":"instock","13":"shipping-taxable","14":"product-type-simple"},"yoast_head":"<!-- This site is optimized with the Yoast SEO plugin v27.3 - https:\/\/yoast.com\/product\/yoast-seo-wordpress\/ -->\n<title>Exp\u00e9riences culinaires - Tahiri Luxury Services<\/title>\n<meta name=\"robots\" content=\"index, follow, max-snippet:-1, max-image-preview:large, max-video-preview:-1\" \/>\n<link rel=\"canonical\" href=\"https:\/\/tahiriluxuryservices.ma\/fr_fr\/product\/experiences-culinaires\/\" \/>\n<meta property=\"og:locale\" content=\"fr_FR\" \/>\n<meta property=\"og:type\" content=\"article\" \/>\n<meta property=\"og:title\" content=\"Exp\u00e9riences culinaires - Tahiri Luxury Services\" \/>\n<meta property=\"og:description\" content=\"D\u00e9couvrez les saveurs authentiques et raffin\u00e9es du Maroc avec Tahiri Luxury Services. Nous vous offrons une exp\u00e9rience culinaire exclusive, en vous conduisant vers les meilleurs restaurants, march\u00e9s et \u00e9tablissements gastronomiques de Marrakech et ses environs, o\u00f9 vous pourrez savourer une cuisine marocaine traditionnelle ou des plats internationaux de haute qualit\u00e9.  Nos chauffeurs professionnels vous assurent un transport \u00e9l\u00e9gant et confortable, vous permettant de profiter pleinement de chaque d\u00e9gustation sans souci. Que vous souhaitiez explorer les souks de Marrakech, d\u00eener dans des restaurants \u00e9toil\u00e9s ou d\u00e9couvrir des sp\u00e9cialit\u00e9s locales lors de repas priv\u00e9s, nous nous engageons \u00e0 vous offrir un voyage gustatif m\u00e9morable. Avec Tahiri Luxury Services, chaque exp\u00e9rience culinaire devient un v\u00e9ritable moment de d\u00e9couverte et de plaisir.\" \/>\n<meta property=\"og:url\" content=\"https:\/\/tahiriluxuryservices.ma\/fr_fr\/product\/experiences-culinaires\/\" \/>\n<meta property=\"og:site_name\" content=\"Tahiri Luxury Services\" \/>\n<meta property=\"article:modified_time\" content=\"2025-02-04T19:00:59+00:00\" \/>\n<meta property=\"og:image\" content=\"https:\/\/tahiriluxuryservices.ma\/wp-content\/uploads\/2024\/12\/Experiences-culinaires.jpg\" \/>\n\t<meta property=\"og:image:width\" content=\"1300\" \/>\n\t<meta property=\"og:image:height\" content=\"774\" \/>\n\t<meta property=\"og:image:type\" content=\"image\/jpeg\" \/>\n<meta name=\"twitter:card\" content=\"summary_large_image\" \/>\n<meta name=\"twitter:label1\" content=\"Dur\u00e9e de lecture estim\u00e9e\" \/>\n\t<meta name=\"twitter:data1\" content=\"1 minute\" \/>\n<script type=\"application\/ld+json\" class=\"yoast-schema-graph\">{\"@context\":\"https:\\\/\\\/schema.org\",\"@graph\":[{\"@type\":\"WebPage\",\"@id\":\"https:\\\/\\\/tahiriluxuryservices.ma\\\/product\\\/experiences-culinaires\\\/\",\"url\":\"https:\\\/\\\/tahiriluxuryservices.ma\\\/product\\\/experiences-culinaires\\\/\",\"name\":\"Exp\u00e9riences culinaires - Tahiri Luxury Services\",\"isPartOf\":{\"@id\":\"https:\\\/\\\/tahiriluxuryservices.ma\\\/#website\"},\"primaryImageOfPage\":{\"@id\":\"https:\\\/\\\/tahiriluxuryservices.ma\\\/product\\\/experiences-culinaires\\\/#primaryimage\"},\"image\":{\"@id\":\"https:\\\/\\\/tahiriluxuryservices.ma\\\/product\\\/experiences-culinaires\\\/#primaryimage\"},\"thumbnailUrl\":\"https:\\\/\\\/i0.wp.com\\\/tahiriluxuryservices.ma\\\/wp-content\\\/uploads\\\/2024\\\/12\\\/Experiences-culinaires.jpg?fit=1300%2C774&ssl=1\",\"datePublished\":\"2024-12-17T18:34:15+00:00\",\"dateModified\":\"2025-02-04T19:00:59+00:00\",\"breadcrumb\":{\"@id\":\"https:\\\/\\\/tahiriluxuryservices.ma\\\/product\\\/experiences-culinaires\\\/#breadcrumb\"},\"inLanguage\":\"fr-FR\",\"potentialAction\":[{\"@type\":\"ReadAction\",\"target\":[\"https:\\\/\\\/tahiriluxuryservices.ma\\\/product\\\/experiences-culinaires\\\/\"]}]},{\"@type\":\"ImageObject\",\"inLanguage\":\"fr-FR\",\"@id\":\"https:\\\/\\\/tahiriluxuryservices.ma\\\/product\\\/experiences-culinaires\\\/#primaryimage\",\"url\":\"https:\\\/\\\/i0.wp.com\\\/tahiriluxuryservices.ma\\\/wp-content\\\/uploads\\\/2024\\\/12\\\/Experiences-culinaires.jpg?fit=1300%2C774&ssl=1\",\"contentUrl\":\"https:\\\/\\\/i0.wp.com\\\/tahiriluxuryservices.ma\\\/wp-content\\\/uploads\\\/2024\\\/12\\\/Experiences-culinaires.jpg?fit=1300%2C774&ssl=1\",\"width\":1300,\"height\":774},{\"@type\":\"BreadcrumbList\",\"@id\":\"https:\\\/\\\/tahiriluxuryservices.ma\\\/product\\\/experiences-culinaires\\\/#breadcrumb\",\"itemListElement\":[{\"@type\":\"ListItem\",\"position\":1,\"name\":\"Accueil\",\"item\":\"https:\\\/\\\/tahiriluxuryservices.ma\\\/\"},{\"@type\":\"ListItem\",\"position\":2,\"name\":\"Shop\",\"item\":\"https:\\\/\\\/tahiriluxuryservices.ma\\\/shop\\\/\"},{\"@type\":\"ListItem\",\"position\":3,\"name\":\"Exp\u00e9riences culinaires\"}]},{\"@type\":\"WebSite\",\"@id\":\"https:\\\/\\\/tahiriluxuryservices.ma\\\/#website\",\"url\":\"https:\\\/\\\/tahiriluxuryservices.ma\\\/\",\"name\":\"Tahiri Luxury Services\",\"description\":\"Chauffeur priv\u00e9 de luxe Marrakech\",\"potentialAction\":[{\"@type\":\"SearchAction\",\"target\":{\"@type\":\"EntryPoint\",\"urlTemplate\":\"https:\\\/\\\/tahiriluxuryservices.ma\\\/?s={search_term_string}\"},\"query-input\":{\"@type\":\"PropertyValueSpecification\",\"valueRequired\":true,\"valueName\":\"search_term_string\"}}],\"inLanguage\":\"fr-FR\"}]}<\/script>\n<!-- \/ Yoast SEO plugin. -->","yoast_head_json":{"title":"Exp\u00e9riences culinaires - Tahiri Luxury Services","robots":{"index":"index","follow":"follow","max-snippet":"max-snippet:-1","max-image-preview":"max-image-preview:large","max-video-preview":"max-video-preview:-1"},"canonical":"https:\/\/tahiriluxuryservices.ma\/fr_fr\/product\/experiences-culinaires\/","og_locale":"fr_FR","og_type":"article","og_title":"Exp\u00e9riences culinaires - Tahiri Luxury Services","og_description":"D\u00e9couvrez les saveurs authentiques et raffin\u00e9es du Maroc avec Tahiri Luxury Services. Nous vous offrons une exp\u00e9rience culinaire exclusive, en vous conduisant vers les meilleurs restaurants, march\u00e9s et \u00e9tablissements gastronomiques de Marrakech et ses environs, o\u00f9 vous pourrez savourer une cuisine marocaine traditionnelle ou des plats internationaux de haute qualit\u00e9.  Nos chauffeurs professionnels vous assurent un transport \u00e9l\u00e9gant et confortable, vous permettant de profiter pleinement de chaque d\u00e9gustation sans souci. Que vous souhaitiez explorer les souks de Marrakech, d\u00eener dans des restaurants \u00e9toil\u00e9s ou d\u00e9couvrir des sp\u00e9cialit\u00e9s locales lors de repas priv\u00e9s, nous nous engageons \u00e0 vous offrir un voyage gustatif m\u00e9morable. Avec Tahiri Luxury Services, chaque exp\u00e9rience culinaire devient un v\u00e9ritable moment de d\u00e9couverte et de plaisir.","og_url":"https:\/\/tahiriluxuryservices.ma\/fr_fr\/product\/experiences-culinaires\/","og_site_name":"Tahiri Luxury Services","article_modified_time":"2025-02-04T19:00:59+00:00","og_image":[{"width":1300,"height":774,"url":"https:\/\/tahiriluxuryservices.ma\/wp-content\/uploads\/2024\/12\/Experiences-culinaires.jpg","type":"image\/jpeg"}],"twitter_card":"summary_large_image","twitter_misc":{"Dur\u00e9e de lecture estim\u00e9e":"1 minute"},"schema":{"@context":"https:\/\/schema.org","@graph":[{"@type":"WebPage","@id":"https:\/\/tahiriluxuryservices.ma\/product\/experiences-culinaires\/","url":"https:\/\/tahiriluxuryservices.ma\/product\/experiences-culinaires\/","name":"Exp\u00e9riences culinaires - Tahiri Luxury Services","isPartOf":{"@id":"https:\/\/tahiriluxuryservices.ma\/#website"},"primaryImageOfPage":{"@id":"https:\/\/tahiriluxuryservices.ma\/product\/experiences-culinaires\/#primaryimage"},"image":{"@id":"https:\/\/tahiriluxuryservices.ma\/product\/experiences-culinaires\/#primaryimage"},"thumbnailUrl":"https:\/\/i0.wp.com\/tahiriluxuryservices.ma\/wp-content\/uploads\/2024\/12\/Experiences-culinaires.jpg?fit=1300%2C774&ssl=1","datePublished":"2024-12-17T18:34:15+00:00","dateModified":"2025-02-04T19:00:59+00:00","breadcrumb":{"@id":"https:\/\/tahiriluxuryservices.ma\/product\/experiences-culinaires\/#breadcrumb"},"inLanguage":"fr-FR","potentialAction":[{"@type":"ReadAction","target":["https:\/\/tahiriluxuryservices.ma\/product\/experiences-culinaires\/"]}]},{"@type":"ImageObject","inLanguage":"fr-FR","@id":"https:\/\/tahiriluxuryservices.ma\/product\/experiences-culinaires\/#primaryimage","url":"https:\/\/i0.wp.com\/tahiriluxuryservices.ma\/wp-content\/uploads\/2024\/12\/Experiences-culinaires.jpg?fit=1300%2C774&ssl=1","contentUrl":"https:\/\/i0.wp.com\/tahiriluxuryservices.ma\/wp-content\/uploads\/2024\/12\/Experiences-culinaires.jpg?fit=1300%2C774&ssl=1","width":1300,"height":774},{"@type":"BreadcrumbList","@id":"https:\/\/tahiriluxuryservices.ma\/product\/experiences-culinaires\/#breadcrumb","itemListElement":[{"@type":"ListItem","position":1,"name":"Accueil","item":"https:\/\/tahiriluxuryservices.ma\/"},{"@type":"ListItem","position":2,"name":"Shop","item":"https:\/\/tahiriluxuryservices.ma\/shop\/"},{"@type":"ListItem","position":3,"name":"Exp\u00e9riences culinaires"}]},{"@type":"WebSite","@id":"https:\/\/tahiriluxuryservices.ma\/#website","url":"https:\/\/tahiriluxuryservices.ma\/","name":"Tahiri Luxury Services","description":"Chauffeur priv\u00e9 de luxe Marrakech","potentialAction":[{"@type":"SearchAction","target":{"@type":"EntryPoint","urlTemplate":"https:\/\/tahiriluxuryservices.ma\/?s={search_term_string}"},"query-input":{"@type":"PropertyValueSpecification","valueRequired":true,"valueName":"search_term_string"}}],"inLanguage":"fr-FR"}]}},"jetpack_sharing_enabled":true,"_links":{"self":[{"href":"https:\/\/tahiriluxuryservices.ma\/fr_fr\/wp-json\/wp\/v2\/product\/8574","targetHints":{"allow":["GET"]}}],"collection":[{"href":"https:\/\/tahiriluxuryservices.ma\/fr_fr\/wp-json\/wp\/v2\/product"}],"about":[{"href":"https:\/\/tahiriluxuryservices.ma\/fr_fr\/wp-json\/wp\/v2\/types\/product"}],"replies":[{"embeddable":true,"href":"https:\/\/tahiriluxuryservices.ma\/fr_fr\/wp-json\/wp\/v2\/comments?post=8574"}],"version-history":[{"count":5,"href":"https:\/\/tahiriluxuryservices.ma\/fr_fr\/wp-json\/wp\/v2\/product\/8574\/revisions"}],"predecessor-version":[{"id":9123,"href":"https:\/\/tahiriluxuryservices.ma\/fr_fr\/wp-json\/wp\/v2\/product\/8574\/revisions\/9123"}],"wp:featuredmedia":[{"embeddable":true,"href":"https:\/\/tahiriluxuryservices.ma\/fr_fr\/wp-json\/wp\/v2\/media\/8590"}],"wp:attachment":[{"href":"https:\/\/tahiriluxuryservices.ma\/fr_fr\/wp-json\/wp\/v2\/media?parent=8574"}],"wp:term":[{"taxonomy":"product_brand","embeddable":true,"href":"https:\/\/tahiriluxuryservices.ma\/fr_fr\/wp-json\/wp\/v2\/product_brand?post=8574"},{"taxonomy":"product_cat","embeddable":true,"href":"https:\/\/tahiriluxuryservices.ma\/fr_fr\/wp-json\/wp\/v2\/product_cat?post=8574"},{"taxonomy":"product_tag","embeddable":true,"href":"https:\/\/tahiriluxuryservices.ma\/fr_fr\/wp-json\/wp\/v2\/product_tag?post=8574"}],"curies":[{"name":"wp","href":"https:\/\/api.w.org\/{rel}","templated":true}]}}