{"id":8664,"date":"2024-12-19T16:35:09","date_gmt":"2024-12-19T16:35:09","guid":{"rendered":"https:\/\/demo.tahiriluxuryservices.ma\/?post_type=product&#038;p=8664"},"modified":"2025-02-04T13:26:50","modified_gmt":"2025-02-04T13:26:50","slug":"reception-privee","status":"publish","type":"product","link":"https:\/\/tahiriluxuryservices.ma\/fr_fr\/product\/reception-privee\/","title":{"rendered":"R\u00e9ception priv\u00e9e"},"content":{"rendered":"<body>\t\t<div data-elementor-type=\"wp-post\" data-elementor-id=\"8664\" class=\"elementor elementor-8664\" data-elementor-post-type=\"product\">\n\t\t\t\t\t\t<section class=\"elementor-section elementor-top-section elementor-element elementor-element-e1a78c1 elementor-section-boxed elementor-section-height-default elementor-section-height-default\" data-id=\"e1a78c1\" data-element_type=\"section\" data-e-type=\"section\">\n\t\t\t\t\t\t<div class=\"elementor-container elementor-column-gap-default\">\n\t\t\t\t\t<div class=\"elementor-column elementor-col-50 elementor-top-column elementor-element elementor-element-28f7644\" data-id=\"28f7644\" data-element_type=\"column\" data-e-type=\"column\">\n\t\t\t<div class=\"elementor-widget-wrap elementor-element-populated\">\n\t\t\t\t\t\t<div class=\"elementor-element elementor-element-eef320c elementor-widget elementor-widget-text-editor\" data-id=\"eef320c\" data-element_type=\"widget\" data-e-type=\"widget\" data-widget_type=\"text-editor.default\">\n\t\t\t\t<div class=\"elementor-widget-container\">\n\t\t\t\t\t\t\t\t\t<p>Transformez votre \u00e9v\u00e9nement priv\u00e9 en une exp\u00e9rience inoubliable avec Tahiri Luxury Services. Que vous organisiez un anniversaire prestigieux, une soir\u00e9e exclusive ou une c\u00e9l\u00e9bration intime, nous vous accompagnons dans la cr\u00e9ation d\u2019une r\u00e9ception parfaitement orchestr\u00e9e. Des palais traditionnels de Marrakech aux villas modernes avec vue panoramique, nous s\u00e9lectionnons des lieux d\u2019exception adapt\u00e9s \u00e0 votre style et \u00e0 vos envies. Chaque d\u00e9tail, de la d\u00e9coration raffin\u00e9e \u00e0 l\u2019accueil personnalis\u00e9, est pens\u00e9 pour refl\u00e9ter votre vision et marquer les esprits.<\/p>\t\t\t\t\t\t\t\t<\/div>\n\t\t\t\t<\/div>\n\t\t\t\t\t<\/div>\n\t\t<\/div>\n\t\t\t\t<div class=\"elementor-column elementor-col-50 elementor-top-column elementor-element elementor-element-fc8ee1c\" data-id=\"fc8ee1c\" data-element_type=\"column\" data-e-type=\"column\">\n\t\t\t<div class=\"elementor-widget-wrap elementor-element-populated\">\n\t\t\t\t\t\t<div class=\"elementor-element elementor-element-57ffef0 elementor-widget elementor-widget-text-editor\" data-id=\"57ffef0\" data-element_type=\"widget\" data-e-type=\"widget\" data-widget_type=\"text-editor.default\">\n\t\t\t\t<div class=\"elementor-widget-container\">\n\t\t\t\t\t\t\t\t\t<p>Notre service sur mesure ne laisse rien au hasard : transport en v\u00e9hicules de luxe pour vos invit\u00e9s, choix des meilleurs traiteurs et animations exclusives pour sublimer votre r\u00e9ception. Vous souhaitez une ambiance chic avec un groupe de musique live ou un d\u00eener gastronomique sous les \u00e9toiles ? Notre \u00e9quipe veille \u00e0 concr\u00e9tiser vos souhaits avec professionnalisme et une attention particuli\u00e8re \u00e0 vos besoins. Avec Tahiri Luxury Services, une r\u00e9ception priv\u00e9e au Maroc devient une exp\u00e9rience \u00e9l\u00e9gante, m\u00e9morable et profond\u00e9ment unique.<\/p>\t\t\t\t\t\t\t\t<\/div>\n\t\t\t\t<\/div>\n\t\t\t\t\t<\/div>\n\t\t<\/div>\n\t\t\t\t\t<\/div>\n\t\t<\/section>\n\t\t\t\t<\/div>\n\t\t<\/body>","protected":false},"excerpt":{"rendered":"<p>Faites de votre r\u00e9ception priv\u00e9e un \u00e9v\u00e9nement exceptionnel avec Tahiri Luxury Services. Nous mettons \u00e0 votre disposition des services de transport haut de gamme pour garantir une exp\u00e9rience in\u00e9gal\u00e9e \u00e0 vos invit\u00e9s, d\u00e8s leur arriv\u00e9e. Que ce soit pour une f\u00eate intime, un d\u00eener exclusif ou une c\u00e9l\u00e9bration sp\u00e9ciale, nous assurons des transferts luxueux et ponctuels, adapt\u00e9s \u00e0 vos besoins sp\u00e9cifiques.<\/p>\n<p>Nos v\u00e9hicules \u00e9l\u00e9gants, combin\u00e9s \u00e0 l\u2019expertise de nos chauffeurs professionnels, offrent confort, discr\u00e9tion et raffinement. En collaboration avec les lieux les plus prestigieux de Marrakech et ses environs, nous vous accompagnons dans l\u2019organisation de r\u00e9ceptions priv\u00e9es m\u00e9morables. Laissez Tahiri Luxury Services transformer chaque d\u00e9tail logistique en une exp\u00e9rience fluide et sophistiqu\u00e9e, vous permettant de vous concentrer sur l\u2019essentiel : profiter de votre \u00e9v\u00e9nement en toute s\u00e9r\u00e9nit\u00e9.<\/p>\n","protected":false},"featured_media":8868,"comment_status":"closed","ping_status":"closed","template":"","meta":{"om_disable_all_campaigns":false},"product_brand":[],"product_cat":[91],"product_tag":[39,50],"class_list":{"0":"post-8664","1":"product","2":"type-product","3":"status-publish","4":"has-post-thumbnail","6":"product_cat-celebrations","7":"product_tag-car","8":"product_tag-luxorius","10":"first","11":"instock","12":"shipping-taxable","13":"product-type-simple"},"yoast_head":"<!-- This site is optimized with the Yoast SEO plugin v27.5 - https:\/\/yoast.com\/product\/yoast-seo-wordpress\/ -->\n<title>R\u00e9ception priv\u00e9e - Tahiri Luxury Services<\/title>\n<meta name=\"robots\" content=\"index, follow, max-snippet:-1, max-image-preview:large, max-video-preview:-1\" \/>\n<link rel=\"canonical\" href=\"https:\/\/tahiriluxuryservices.ma\/fr_fr\/product\/reception-privee\/\" \/>\n<meta property=\"og:locale\" content=\"fr_FR\" \/>\n<meta property=\"og:type\" content=\"article\" \/>\n<meta property=\"og:title\" content=\"R\u00e9ception priv\u00e9e - Tahiri Luxury Services\" \/>\n<meta property=\"og:description\" content=\"Faites de votre r\u00e9ception priv\u00e9e un \u00e9v\u00e9nement exceptionnel avec Tahiri Luxury Services. Nous mettons \u00e0 votre disposition des services de transport haut de gamme pour garantir une exp\u00e9rience in\u00e9gal\u00e9e \u00e0 vos invit\u00e9s, d\u00e8s leur arriv\u00e9e. Que ce soit pour une f\u00eate intime, un d\u00eener exclusif ou une c\u00e9l\u00e9bration sp\u00e9ciale, nous assurons des transferts luxueux et ponctuels, adapt\u00e9s \u00e0 vos besoins sp\u00e9cifiques.  Nos v\u00e9hicules \u00e9l\u00e9gants, combin\u00e9s \u00e0 l\u2019expertise de nos chauffeurs professionnels, offrent confort, discr\u00e9tion et raffinement. En collaboration avec les lieux les plus prestigieux de Marrakech et ses environs, nous vous accompagnons dans l\u2019organisation de r\u00e9ceptions priv\u00e9es m\u00e9morables. Laissez Tahiri Luxury Services transformer chaque d\u00e9tail logistique en une exp\u00e9rience fluide et sophistiqu\u00e9e, vous permettant de vous concentrer sur l\u2019essentiel : profiter de votre \u00e9v\u00e9nement en toute s\u00e9r\u00e9nit\u00e9.\" \/>\n<meta property=\"og:url\" content=\"https:\/\/tahiriluxuryservices.ma\/fr_fr\/product\/reception-privee\/\" \/>\n<meta property=\"og:site_name\" content=\"Tahiri Luxury Services\" \/>\n<meta property=\"article:modified_time\" content=\"2025-02-04T13:26:50+00:00\" \/>\n<meta property=\"og:image\" content=\"https:\/\/tahiriluxuryservices.ma\/wp-content\/uploads\/2024\/12\/Reception-privee.jpg\" \/>\n\t<meta property=\"og:image:width\" content=\"1300\" \/>\n\t<meta property=\"og:image:height\" content=\"774\" \/>\n\t<meta property=\"og:image:type\" content=\"image\/jpeg\" \/>\n<meta name=\"twitter:card\" content=\"summary_large_image\" \/>\n<meta name=\"twitter:label1\" content=\"Dur\u00e9e de lecture estim\u00e9e\" \/>\n\t<meta name=\"twitter:data1\" content=\"1 minute\" \/>\n<script type=\"application\/ld+json\" class=\"yoast-schema-graph\">{\"@context\":\"https:\\\/\\\/schema.org\",\"@graph\":[{\"@type\":\"WebPage\",\"@id\":\"https:\\\/\\\/tahiriluxuryservices.ma\\\/product\\\/reception-privee\\\/\",\"url\":\"https:\\\/\\\/tahiriluxuryservices.ma\\\/product\\\/reception-privee\\\/\",\"name\":\"R\u00e9ception priv\u00e9e - Tahiri Luxury Services\",\"isPartOf\":{\"@id\":\"https:\\\/\\\/tahiriluxuryservices.ma\\\/#website\"},\"primaryImageOfPage\":{\"@id\":\"https:\\\/\\\/tahiriluxuryservices.ma\\\/product\\\/reception-privee\\\/#primaryimage\"},\"image\":{\"@id\":\"https:\\\/\\\/tahiriluxuryservices.ma\\\/product\\\/reception-privee\\\/#primaryimage\"},\"thumbnailUrl\":\"https:\\\/\\\/i0.wp.com\\\/tahiriluxuryservices.ma\\\/wp-content\\\/uploads\\\/2024\\\/12\\\/Reception-privee.jpg?fit=1300%2C774&ssl=1\",\"datePublished\":\"2024-12-19T16:35:09+00:00\",\"dateModified\":\"2025-02-04T13:26:50+00:00\",\"breadcrumb\":{\"@id\":\"https:\\\/\\\/tahiriluxuryservices.ma\\\/product\\\/reception-privee\\\/#breadcrumb\"},\"inLanguage\":\"fr-FR\",\"potentialAction\":[{\"@type\":\"ReadAction\",\"target\":[\"https:\\\/\\\/tahiriluxuryservices.ma\\\/product\\\/reception-privee\\\/\"]}]},{\"@type\":\"ImageObject\",\"inLanguage\":\"fr-FR\",\"@id\":\"https:\\\/\\\/tahiriluxuryservices.ma\\\/product\\\/reception-privee\\\/#primaryimage\",\"url\":\"https:\\\/\\\/i0.wp.com\\\/tahiriluxuryservices.ma\\\/wp-content\\\/uploads\\\/2024\\\/12\\\/Reception-privee.jpg?fit=1300%2C774&ssl=1\",\"contentUrl\":\"https:\\\/\\\/i0.wp.com\\\/tahiriluxuryservices.ma\\\/wp-content\\\/uploads\\\/2024\\\/12\\\/Reception-privee.jpg?fit=1300%2C774&ssl=1\",\"width\":1300,\"height\":774},{\"@type\":\"BreadcrumbList\",\"@id\":\"https:\\\/\\\/tahiriluxuryservices.ma\\\/product\\\/reception-privee\\\/#breadcrumb\",\"itemListElement\":[{\"@type\":\"ListItem\",\"position\":1,\"name\":\"Accueil\",\"item\":\"https:\\\/\\\/tahiriluxuryservices.ma\\\/\"},{\"@type\":\"ListItem\",\"position\":2,\"name\":\"Shop\",\"item\":\"https:\\\/\\\/tahiriluxuryservices.ma\\\/shop\\\/\"},{\"@type\":\"ListItem\",\"position\":3,\"name\":\"R\u00e9ception priv\u00e9e\"}]},{\"@type\":\"WebSite\",\"@id\":\"https:\\\/\\\/tahiriluxuryservices.ma\\\/#website\",\"url\":\"https:\\\/\\\/tahiriluxuryservices.ma\\\/\",\"name\":\"Tahiri Luxury Services\",\"description\":\"Chauffeur priv\u00e9 de luxe Marrakech\",\"potentialAction\":[{\"@type\":\"SearchAction\",\"target\":{\"@type\":\"EntryPoint\",\"urlTemplate\":\"https:\\\/\\\/tahiriluxuryservices.ma\\\/?s={search_term_string}\"},\"query-input\":{\"@type\":\"PropertyValueSpecification\",\"valueRequired\":true,\"valueName\":\"search_term_string\"}}],\"inLanguage\":\"fr-FR\"}]}<\/script>\n<!-- \/ Yoast SEO plugin. -->","yoast_head_json":{"title":"R\u00e9ception priv\u00e9e - Tahiri Luxury Services","robots":{"index":"index","follow":"follow","max-snippet":"max-snippet:-1","max-image-preview":"max-image-preview:large","max-video-preview":"max-video-preview:-1"},"canonical":"https:\/\/tahiriluxuryservices.ma\/fr_fr\/product\/reception-privee\/","og_locale":"fr_FR","og_type":"article","og_title":"R\u00e9ception priv\u00e9e - Tahiri Luxury Services","og_description":"Faites de votre r\u00e9ception priv\u00e9e un \u00e9v\u00e9nement exceptionnel avec Tahiri Luxury Services. Nous mettons \u00e0 votre disposition des services de transport haut de gamme pour garantir une exp\u00e9rience in\u00e9gal\u00e9e \u00e0 vos invit\u00e9s, d\u00e8s leur arriv\u00e9e. Que ce soit pour une f\u00eate intime, un d\u00eener exclusif ou une c\u00e9l\u00e9bration sp\u00e9ciale, nous assurons des transferts luxueux et ponctuels, adapt\u00e9s \u00e0 vos besoins sp\u00e9cifiques.  Nos v\u00e9hicules \u00e9l\u00e9gants, combin\u00e9s \u00e0 l\u2019expertise de nos chauffeurs professionnels, offrent confort, discr\u00e9tion et raffinement. En collaboration avec les lieux les plus prestigieux de Marrakech et ses environs, nous vous accompagnons dans l\u2019organisation de r\u00e9ceptions priv\u00e9es m\u00e9morables. Laissez Tahiri Luxury Services transformer chaque d\u00e9tail logistique en une exp\u00e9rience fluide et sophistiqu\u00e9e, vous permettant de vous concentrer sur l\u2019essentiel : profiter de votre \u00e9v\u00e9nement en toute s\u00e9r\u00e9nit\u00e9.","og_url":"https:\/\/tahiriluxuryservices.ma\/fr_fr\/product\/reception-privee\/","og_site_name":"Tahiri Luxury Services","article_modified_time":"2025-02-04T13:26:50+00:00","og_image":[{"width":1300,"height":774,"url":"https:\/\/tahiriluxuryservices.ma\/wp-content\/uploads\/2024\/12\/Reception-privee.jpg","type":"image\/jpeg"}],"twitter_card":"summary_large_image","twitter_misc":{"Dur\u00e9e de lecture estim\u00e9e":"1 minute"},"schema":{"@context":"https:\/\/schema.org","@graph":[{"@type":"WebPage","@id":"https:\/\/tahiriluxuryservices.ma\/product\/reception-privee\/","url":"https:\/\/tahiriluxuryservices.ma\/product\/reception-privee\/","name":"R\u00e9ception priv\u00e9e - Tahiri Luxury Services","isPartOf":{"@id":"https:\/\/tahiriluxuryservices.ma\/#website"},"primaryImageOfPage":{"@id":"https:\/\/tahiriluxuryservices.ma\/product\/reception-privee\/#primaryimage"},"image":{"@id":"https:\/\/tahiriluxuryservices.ma\/product\/reception-privee\/#primaryimage"},"thumbnailUrl":"https:\/\/i0.wp.com\/tahiriluxuryservices.ma\/wp-content\/uploads\/2024\/12\/Reception-privee.jpg?fit=1300%2C774&ssl=1","datePublished":"2024-12-19T16:35:09+00:00","dateModified":"2025-02-04T13:26:50+00:00","breadcrumb":{"@id":"https:\/\/tahiriluxuryservices.ma\/product\/reception-privee\/#breadcrumb"},"inLanguage":"fr-FR","potentialAction":[{"@type":"ReadAction","target":["https:\/\/tahiriluxuryservices.ma\/product\/reception-privee\/"]}]},{"@type":"ImageObject","inLanguage":"fr-FR","@id":"https:\/\/tahiriluxuryservices.ma\/product\/reception-privee\/#primaryimage","url":"https:\/\/i0.wp.com\/tahiriluxuryservices.ma\/wp-content\/uploads\/2024\/12\/Reception-privee.jpg?fit=1300%2C774&ssl=1","contentUrl":"https:\/\/i0.wp.com\/tahiriluxuryservices.ma\/wp-content\/uploads\/2024\/12\/Reception-privee.jpg?fit=1300%2C774&ssl=1","width":1300,"height":774},{"@type":"BreadcrumbList","@id":"https:\/\/tahiriluxuryservices.ma\/product\/reception-privee\/#breadcrumb","itemListElement":[{"@type":"ListItem","position":1,"name":"Accueil","item":"https:\/\/tahiriluxuryservices.ma\/"},{"@type":"ListItem","position":2,"name":"Shop","item":"https:\/\/tahiriluxuryservices.ma\/shop\/"},{"@type":"ListItem","position":3,"name":"R\u00e9ception priv\u00e9e"}]},{"@type":"WebSite","@id":"https:\/\/tahiriluxuryservices.ma\/#website","url":"https:\/\/tahiriluxuryservices.ma\/","name":"Tahiri Luxury Services","description":"Chauffeur priv\u00e9 de luxe Marrakech","potentialAction":[{"@type":"SearchAction","target":{"@type":"EntryPoint","urlTemplate":"https:\/\/tahiriluxuryservices.ma\/?s={search_term_string}"},"query-input":{"@type":"PropertyValueSpecification","valueRequired":true,"valueName":"search_term_string"}}],"inLanguage":"fr-FR"}]}},"jetpack_sharing_enabled":true,"_links":{"self":[{"href":"https:\/\/tahiriluxuryservices.ma\/fr_fr\/wp-json\/wp\/v2\/product\/8664","targetHints":{"allow":["GET"]}}],"collection":[{"href":"https:\/\/tahiriluxuryservices.ma\/fr_fr\/wp-json\/wp\/v2\/product"}],"about":[{"href":"https:\/\/tahiriluxuryservices.ma\/fr_fr\/wp-json\/wp\/v2\/types\/product"}],"replies":[{"embeddable":true,"href":"https:\/\/tahiriluxuryservices.ma\/fr_fr\/wp-json\/wp\/v2\/comments?post=8664"}],"version-history":[{"count":5,"href":"https:\/\/tahiriluxuryservices.ma\/fr_fr\/wp-json\/wp\/v2\/product\/8664\/revisions"}],"predecessor-version":[{"id":9065,"href":"https:\/\/tahiriluxuryservices.ma\/fr_fr\/wp-json\/wp\/v2\/product\/8664\/revisions\/9065"}],"wp:featuredmedia":[{"embeddable":true,"href":"https:\/\/tahiriluxuryservices.ma\/fr_fr\/wp-json\/wp\/v2\/media\/8868"}],"wp:attachment":[{"href":"https:\/\/tahiriluxuryservices.ma\/fr_fr\/wp-json\/wp\/v2\/media?parent=8664"}],"wp:term":[{"taxonomy":"product_brand","embeddable":true,"href":"https:\/\/tahiriluxuryservices.ma\/fr_fr\/wp-json\/wp\/v2\/product_brand?post=8664"},{"taxonomy":"product_cat","embeddable":true,"href":"https:\/\/tahiriluxuryservices.ma\/fr_fr\/wp-json\/wp\/v2\/product_cat?post=8664"},{"taxonomy":"product_tag","embeddable":true,"href":"https:\/\/tahiriluxuryservices.ma\/fr_fr\/wp-json\/wp\/v2\/product_tag?post=8664"}],"curies":[{"name":"wp","href":"https:\/\/api.w.org\/{rel}","templated":true}]}}