{"id":8666,"date":"2024-12-19T16:36:24","date_gmt":"2024-12-19T16:36:24","guid":{"rendered":"https:\/\/demo.tahiriluxuryservices.ma\/?post_type=product&#038;p=8666"},"modified":"2025-02-04T13:10:31","modified_gmt":"2025-02-04T13:10:31","slug":"mariage","status":"publish","type":"product","link":"https:\/\/tahiriluxuryservices.ma\/fr_fr\/product\/mariage\/","title":{"rendered":"Mariage"},"content":{"rendered":"<body>\t\t<div data-elementor-type=\"wp-post\" data-elementor-id=\"8666\" class=\"elementor elementor-8666\" data-elementor-post-type=\"product\">\n\t\t\t\t\t\t<section class=\"elementor-section elementor-top-section elementor-element elementor-element-e1a78c1 elementor-section-boxed elementor-section-height-default elementor-section-height-default\" data-id=\"e1a78c1\" data-element_type=\"section\" data-e-type=\"section\">\n\t\t\t\t\t\t<div class=\"elementor-container elementor-column-gap-default\">\n\t\t\t\t\t<div class=\"elementor-column elementor-col-50 elementor-top-column elementor-element elementor-element-28f7644\" data-id=\"28f7644\" data-element_type=\"column\" data-e-type=\"column\">\n\t\t\t<div class=\"elementor-widget-wrap elementor-element-populated\">\n\t\t\t\t\t\t<div class=\"elementor-element elementor-element-eef320c elementor-widget elementor-widget-text-editor\" data-id=\"eef320c\" data-element_type=\"widget\" data-e-type=\"widget\" data-widget_type=\"text-editor.default\">\n\t\t\t\t<div class=\"elementor-widget-container\">\n\t\t\t\t\t\t\t\t\t<p>Imaginez votre mariage dans un cadre f\u00e9\u00e9rique, o\u00f9 chaque d\u00e9tail raconte votre histoire d\u2019amour. Chez Tahiri Luxury Services, nous vous accompagnons pour transformer ce moment unique en une exp\u00e9rience inoubliable. Que vous r\u00eaviez d\u2019une c\u00e9r\u00e9monie intime au bord de l\u2019oc\u00e9an, d\u2019une r\u00e9ception somptueuse dans un palais marocain, ou d\u2019un d\u00eener sous les \u00e9toiles dans le d\u00e9sert, nous mettons \u00e0 votre disposition notre expertise et notre r\u00e9seau exclusif pour cr\u00e9er une c\u00e9l\u00e9bration \u00e0 votre image.<\/p>\t\t\t\t\t\t\t\t<\/div>\n\t\t\t\t<\/div>\n\t\t\t\t\t<\/div>\n\t\t<\/div>\n\t\t\t\t<div class=\"elementor-column elementor-col-50 elementor-top-column elementor-element elementor-element-fc8ee1c\" data-id=\"fc8ee1c\" data-element_type=\"column\" data-e-type=\"column\">\n\t\t\t<div class=\"elementor-widget-wrap elementor-element-populated\">\n\t\t\t\t\t\t<div class=\"elementor-element elementor-element-57ffef0 elementor-widget elementor-widget-text-editor\" data-id=\"57ffef0\" data-element_type=\"widget\" data-e-type=\"widget\" data-widget_type=\"text-editor.default\">\n\t\t\t\t<div class=\"elementor-widget-container\">\n\t\t\t\t\t\t\t\t\t<p>Tout est pens\u00e9 pour que vous puissiez profiter pleinement de votre journ\u00e9e. De l\u2019accueil \u00e9l\u00e9gant de vos invit\u00e9s \u00e0 leur transport dans des v\u00e9hicules haut de gamme, en passant par la coordination parfaite avec les meilleurs prestataires du pays, nous g\u00e9rons chaque \u00e9tape avec soin. Avec une attention particuli\u00e8re port\u00e9e \u00e0 vos envies et une approche humaine et chaleureuse, Tahiri Luxury Services vous offre bien plus qu\u2019un mariage : une aventure unique, ancr\u00e9e dans l\u2019authenticit\u00e9 et le luxe sur-mesure.<\/p>\t\t\t\t\t\t\t\t<\/div>\n\t\t\t\t<\/div>\n\t\t\t\t\t<\/div>\n\t\t<\/div>\n\t\t\t\t\t<\/div>\n\t\t<\/section>\n\t\t\t\t<\/div>\n\t\t<\/body>","protected":false},"excerpt":{"rendered":"<p>Le jour de votre mariage m\u00e9rite d\u2019\u00eatre parfait, et Tahiri Luxury Services est l\u00e0 pour y contribuer en vous offrant des services de transport luxueux et personnalis\u00e9s. Que ce soit pour l\u2019arriv\u00e9e \u00e9l\u00e9gante des mari\u00e9s, le transport confortable des invit\u00e9s ou des solutions sur mesure pour tous vos besoins, nous mettons \u00e0 votre disposition une flotte de v\u00e9hicules haut de gamme accompagn\u00e9e de chauffeurs professionnels, alliant ponctualit\u00e9, discr\u00e9tion et excellence.<\/p>\n<p>Nos services incluent \u00e9galement des transferts pour vos invit\u00e9s, des escapades romantiques pour les mari\u00e9s, et un accompagnement impeccable pour tous vos \u00e9v\u00e9nements li\u00e9s au mariage. Avec Tahiri Luxury Services, chaque trajet devient une exp\u00e9rience raffin\u00e9e, ajoutant une touche de sophistication et contribuant \u00e0 faire de votre mariage une journ\u00e9e inoubliable et sans stress.<\/p>\n","protected":false},"featured_media":8863,"comment_status":"closed","ping_status":"closed","template":"","meta":{"om_disable_all_campaigns":false},"product_brand":[],"product_cat":[91],"product_tag":[39,50],"class_list":{"0":"post-8666","1":"product","2":"type-product","3":"status-publish","4":"has-post-thumbnail","6":"product_cat-celebrations","7":"product_tag-car","8":"product_tag-luxorius","10":"first","11":"instock","12":"shipping-taxable","13":"product-type-simple"},"yoast_head":"<!-- This site is optimized with the Yoast SEO plugin v27.3 - https:\/\/yoast.com\/product\/yoast-seo-wordpress\/ -->\n<title>Mariage - Tahiri Luxury Services<\/title>\n<meta name=\"robots\" content=\"index, follow, max-snippet:-1, max-image-preview:large, max-video-preview:-1\" \/>\n<link rel=\"canonical\" href=\"https:\/\/tahiriluxuryservices.ma\/fr_fr\/product\/mariage\/\" \/>\n<meta property=\"og:locale\" content=\"fr_FR\" \/>\n<meta property=\"og:type\" content=\"article\" \/>\n<meta property=\"og:title\" content=\"Mariage - Tahiri Luxury Services\" \/>\n<meta property=\"og:description\" content=\"Le jour de votre mariage m\u00e9rite d\u2019\u00eatre parfait, et Tahiri Luxury Services est l\u00e0 pour y contribuer en vous offrant des services de transport luxueux et personnalis\u00e9s. Que ce soit pour l\u2019arriv\u00e9e \u00e9l\u00e9gante des mari\u00e9s, le transport confortable des invit\u00e9s ou des solutions sur mesure pour tous vos besoins, nous mettons \u00e0 votre disposition une flotte de v\u00e9hicules haut de gamme accompagn\u00e9e de chauffeurs professionnels, alliant ponctualit\u00e9, discr\u00e9tion et excellence.  Nos services incluent \u00e9galement des transferts pour vos invit\u00e9s, des escapades romantiques pour les mari\u00e9s, et un accompagnement impeccable pour tous vos \u00e9v\u00e9nements li\u00e9s au mariage. Avec Tahiri Luxury Services, chaque trajet devient une exp\u00e9rience raffin\u00e9e, ajoutant une touche de sophistication et contribuant \u00e0 faire de votre mariage une journ\u00e9e inoubliable et sans stress.\" \/>\n<meta property=\"og:url\" content=\"https:\/\/tahiriluxuryservices.ma\/fr_fr\/product\/mariage\/\" \/>\n<meta property=\"og:site_name\" content=\"Tahiri Luxury Services\" \/>\n<meta property=\"article:modified_time\" content=\"2025-02-04T13:10:31+00:00\" \/>\n<meta property=\"og:image\" content=\"https:\/\/tahiriluxuryservices.ma\/wp-content\/uploads\/2024\/12\/marriage.jpg\" \/>\n\t<meta property=\"og:image:width\" content=\"1300\" \/>\n\t<meta property=\"og:image:height\" content=\"774\" \/>\n\t<meta property=\"og:image:type\" content=\"image\/jpeg\" \/>\n<meta name=\"twitter:card\" content=\"summary_large_image\" \/>\n<meta name=\"twitter:label1\" content=\"Dur\u00e9e de lecture estim\u00e9e\" \/>\n\t<meta name=\"twitter:data1\" content=\"1 minute\" \/>\n<script type=\"application\/ld+json\" class=\"yoast-schema-graph\">{\"@context\":\"https:\\\/\\\/schema.org\",\"@graph\":[{\"@type\":\"WebPage\",\"@id\":\"https:\\\/\\\/tahiriluxuryservices.ma\\\/product\\\/mariage\\\/\",\"url\":\"https:\\\/\\\/tahiriluxuryservices.ma\\\/product\\\/mariage\\\/\",\"name\":\"Mariage - Tahiri Luxury Services\",\"isPartOf\":{\"@id\":\"https:\\\/\\\/tahiriluxuryservices.ma\\\/#website\"},\"primaryImageOfPage\":{\"@id\":\"https:\\\/\\\/tahiriluxuryservices.ma\\\/product\\\/mariage\\\/#primaryimage\"},\"image\":{\"@id\":\"https:\\\/\\\/tahiriluxuryservices.ma\\\/product\\\/mariage\\\/#primaryimage\"},\"thumbnailUrl\":\"https:\\\/\\\/i0.wp.com\\\/tahiriluxuryservices.ma\\\/wp-content\\\/uploads\\\/2024\\\/12\\\/marriage.jpg?fit=1300%2C774&ssl=1\",\"datePublished\":\"2024-12-19T16:36:24+00:00\",\"dateModified\":\"2025-02-04T13:10:31+00:00\",\"breadcrumb\":{\"@id\":\"https:\\\/\\\/tahiriluxuryservices.ma\\\/product\\\/mariage\\\/#breadcrumb\"},\"inLanguage\":\"fr-FR\",\"potentialAction\":[{\"@type\":\"ReadAction\",\"target\":[\"https:\\\/\\\/tahiriluxuryservices.ma\\\/product\\\/mariage\\\/\"]}]},{\"@type\":\"ImageObject\",\"inLanguage\":\"fr-FR\",\"@id\":\"https:\\\/\\\/tahiriluxuryservices.ma\\\/product\\\/mariage\\\/#primaryimage\",\"url\":\"https:\\\/\\\/i0.wp.com\\\/tahiriluxuryservices.ma\\\/wp-content\\\/uploads\\\/2024\\\/12\\\/marriage.jpg?fit=1300%2C774&ssl=1\",\"contentUrl\":\"https:\\\/\\\/i0.wp.com\\\/tahiriluxuryservices.ma\\\/wp-content\\\/uploads\\\/2024\\\/12\\\/marriage.jpg?fit=1300%2C774&ssl=1\",\"width\":1300,\"height\":774},{\"@type\":\"BreadcrumbList\",\"@id\":\"https:\\\/\\\/tahiriluxuryservices.ma\\\/product\\\/mariage\\\/#breadcrumb\",\"itemListElement\":[{\"@type\":\"ListItem\",\"position\":1,\"name\":\"Accueil\",\"item\":\"https:\\\/\\\/tahiriluxuryservices.ma\\\/\"},{\"@type\":\"ListItem\",\"position\":2,\"name\":\"Shop\",\"item\":\"https:\\\/\\\/tahiriluxuryservices.ma\\\/shop\\\/\"},{\"@type\":\"ListItem\",\"position\":3,\"name\":\"Mariage\"}]},{\"@type\":\"WebSite\",\"@id\":\"https:\\\/\\\/tahiriluxuryservices.ma\\\/#website\",\"url\":\"https:\\\/\\\/tahiriluxuryservices.ma\\\/\",\"name\":\"Tahiri Luxury Services\",\"description\":\"Chauffeur priv\u00e9 de luxe Marrakech\",\"potentialAction\":[{\"@type\":\"SearchAction\",\"target\":{\"@type\":\"EntryPoint\",\"urlTemplate\":\"https:\\\/\\\/tahiriluxuryservices.ma\\\/?s={search_term_string}\"},\"query-input\":{\"@type\":\"PropertyValueSpecification\",\"valueRequired\":true,\"valueName\":\"search_term_string\"}}],\"inLanguage\":\"fr-FR\"}]}<\/script>\n<!-- \/ Yoast SEO plugin. -->","yoast_head_json":{"title":"Mariage - Tahiri Luxury Services","robots":{"index":"index","follow":"follow","max-snippet":"max-snippet:-1","max-image-preview":"max-image-preview:large","max-video-preview":"max-video-preview:-1"},"canonical":"https:\/\/tahiriluxuryservices.ma\/fr_fr\/product\/mariage\/","og_locale":"fr_FR","og_type":"article","og_title":"Mariage - Tahiri Luxury Services","og_description":"Le jour de votre mariage m\u00e9rite d\u2019\u00eatre parfait, et Tahiri Luxury Services est l\u00e0 pour y contribuer en vous offrant des services de transport luxueux et personnalis\u00e9s. Que ce soit pour l\u2019arriv\u00e9e \u00e9l\u00e9gante des mari\u00e9s, le transport confortable des invit\u00e9s ou des solutions sur mesure pour tous vos besoins, nous mettons \u00e0 votre disposition une flotte de v\u00e9hicules haut de gamme accompagn\u00e9e de chauffeurs professionnels, alliant ponctualit\u00e9, discr\u00e9tion et excellence.  Nos services incluent \u00e9galement des transferts pour vos invit\u00e9s, des escapades romantiques pour les mari\u00e9s, et un accompagnement impeccable pour tous vos \u00e9v\u00e9nements li\u00e9s au mariage. Avec Tahiri Luxury Services, chaque trajet devient une exp\u00e9rience raffin\u00e9e, ajoutant une touche de sophistication et contribuant \u00e0 faire de votre mariage une journ\u00e9e inoubliable et sans stress.","og_url":"https:\/\/tahiriluxuryservices.ma\/fr_fr\/product\/mariage\/","og_site_name":"Tahiri Luxury Services","article_modified_time":"2025-02-04T13:10:31+00:00","og_image":[{"width":1300,"height":774,"url":"https:\/\/tahiriluxuryservices.ma\/wp-content\/uploads\/2024\/12\/marriage.jpg","type":"image\/jpeg"}],"twitter_card":"summary_large_image","twitter_misc":{"Dur\u00e9e de lecture estim\u00e9e":"1 minute"},"schema":{"@context":"https:\/\/schema.org","@graph":[{"@type":"WebPage","@id":"https:\/\/tahiriluxuryservices.ma\/product\/mariage\/","url":"https:\/\/tahiriluxuryservices.ma\/product\/mariage\/","name":"Mariage - Tahiri Luxury Services","isPartOf":{"@id":"https:\/\/tahiriluxuryservices.ma\/#website"},"primaryImageOfPage":{"@id":"https:\/\/tahiriluxuryservices.ma\/product\/mariage\/#primaryimage"},"image":{"@id":"https:\/\/tahiriluxuryservices.ma\/product\/mariage\/#primaryimage"},"thumbnailUrl":"https:\/\/i0.wp.com\/tahiriluxuryservices.ma\/wp-content\/uploads\/2024\/12\/marriage.jpg?fit=1300%2C774&ssl=1","datePublished":"2024-12-19T16:36:24+00:00","dateModified":"2025-02-04T13:10:31+00:00","breadcrumb":{"@id":"https:\/\/tahiriluxuryservices.ma\/product\/mariage\/#breadcrumb"},"inLanguage":"fr-FR","potentialAction":[{"@type":"ReadAction","target":["https:\/\/tahiriluxuryservices.ma\/product\/mariage\/"]}]},{"@type":"ImageObject","inLanguage":"fr-FR","@id":"https:\/\/tahiriluxuryservices.ma\/product\/mariage\/#primaryimage","url":"https:\/\/i0.wp.com\/tahiriluxuryservices.ma\/wp-content\/uploads\/2024\/12\/marriage.jpg?fit=1300%2C774&ssl=1","contentUrl":"https:\/\/i0.wp.com\/tahiriluxuryservices.ma\/wp-content\/uploads\/2024\/12\/marriage.jpg?fit=1300%2C774&ssl=1","width":1300,"height":774},{"@type":"BreadcrumbList","@id":"https:\/\/tahiriluxuryservices.ma\/product\/mariage\/#breadcrumb","itemListElement":[{"@type":"ListItem","position":1,"name":"Accueil","item":"https:\/\/tahiriluxuryservices.ma\/"},{"@type":"ListItem","position":2,"name":"Shop","item":"https:\/\/tahiriluxuryservices.ma\/shop\/"},{"@type":"ListItem","position":3,"name":"Mariage"}]},{"@type":"WebSite","@id":"https:\/\/tahiriluxuryservices.ma\/#website","url":"https:\/\/tahiriluxuryservices.ma\/","name":"Tahiri Luxury Services","description":"Chauffeur priv\u00e9 de luxe Marrakech","potentialAction":[{"@type":"SearchAction","target":{"@type":"EntryPoint","urlTemplate":"https:\/\/tahiriluxuryservices.ma\/?s={search_term_string}"},"query-input":{"@type":"PropertyValueSpecification","valueRequired":true,"valueName":"search_term_string"}}],"inLanguage":"fr-FR"}]}},"jetpack_sharing_enabled":true,"_links":{"self":[{"href":"https:\/\/tahiriluxuryservices.ma\/fr_fr\/wp-json\/wp\/v2\/product\/8666","targetHints":{"allow":["GET"]}}],"collection":[{"href":"https:\/\/tahiriluxuryservices.ma\/fr_fr\/wp-json\/wp\/v2\/product"}],"about":[{"href":"https:\/\/tahiriluxuryservices.ma\/fr_fr\/wp-json\/wp\/v2\/types\/product"}],"replies":[{"embeddable":true,"href":"https:\/\/tahiriluxuryservices.ma\/fr_fr\/wp-json\/wp\/v2\/comments?post=8666"}],"version-history":[{"count":5,"href":"https:\/\/tahiriluxuryservices.ma\/fr_fr\/wp-json\/wp\/v2\/product\/8666\/revisions"}],"predecessor-version":[{"id":9054,"href":"https:\/\/tahiriluxuryservices.ma\/fr_fr\/wp-json\/wp\/v2\/product\/8666\/revisions\/9054"}],"wp:featuredmedia":[{"embeddable":true,"href":"https:\/\/tahiriluxuryservices.ma\/fr_fr\/wp-json\/wp\/v2\/media\/8863"}],"wp:attachment":[{"href":"https:\/\/tahiriluxuryservices.ma\/fr_fr\/wp-json\/wp\/v2\/media?parent=8666"}],"wp:term":[{"taxonomy":"product_brand","embeddable":true,"href":"https:\/\/tahiriluxuryservices.ma\/fr_fr\/wp-json\/wp\/v2\/product_brand?post=8666"},{"taxonomy":"product_cat","embeddable":true,"href":"https:\/\/tahiriluxuryservices.ma\/fr_fr\/wp-json\/wp\/v2\/product_cat?post=8666"},{"taxonomy":"product_tag","embeddable":true,"href":"https:\/\/tahiriluxuryservices.ma\/fr_fr\/wp-json\/wp\/v2\/product_tag?post=8666"}],"curies":[{"name":"wp","href":"https:\/\/api.w.org\/{rel}","templated":true}]}}