{"id":8668,"date":"2024-12-19T16:36:44","date_gmt":"2024-12-19T16:36:44","guid":{"rendered":"https:\/\/demo.tahiriluxuryservices.ma\/?post_type=product&#038;p=8668"},"modified":"2025-02-04T13:02:05","modified_gmt":"2025-02-04T13:02:05","slug":"lune-de-miel","status":"publish","type":"product","link":"https:\/\/tahiriluxuryservices.ma\/fr_fr\/product\/lune-de-miel\/","title":{"rendered":"Lune de Miel"},"content":{"rendered":"<body>\t\t<div data-elementor-type=\"wp-post\" data-elementor-id=\"8668\" class=\"elementor elementor-8668\" data-elementor-post-type=\"product\">\n\t\t\t\t\t\t<section class=\"elementor-section elementor-top-section elementor-element elementor-element-e1a78c1 elementor-section-boxed elementor-section-height-default elementor-section-height-default\" data-id=\"e1a78c1\" data-element_type=\"section\" data-e-type=\"section\">\n\t\t\t\t\t\t<div class=\"elementor-container elementor-column-gap-default\">\n\t\t\t\t\t<div class=\"elementor-column elementor-col-50 elementor-top-column elementor-element elementor-element-28f7644\" data-id=\"28f7644\" data-element_type=\"column\" data-e-type=\"column\">\n\t\t\t<div class=\"elementor-widget-wrap elementor-element-populated\">\n\t\t\t\t\t\t<div class=\"elementor-element elementor-element-eef320c elementor-widget elementor-widget-text-editor\" data-id=\"eef320c\" data-element_type=\"widget\" data-e-type=\"widget\" data-widget_type=\"text-editor.default\">\n\t\t\t\t<div class=\"elementor-widget-container\">\n\t\t\t\t\t\t\t\t\t<p>Pour c\u00e9l\u00e9brer le d\u00e9but de votre vie \u00e0 deux, Tahiri Luxury Services vous offre une exp\u00e9rience de lune de miel au Maroc sur-mesure, alliant luxe, intimit\u00e9 et moments d\u2019exception. Des paysages envo\u00fbtants du d\u00e9sert aux palais somptueux des m\u00e9dinas, chaque d\u00e9tail est soigneusement orchestr\u00e9 pour que votre s\u00e9jour soit \u00e0 la hauteur de votre histoire d\u2019amour. Gr\u00e2ce \u00e0 notre expertise, profitez d\u2019h\u00e9bergements de prestige, de d\u00eeners romantiques sous les \u00e9toiles et de trajets confortables en v\u00e9hicules de luxe, pour vivre pleinement chaque instant.<\/p>\t\t\t\t\t\t\t\t<\/div>\n\t\t\t\t<\/div>\n\t\t\t\t\t<\/div>\n\t\t<\/div>\n\t\t\t\t<div class=\"elementor-column elementor-col-50 elementor-top-column elementor-element elementor-element-fc8ee1c\" data-id=\"fc8ee1c\" data-element_type=\"column\" data-e-type=\"column\">\n\t\t\t<div class=\"elementor-widget-wrap elementor-element-populated\">\n\t\t\t\t\t\t<div class=\"elementor-element elementor-element-57ffef0 elementor-widget elementor-widget-text-editor\" data-id=\"57ffef0\" data-element_type=\"widget\" data-e-type=\"widget\" data-widget_type=\"text-editor.default\">\n\t\t\t\t<div class=\"elementor-widget-container\">\n\t\t\t\t\t\t\t\t\t<p>Nous mettons un point d\u2019honneur \u00e0 personnaliser votre voyage selon vos envies les plus pr\u00e9cieuses. Une balade en montgolfi\u00e8re \u00e0 l\u2019aube, un massage relaxant en duo dans un riad secret, ou une escapade exclusive sur les plages sauvages d\u2019Essaouira ? Chaque exp\u00e9rience est con\u00e7ue pour renforcer la magie de votre union. Avec Tahiri Luxury Services, offrez-vous une lune de miel au Maroc o\u00f9 luxe rime avec \u00e9motion et authenticit\u00e9.<\/p>\t\t\t\t\t\t\t\t<\/div>\n\t\t\t\t<\/div>\n\t\t\t\t\t<\/div>\n\t\t<\/div>\n\t\t\t\t\t<\/div>\n\t\t<\/section>\n\t\t\t\t<\/div>\n\t\t<\/body>","protected":false},"excerpt":{"rendered":"<p>Tahiri Luxury Services est bien plus qu\u2019une simple agence de transport : c\u2019est votre partenaire privil\u00e9gi\u00e9 pour transformer votre lune de miel en une exp\u00e9rience unique et raffin\u00e9e. Nous offrons des services de transport haut de gamme, personnalis\u00e9s et impeccables, con\u00e7us pour r\u00e9pondre \u00e0 vos besoins sp\u00e9cifiques. Que vous souhaitiez un transfert a\u00e9roport VIP, une escapade romantique \u00e0 travers les paysages pittoresques de Marrakech et ses environs, ou une exploration des tr\u00e9sors cach\u00e9s du Maroc \u00e0 bord d\u2019un v\u00e9hicule priv\u00e9 avec chauffeur, nous sommes l\u00e0 pour vous accompagner \u00e0 chaque \u00e9tape.<\/p>\n<p>Nos v\u00e9hicules modernes, \u00e9quip\u00e9s de tout le confort n\u00e9cessaire, et nos chauffeurs professionnels garantissent des trajets en toute s\u00e9r\u00e9nit\u00e9 et \u00e9l\u00e9gance. Avec Tahiri Luxury Services, chaque d\u00e9placement devient un moment de d\u00e9tente et de luxe, vous permettant de profiter pleinement de votre voyage. Laissez-nous nous occuper de vos d\u00e9placements pendant que vous vous concentrez sur l\u2019essentiel : c\u00e9l\u00e9brer votre amour et vivre des instants magiques inoubliables.<\/p>\n","protected":false},"featured_media":8862,"comment_status":"closed","ping_status":"closed","template":"","meta":{"om_disable_all_campaigns":false},"product_brand":[],"product_cat":[91],"product_tag":[39,50],"class_list":{"0":"post-8668","1":"product","2":"type-product","3":"status-publish","4":"has-post-thumbnail","6":"product_cat-celebrations","7":"product_tag-car","8":"product_tag-luxorius","10":"first","11":"instock","12":"shipping-taxable","13":"product-type-simple"},"yoast_head":"<!-- This site is optimized with the Yoast SEO plugin v27.3 - https:\/\/yoast.com\/product\/yoast-seo-wordpress\/ -->\n<title>Lune de Miel - Tahiri Luxury Services<\/title>\n<meta name=\"robots\" content=\"index, follow, max-snippet:-1, max-image-preview:large, max-video-preview:-1\" \/>\n<link rel=\"canonical\" href=\"https:\/\/tahiriluxuryservices.ma\/fr_fr\/product\/lune-de-miel\/\" \/>\n<meta property=\"og:locale\" content=\"fr_FR\" \/>\n<meta property=\"og:type\" content=\"article\" \/>\n<meta property=\"og:title\" content=\"Lune de Miel - Tahiri Luxury Services\" \/>\n<meta property=\"og:description\" content=\"Tahiri Luxury Services est bien plus qu\u2019une simple agence de transport : c\u2019est votre partenaire privil\u00e9gi\u00e9 pour transformer votre lune de miel en une exp\u00e9rience unique et raffin\u00e9e. Nous offrons des services de transport haut de gamme, personnalis\u00e9s et impeccables, con\u00e7us pour r\u00e9pondre \u00e0 vos besoins sp\u00e9cifiques. Que vous souhaitiez un transfert a\u00e9roport VIP, une escapade romantique \u00e0 travers les paysages pittoresques de Marrakech et ses environs, ou une exploration des tr\u00e9sors cach\u00e9s du Maroc \u00e0 bord d\u2019un v\u00e9hicule priv\u00e9 avec chauffeur, nous sommes l\u00e0 pour vous accompagner \u00e0 chaque \u00e9tape.  Nos v\u00e9hicules modernes, \u00e9quip\u00e9s de tout le confort n\u00e9cessaire, et nos chauffeurs professionnels garantissent des trajets en toute s\u00e9r\u00e9nit\u00e9 et \u00e9l\u00e9gance. Avec Tahiri Luxury Services, chaque d\u00e9placement devient un moment de d\u00e9tente et de luxe, vous permettant de profiter pleinement de votre voyage. Laissez-nous nous occuper de vos d\u00e9placements pendant que vous vous concentrez sur l\u2019essentiel : c\u00e9l\u00e9brer votre amour et vivre des instants magiques inoubliables.\" \/>\n<meta property=\"og:url\" content=\"https:\/\/tahiriluxuryservices.ma\/fr_fr\/product\/lune-de-miel\/\" \/>\n<meta property=\"og:site_name\" content=\"Tahiri Luxury Services\" \/>\n<meta property=\"article:modified_time\" content=\"2025-02-04T13:02:05+00:00\" \/>\n<meta property=\"og:image\" content=\"https:\/\/tahiriluxuryservices.ma\/wp-content\/uploads\/2024\/12\/Lune-de-Miel-1.jpg\" \/>\n\t<meta property=\"og:image:width\" content=\"1300\" \/>\n\t<meta property=\"og:image:height\" content=\"774\" \/>\n\t<meta property=\"og:image:type\" content=\"image\/jpeg\" \/>\n<meta name=\"twitter:card\" content=\"summary_large_image\" \/>\n<meta name=\"twitter:label1\" content=\"Dur\u00e9e de lecture estim\u00e9e\" \/>\n\t<meta name=\"twitter:data1\" content=\"1 minute\" \/>\n<script type=\"application\/ld+json\" class=\"yoast-schema-graph\">{\"@context\":\"https:\\\/\\\/schema.org\",\"@graph\":[{\"@type\":\"WebPage\",\"@id\":\"https:\\\/\\\/tahiriluxuryservices.ma\\\/product\\\/lune-de-miel\\\/\",\"url\":\"https:\\\/\\\/tahiriluxuryservices.ma\\\/product\\\/lune-de-miel\\\/\",\"name\":\"Lune de Miel - Tahiri Luxury Services\",\"isPartOf\":{\"@id\":\"https:\\\/\\\/tahiriluxuryservices.ma\\\/#website\"},\"primaryImageOfPage\":{\"@id\":\"https:\\\/\\\/tahiriluxuryservices.ma\\\/product\\\/lune-de-miel\\\/#primaryimage\"},\"image\":{\"@id\":\"https:\\\/\\\/tahiriluxuryservices.ma\\\/product\\\/lune-de-miel\\\/#primaryimage\"},\"thumbnailUrl\":\"https:\\\/\\\/i0.wp.com\\\/tahiriluxuryservices.ma\\\/wp-content\\\/uploads\\\/2024\\\/12\\\/Lune-de-Miel-1.jpg?fit=1300%2C774&ssl=1\",\"datePublished\":\"2024-12-19T16:36:44+00:00\",\"dateModified\":\"2025-02-04T13:02:05+00:00\",\"breadcrumb\":{\"@id\":\"https:\\\/\\\/tahiriluxuryservices.ma\\\/product\\\/lune-de-miel\\\/#breadcrumb\"},\"inLanguage\":\"fr-FR\",\"potentialAction\":[{\"@type\":\"ReadAction\",\"target\":[\"https:\\\/\\\/tahiriluxuryservices.ma\\\/product\\\/lune-de-miel\\\/\"]}]},{\"@type\":\"ImageObject\",\"inLanguage\":\"fr-FR\",\"@id\":\"https:\\\/\\\/tahiriluxuryservices.ma\\\/product\\\/lune-de-miel\\\/#primaryimage\",\"url\":\"https:\\\/\\\/i0.wp.com\\\/tahiriluxuryservices.ma\\\/wp-content\\\/uploads\\\/2024\\\/12\\\/Lune-de-Miel-1.jpg?fit=1300%2C774&ssl=1\",\"contentUrl\":\"https:\\\/\\\/i0.wp.com\\\/tahiriluxuryservices.ma\\\/wp-content\\\/uploads\\\/2024\\\/12\\\/Lune-de-Miel-1.jpg?fit=1300%2C774&ssl=1\",\"width\":1300,\"height\":774},{\"@type\":\"BreadcrumbList\",\"@id\":\"https:\\\/\\\/tahiriluxuryservices.ma\\\/product\\\/lune-de-miel\\\/#breadcrumb\",\"itemListElement\":[{\"@type\":\"ListItem\",\"position\":1,\"name\":\"Accueil\",\"item\":\"https:\\\/\\\/tahiriluxuryservices.ma\\\/\"},{\"@type\":\"ListItem\",\"position\":2,\"name\":\"Shop\",\"item\":\"https:\\\/\\\/tahiriluxuryservices.ma\\\/shop\\\/\"},{\"@type\":\"ListItem\",\"position\":3,\"name\":\"Lune de Miel\"}]},{\"@type\":\"WebSite\",\"@id\":\"https:\\\/\\\/tahiriluxuryservices.ma\\\/#website\",\"url\":\"https:\\\/\\\/tahiriluxuryservices.ma\\\/\",\"name\":\"Tahiri Luxury Services\",\"description\":\"Chauffeur priv\u00e9 de luxe Marrakech\",\"potentialAction\":[{\"@type\":\"SearchAction\",\"target\":{\"@type\":\"EntryPoint\",\"urlTemplate\":\"https:\\\/\\\/tahiriluxuryservices.ma\\\/?s={search_term_string}\"},\"query-input\":{\"@type\":\"PropertyValueSpecification\",\"valueRequired\":true,\"valueName\":\"search_term_string\"}}],\"inLanguage\":\"fr-FR\"}]}<\/script>\n<!-- \/ Yoast SEO plugin. -->","yoast_head_json":{"title":"Lune de Miel - Tahiri Luxury Services","robots":{"index":"index","follow":"follow","max-snippet":"max-snippet:-1","max-image-preview":"max-image-preview:large","max-video-preview":"max-video-preview:-1"},"canonical":"https:\/\/tahiriluxuryservices.ma\/fr_fr\/product\/lune-de-miel\/","og_locale":"fr_FR","og_type":"article","og_title":"Lune de Miel - Tahiri Luxury Services","og_description":"Tahiri Luxury Services est bien plus qu\u2019une simple agence de transport : c\u2019est votre partenaire privil\u00e9gi\u00e9 pour transformer votre lune de miel en une exp\u00e9rience unique et raffin\u00e9e. Nous offrons des services de transport haut de gamme, personnalis\u00e9s et impeccables, con\u00e7us pour r\u00e9pondre \u00e0 vos besoins sp\u00e9cifiques. Que vous souhaitiez un transfert a\u00e9roport VIP, une escapade romantique \u00e0 travers les paysages pittoresques de Marrakech et ses environs, ou une exploration des tr\u00e9sors cach\u00e9s du Maroc \u00e0 bord d\u2019un v\u00e9hicule priv\u00e9 avec chauffeur, nous sommes l\u00e0 pour vous accompagner \u00e0 chaque \u00e9tape.  Nos v\u00e9hicules modernes, \u00e9quip\u00e9s de tout le confort n\u00e9cessaire, et nos chauffeurs professionnels garantissent des trajets en toute s\u00e9r\u00e9nit\u00e9 et \u00e9l\u00e9gance. Avec Tahiri Luxury Services, chaque d\u00e9placement devient un moment de d\u00e9tente et de luxe, vous permettant de profiter pleinement de votre voyage. Laissez-nous nous occuper de vos d\u00e9placements pendant que vous vous concentrez sur l\u2019essentiel : c\u00e9l\u00e9brer votre amour et vivre des instants magiques inoubliables.","og_url":"https:\/\/tahiriluxuryservices.ma\/fr_fr\/product\/lune-de-miel\/","og_site_name":"Tahiri Luxury Services","article_modified_time":"2025-02-04T13:02:05+00:00","og_image":[{"width":1300,"height":774,"url":"https:\/\/tahiriluxuryservices.ma\/wp-content\/uploads\/2024\/12\/Lune-de-Miel-1.jpg","type":"image\/jpeg"}],"twitter_card":"summary_large_image","twitter_misc":{"Dur\u00e9e de lecture estim\u00e9e":"1 minute"},"schema":{"@context":"https:\/\/schema.org","@graph":[{"@type":"WebPage","@id":"https:\/\/tahiriluxuryservices.ma\/product\/lune-de-miel\/","url":"https:\/\/tahiriluxuryservices.ma\/product\/lune-de-miel\/","name":"Lune de Miel - Tahiri Luxury Services","isPartOf":{"@id":"https:\/\/tahiriluxuryservices.ma\/#website"},"primaryImageOfPage":{"@id":"https:\/\/tahiriluxuryservices.ma\/product\/lune-de-miel\/#primaryimage"},"image":{"@id":"https:\/\/tahiriluxuryservices.ma\/product\/lune-de-miel\/#primaryimage"},"thumbnailUrl":"https:\/\/i0.wp.com\/tahiriluxuryservices.ma\/wp-content\/uploads\/2024\/12\/Lune-de-Miel-1.jpg?fit=1300%2C774&ssl=1","datePublished":"2024-12-19T16:36:44+00:00","dateModified":"2025-02-04T13:02:05+00:00","breadcrumb":{"@id":"https:\/\/tahiriluxuryservices.ma\/product\/lune-de-miel\/#breadcrumb"},"inLanguage":"fr-FR","potentialAction":[{"@type":"ReadAction","target":["https:\/\/tahiriluxuryservices.ma\/product\/lune-de-miel\/"]}]},{"@type":"ImageObject","inLanguage":"fr-FR","@id":"https:\/\/tahiriluxuryservices.ma\/product\/lune-de-miel\/#primaryimage","url":"https:\/\/i0.wp.com\/tahiriluxuryservices.ma\/wp-content\/uploads\/2024\/12\/Lune-de-Miel-1.jpg?fit=1300%2C774&ssl=1","contentUrl":"https:\/\/i0.wp.com\/tahiriluxuryservices.ma\/wp-content\/uploads\/2024\/12\/Lune-de-Miel-1.jpg?fit=1300%2C774&ssl=1","width":1300,"height":774},{"@type":"BreadcrumbList","@id":"https:\/\/tahiriluxuryservices.ma\/product\/lune-de-miel\/#breadcrumb","itemListElement":[{"@type":"ListItem","position":1,"name":"Accueil","item":"https:\/\/tahiriluxuryservices.ma\/"},{"@type":"ListItem","position":2,"name":"Shop","item":"https:\/\/tahiriluxuryservices.ma\/shop\/"},{"@type":"ListItem","position":3,"name":"Lune de Miel"}]},{"@type":"WebSite","@id":"https:\/\/tahiriluxuryservices.ma\/#website","url":"https:\/\/tahiriluxuryservices.ma\/","name":"Tahiri Luxury Services","description":"Chauffeur priv\u00e9 de luxe Marrakech","potentialAction":[{"@type":"SearchAction","target":{"@type":"EntryPoint","urlTemplate":"https:\/\/tahiriluxuryservices.ma\/?s={search_term_string}"},"query-input":{"@type":"PropertyValueSpecification","valueRequired":true,"valueName":"search_term_string"}}],"inLanguage":"fr-FR"}]}},"jetpack_sharing_enabled":true,"_links":{"self":[{"href":"https:\/\/tahiriluxuryservices.ma\/fr_fr\/wp-json\/wp\/v2\/product\/8668","targetHints":{"allow":["GET"]}}],"collection":[{"href":"https:\/\/tahiriluxuryservices.ma\/fr_fr\/wp-json\/wp\/v2\/product"}],"about":[{"href":"https:\/\/tahiriluxuryservices.ma\/fr_fr\/wp-json\/wp\/v2\/types\/product"}],"replies":[{"embeddable":true,"href":"https:\/\/tahiriluxuryservices.ma\/fr_fr\/wp-json\/wp\/v2\/comments?post=8668"}],"version-history":[{"count":5,"href":"https:\/\/tahiriluxuryservices.ma\/fr_fr\/wp-json\/wp\/v2\/product\/8668\/revisions"}],"predecessor-version":[{"id":9051,"href":"https:\/\/tahiriluxuryservices.ma\/fr_fr\/wp-json\/wp\/v2\/product\/8668\/revisions\/9051"}],"wp:featuredmedia":[{"embeddable":true,"href":"https:\/\/tahiriluxuryservices.ma\/fr_fr\/wp-json\/wp\/v2\/media\/8862"}],"wp:attachment":[{"href":"https:\/\/tahiriluxuryservices.ma\/fr_fr\/wp-json\/wp\/v2\/media?parent=8668"}],"wp:term":[{"taxonomy":"product_brand","embeddable":true,"href":"https:\/\/tahiriluxuryservices.ma\/fr_fr\/wp-json\/wp\/v2\/product_brand?post=8668"},{"taxonomy":"product_cat","embeddable":true,"href":"https:\/\/tahiriluxuryservices.ma\/fr_fr\/wp-json\/wp\/v2\/product_cat?post=8668"},{"taxonomy":"product_tag","embeddable":true,"href":"https:\/\/tahiriluxuryservices.ma\/fr_fr\/wp-json\/wp\/v2\/product_tag?post=8668"}],"curies":[{"name":"wp","href":"https:\/\/api.w.org\/{rel}","templated":true}]}}