{"id":8670,"date":"2024-12-19T16:37:35","date_gmt":"2024-12-19T16:37:35","guid":{"rendered":"https:\/\/demo.tahiriluxuryservices.ma\/?post_type=product&#038;p=8670"},"modified":"2025-02-04T13:18:19","modified_gmt":"2025-02-04T13:18:19","slug":"photos-de-fiancailles","status":"publish","type":"product","link":"https:\/\/tahiriluxuryservices.ma\/fr_fr\/product\/photos-de-fiancailles\/","title":{"rendered":"Photos de fian\u00e7ailles"},"content":{"rendered":"<body>\t\t<div data-elementor-type=\"wp-post\" data-elementor-id=\"8670\" class=\"elementor elementor-8670\" data-elementor-post-type=\"product\">\n\t\t\t\t\t\t<section class=\"elementor-section elementor-top-section elementor-element elementor-element-e1a78c1 elementor-section-boxed elementor-section-height-default elementor-section-height-default\" data-id=\"e1a78c1\" data-element_type=\"section\" data-e-type=\"section\">\n\t\t\t\t\t\t<div class=\"elementor-container elementor-column-gap-default\">\n\t\t\t\t\t<div class=\"elementor-column elementor-col-50 elementor-top-column elementor-element elementor-element-28f7644\" data-id=\"28f7644\" data-element_type=\"column\" data-e-type=\"column\">\n\t\t\t<div class=\"elementor-widget-wrap elementor-element-populated\">\n\t\t\t\t\t\t<div class=\"elementor-element elementor-element-eef320c elementor-widget elementor-widget-text-editor\" data-id=\"eef320c\" data-element_type=\"widget\" data-e-type=\"widget\" data-widget_type=\"text-editor.default\">\n\t\t\t\t<div class=\"elementor-widget-container\">\n\t\t\t\t\t\t\t\t\t<p>Imaginez une s\u00e9ance photo au c\u0153ur des paysages envo\u00fbtants du Maroc : les dunes dor\u00e9es du d\u00e9sert, les ruelles authentiques de Marrakech, ou encore les rivages sauvages de l\u2019Atlantique. Chez Tahiri Luxury Services, nous orchestrons chaque d\u00e9tail pour que vos photos de fian\u00e7ailles soient bien plus qu\u2019une simple s\u00e9ance, mais une v\u00e9ritable exp\u00e9rience magique. Nous collaborons avec des photographes talentueux et exp\u00e9riment\u00e9s qui savent capturer les \u00e9motions authentiques et cr\u00e9er des souvenirs intemporels.<\/p>\t\t\t\t\t\t\t\t<\/div>\n\t\t\t\t<\/div>\n\t\t\t\t\t<\/div>\n\t\t<\/div>\n\t\t\t\t<div class=\"elementor-column elementor-col-50 elementor-top-column elementor-element elementor-element-fc8ee1c\" data-id=\"fc8ee1c\" data-element_type=\"column\" data-e-type=\"column\">\n\t\t\t<div class=\"elementor-widget-wrap elementor-element-populated\">\n\t\t\t\t\t\t<div class=\"elementor-element elementor-element-57ffef0 elementor-widget elementor-widget-text-editor\" data-id=\"57ffef0\" data-element_type=\"widget\" data-e-type=\"widget\" data-widget_type=\"text-editor.default\">\n\t\t\t\t<div class=\"elementor-widget-container\">\n\t\t\t\t\t\t\t\t\t<p>Parce que chaque couple a une histoire unique, nous personnalisons chaque shooting selon vos pr\u00e9f\u00e9rences. Besoin d\u2019un transport confortable en v\u00e9hicule de luxe pour acc\u00e9der aux lieux les plus \u00e9poustouflants ? Envie de suggestions de d\u00e9cors exclusifs pour refl\u00e9ter votre personnalit\u00e9 ? Nous nous occupons de tout, afin que vous puissiez vous concentrer sur l\u2019essentiel : vivre pleinement ce moment complice \u00e0 deux. Avec Tahiri Luxury Services, immortalisez votre amour dans des images qui racontent une belle aventure, au c\u0153ur des plus beaux d\u00e9cors du Maroc.<\/p>\t\t\t\t\t\t\t\t<\/div>\n\t\t\t\t<\/div>\n\t\t\t\t\t<\/div>\n\t\t<\/div>\n\t\t\t\t\t<\/div>\n\t\t<\/section>\n\t\t\t\t<\/div>\n\t\t<\/body>","protected":false},"excerpt":{"rendered":"<p>Vivez une exp\u00e9rience inoubliable pour vos fian\u00e7ailles gr\u00e2ce \u00e0 Tahiri Luxury Services. Nous vous offrons un transport haut de gamme vers les lieux les plus pittoresques et romantiques de Marrakech et ses environs, parfaitement choisis pour capturer l\u2019essence de votre amour dans un cadre exceptionnel.<\/p>\n<p>Nos chauffeurs professionnels, ponctuels et discrets, garantissent un trajet confortable et raffin\u00e9, vous permettant de vous concentrer pleinement sur votre s\u00e9ance photo. Chaque d\u00e9tail de votre exp\u00e9rience de fian\u00e7ailles est soigneusement pens\u00e9 pour en faire un souvenir pr\u00e9cieux et intemporel. Avec Tahiri Luxury Services, laissez-nous prendre en charge vos d\u00e9placements pour que vous puissiez savourer pleinement chaque instant de ce jour unique.<\/p>\n","protected":false},"featured_media":8856,"comment_status":"closed","ping_status":"closed","template":"","meta":{"om_disable_all_campaigns":false},"product_brand":[],"product_cat":[91],"product_tag":[39,50],"class_list":{"0":"post-8670","1":"product","2":"type-product","3":"status-publish","4":"has-post-thumbnail","6":"product_cat-celebrations","7":"product_tag-car","8":"product_tag-luxorius","10":"first","11":"instock","12":"shipping-taxable","13":"product-type-simple"},"yoast_head":"<!-- This site is optimized with the Yoast SEO plugin v27.4 - https:\/\/yoast.com\/product\/yoast-seo-wordpress\/ -->\n<title>Photos de fian\u00e7ailles - Tahiri Luxury Services<\/title>\n<meta name=\"robots\" content=\"index, follow, max-snippet:-1, max-image-preview:large, max-video-preview:-1\" \/>\n<link rel=\"canonical\" href=\"https:\/\/tahiriluxuryservices.ma\/fr_fr\/product\/photos-de-fiancailles\/\" \/>\n<meta property=\"og:locale\" content=\"fr_FR\" \/>\n<meta property=\"og:type\" content=\"article\" \/>\n<meta property=\"og:title\" content=\"Photos de fian\u00e7ailles - Tahiri Luxury Services\" \/>\n<meta property=\"og:description\" content=\"Vivez une exp\u00e9rience inoubliable pour vos fian\u00e7ailles gr\u00e2ce \u00e0 Tahiri Luxury Services. Nous vous offrons un transport haut de gamme vers les lieux les plus pittoresques et romantiques de Marrakech et ses environs, parfaitement choisis pour capturer l\u2019essence de votre amour dans un cadre exceptionnel.  Nos chauffeurs professionnels, ponctuels et discrets, garantissent un trajet confortable et raffin\u00e9, vous permettant de vous concentrer pleinement sur votre s\u00e9ance photo. Chaque d\u00e9tail de votre exp\u00e9rience de fian\u00e7ailles est soigneusement pens\u00e9 pour en faire un souvenir pr\u00e9cieux et intemporel. Avec Tahiri Luxury Services, laissez-nous prendre en charge vos d\u00e9placements pour que vous puissiez savourer pleinement chaque instant de ce jour unique.\" \/>\n<meta property=\"og:url\" content=\"https:\/\/tahiriluxuryservices.ma\/fr_fr\/product\/photos-de-fiancailles\/\" \/>\n<meta property=\"og:site_name\" content=\"Tahiri Luxury Services\" \/>\n<meta property=\"article:modified_time\" content=\"2025-02-04T13:18:19+00:00\" \/>\n<meta property=\"og:image\" content=\"https:\/\/tahiriluxuryservices.ma\/wp-content\/uploads\/2024\/12\/fiancailles.jpg\" \/>\n\t<meta property=\"og:image:width\" content=\"1300\" \/>\n\t<meta property=\"og:image:height\" content=\"774\" \/>\n\t<meta property=\"og:image:type\" content=\"image\/jpeg\" \/>\n<meta name=\"twitter:card\" content=\"summary_large_image\" \/>\n<meta name=\"twitter:label1\" content=\"Dur\u00e9e de lecture estim\u00e9e\" \/>\n\t<meta name=\"twitter:data1\" content=\"1 minute\" \/>\n<script type=\"application\/ld+json\" class=\"yoast-schema-graph\">{\"@context\":\"https:\\\/\\\/schema.org\",\"@graph\":[{\"@type\":\"WebPage\",\"@id\":\"https:\\\/\\\/tahiriluxuryservices.ma\\\/product\\\/photos-de-fiancailles\\\/\",\"url\":\"https:\\\/\\\/tahiriluxuryservices.ma\\\/product\\\/photos-de-fiancailles\\\/\",\"name\":\"Photos de fian\u00e7ailles - Tahiri Luxury Services\",\"isPartOf\":{\"@id\":\"https:\\\/\\\/tahiriluxuryservices.ma\\\/#website\"},\"primaryImageOfPage\":{\"@id\":\"https:\\\/\\\/tahiriluxuryservices.ma\\\/product\\\/photos-de-fiancailles\\\/#primaryimage\"},\"image\":{\"@id\":\"https:\\\/\\\/tahiriluxuryservices.ma\\\/product\\\/photos-de-fiancailles\\\/#primaryimage\"},\"thumbnailUrl\":\"https:\\\/\\\/i0.wp.com\\\/tahiriluxuryservices.ma\\\/wp-content\\\/uploads\\\/2024\\\/12\\\/fiancailles.jpg?fit=1300%2C774&ssl=1\",\"datePublished\":\"2024-12-19T16:37:35+00:00\",\"dateModified\":\"2025-02-04T13:18:19+00:00\",\"breadcrumb\":{\"@id\":\"https:\\\/\\\/tahiriluxuryservices.ma\\\/product\\\/photos-de-fiancailles\\\/#breadcrumb\"},\"inLanguage\":\"fr-FR\",\"potentialAction\":[{\"@type\":\"ReadAction\",\"target\":[\"https:\\\/\\\/tahiriluxuryservices.ma\\\/product\\\/photos-de-fiancailles\\\/\"]}]},{\"@type\":\"ImageObject\",\"inLanguage\":\"fr-FR\",\"@id\":\"https:\\\/\\\/tahiriluxuryservices.ma\\\/product\\\/photos-de-fiancailles\\\/#primaryimage\",\"url\":\"https:\\\/\\\/i0.wp.com\\\/tahiriluxuryservices.ma\\\/wp-content\\\/uploads\\\/2024\\\/12\\\/fiancailles.jpg?fit=1300%2C774&ssl=1\",\"contentUrl\":\"https:\\\/\\\/i0.wp.com\\\/tahiriluxuryservices.ma\\\/wp-content\\\/uploads\\\/2024\\\/12\\\/fiancailles.jpg?fit=1300%2C774&ssl=1\",\"width\":1300,\"height\":774},{\"@type\":\"BreadcrumbList\",\"@id\":\"https:\\\/\\\/tahiriluxuryservices.ma\\\/product\\\/photos-de-fiancailles\\\/#breadcrumb\",\"itemListElement\":[{\"@type\":\"ListItem\",\"position\":1,\"name\":\"Accueil\",\"item\":\"https:\\\/\\\/tahiriluxuryservices.ma\\\/\"},{\"@type\":\"ListItem\",\"position\":2,\"name\":\"Shop\",\"item\":\"https:\\\/\\\/tahiriluxuryservices.ma\\\/shop\\\/\"},{\"@type\":\"ListItem\",\"position\":3,\"name\":\"Photos de fian\u00e7ailles\"}]},{\"@type\":\"WebSite\",\"@id\":\"https:\\\/\\\/tahiriluxuryservices.ma\\\/#website\",\"url\":\"https:\\\/\\\/tahiriluxuryservices.ma\\\/\",\"name\":\"Tahiri Luxury Services\",\"description\":\"Chauffeur priv\u00e9 de luxe Marrakech\",\"potentialAction\":[{\"@type\":\"SearchAction\",\"target\":{\"@type\":\"EntryPoint\",\"urlTemplate\":\"https:\\\/\\\/tahiriluxuryservices.ma\\\/?s={search_term_string}\"},\"query-input\":{\"@type\":\"PropertyValueSpecification\",\"valueRequired\":true,\"valueName\":\"search_term_string\"}}],\"inLanguage\":\"fr-FR\"}]}<\/script>\n<!-- \/ Yoast SEO plugin. -->","yoast_head_json":{"title":"Photos de fian\u00e7ailles - Tahiri Luxury Services","robots":{"index":"index","follow":"follow","max-snippet":"max-snippet:-1","max-image-preview":"max-image-preview:large","max-video-preview":"max-video-preview:-1"},"canonical":"https:\/\/tahiriluxuryservices.ma\/fr_fr\/product\/photos-de-fiancailles\/","og_locale":"fr_FR","og_type":"article","og_title":"Photos de fian\u00e7ailles - Tahiri Luxury Services","og_description":"Vivez une exp\u00e9rience inoubliable pour vos fian\u00e7ailles gr\u00e2ce \u00e0 Tahiri Luxury Services. Nous vous offrons un transport haut de gamme vers les lieux les plus pittoresques et romantiques de Marrakech et ses environs, parfaitement choisis pour capturer l\u2019essence de votre amour dans un cadre exceptionnel.  Nos chauffeurs professionnels, ponctuels et discrets, garantissent un trajet confortable et raffin\u00e9, vous permettant de vous concentrer pleinement sur votre s\u00e9ance photo. Chaque d\u00e9tail de votre exp\u00e9rience de fian\u00e7ailles est soigneusement pens\u00e9 pour en faire un souvenir pr\u00e9cieux et intemporel. Avec Tahiri Luxury Services, laissez-nous prendre en charge vos d\u00e9placements pour que vous puissiez savourer pleinement chaque instant de ce jour unique.","og_url":"https:\/\/tahiriluxuryservices.ma\/fr_fr\/product\/photos-de-fiancailles\/","og_site_name":"Tahiri Luxury Services","article_modified_time":"2025-02-04T13:18:19+00:00","og_image":[{"width":1300,"height":774,"url":"https:\/\/tahiriluxuryservices.ma\/wp-content\/uploads\/2024\/12\/fiancailles.jpg","type":"image\/jpeg"}],"twitter_card":"summary_large_image","twitter_misc":{"Dur\u00e9e de lecture estim\u00e9e":"1 minute"},"schema":{"@context":"https:\/\/schema.org","@graph":[{"@type":"WebPage","@id":"https:\/\/tahiriluxuryservices.ma\/product\/photos-de-fiancailles\/","url":"https:\/\/tahiriluxuryservices.ma\/product\/photos-de-fiancailles\/","name":"Photos de fian\u00e7ailles - Tahiri Luxury Services","isPartOf":{"@id":"https:\/\/tahiriluxuryservices.ma\/#website"},"primaryImageOfPage":{"@id":"https:\/\/tahiriluxuryservices.ma\/product\/photos-de-fiancailles\/#primaryimage"},"image":{"@id":"https:\/\/tahiriluxuryservices.ma\/product\/photos-de-fiancailles\/#primaryimage"},"thumbnailUrl":"https:\/\/i0.wp.com\/tahiriluxuryservices.ma\/wp-content\/uploads\/2024\/12\/fiancailles.jpg?fit=1300%2C774&ssl=1","datePublished":"2024-12-19T16:37:35+00:00","dateModified":"2025-02-04T13:18:19+00:00","breadcrumb":{"@id":"https:\/\/tahiriluxuryservices.ma\/product\/photos-de-fiancailles\/#breadcrumb"},"inLanguage":"fr-FR","potentialAction":[{"@type":"ReadAction","target":["https:\/\/tahiriluxuryservices.ma\/product\/photos-de-fiancailles\/"]}]},{"@type":"ImageObject","inLanguage":"fr-FR","@id":"https:\/\/tahiriluxuryservices.ma\/product\/photos-de-fiancailles\/#primaryimage","url":"https:\/\/i0.wp.com\/tahiriluxuryservices.ma\/wp-content\/uploads\/2024\/12\/fiancailles.jpg?fit=1300%2C774&ssl=1","contentUrl":"https:\/\/i0.wp.com\/tahiriluxuryservices.ma\/wp-content\/uploads\/2024\/12\/fiancailles.jpg?fit=1300%2C774&ssl=1","width":1300,"height":774},{"@type":"BreadcrumbList","@id":"https:\/\/tahiriluxuryservices.ma\/product\/photos-de-fiancailles\/#breadcrumb","itemListElement":[{"@type":"ListItem","position":1,"name":"Accueil","item":"https:\/\/tahiriluxuryservices.ma\/"},{"@type":"ListItem","position":2,"name":"Shop","item":"https:\/\/tahiriluxuryservices.ma\/shop\/"},{"@type":"ListItem","position":3,"name":"Photos de fian\u00e7ailles"}]},{"@type":"WebSite","@id":"https:\/\/tahiriluxuryservices.ma\/#website","url":"https:\/\/tahiriluxuryservices.ma\/","name":"Tahiri Luxury Services","description":"Chauffeur priv\u00e9 de luxe Marrakech","potentialAction":[{"@type":"SearchAction","target":{"@type":"EntryPoint","urlTemplate":"https:\/\/tahiriluxuryservices.ma\/?s={search_term_string}"},"query-input":{"@type":"PropertyValueSpecification","valueRequired":true,"valueName":"search_term_string"}}],"inLanguage":"fr-FR"}]}},"jetpack_sharing_enabled":true,"_links":{"self":[{"href":"https:\/\/tahiriluxuryservices.ma\/fr_fr\/wp-json\/wp\/v2\/product\/8670","targetHints":{"allow":["GET"]}}],"collection":[{"href":"https:\/\/tahiriluxuryservices.ma\/fr_fr\/wp-json\/wp\/v2\/product"}],"about":[{"href":"https:\/\/tahiriluxuryservices.ma\/fr_fr\/wp-json\/wp\/v2\/types\/product"}],"replies":[{"embeddable":true,"href":"https:\/\/tahiriluxuryservices.ma\/fr_fr\/wp-json\/wp\/v2\/comments?post=8670"}],"version-history":[{"count":5,"href":"https:\/\/tahiriluxuryservices.ma\/fr_fr\/wp-json\/wp\/v2\/product\/8670\/revisions"}],"predecessor-version":[{"id":9057,"href":"https:\/\/tahiriluxuryservices.ma\/fr_fr\/wp-json\/wp\/v2\/product\/8670\/revisions\/9057"}],"wp:featuredmedia":[{"embeddable":true,"href":"https:\/\/tahiriluxuryservices.ma\/fr_fr\/wp-json\/wp\/v2\/media\/8856"}],"wp:attachment":[{"href":"https:\/\/tahiriluxuryservices.ma\/fr_fr\/wp-json\/wp\/v2\/media?parent=8670"}],"wp:term":[{"taxonomy":"product_brand","embeddable":true,"href":"https:\/\/tahiriluxuryservices.ma\/fr_fr\/wp-json\/wp\/v2\/product_brand?post=8670"},{"taxonomy":"product_cat","embeddable":true,"href":"https:\/\/tahiriluxuryservices.ma\/fr_fr\/wp-json\/wp\/v2\/product_cat?post=8670"},{"taxonomy":"product_tag","embeddable":true,"href":"https:\/\/tahiriluxuryservices.ma\/fr_fr\/wp-json\/wp\/v2\/product_tag?post=8670"}],"curies":[{"name":"wp","href":"https:\/\/api.w.org\/{rel}","templated":true}]}}