{"id":8672,"date":"2024-12-19T16:37:44","date_gmt":"2024-12-19T16:37:44","guid":{"rendered":"https:\/\/demo.tahiriluxuryservices.ma\/?post_type=product&#038;p=8672"},"modified":"2025-02-04T12:56:08","modified_gmt":"2025-02-04T12:56:08","slug":"afterwork","status":"publish","type":"product","link":"https:\/\/tahiriluxuryservices.ma\/fr_fr\/product\/afterwork\/","title":{"rendered":"Afterwork"},"content":{"rendered":"<body>\t\t<div data-elementor-type=\"wp-post\" data-elementor-id=\"8672\" class=\"elementor elementor-8672\" data-elementor-post-type=\"product\">\n\t\t\t\t\t\t<section class=\"elementor-section elementor-top-section elementor-element elementor-element-e1a78c1 elementor-section-boxed elementor-section-height-default elementor-section-height-default\" data-id=\"e1a78c1\" data-element_type=\"section\" data-e-type=\"section\">\n\t\t\t\t\t\t<div class=\"elementor-container elementor-column-gap-default\">\n\t\t\t\t\t<div class=\"elementor-column elementor-col-50 elementor-top-column elementor-element elementor-element-28f7644\" data-id=\"28f7644\" data-element_type=\"column\" data-e-type=\"column\">\n\t\t\t<div class=\"elementor-widget-wrap elementor-element-populated\">\n\t\t\t\t\t\t<div class=\"elementor-element elementor-element-eef320c elementor-widget elementor-widget-text-editor\" data-id=\"eef320c\" data-element_type=\"widget\" data-e-type=\"widget\" data-widget_type=\"text-editor.default\">\n\t\t\t\t<div class=\"elementor-widget-container\">\n\t\t\t\t\t\t\t\t\t<p>Tahiri Luxury Services transforme l\u2019afterwork au Maroc en une exp\u00e9rience unique et m\u00e9morable. Que ce soit pour se d\u00e9tendre apr\u00e8s une journ\u00e9e de travail ou partager des moments privil\u00e9gi\u00e9s entre coll\u00e8gues ou amis, nous s\u00e9lectionnons des lieux \u00e9l\u00e9gants et conviviaux, allant des rooftops offrant des vues imprenables aux espaces chics en ville. Chaque d\u00e9tail est pens\u00e9 pour garantir une atmosph\u00e8re raffin\u00e9e et agr\u00e9able.<\/p>\t\t\t\t\t\t\t\t<\/div>\n\t\t\t\t<\/div>\n\t\t\t\t\t<\/div>\n\t\t<\/div>\n\t\t\t\t<div class=\"elementor-column elementor-col-50 elementor-top-column elementor-element elementor-element-fc8ee1c\" data-id=\"fc8ee1c\" data-element_type=\"column\" data-e-type=\"column\">\n\t\t\t<div class=\"elementor-widget-wrap elementor-element-populated\">\n\t\t\t\t\t\t<div class=\"elementor-element elementor-element-57ffef0 elementor-widget elementor-widget-text-editor\" data-id=\"57ffef0\" data-element_type=\"widget\" data-e-type=\"widget\" data-widget_type=\"text-editor.default\">\n\t\t\t\t<div class=\"elementor-widget-container\">\n\t\t\t\t\t\t\t\t\t<p>Notre service sur-mesure inclut une organisation sans stress, des trajets confortables en v\u00e9hicules de luxe avec chauffeurs professionnels, ainsi qu\u2019une personnalisation totale de l\u2019\u00e9v\u00e9nement. Qu\u2019il s\u2019agisse d\u2019animations musicales, de th\u00e9matiques exclusives ou d\u2019une conciergerie d\u00e9di\u00e9e, nous veillons \u00e0 offrir une exp\u00e9rience fluide et exceptionnelle, combinant luxe et chaleur humaine.<\/p>\t\t\t\t\t\t\t\t<\/div>\n\t\t\t\t<\/div>\n\t\t\t\t\t<\/div>\n\t\t<\/div>\n\t\t\t\t\t<\/div>\n\t\t<\/section>\n\t\t\t\t<\/div>\n\t\t<\/body>","protected":false},"excerpt":{"rendered":"<p data-id=\"63e77efa-a0dc-459a-b215-1aa75c7cd9bf\" data-pm-slice=\"1 1 []\">Apr\u00e8s une journ\u00e9e de travail bien remplie, <strong>Tahiri Luxury Services<\/strong> vous invite \u00e0 profiter de nos services exclusifs <em>After Work<\/em>. Offrez-vous une exp\u00e9rience unique en explorant Marrakech et ses environs gr\u00e2ce \u00e0 nos voyages priv\u00e9s, sp\u00e9cialement con\u00e7us pour r\u00e9pondre \u00e0 vos envies et besoins.<\/p>\n<p data-id=\"043f6f18-f83f-4221-b6f9-d7be70f9b6d3\">Que vous souhaitiez vous d\u00e9tendre, d\u00e9couvrir des tr\u00e9sors cach\u00e9s de la ville rouge, ou vivre des moments m\u00e9morables dans un cadre exceptionnel, nos prestations sur-mesure vous garantissent confort, raffinement et satisfaction totale.<\/p>\n<p data-id=\"803e64ac-38ea-42ae-b9a2-59224538343f\">Laissez-nous transformer vos soir\u00e9es apr\u00e8s le travail en v\u00e9ritables escapades luxueuses et personnalis\u00e9es.<\/p>\n","protected":false},"featured_media":8853,"comment_status":"closed","ping_status":"closed","template":"","meta":{"om_disable_all_campaigns":false},"product_brand":[],"product_cat":[91],"product_tag":[39,50],"class_list":{"0":"post-8672","1":"product","2":"type-product","3":"status-publish","4":"has-post-thumbnail","6":"product_cat-celebrations","7":"product_tag-car","8":"product_tag-luxorius","10":"first","11":"instock","12":"shipping-taxable","13":"product-type-simple"},"yoast_head":"<!-- This site is optimized with the Yoast SEO plugin v27.3 - https:\/\/yoast.com\/product\/yoast-seo-wordpress\/ -->\n<title>Afterwork - Tahiri Luxury Services<\/title>\n<meta name=\"robots\" content=\"index, follow, max-snippet:-1, max-image-preview:large, max-video-preview:-1\" \/>\n<link rel=\"canonical\" href=\"https:\/\/tahiriluxuryservices.ma\/fr_fr\/product\/afterwork\/\" \/>\n<meta property=\"og:locale\" content=\"fr_FR\" \/>\n<meta property=\"og:type\" content=\"article\" \/>\n<meta property=\"og:title\" content=\"Afterwork - Tahiri Luxury Services\" \/>\n<meta property=\"og:description\" content=\"Apr\u00e8s une journ\u00e9e de travail bien remplie, Tahiri Luxury Services vous invite \u00e0 profiter de nos services exclusifs After Work. Offrez-vous une exp\u00e9rience unique en explorant Marrakech et ses environs gr\u00e2ce \u00e0 nos voyages priv\u00e9s, sp\u00e9cialement con\u00e7us pour r\u00e9pondre \u00e0 vos envies et besoins. Que vous souhaitiez vous d\u00e9tendre, d\u00e9couvrir des tr\u00e9sors cach\u00e9s de la ville rouge, ou vivre des moments m\u00e9morables dans un cadre exceptionnel, nos prestations sur-mesure vous garantissent confort, raffinement et satisfaction totale. Laissez-nous transformer vos soir\u00e9es apr\u00e8s le travail en v\u00e9ritables escapades luxueuses et personnalis\u00e9es.\" \/>\n<meta property=\"og:url\" content=\"https:\/\/tahiriluxuryservices.ma\/fr_fr\/product\/afterwork\/\" \/>\n<meta property=\"og:site_name\" content=\"Tahiri Luxury Services\" \/>\n<meta property=\"article:modified_time\" content=\"2025-02-04T12:56:08+00:00\" \/>\n<meta property=\"og:image\" content=\"https:\/\/tahiriluxuryservices.ma\/wp-content\/uploads\/2024\/12\/Afterwork.jpg\" \/>\n\t<meta property=\"og:image:width\" content=\"1300\" \/>\n\t<meta property=\"og:image:height\" content=\"774\" \/>\n\t<meta property=\"og:image:type\" content=\"image\/jpeg\" \/>\n<meta name=\"twitter:card\" content=\"summary_large_image\" \/>\n<meta name=\"twitter:label1\" content=\"Dur\u00e9e de lecture estim\u00e9e\" \/>\n\t<meta name=\"twitter:data1\" content=\"1 minute\" \/>\n<script type=\"application\/ld+json\" class=\"yoast-schema-graph\">{\"@context\":\"https:\\\/\\\/schema.org\",\"@graph\":[{\"@type\":\"WebPage\",\"@id\":\"https:\\\/\\\/tahiriluxuryservices.ma\\\/product\\\/afterwork\\\/\",\"url\":\"https:\\\/\\\/tahiriluxuryservices.ma\\\/product\\\/afterwork\\\/\",\"name\":\"Afterwork - Tahiri Luxury Services\",\"isPartOf\":{\"@id\":\"https:\\\/\\\/tahiriluxuryservices.ma\\\/#website\"},\"primaryImageOfPage\":{\"@id\":\"https:\\\/\\\/tahiriluxuryservices.ma\\\/product\\\/afterwork\\\/#primaryimage\"},\"image\":{\"@id\":\"https:\\\/\\\/tahiriluxuryservices.ma\\\/product\\\/afterwork\\\/#primaryimage\"},\"thumbnailUrl\":\"https:\\\/\\\/i0.wp.com\\\/tahiriluxuryservices.ma\\\/wp-content\\\/uploads\\\/2024\\\/12\\\/Afterwork.jpg?fit=1300%2C774&ssl=1\",\"datePublished\":\"2024-12-19T16:37:44+00:00\",\"dateModified\":\"2025-02-04T12:56:08+00:00\",\"breadcrumb\":{\"@id\":\"https:\\\/\\\/tahiriluxuryservices.ma\\\/product\\\/afterwork\\\/#breadcrumb\"},\"inLanguage\":\"fr-FR\",\"potentialAction\":[{\"@type\":\"ReadAction\",\"target\":[\"https:\\\/\\\/tahiriluxuryservices.ma\\\/product\\\/afterwork\\\/\"]}]},{\"@type\":\"ImageObject\",\"inLanguage\":\"fr-FR\",\"@id\":\"https:\\\/\\\/tahiriluxuryservices.ma\\\/product\\\/afterwork\\\/#primaryimage\",\"url\":\"https:\\\/\\\/i0.wp.com\\\/tahiriluxuryservices.ma\\\/wp-content\\\/uploads\\\/2024\\\/12\\\/Afterwork.jpg?fit=1300%2C774&ssl=1\",\"contentUrl\":\"https:\\\/\\\/i0.wp.com\\\/tahiriluxuryservices.ma\\\/wp-content\\\/uploads\\\/2024\\\/12\\\/Afterwork.jpg?fit=1300%2C774&ssl=1\",\"width\":1300,\"height\":774},{\"@type\":\"BreadcrumbList\",\"@id\":\"https:\\\/\\\/tahiriluxuryservices.ma\\\/product\\\/afterwork\\\/#breadcrumb\",\"itemListElement\":[{\"@type\":\"ListItem\",\"position\":1,\"name\":\"Accueil\",\"item\":\"https:\\\/\\\/tahiriluxuryservices.ma\\\/\"},{\"@type\":\"ListItem\",\"position\":2,\"name\":\"Shop\",\"item\":\"https:\\\/\\\/tahiriluxuryservices.ma\\\/shop\\\/\"},{\"@type\":\"ListItem\",\"position\":3,\"name\":\"Afterwork\"}]},{\"@type\":\"WebSite\",\"@id\":\"https:\\\/\\\/tahiriluxuryservices.ma\\\/#website\",\"url\":\"https:\\\/\\\/tahiriluxuryservices.ma\\\/\",\"name\":\"Tahiri Luxury Services\",\"description\":\"Chauffeur priv\u00e9 de luxe Marrakech\",\"potentialAction\":[{\"@type\":\"SearchAction\",\"target\":{\"@type\":\"EntryPoint\",\"urlTemplate\":\"https:\\\/\\\/tahiriluxuryservices.ma\\\/?s={search_term_string}\"},\"query-input\":{\"@type\":\"PropertyValueSpecification\",\"valueRequired\":true,\"valueName\":\"search_term_string\"}}],\"inLanguage\":\"fr-FR\"}]}<\/script>\n<!-- \/ Yoast SEO plugin. -->","yoast_head_json":{"title":"Afterwork - Tahiri Luxury Services","robots":{"index":"index","follow":"follow","max-snippet":"max-snippet:-1","max-image-preview":"max-image-preview:large","max-video-preview":"max-video-preview:-1"},"canonical":"https:\/\/tahiriluxuryservices.ma\/fr_fr\/product\/afterwork\/","og_locale":"fr_FR","og_type":"article","og_title":"Afterwork - Tahiri Luxury Services","og_description":"Apr\u00e8s une journ\u00e9e de travail bien remplie, Tahiri Luxury Services vous invite \u00e0 profiter de nos services exclusifs After Work. Offrez-vous une exp\u00e9rience unique en explorant Marrakech et ses environs gr\u00e2ce \u00e0 nos voyages priv\u00e9s, sp\u00e9cialement con\u00e7us pour r\u00e9pondre \u00e0 vos envies et besoins. Que vous souhaitiez vous d\u00e9tendre, d\u00e9couvrir des tr\u00e9sors cach\u00e9s de la ville rouge, ou vivre des moments m\u00e9morables dans un cadre exceptionnel, nos prestations sur-mesure vous garantissent confort, raffinement et satisfaction totale. Laissez-nous transformer vos soir\u00e9es apr\u00e8s le travail en v\u00e9ritables escapades luxueuses et personnalis\u00e9es.","og_url":"https:\/\/tahiriluxuryservices.ma\/fr_fr\/product\/afterwork\/","og_site_name":"Tahiri Luxury Services","article_modified_time":"2025-02-04T12:56:08+00:00","og_image":[{"width":1300,"height":774,"url":"https:\/\/tahiriluxuryservices.ma\/wp-content\/uploads\/2024\/12\/Afterwork.jpg","type":"image\/jpeg"}],"twitter_card":"summary_large_image","twitter_misc":{"Dur\u00e9e de lecture estim\u00e9e":"1 minute"},"schema":{"@context":"https:\/\/schema.org","@graph":[{"@type":"WebPage","@id":"https:\/\/tahiriluxuryservices.ma\/product\/afterwork\/","url":"https:\/\/tahiriluxuryservices.ma\/product\/afterwork\/","name":"Afterwork - Tahiri Luxury Services","isPartOf":{"@id":"https:\/\/tahiriluxuryservices.ma\/#website"},"primaryImageOfPage":{"@id":"https:\/\/tahiriluxuryservices.ma\/product\/afterwork\/#primaryimage"},"image":{"@id":"https:\/\/tahiriluxuryservices.ma\/product\/afterwork\/#primaryimage"},"thumbnailUrl":"https:\/\/i0.wp.com\/tahiriluxuryservices.ma\/wp-content\/uploads\/2024\/12\/Afterwork.jpg?fit=1300%2C774&ssl=1","datePublished":"2024-12-19T16:37:44+00:00","dateModified":"2025-02-04T12:56:08+00:00","breadcrumb":{"@id":"https:\/\/tahiriluxuryservices.ma\/product\/afterwork\/#breadcrumb"},"inLanguage":"fr-FR","potentialAction":[{"@type":"ReadAction","target":["https:\/\/tahiriluxuryservices.ma\/product\/afterwork\/"]}]},{"@type":"ImageObject","inLanguage":"fr-FR","@id":"https:\/\/tahiriluxuryservices.ma\/product\/afterwork\/#primaryimage","url":"https:\/\/i0.wp.com\/tahiriluxuryservices.ma\/wp-content\/uploads\/2024\/12\/Afterwork.jpg?fit=1300%2C774&ssl=1","contentUrl":"https:\/\/i0.wp.com\/tahiriluxuryservices.ma\/wp-content\/uploads\/2024\/12\/Afterwork.jpg?fit=1300%2C774&ssl=1","width":1300,"height":774},{"@type":"BreadcrumbList","@id":"https:\/\/tahiriluxuryservices.ma\/product\/afterwork\/#breadcrumb","itemListElement":[{"@type":"ListItem","position":1,"name":"Accueil","item":"https:\/\/tahiriluxuryservices.ma\/"},{"@type":"ListItem","position":2,"name":"Shop","item":"https:\/\/tahiriluxuryservices.ma\/shop\/"},{"@type":"ListItem","position":3,"name":"Afterwork"}]},{"@type":"WebSite","@id":"https:\/\/tahiriluxuryservices.ma\/#website","url":"https:\/\/tahiriluxuryservices.ma\/","name":"Tahiri Luxury Services","description":"Chauffeur priv\u00e9 de luxe Marrakech","potentialAction":[{"@type":"SearchAction","target":{"@type":"EntryPoint","urlTemplate":"https:\/\/tahiriluxuryservices.ma\/?s={search_term_string}"},"query-input":{"@type":"PropertyValueSpecification","valueRequired":true,"valueName":"search_term_string"}}],"inLanguage":"fr-FR"}]}},"jetpack_sharing_enabled":true,"_links":{"self":[{"href":"https:\/\/tahiriluxuryservices.ma\/fr_fr\/wp-json\/wp\/v2\/product\/8672","targetHints":{"allow":["GET"]}}],"collection":[{"href":"https:\/\/tahiriluxuryservices.ma\/fr_fr\/wp-json\/wp\/v2\/product"}],"about":[{"href":"https:\/\/tahiriluxuryservices.ma\/fr_fr\/wp-json\/wp\/v2\/types\/product"}],"replies":[{"embeddable":true,"href":"https:\/\/tahiriluxuryservices.ma\/fr_fr\/wp-json\/wp\/v2\/comments?post=8672"}],"version-history":[{"count":5,"href":"https:\/\/tahiriluxuryservices.ma\/fr_fr\/wp-json\/wp\/v2\/product\/8672\/revisions"}],"predecessor-version":[{"id":9048,"href":"https:\/\/tahiriluxuryservices.ma\/fr_fr\/wp-json\/wp\/v2\/product\/8672\/revisions\/9048"}],"wp:featuredmedia":[{"embeddable":true,"href":"https:\/\/tahiriluxuryservices.ma\/fr_fr\/wp-json\/wp\/v2\/media\/8853"}],"wp:attachment":[{"href":"https:\/\/tahiriluxuryservices.ma\/fr_fr\/wp-json\/wp\/v2\/media?parent=8672"}],"wp:term":[{"taxonomy":"product_brand","embeddable":true,"href":"https:\/\/tahiriluxuryservices.ma\/fr_fr\/wp-json\/wp\/v2\/product_brand?post=8672"},{"taxonomy":"product_cat","embeddable":true,"href":"https:\/\/tahiriluxuryservices.ma\/fr_fr\/wp-json\/wp\/v2\/product_cat?post=8672"},{"taxonomy":"product_tag","embeddable":true,"href":"https:\/\/tahiriluxuryservices.ma\/fr_fr\/wp-json\/wp\/v2\/product_tag?post=8672"}],"curies":[{"name":"wp","href":"https:\/\/api.w.org\/{rel}","templated":true}]}}