{"id":8674,"date":"2024-12-19T16:38:45","date_gmt":"2024-12-19T16:38:45","guid":{"rendered":"https:\/\/demo.tahiriluxuryservices.ma\/?post_type=product&#038;p=8674"},"modified":"2025-02-04T13:36:34","modified_gmt":"2025-02-04T13:36:34","slug":"restaurants","status":"publish","type":"product","link":"https:\/\/tahiriluxuryservices.ma\/fr_fr\/product\/restaurants\/","title":{"rendered":"Restaurants"},"content":{"rendered":"<body>\t\t<div data-elementor-type=\"wp-post\" data-elementor-id=\"8674\" class=\"elementor elementor-8674\" data-elementor-post-type=\"product\">\n\t\t\t\t\t\t<section class=\"elementor-section elementor-top-section elementor-element elementor-element-e1a78c1 elementor-section-boxed elementor-section-height-default elementor-section-height-default\" data-id=\"e1a78c1\" data-element_type=\"section\" data-e-type=\"section\">\n\t\t\t\t\t\t<div class=\"elementor-container elementor-column-gap-default\">\n\t\t\t\t\t<div class=\"elementor-column elementor-col-50 elementor-top-column elementor-element elementor-element-28f7644\" data-id=\"28f7644\" data-element_type=\"column\" data-e-type=\"column\">\n\t\t\t<div class=\"elementor-widget-wrap elementor-element-populated\">\n\t\t\t\t\t\t<div class=\"elementor-element elementor-element-eef320c elementor-widget elementor-widget-text-editor\" data-id=\"eef320c\" data-element_type=\"widget\" data-e-type=\"widget\" data-widget_type=\"text-editor.default\">\n\t\t\t\t<div class=\"elementor-widget-container\">\n\t\t\t\t\t\t\t\t\t<p>Chez Tahiri Luxury Services, nous vous offrons une exp\u00e9rience culinaire inoubliable au c\u0153ur du Maroc. Des restaurants traditionnels des m\u00e9dinas aux lieux modernes avec vues imprenables, chaque adresse que nous s\u00e9lectionnons est un v\u00e9ritable voyage pour vos papilles. Que vous soyez \u00e0 la recherche d\u2019une cuisine marocaine authentique, de plats internationaux revisit\u00e9s ou d\u2019exp\u00e9riences gastronomiques cr\u00e9atives, nous vous guidons vers des tables d\u2019exception qui m\u00ealent avec finesse tradition et innovation. Chaque repas devient ainsi un moment de plaisir, dans un cadre aussi unique que les saveurs propos\u00e9es.<\/p>\t\t\t\t\t\t\t\t<\/div>\n\t\t\t\t<\/div>\n\t\t\t\t\t<\/div>\n\t\t<\/div>\n\t\t\t\t<div class=\"elementor-column elementor-col-50 elementor-top-column elementor-element elementor-element-fc8ee1c\" data-id=\"fc8ee1c\" data-element_type=\"column\" data-e-type=\"column\">\n\t\t\t<div class=\"elementor-widget-wrap elementor-element-populated\">\n\t\t\t\t\t\t<div class=\"elementor-element elementor-element-57ffef0 elementor-widget elementor-widget-text-editor\" data-id=\"57ffef0\" data-element_type=\"widget\" data-e-type=\"widget\" data-widget_type=\"text-editor.default\">\n\t\t\t\t<div class=\"elementor-widget-container\">\n\t\t\t\t\t\t\t\t\t<p>Nous nous occupons de tout pour que votre exp\u00e9rience soit sans tracas, que ce soit en r\u00e9servant les meilleures tables ou en organisant des repas priv\u00e9s personnalis\u00e9s. Vous pouvez compter sur nous pour g\u00e9rer chaque d\u00e9tail : du transport en v\u00e9hicule de luxe \u00e0 la cr\u00e9ation de menus sur mesure, en passant par des exp\u00e9riences culinaires inoubliables dans des lieux qui vous \u00e9merveilleront. Avec Tahiri Luxury Services, d\u00e9couvrez le Maroc \u00e0 travers ses restaurants, o\u00f9 luxe et gastronomie se rencontrent pour vous offrir un moment vraiment exceptionnel.<\/p>\t\t\t\t\t\t\t\t<\/div>\n\t\t\t\t<\/div>\n\t\t\t\t\t<\/div>\n\t\t<\/div>\n\t\t\t\t\t<\/div>\n\t\t<\/section>\n\t\t\t\t<\/div>\n\t\t<\/body>","protected":false},"excerpt":{"rendered":"<p>Vivez une exp\u00e9rience culinaire inoubliable \u00e0 Marrakech et ses environs gr\u00e2ce aux services sur mesure de Tahiri Luxury Services. Nous vous proposons des transferts exclusifs et raffin\u00e9s vers les restaurants les plus prestigieux, que ce soit pour un d\u00e9jeuner ou un d\u00eener, o\u00f9 vous pourrez savourer des sp\u00e9cialit\u00e9s marocaines authentiques ou explorer des tables gastronomiques internationales.<\/p>\n<p>Nos chauffeurs professionnels, ponctuels et discrets, vous assurent un trajet agr\u00e9able et fluide, vous permettant de pleinement appr\u00e9cier chaque moment de votre exp\u00e9rience culinaire. En collaborant avec les \u00e9tablissements les plus renomm\u00e9s, nous vous garantissons un acc\u00e8s privil\u00e9gi\u00e9 \u00e0 des lieux d\u2019exception, o\u00f9 chaque repas devient une exp\u00e9rience unique. Avec Tahiri Luxury Services, laissez-vous guider vers les meilleures adresses et vivez une exp\u00e9rience gastronomique de luxe.<\/p>\n","protected":false},"featured_media":8850,"comment_status":"closed","ping_status":"closed","template":"","meta":{"om_disable_all_campaigns":false},"product_brand":[],"product_cat":[91],"product_tag":[39,50],"class_list":{"0":"post-8674","1":"product","2":"type-product","3":"status-publish","4":"has-post-thumbnail","6":"product_cat-celebrations","7":"product_tag-car","8":"product_tag-luxorius","10":"first","11":"instock","12":"shipping-taxable","13":"product-type-simple"},"yoast_head":"<!-- This site is optimized with the Yoast SEO plugin v27.3 - https:\/\/yoast.com\/product\/yoast-seo-wordpress\/ -->\n<title>Restaurants - Tahiri Luxury Services<\/title>\n<meta name=\"robots\" content=\"index, follow, max-snippet:-1, max-image-preview:large, max-video-preview:-1\" \/>\n<link rel=\"canonical\" href=\"https:\/\/tahiriluxuryservices.ma\/fr_fr\/product\/restaurants\/\" \/>\n<meta property=\"og:locale\" content=\"fr_FR\" \/>\n<meta property=\"og:type\" content=\"article\" \/>\n<meta property=\"og:title\" content=\"Restaurants - Tahiri Luxury Services\" \/>\n<meta property=\"og:description\" content=\"Vivez une exp\u00e9rience culinaire inoubliable \u00e0 Marrakech et ses environs gr\u00e2ce aux services sur mesure de Tahiri Luxury Services. Nous vous proposons des transferts exclusifs et raffin\u00e9s vers les restaurants les plus prestigieux, que ce soit pour un d\u00e9jeuner ou un d\u00eener, o\u00f9 vous pourrez savourer des sp\u00e9cialit\u00e9s marocaines authentiques ou explorer des tables gastronomiques internationales.  Nos chauffeurs professionnels, ponctuels et discrets, vous assurent un trajet agr\u00e9able et fluide, vous permettant de pleinement appr\u00e9cier chaque moment de votre exp\u00e9rience culinaire. En collaborant avec les \u00e9tablissements les plus renomm\u00e9s, nous vous garantissons un acc\u00e8s privil\u00e9gi\u00e9 \u00e0 des lieux d\u2019exception, o\u00f9 chaque repas devient une exp\u00e9rience unique. Avec Tahiri Luxury Services, laissez-vous guider vers les meilleures adresses et vivez une exp\u00e9rience gastronomique de luxe.\" \/>\n<meta property=\"og:url\" content=\"https:\/\/tahiriluxuryservices.ma\/fr_fr\/product\/restaurants\/\" \/>\n<meta property=\"og:site_name\" content=\"Tahiri Luxury Services\" \/>\n<meta property=\"article:modified_time\" content=\"2025-02-04T13:36:34+00:00\" \/>\n<meta property=\"og:image\" content=\"https:\/\/tahiriluxuryservices.ma\/wp-content\/uploads\/2024\/12\/Restaurants.jpg\" \/>\n\t<meta property=\"og:image:width\" content=\"1300\" \/>\n\t<meta property=\"og:image:height\" content=\"774\" \/>\n\t<meta property=\"og:image:type\" content=\"image\/jpeg\" \/>\n<meta name=\"twitter:card\" content=\"summary_large_image\" \/>\n<meta name=\"twitter:label1\" content=\"Dur\u00e9e de lecture estim\u00e9e\" \/>\n\t<meta name=\"twitter:data1\" content=\"1 minute\" \/>\n<script type=\"application\/ld+json\" class=\"yoast-schema-graph\">{\"@context\":\"https:\\\/\\\/schema.org\",\"@graph\":[{\"@type\":\"WebPage\",\"@id\":\"https:\\\/\\\/tahiriluxuryservices.ma\\\/product\\\/restaurants\\\/\",\"url\":\"https:\\\/\\\/tahiriluxuryservices.ma\\\/product\\\/restaurants\\\/\",\"name\":\"Restaurants - Tahiri Luxury Services\",\"isPartOf\":{\"@id\":\"https:\\\/\\\/tahiriluxuryservices.ma\\\/#website\"},\"primaryImageOfPage\":{\"@id\":\"https:\\\/\\\/tahiriluxuryservices.ma\\\/product\\\/restaurants\\\/#primaryimage\"},\"image\":{\"@id\":\"https:\\\/\\\/tahiriluxuryservices.ma\\\/product\\\/restaurants\\\/#primaryimage\"},\"thumbnailUrl\":\"https:\\\/\\\/i0.wp.com\\\/tahiriluxuryservices.ma\\\/wp-content\\\/uploads\\\/2024\\\/12\\\/Restaurants.jpg?fit=1300%2C774&ssl=1\",\"datePublished\":\"2024-12-19T16:38:45+00:00\",\"dateModified\":\"2025-02-04T13:36:34+00:00\",\"breadcrumb\":{\"@id\":\"https:\\\/\\\/tahiriluxuryservices.ma\\\/product\\\/restaurants\\\/#breadcrumb\"},\"inLanguage\":\"fr-FR\",\"potentialAction\":[{\"@type\":\"ReadAction\",\"target\":[\"https:\\\/\\\/tahiriluxuryservices.ma\\\/product\\\/restaurants\\\/\"]}]},{\"@type\":\"ImageObject\",\"inLanguage\":\"fr-FR\",\"@id\":\"https:\\\/\\\/tahiriluxuryservices.ma\\\/product\\\/restaurants\\\/#primaryimage\",\"url\":\"https:\\\/\\\/i0.wp.com\\\/tahiriluxuryservices.ma\\\/wp-content\\\/uploads\\\/2024\\\/12\\\/Restaurants.jpg?fit=1300%2C774&ssl=1\",\"contentUrl\":\"https:\\\/\\\/i0.wp.com\\\/tahiriluxuryservices.ma\\\/wp-content\\\/uploads\\\/2024\\\/12\\\/Restaurants.jpg?fit=1300%2C774&ssl=1\",\"width\":1300,\"height\":774},{\"@type\":\"BreadcrumbList\",\"@id\":\"https:\\\/\\\/tahiriluxuryservices.ma\\\/product\\\/restaurants\\\/#breadcrumb\",\"itemListElement\":[{\"@type\":\"ListItem\",\"position\":1,\"name\":\"Accueil\",\"item\":\"https:\\\/\\\/tahiriluxuryservices.ma\\\/\"},{\"@type\":\"ListItem\",\"position\":2,\"name\":\"Shop\",\"item\":\"https:\\\/\\\/tahiriluxuryservices.ma\\\/shop\\\/\"},{\"@type\":\"ListItem\",\"position\":3,\"name\":\"Restaurants\"}]},{\"@type\":\"WebSite\",\"@id\":\"https:\\\/\\\/tahiriluxuryservices.ma\\\/#website\",\"url\":\"https:\\\/\\\/tahiriluxuryservices.ma\\\/\",\"name\":\"Tahiri Luxury Services\",\"description\":\"Chauffeur priv\u00e9 de luxe Marrakech\",\"potentialAction\":[{\"@type\":\"SearchAction\",\"target\":{\"@type\":\"EntryPoint\",\"urlTemplate\":\"https:\\\/\\\/tahiriluxuryservices.ma\\\/?s={search_term_string}\"},\"query-input\":{\"@type\":\"PropertyValueSpecification\",\"valueRequired\":true,\"valueName\":\"search_term_string\"}}],\"inLanguage\":\"fr-FR\"}]}<\/script>\n<!-- \/ Yoast SEO plugin. -->","yoast_head_json":{"title":"Restaurants - Tahiri Luxury Services","robots":{"index":"index","follow":"follow","max-snippet":"max-snippet:-1","max-image-preview":"max-image-preview:large","max-video-preview":"max-video-preview:-1"},"canonical":"https:\/\/tahiriluxuryservices.ma\/fr_fr\/product\/restaurants\/","og_locale":"fr_FR","og_type":"article","og_title":"Restaurants - Tahiri Luxury Services","og_description":"Vivez une exp\u00e9rience culinaire inoubliable \u00e0 Marrakech et ses environs gr\u00e2ce aux services sur mesure de Tahiri Luxury Services. Nous vous proposons des transferts exclusifs et raffin\u00e9s vers les restaurants les plus prestigieux, que ce soit pour un d\u00e9jeuner ou un d\u00eener, o\u00f9 vous pourrez savourer des sp\u00e9cialit\u00e9s marocaines authentiques ou explorer des tables gastronomiques internationales.  Nos chauffeurs professionnels, ponctuels et discrets, vous assurent un trajet agr\u00e9able et fluide, vous permettant de pleinement appr\u00e9cier chaque moment de votre exp\u00e9rience culinaire. En collaborant avec les \u00e9tablissements les plus renomm\u00e9s, nous vous garantissons un acc\u00e8s privil\u00e9gi\u00e9 \u00e0 des lieux d\u2019exception, o\u00f9 chaque repas devient une exp\u00e9rience unique. Avec Tahiri Luxury Services, laissez-vous guider vers les meilleures adresses et vivez une exp\u00e9rience gastronomique de luxe.","og_url":"https:\/\/tahiriluxuryservices.ma\/fr_fr\/product\/restaurants\/","og_site_name":"Tahiri Luxury Services","article_modified_time":"2025-02-04T13:36:34+00:00","og_image":[{"width":1300,"height":774,"url":"https:\/\/tahiriluxuryservices.ma\/wp-content\/uploads\/2024\/12\/Restaurants.jpg","type":"image\/jpeg"}],"twitter_card":"summary_large_image","twitter_misc":{"Dur\u00e9e de lecture estim\u00e9e":"1 minute"},"schema":{"@context":"https:\/\/schema.org","@graph":[{"@type":"WebPage","@id":"https:\/\/tahiriluxuryservices.ma\/product\/restaurants\/","url":"https:\/\/tahiriluxuryservices.ma\/product\/restaurants\/","name":"Restaurants - Tahiri Luxury Services","isPartOf":{"@id":"https:\/\/tahiriluxuryservices.ma\/#website"},"primaryImageOfPage":{"@id":"https:\/\/tahiriluxuryservices.ma\/product\/restaurants\/#primaryimage"},"image":{"@id":"https:\/\/tahiriluxuryservices.ma\/product\/restaurants\/#primaryimage"},"thumbnailUrl":"https:\/\/i0.wp.com\/tahiriluxuryservices.ma\/wp-content\/uploads\/2024\/12\/Restaurants.jpg?fit=1300%2C774&ssl=1","datePublished":"2024-12-19T16:38:45+00:00","dateModified":"2025-02-04T13:36:34+00:00","breadcrumb":{"@id":"https:\/\/tahiriluxuryservices.ma\/product\/restaurants\/#breadcrumb"},"inLanguage":"fr-FR","potentialAction":[{"@type":"ReadAction","target":["https:\/\/tahiriluxuryservices.ma\/product\/restaurants\/"]}]},{"@type":"ImageObject","inLanguage":"fr-FR","@id":"https:\/\/tahiriluxuryservices.ma\/product\/restaurants\/#primaryimage","url":"https:\/\/i0.wp.com\/tahiriluxuryservices.ma\/wp-content\/uploads\/2024\/12\/Restaurants.jpg?fit=1300%2C774&ssl=1","contentUrl":"https:\/\/i0.wp.com\/tahiriluxuryservices.ma\/wp-content\/uploads\/2024\/12\/Restaurants.jpg?fit=1300%2C774&ssl=1","width":1300,"height":774},{"@type":"BreadcrumbList","@id":"https:\/\/tahiriluxuryservices.ma\/product\/restaurants\/#breadcrumb","itemListElement":[{"@type":"ListItem","position":1,"name":"Accueil","item":"https:\/\/tahiriluxuryservices.ma\/"},{"@type":"ListItem","position":2,"name":"Shop","item":"https:\/\/tahiriluxuryservices.ma\/shop\/"},{"@type":"ListItem","position":3,"name":"Restaurants"}]},{"@type":"WebSite","@id":"https:\/\/tahiriluxuryservices.ma\/#website","url":"https:\/\/tahiriluxuryservices.ma\/","name":"Tahiri Luxury Services","description":"Chauffeur priv\u00e9 de luxe Marrakech","potentialAction":[{"@type":"SearchAction","target":{"@type":"EntryPoint","urlTemplate":"https:\/\/tahiriluxuryservices.ma\/?s={search_term_string}"},"query-input":{"@type":"PropertyValueSpecification","valueRequired":true,"valueName":"search_term_string"}}],"inLanguage":"fr-FR"}]}},"jetpack_sharing_enabled":true,"_links":{"self":[{"href":"https:\/\/tahiriluxuryservices.ma\/fr_fr\/wp-json\/wp\/v2\/product\/8674","targetHints":{"allow":["GET"]}}],"collection":[{"href":"https:\/\/tahiriluxuryservices.ma\/fr_fr\/wp-json\/wp\/v2\/product"}],"about":[{"href":"https:\/\/tahiriluxuryservices.ma\/fr_fr\/wp-json\/wp\/v2\/types\/product"}],"replies":[{"embeddable":true,"href":"https:\/\/tahiriluxuryservices.ma\/fr_fr\/wp-json\/wp\/v2\/comments?post=8674"}],"version-history":[{"count":5,"href":"https:\/\/tahiriluxuryservices.ma\/fr_fr\/wp-json\/wp\/v2\/product\/8674\/revisions"}],"predecessor-version":[{"id":9069,"href":"https:\/\/tahiriluxuryservices.ma\/fr_fr\/wp-json\/wp\/v2\/product\/8674\/revisions\/9069"}],"wp:featuredmedia":[{"embeddable":true,"href":"https:\/\/tahiriluxuryservices.ma\/fr_fr\/wp-json\/wp\/v2\/media\/8850"}],"wp:attachment":[{"href":"https:\/\/tahiriluxuryservices.ma\/fr_fr\/wp-json\/wp\/v2\/media?parent=8674"}],"wp:term":[{"taxonomy":"product_brand","embeddable":true,"href":"https:\/\/tahiriluxuryservices.ma\/fr_fr\/wp-json\/wp\/v2\/product_brand?post=8674"},{"taxonomy":"product_cat","embeddable":true,"href":"https:\/\/tahiriluxuryservices.ma\/fr_fr\/wp-json\/wp\/v2\/product_cat?post=8674"},{"taxonomy":"product_tag","embeddable":true,"href":"https:\/\/tahiriluxuryservices.ma\/fr_fr\/wp-json\/wp\/v2\/product_tag?post=8674"}],"curies":[{"name":"wp","href":"https:\/\/api.w.org\/{rel}","templated":true}]}}