{"id":8678,"date":"2024-12-19T16:40:44","date_gmt":"2024-12-19T16:40:44","guid":{"rendered":"https:\/\/demo.tahiriluxuryservices.ma\/?post_type=product&#038;p=8678"},"modified":"2025-02-04T13:40:53","modified_gmt":"2025-02-04T13:40:53","slug":"shoping-pour-madame-salle-de-sport-ou-spa","status":"publish","type":"product","link":"https:\/\/tahiriluxuryservices.ma\/fr_fr\/product\/shoping-pour-madame-salle-de-sport-ou-spa\/","title":{"rendered":"Shoping pour Madame (Salle de sport ou SPA)"},"content":{"rendered":"<body>\t\t<div data-elementor-type=\"wp-post\" data-elementor-id=\"8678\" class=\"elementor elementor-8678\" data-elementor-post-type=\"product\">\n\t\t\t\t\t\t<section class=\"elementor-section elementor-top-section elementor-element elementor-element-e1a78c1 elementor-section-boxed elementor-section-height-default elementor-section-height-default\" data-id=\"e1a78c1\" data-element_type=\"section\" data-e-type=\"section\">\n\t\t\t\t\t\t<div class=\"elementor-container elementor-column-gap-default\">\n\t\t\t\t\t<div class=\"elementor-column elementor-col-50 elementor-top-column elementor-element elementor-element-28f7644\" data-id=\"28f7644\" data-element_type=\"column\" data-e-type=\"column\">\n\t\t\t<div class=\"elementor-widget-wrap elementor-element-populated\">\n\t\t\t\t\t\t<div class=\"elementor-element elementor-element-eef320c elementor-widget elementor-widget-text-editor\" data-id=\"eef320c\" data-element_type=\"widget\" data-e-type=\"widget\" data-widget_type=\"text-editor.default\">\n\t\t\t\t<div class=\"elementor-widget-container\">\n\t\t\t\t\t\t\t\t\t<p>Laissez-vous emporter dans une exp\u00e9rience de shopping exceptionnelle au Maroc, o\u00f9 luxe et \u00e9l\u00e9gance se m\u00ealent parfaitement pour vous offrir une journ\u00e9e unique. Tahiri Luxury Services vous accompagne dans les boutiques les plus prestigieuses du pays, des cr\u00e9ateurs locaux aux grandes marques internationales, pour que vous puissiez trouver les pi\u00e8ces exclusives qui correspondent \u00e0 votre style. Nous nous occupons de chaque d\u00e9tail, de votre transport en v\u00e9hicule de luxe \u00e0 l\u2019organisation de vos achats, afin que vous puissiez vous concentrer pleinement sur votre exp\u00e9rience shopping.<\/p>\t\t\t\t\t\t\t\t<\/div>\n\t\t\t\t<\/div>\n\t\t\t\t\t<\/div>\n\t\t<\/div>\n\t\t\t\t<div class=\"elementor-column elementor-col-50 elementor-top-column elementor-element elementor-element-fc8ee1c\" data-id=\"fc8ee1c\" data-element_type=\"column\" data-e-type=\"column\">\n\t\t\t<div class=\"elementor-widget-wrap elementor-element-populated\">\n\t\t\t\t\t\t<div class=\"elementor-element elementor-element-57ffef0 elementor-widget elementor-widget-text-editor\" data-id=\"57ffef0\" data-element_type=\"widget\" data-e-type=\"widget\" data-widget_type=\"text-editor.default\">\n\t\t\t\t<div class=\"elementor-widget-container\">\n\t\t\t\t\t\t\t\t\t<p>Apr\u00e8s avoir trouv\u00e9 les tr\u00e9sors qui vous feront briller, offrez-vous une pause bien-\u00eatre dans l\u2019un des meilleurs spas ou salles de sport du Maroc. Que ce soit pour un massage apaisant, un soin de beaut\u00e9 revitalisant ou une s\u00e9ance de fitness priv\u00e9e, nous avons s\u00e9lectionn\u00e9 pour vous des endroits o\u00f9 d\u00e9tente et luxe sont les ma\u00eetres mots. Vous n\u2019aurez qu\u2019\u00e0 profiter, en sachant que chaque moment est pris en charge par notre \u00e9quipe d\u00e9di\u00e9e. Avec Tahiri Luxury Services, combinez shopping et relaxation pour une journ\u00e9e parfaite, con\u00e7ue enti\u00e8rement pour vous.<\/p>\t\t\t\t\t\t\t\t<\/div>\n\t\t\t\t<\/div>\n\t\t\t\t\t<\/div>\n\t\t<\/div>\n\t\t\t\t\t<\/div>\n\t\t<\/section>\n\t\t\t\t<\/div>\n\t\t<\/body>","protected":false},"excerpt":{"rendered":"<p>Offrez-vous une journ\u00e9e de shopping exclusive et de bien-\u00eatre avec Tahiri Luxury Services. Nous vous proposons un service de transport haut de gamme pour vous rendre dans les boutiques les plus prestigieuses de Marrakech, o\u00f9 vous pourrez d\u00e9couvrir des cr\u00e9ations de designers renomm\u00e9s, des accessoires de luxe et des produits locaux raffin\u00e9s. Nous vous assurons un trajet confortable et \u00e9l\u00e9gant, vous permettant de profiter pleinement de votre exp\u00e9rience de shopping sans souci logistique.<\/p>\n<p>En compl\u00e9ment de votre journ\u00e9e shopping, nous vous offrons \u00e9galement un acc\u00e8s privil\u00e9gi\u00e9 aux meilleures salles de sport et spas de la ville. D\u00e9tendez-vous et revitalisez-vous dans un cadre luxueux, avec des soins personnalis\u00e9s et des \u00e9quipements de pointe. Nos chauffeurs professionnels veillent \u00e0 votre confort et \u00e0 votre ponctualit\u00e9, vous permettant de vous concentrer sur l&#8217;essentiel : votre bien-\u00eatre. Avec Tahiri Luxury Services, vivez une exp\u00e9rience de shopping et de relaxation in\u00e9gal\u00e9e, alliant luxe, confort et s\u00e9r\u00e9nit\u00e9.<\/p>\n","protected":false},"featured_media":8829,"comment_status":"closed","ping_status":"closed","template":"","meta":{"om_disable_all_campaigns":false},"product_brand":[],"product_cat":[91],"product_tag":[39,50],"class_list":{"0":"post-8678","1":"product","2":"type-product","3":"status-publish","4":"has-post-thumbnail","6":"product_cat-celebrations","7":"product_tag-car","8":"product_tag-luxorius","10":"first","11":"instock","12":"shipping-taxable","13":"product-type-simple"},"yoast_head":"<!-- This site is optimized with the Yoast SEO plugin v27.3 - https:\/\/yoast.com\/product\/yoast-seo-wordpress\/ -->\n<title>Shoping pour Madame (Salle de sport ou SPA) - Tahiri Luxury Services<\/title>\n<meta name=\"robots\" content=\"index, follow, max-snippet:-1, max-image-preview:large, max-video-preview:-1\" \/>\n<link rel=\"canonical\" href=\"https:\/\/tahiriluxuryservices.ma\/fr_fr\/product\/shoping-pour-madame-salle-de-sport-ou-spa\/\" \/>\n<meta property=\"og:locale\" content=\"fr_FR\" \/>\n<meta property=\"og:type\" content=\"article\" \/>\n<meta property=\"og:title\" content=\"Shoping pour Madame (Salle de sport ou SPA) - Tahiri Luxury Services\" \/>\n<meta property=\"og:description\" content=\"Offrez-vous une journ\u00e9e de shopping exclusive et de bien-\u00eatre avec Tahiri Luxury Services. Nous vous proposons un service de transport haut de gamme pour vous rendre dans les boutiques les plus prestigieuses de Marrakech, o\u00f9 vous pourrez d\u00e9couvrir des cr\u00e9ations de designers renomm\u00e9s, des accessoires de luxe et des produits locaux raffin\u00e9s. Nous vous assurons un trajet confortable et \u00e9l\u00e9gant, vous permettant de profiter pleinement de votre exp\u00e9rience de shopping sans souci logistique.  En compl\u00e9ment de votre journ\u00e9e shopping, nous vous offrons \u00e9galement un acc\u00e8s privil\u00e9gi\u00e9 aux meilleures salles de sport et spas de la ville. D\u00e9tendez-vous et revitalisez-vous dans un cadre luxueux, avec des soins personnalis\u00e9s et des \u00e9quipements de pointe. Nos chauffeurs professionnels veillent \u00e0 votre confort et \u00e0 votre ponctualit\u00e9, vous permettant de vous concentrer sur l&#039;essentiel : votre bien-\u00eatre. Avec Tahiri Luxury Services, vivez une exp\u00e9rience de shopping et de relaxation in\u00e9gal\u00e9e, alliant luxe, confort et s\u00e9r\u00e9nit\u00e9.\" \/>\n<meta property=\"og:url\" content=\"https:\/\/tahiriluxuryservices.ma\/fr_fr\/product\/shoping-pour-madame-salle-de-sport-ou-spa\/\" \/>\n<meta property=\"og:site_name\" content=\"Tahiri Luxury Services\" \/>\n<meta property=\"article:modified_time\" content=\"2025-02-04T13:40:53+00:00\" \/>\n<meta property=\"og:image\" content=\"https:\/\/tahiriluxuryservices.ma\/wp-content\/uploads\/2024\/12\/Shoping-pour-Madame.jpg\" \/>\n\t<meta property=\"og:image:width\" content=\"1300\" \/>\n\t<meta property=\"og:image:height\" content=\"774\" \/>\n\t<meta property=\"og:image:type\" content=\"image\/jpeg\" \/>\n<meta name=\"twitter:card\" content=\"summary_large_image\" \/>\n<meta name=\"twitter:label1\" content=\"Dur\u00e9e de lecture estim\u00e9e\" \/>\n\t<meta name=\"twitter:data1\" content=\"1 minute\" \/>\n<script type=\"application\/ld+json\" class=\"yoast-schema-graph\">{\"@context\":\"https:\\\/\\\/schema.org\",\"@graph\":[{\"@type\":\"WebPage\",\"@id\":\"https:\\\/\\\/tahiriluxuryservices.ma\\\/product\\\/shoping-pour-madame-salle-de-sport-ou-spa\\\/\",\"url\":\"https:\\\/\\\/tahiriluxuryservices.ma\\\/product\\\/shoping-pour-madame-salle-de-sport-ou-spa\\\/\",\"name\":\"Shoping pour Madame (Salle de sport ou SPA) - Tahiri Luxury Services\",\"isPartOf\":{\"@id\":\"https:\\\/\\\/tahiriluxuryservices.ma\\\/#website\"},\"primaryImageOfPage\":{\"@id\":\"https:\\\/\\\/tahiriluxuryservices.ma\\\/product\\\/shoping-pour-madame-salle-de-sport-ou-spa\\\/#primaryimage\"},\"image\":{\"@id\":\"https:\\\/\\\/tahiriluxuryservices.ma\\\/product\\\/shoping-pour-madame-salle-de-sport-ou-spa\\\/#primaryimage\"},\"thumbnailUrl\":\"https:\\\/\\\/i0.wp.com\\\/tahiriluxuryservices.ma\\\/wp-content\\\/uploads\\\/2024\\\/12\\\/Shoping-pour-Madame.jpg?fit=1300%2C774&ssl=1\",\"datePublished\":\"2024-12-19T16:40:44+00:00\",\"dateModified\":\"2025-02-04T13:40:53+00:00\",\"breadcrumb\":{\"@id\":\"https:\\\/\\\/tahiriluxuryservices.ma\\\/product\\\/shoping-pour-madame-salle-de-sport-ou-spa\\\/#breadcrumb\"},\"inLanguage\":\"fr-FR\",\"potentialAction\":[{\"@type\":\"ReadAction\",\"target\":[\"https:\\\/\\\/tahiriluxuryservices.ma\\\/product\\\/shoping-pour-madame-salle-de-sport-ou-spa\\\/\"]}]},{\"@type\":\"ImageObject\",\"inLanguage\":\"fr-FR\",\"@id\":\"https:\\\/\\\/tahiriluxuryservices.ma\\\/product\\\/shoping-pour-madame-salle-de-sport-ou-spa\\\/#primaryimage\",\"url\":\"https:\\\/\\\/i0.wp.com\\\/tahiriluxuryservices.ma\\\/wp-content\\\/uploads\\\/2024\\\/12\\\/Shoping-pour-Madame.jpg?fit=1300%2C774&ssl=1\",\"contentUrl\":\"https:\\\/\\\/i0.wp.com\\\/tahiriluxuryservices.ma\\\/wp-content\\\/uploads\\\/2024\\\/12\\\/Shoping-pour-Madame.jpg?fit=1300%2C774&ssl=1\",\"width\":1300,\"height\":774},{\"@type\":\"BreadcrumbList\",\"@id\":\"https:\\\/\\\/tahiriluxuryservices.ma\\\/product\\\/shoping-pour-madame-salle-de-sport-ou-spa\\\/#breadcrumb\",\"itemListElement\":[{\"@type\":\"ListItem\",\"position\":1,\"name\":\"Accueil\",\"item\":\"https:\\\/\\\/tahiriluxuryservices.ma\\\/\"},{\"@type\":\"ListItem\",\"position\":2,\"name\":\"Shop\",\"item\":\"https:\\\/\\\/tahiriluxuryservices.ma\\\/shop\\\/\"},{\"@type\":\"ListItem\",\"position\":3,\"name\":\"Shoping pour Madame (Salle de sport ou SPA)\"}]},{\"@type\":\"WebSite\",\"@id\":\"https:\\\/\\\/tahiriluxuryservices.ma\\\/#website\",\"url\":\"https:\\\/\\\/tahiriluxuryservices.ma\\\/\",\"name\":\"Tahiri Luxury Services\",\"description\":\"Chauffeur priv\u00e9 de luxe Marrakech\",\"potentialAction\":[{\"@type\":\"SearchAction\",\"target\":{\"@type\":\"EntryPoint\",\"urlTemplate\":\"https:\\\/\\\/tahiriluxuryservices.ma\\\/?s={search_term_string}\"},\"query-input\":{\"@type\":\"PropertyValueSpecification\",\"valueRequired\":true,\"valueName\":\"search_term_string\"}}],\"inLanguage\":\"fr-FR\"}]}<\/script>\n<!-- \/ Yoast SEO plugin. -->","yoast_head_json":{"title":"Shoping pour Madame (Salle de sport ou SPA) - Tahiri Luxury Services","robots":{"index":"index","follow":"follow","max-snippet":"max-snippet:-1","max-image-preview":"max-image-preview:large","max-video-preview":"max-video-preview:-1"},"canonical":"https:\/\/tahiriluxuryservices.ma\/fr_fr\/product\/shoping-pour-madame-salle-de-sport-ou-spa\/","og_locale":"fr_FR","og_type":"article","og_title":"Shoping pour Madame (Salle de sport ou SPA) - Tahiri Luxury Services","og_description":"Offrez-vous une journ\u00e9e de shopping exclusive et de bien-\u00eatre avec Tahiri Luxury Services. Nous vous proposons un service de transport haut de gamme pour vous rendre dans les boutiques les plus prestigieuses de Marrakech, o\u00f9 vous pourrez d\u00e9couvrir des cr\u00e9ations de designers renomm\u00e9s, des accessoires de luxe et des produits locaux raffin\u00e9s. Nous vous assurons un trajet confortable et \u00e9l\u00e9gant, vous permettant de profiter pleinement de votre exp\u00e9rience de shopping sans souci logistique.  En compl\u00e9ment de votre journ\u00e9e shopping, nous vous offrons \u00e9galement un acc\u00e8s privil\u00e9gi\u00e9 aux meilleures salles de sport et spas de la ville. D\u00e9tendez-vous et revitalisez-vous dans un cadre luxueux, avec des soins personnalis\u00e9s et des \u00e9quipements de pointe. Nos chauffeurs professionnels veillent \u00e0 votre confort et \u00e0 votre ponctualit\u00e9, vous permettant de vous concentrer sur l'essentiel : votre bien-\u00eatre. Avec Tahiri Luxury Services, vivez une exp\u00e9rience de shopping et de relaxation in\u00e9gal\u00e9e, alliant luxe, confort et s\u00e9r\u00e9nit\u00e9.","og_url":"https:\/\/tahiriluxuryservices.ma\/fr_fr\/product\/shoping-pour-madame-salle-de-sport-ou-spa\/","og_site_name":"Tahiri Luxury Services","article_modified_time":"2025-02-04T13:40:53+00:00","og_image":[{"width":1300,"height":774,"url":"https:\/\/tahiriluxuryservices.ma\/wp-content\/uploads\/2024\/12\/Shoping-pour-Madame.jpg","type":"image\/jpeg"}],"twitter_card":"summary_large_image","twitter_misc":{"Dur\u00e9e de lecture estim\u00e9e":"1 minute"},"schema":{"@context":"https:\/\/schema.org","@graph":[{"@type":"WebPage","@id":"https:\/\/tahiriluxuryservices.ma\/product\/shoping-pour-madame-salle-de-sport-ou-spa\/","url":"https:\/\/tahiriluxuryservices.ma\/product\/shoping-pour-madame-salle-de-sport-ou-spa\/","name":"Shoping pour Madame (Salle de sport ou SPA) - Tahiri Luxury Services","isPartOf":{"@id":"https:\/\/tahiriluxuryservices.ma\/#website"},"primaryImageOfPage":{"@id":"https:\/\/tahiriluxuryservices.ma\/product\/shoping-pour-madame-salle-de-sport-ou-spa\/#primaryimage"},"image":{"@id":"https:\/\/tahiriluxuryservices.ma\/product\/shoping-pour-madame-salle-de-sport-ou-spa\/#primaryimage"},"thumbnailUrl":"https:\/\/i0.wp.com\/tahiriluxuryservices.ma\/wp-content\/uploads\/2024\/12\/Shoping-pour-Madame.jpg?fit=1300%2C774&ssl=1","datePublished":"2024-12-19T16:40:44+00:00","dateModified":"2025-02-04T13:40:53+00:00","breadcrumb":{"@id":"https:\/\/tahiriluxuryservices.ma\/product\/shoping-pour-madame-salle-de-sport-ou-spa\/#breadcrumb"},"inLanguage":"fr-FR","potentialAction":[{"@type":"ReadAction","target":["https:\/\/tahiriluxuryservices.ma\/product\/shoping-pour-madame-salle-de-sport-ou-spa\/"]}]},{"@type":"ImageObject","inLanguage":"fr-FR","@id":"https:\/\/tahiriluxuryservices.ma\/product\/shoping-pour-madame-salle-de-sport-ou-spa\/#primaryimage","url":"https:\/\/i0.wp.com\/tahiriluxuryservices.ma\/wp-content\/uploads\/2024\/12\/Shoping-pour-Madame.jpg?fit=1300%2C774&ssl=1","contentUrl":"https:\/\/i0.wp.com\/tahiriluxuryservices.ma\/wp-content\/uploads\/2024\/12\/Shoping-pour-Madame.jpg?fit=1300%2C774&ssl=1","width":1300,"height":774},{"@type":"BreadcrumbList","@id":"https:\/\/tahiriluxuryservices.ma\/product\/shoping-pour-madame-salle-de-sport-ou-spa\/#breadcrumb","itemListElement":[{"@type":"ListItem","position":1,"name":"Accueil","item":"https:\/\/tahiriluxuryservices.ma\/"},{"@type":"ListItem","position":2,"name":"Shop","item":"https:\/\/tahiriluxuryservices.ma\/shop\/"},{"@type":"ListItem","position":3,"name":"Shoping pour Madame (Salle de sport ou SPA)"}]},{"@type":"WebSite","@id":"https:\/\/tahiriluxuryservices.ma\/#website","url":"https:\/\/tahiriluxuryservices.ma\/","name":"Tahiri Luxury Services","description":"Chauffeur priv\u00e9 de luxe Marrakech","potentialAction":[{"@type":"SearchAction","target":{"@type":"EntryPoint","urlTemplate":"https:\/\/tahiriluxuryservices.ma\/?s={search_term_string}"},"query-input":{"@type":"PropertyValueSpecification","valueRequired":true,"valueName":"search_term_string"}}],"inLanguage":"fr-FR"}]}},"jetpack_sharing_enabled":true,"_links":{"self":[{"href":"https:\/\/tahiriluxuryservices.ma\/fr_fr\/wp-json\/wp\/v2\/product\/8678","targetHints":{"allow":["GET"]}}],"collection":[{"href":"https:\/\/tahiriluxuryservices.ma\/fr_fr\/wp-json\/wp\/v2\/product"}],"about":[{"href":"https:\/\/tahiriluxuryservices.ma\/fr_fr\/wp-json\/wp\/v2\/types\/product"}],"replies":[{"embeddable":true,"href":"https:\/\/tahiriluxuryservices.ma\/fr_fr\/wp-json\/wp\/v2\/comments?post=8678"}],"version-history":[{"count":5,"href":"https:\/\/tahiriluxuryservices.ma\/fr_fr\/wp-json\/wp\/v2\/product\/8678\/revisions"}],"predecessor-version":[{"id":9072,"href":"https:\/\/tahiriluxuryservices.ma\/fr_fr\/wp-json\/wp\/v2\/product\/8678\/revisions\/9072"}],"wp:featuredmedia":[{"embeddable":true,"href":"https:\/\/tahiriluxuryservices.ma\/fr_fr\/wp-json\/wp\/v2\/media\/8829"}],"wp:attachment":[{"href":"https:\/\/tahiriluxuryservices.ma\/fr_fr\/wp-json\/wp\/v2\/media?parent=8678"}],"wp:term":[{"taxonomy":"product_brand","embeddable":true,"href":"https:\/\/tahiriluxuryservices.ma\/fr_fr\/wp-json\/wp\/v2\/product_brand?post=8678"},{"taxonomy":"product_cat","embeddable":true,"href":"https:\/\/tahiriluxuryservices.ma\/fr_fr\/wp-json\/wp\/v2\/product_cat?post=8678"},{"taxonomy":"product_tag","embeddable":true,"href":"https:\/\/tahiriluxuryservices.ma\/fr_fr\/wp-json\/wp\/v2\/product_tag?post=8678"}],"curies":[{"name":"wp","href":"https:\/\/api.w.org\/{rel}","templated":true}]}}