{"id":8680,"date":"2024-12-19T16:40:54","date_gmt":"2024-12-19T16:40:54","guid":{"rendered":"https:\/\/demo.tahiriluxuryservices.ma\/?post_type=product&#038;p=8680"},"modified":"2025-02-04T13:44:24","modified_gmt":"2025-02-04T13:44:24","slug":"sortie-entre-amis-amies","status":"publish","type":"product","link":"https:\/\/tahiriluxuryservices.ma\/fr_fr\/product\/sortie-entre-amis-amies\/","title":{"rendered":"Sortie entre amis (Amies)"},"content":{"rendered":"<body>\t\t<div data-elementor-type=\"wp-post\" data-elementor-id=\"8680\" class=\"elementor elementor-8680\" data-elementor-post-type=\"product\">\n\t\t\t\t\t\t<section class=\"elementor-section elementor-top-section elementor-element elementor-element-e1a78c1 elementor-section-boxed elementor-section-height-default elementor-section-height-default\" data-id=\"e1a78c1\" data-element_type=\"section\" data-e-type=\"section\">\n\t\t\t\t\t\t<div class=\"elementor-container elementor-column-gap-default\">\n\t\t\t\t\t<div class=\"elementor-column elementor-col-50 elementor-top-column elementor-element elementor-element-28f7644\" data-id=\"28f7644\" data-element_type=\"column\" data-e-type=\"column\">\n\t\t\t<div class=\"elementor-widget-wrap elementor-element-populated\">\n\t\t\t\t\t\t<div class=\"elementor-element elementor-element-eef320c elementor-widget elementor-widget-text-editor\" data-id=\"eef320c\" data-element_type=\"widget\" data-e-type=\"widget\" data-widget_type=\"text-editor.default\">\n\t\t\t\t<div class=\"elementor-widget-container\">\n\t\t\t\t\t\t\t\t\t<p>Organiser une sortie entre amis au Maroc devient une exp\u00e9rience inoubliable avec Tahiri Luxury Services. Que vous soyez \u00e0 la recherche d\u2019une soir\u00e9e chic dans un lounge branch\u00e9 de Marrakech, d\u2019une escapade dans le d\u00e9sert ou d\u2019une soir\u00e9e priv\u00e9e en villa, nous mettons \u00e0 votre disposition des lieux d\u2019exception qui r\u00e9pondent \u00e0 toutes vos envies. Notre \u00e9quipe de conciergerie s\u2019occupe de chaque d\u00e9tail : r\u00e9servation de tables exclusives, transport en v\u00e9hicules de luxe, et des suggestions d\u2019activit\u00e9s personnalis\u00e9es pour faire de chaque instant un souvenir m\u00e9morable.<\/p>\t\t\t\t\t\t\t\t<\/div>\n\t\t\t\t<\/div>\n\t\t\t\t\t<\/div>\n\t\t<\/div>\n\t\t\t\t<div class=\"elementor-column elementor-col-50 elementor-top-column elementor-element elementor-element-fc8ee1c\" data-id=\"fc8ee1c\" data-element_type=\"column\" data-e-type=\"column\">\n\t\t\t<div class=\"elementor-widget-wrap elementor-element-populated\">\n\t\t\t\t\t\t<div class=\"elementor-element elementor-element-57ffef0 elementor-widget elementor-widget-text-editor\" data-id=\"57ffef0\" data-element_type=\"widget\" data-e-type=\"widget\" data-widget_type=\"text-editor.default\">\n\t\t\t\t<div class=\"elementor-widget-container\">\n\t\t\t\t\t\t\t\t\t<p>Nous comprenons que chaque groupe d\u2019amis est unique, c\u2019est pourquoi nous cr\u00e9ons des sorties sur mesure qui correspondent parfaitement \u00e0 vos attentes. D\u00eeners raffin\u00e9s, soir\u00e9es anim\u00e9es avec DJ, excursions priv\u00e9es ou activit\u00e9s de groupe originales \u2013 nous organisons tout, afin que vous puissiez simplement profiter de votre temps ensemble. Avec Tahiri Luxury Services, vivez une sortie entre amis au Maroc qui combine luxe, convivialit\u00e9 et moments d\u2019exception.<\/p>\t\t\t\t\t\t\t\t<\/div>\n\t\t\t\t<\/div>\n\t\t\t\t\t<\/div>\n\t\t<\/div>\n\t\t\t\t\t<\/div>\n\t\t<\/section>\n\t\t\t\t<\/div>\n\t\t<\/body>","protected":false},"excerpt":{"rendered":"<p>Faites de chaque sortie entre amis une occasion m\u00e9morable avec Tahiri Luxury Services. Que ce soit pour une soir\u00e9e dans les clubs les plus branch\u00e9s de Marrakech, une visite des meilleures attractions locales ou un d\u00eener dans un restaurant haut de gamme, nous vous offrons des transferts luxueux et personnalis\u00e9s pour garantir une exp\u00e9rience unique et sans tracas.<\/p>\n<p>Nos chauffeurs professionnels, discrets et ponctuels, assurent un service de qualit\u00e9, vous permettant de vous concentrer sur l\u2019essentiel : profiter pleinement de votre temps ensemble. Avec Tahiri Luxury Services, vos sorties entre amis deviennent une exp\u00e9rience exceptionnelle, alliant confort, style et s\u00e9r\u00e9nit\u00e9. Laissez-nous prendre en charge vos d\u00e9placements et offrez-vous des moments inoubliables.<\/p>\n","protected":false},"featured_media":8825,"comment_status":"closed","ping_status":"closed","template":"","meta":{"om_disable_all_campaigns":false},"product_brand":[],"product_cat":[91],"product_tag":[39,50],"class_list":{"0":"post-8680","1":"product","2":"type-product","3":"status-publish","4":"has-post-thumbnail","6":"product_cat-celebrations","7":"product_tag-car","8":"product_tag-luxorius","10":"first","11":"instock","12":"shipping-taxable","13":"product-type-simple"},"yoast_head":"<!-- This site is optimized with the Yoast SEO plugin v27.3 - https:\/\/yoast.com\/product\/yoast-seo-wordpress\/ -->\n<title>Sortie entre amis (Amies) - Tahiri Luxury Services<\/title>\n<meta name=\"robots\" content=\"index, follow, max-snippet:-1, max-image-preview:large, max-video-preview:-1\" \/>\n<link rel=\"canonical\" href=\"https:\/\/tahiriluxuryservices.ma\/fr_fr\/product\/sortie-entre-amis-amies\/\" \/>\n<meta property=\"og:locale\" content=\"fr_FR\" \/>\n<meta property=\"og:type\" content=\"article\" \/>\n<meta property=\"og:title\" content=\"Sortie entre amis (Amies) - Tahiri Luxury Services\" \/>\n<meta property=\"og:description\" content=\"Faites de chaque sortie entre amis une occasion m\u00e9morable avec Tahiri Luxury Services. Que ce soit pour une soir\u00e9e dans les clubs les plus branch\u00e9s de Marrakech, une visite des meilleures attractions locales ou un d\u00eener dans un restaurant haut de gamme, nous vous offrons des transferts luxueux et personnalis\u00e9s pour garantir une exp\u00e9rience unique et sans tracas.  Nos chauffeurs professionnels, discrets et ponctuels, assurent un service de qualit\u00e9, vous permettant de vous concentrer sur l\u2019essentiel : profiter pleinement de votre temps ensemble. Avec Tahiri Luxury Services, vos sorties entre amis deviennent une exp\u00e9rience exceptionnelle, alliant confort, style et s\u00e9r\u00e9nit\u00e9. Laissez-nous prendre en charge vos d\u00e9placements et offrez-vous des moments inoubliables.\" \/>\n<meta property=\"og:url\" content=\"https:\/\/tahiriluxuryservices.ma\/fr_fr\/product\/sortie-entre-amis-amies\/\" \/>\n<meta property=\"og:site_name\" content=\"Tahiri Luxury Services\" \/>\n<meta property=\"article:modified_time\" content=\"2025-02-04T13:44:24+00:00\" \/>\n<meta property=\"og:image\" content=\"https:\/\/tahiriluxuryservices.ma\/wp-content\/uploads\/2024\/12\/Sortie-entre-amis.jpg\" \/>\n\t<meta property=\"og:image:width\" content=\"1300\" \/>\n\t<meta property=\"og:image:height\" content=\"774\" \/>\n\t<meta property=\"og:image:type\" content=\"image\/jpeg\" \/>\n<meta name=\"twitter:card\" content=\"summary_large_image\" \/>\n<meta name=\"twitter:label1\" content=\"Dur\u00e9e de lecture estim\u00e9e\" \/>\n\t<meta name=\"twitter:data1\" content=\"1 minute\" \/>\n<script type=\"application\/ld+json\" class=\"yoast-schema-graph\">{\"@context\":\"https:\\\/\\\/schema.org\",\"@graph\":[{\"@type\":\"WebPage\",\"@id\":\"https:\\\/\\\/tahiriluxuryservices.ma\\\/product\\\/sortie-entre-amis-amies\\\/\",\"url\":\"https:\\\/\\\/tahiriluxuryservices.ma\\\/product\\\/sortie-entre-amis-amies\\\/\",\"name\":\"Sortie entre amis (Amies) - Tahiri Luxury Services\",\"isPartOf\":{\"@id\":\"https:\\\/\\\/tahiriluxuryservices.ma\\\/#website\"},\"primaryImageOfPage\":{\"@id\":\"https:\\\/\\\/tahiriluxuryservices.ma\\\/product\\\/sortie-entre-amis-amies\\\/#primaryimage\"},\"image\":{\"@id\":\"https:\\\/\\\/tahiriluxuryservices.ma\\\/product\\\/sortie-entre-amis-amies\\\/#primaryimage\"},\"thumbnailUrl\":\"https:\\\/\\\/i0.wp.com\\\/tahiriluxuryservices.ma\\\/wp-content\\\/uploads\\\/2024\\\/12\\\/Sortie-entre-amis.jpg?fit=1300%2C774&ssl=1\",\"datePublished\":\"2024-12-19T16:40:54+00:00\",\"dateModified\":\"2025-02-04T13:44:24+00:00\",\"breadcrumb\":{\"@id\":\"https:\\\/\\\/tahiriluxuryservices.ma\\\/product\\\/sortie-entre-amis-amies\\\/#breadcrumb\"},\"inLanguage\":\"fr-FR\",\"potentialAction\":[{\"@type\":\"ReadAction\",\"target\":[\"https:\\\/\\\/tahiriluxuryservices.ma\\\/product\\\/sortie-entre-amis-amies\\\/\"]}]},{\"@type\":\"ImageObject\",\"inLanguage\":\"fr-FR\",\"@id\":\"https:\\\/\\\/tahiriluxuryservices.ma\\\/product\\\/sortie-entre-amis-amies\\\/#primaryimage\",\"url\":\"https:\\\/\\\/i0.wp.com\\\/tahiriluxuryservices.ma\\\/wp-content\\\/uploads\\\/2024\\\/12\\\/Sortie-entre-amis.jpg?fit=1300%2C774&ssl=1\",\"contentUrl\":\"https:\\\/\\\/i0.wp.com\\\/tahiriluxuryservices.ma\\\/wp-content\\\/uploads\\\/2024\\\/12\\\/Sortie-entre-amis.jpg?fit=1300%2C774&ssl=1\",\"width\":1300,\"height\":774},{\"@type\":\"BreadcrumbList\",\"@id\":\"https:\\\/\\\/tahiriluxuryservices.ma\\\/product\\\/sortie-entre-amis-amies\\\/#breadcrumb\",\"itemListElement\":[{\"@type\":\"ListItem\",\"position\":1,\"name\":\"Accueil\",\"item\":\"https:\\\/\\\/tahiriluxuryservices.ma\\\/\"},{\"@type\":\"ListItem\",\"position\":2,\"name\":\"Shop\",\"item\":\"https:\\\/\\\/tahiriluxuryservices.ma\\\/shop\\\/\"},{\"@type\":\"ListItem\",\"position\":3,\"name\":\"Sortie entre amis (Amies)\"}]},{\"@type\":\"WebSite\",\"@id\":\"https:\\\/\\\/tahiriluxuryservices.ma\\\/#website\",\"url\":\"https:\\\/\\\/tahiriluxuryservices.ma\\\/\",\"name\":\"Tahiri Luxury Services\",\"description\":\"Chauffeur priv\u00e9 de luxe Marrakech\",\"potentialAction\":[{\"@type\":\"SearchAction\",\"target\":{\"@type\":\"EntryPoint\",\"urlTemplate\":\"https:\\\/\\\/tahiriluxuryservices.ma\\\/?s={search_term_string}\"},\"query-input\":{\"@type\":\"PropertyValueSpecification\",\"valueRequired\":true,\"valueName\":\"search_term_string\"}}],\"inLanguage\":\"fr-FR\"}]}<\/script>\n<!-- \/ Yoast SEO plugin. -->","yoast_head_json":{"title":"Sortie entre amis (Amies) - Tahiri Luxury Services","robots":{"index":"index","follow":"follow","max-snippet":"max-snippet:-1","max-image-preview":"max-image-preview:large","max-video-preview":"max-video-preview:-1"},"canonical":"https:\/\/tahiriluxuryservices.ma\/fr_fr\/product\/sortie-entre-amis-amies\/","og_locale":"fr_FR","og_type":"article","og_title":"Sortie entre amis (Amies) - Tahiri Luxury Services","og_description":"Faites de chaque sortie entre amis une occasion m\u00e9morable avec Tahiri Luxury Services. Que ce soit pour une soir\u00e9e dans les clubs les plus branch\u00e9s de Marrakech, une visite des meilleures attractions locales ou un d\u00eener dans un restaurant haut de gamme, nous vous offrons des transferts luxueux et personnalis\u00e9s pour garantir une exp\u00e9rience unique et sans tracas.  Nos chauffeurs professionnels, discrets et ponctuels, assurent un service de qualit\u00e9, vous permettant de vous concentrer sur l\u2019essentiel : profiter pleinement de votre temps ensemble. Avec Tahiri Luxury Services, vos sorties entre amis deviennent une exp\u00e9rience exceptionnelle, alliant confort, style et s\u00e9r\u00e9nit\u00e9. Laissez-nous prendre en charge vos d\u00e9placements et offrez-vous des moments inoubliables.","og_url":"https:\/\/tahiriluxuryservices.ma\/fr_fr\/product\/sortie-entre-amis-amies\/","og_site_name":"Tahiri Luxury Services","article_modified_time":"2025-02-04T13:44:24+00:00","og_image":[{"width":1300,"height":774,"url":"https:\/\/tahiriluxuryservices.ma\/wp-content\/uploads\/2024\/12\/Sortie-entre-amis.jpg","type":"image\/jpeg"}],"twitter_card":"summary_large_image","twitter_misc":{"Dur\u00e9e de lecture estim\u00e9e":"1 minute"},"schema":{"@context":"https:\/\/schema.org","@graph":[{"@type":"WebPage","@id":"https:\/\/tahiriluxuryservices.ma\/product\/sortie-entre-amis-amies\/","url":"https:\/\/tahiriluxuryservices.ma\/product\/sortie-entre-amis-amies\/","name":"Sortie entre amis (Amies) - Tahiri Luxury Services","isPartOf":{"@id":"https:\/\/tahiriluxuryservices.ma\/#website"},"primaryImageOfPage":{"@id":"https:\/\/tahiriluxuryservices.ma\/product\/sortie-entre-amis-amies\/#primaryimage"},"image":{"@id":"https:\/\/tahiriluxuryservices.ma\/product\/sortie-entre-amis-amies\/#primaryimage"},"thumbnailUrl":"https:\/\/i0.wp.com\/tahiriluxuryservices.ma\/wp-content\/uploads\/2024\/12\/Sortie-entre-amis.jpg?fit=1300%2C774&ssl=1","datePublished":"2024-12-19T16:40:54+00:00","dateModified":"2025-02-04T13:44:24+00:00","breadcrumb":{"@id":"https:\/\/tahiriluxuryservices.ma\/product\/sortie-entre-amis-amies\/#breadcrumb"},"inLanguage":"fr-FR","potentialAction":[{"@type":"ReadAction","target":["https:\/\/tahiriluxuryservices.ma\/product\/sortie-entre-amis-amies\/"]}]},{"@type":"ImageObject","inLanguage":"fr-FR","@id":"https:\/\/tahiriluxuryservices.ma\/product\/sortie-entre-amis-amies\/#primaryimage","url":"https:\/\/i0.wp.com\/tahiriluxuryservices.ma\/wp-content\/uploads\/2024\/12\/Sortie-entre-amis.jpg?fit=1300%2C774&ssl=1","contentUrl":"https:\/\/i0.wp.com\/tahiriluxuryservices.ma\/wp-content\/uploads\/2024\/12\/Sortie-entre-amis.jpg?fit=1300%2C774&ssl=1","width":1300,"height":774},{"@type":"BreadcrumbList","@id":"https:\/\/tahiriluxuryservices.ma\/product\/sortie-entre-amis-amies\/#breadcrumb","itemListElement":[{"@type":"ListItem","position":1,"name":"Accueil","item":"https:\/\/tahiriluxuryservices.ma\/"},{"@type":"ListItem","position":2,"name":"Shop","item":"https:\/\/tahiriluxuryservices.ma\/shop\/"},{"@type":"ListItem","position":3,"name":"Sortie entre amis (Amies)"}]},{"@type":"WebSite","@id":"https:\/\/tahiriluxuryservices.ma\/#website","url":"https:\/\/tahiriluxuryservices.ma\/","name":"Tahiri Luxury Services","description":"Chauffeur priv\u00e9 de luxe Marrakech","potentialAction":[{"@type":"SearchAction","target":{"@type":"EntryPoint","urlTemplate":"https:\/\/tahiriluxuryservices.ma\/?s={search_term_string}"},"query-input":{"@type":"PropertyValueSpecification","valueRequired":true,"valueName":"search_term_string"}}],"inLanguage":"fr-FR"}]}},"jetpack_sharing_enabled":true,"_links":{"self":[{"href":"https:\/\/tahiriluxuryservices.ma\/fr_fr\/wp-json\/wp\/v2\/product\/8680","targetHints":{"allow":["GET"]}}],"collection":[{"href":"https:\/\/tahiriluxuryservices.ma\/fr_fr\/wp-json\/wp\/v2\/product"}],"about":[{"href":"https:\/\/tahiriluxuryservices.ma\/fr_fr\/wp-json\/wp\/v2\/types\/product"}],"replies":[{"embeddable":true,"href":"https:\/\/tahiriluxuryservices.ma\/fr_fr\/wp-json\/wp\/v2\/comments?post=8680"}],"version-history":[{"count":5,"href":"https:\/\/tahiriluxuryservices.ma\/fr_fr\/wp-json\/wp\/v2\/product\/8680\/revisions"}],"predecessor-version":[{"id":9075,"href":"https:\/\/tahiriluxuryservices.ma\/fr_fr\/wp-json\/wp\/v2\/product\/8680\/revisions\/9075"}],"wp:featuredmedia":[{"embeddable":true,"href":"https:\/\/tahiriluxuryservices.ma\/fr_fr\/wp-json\/wp\/v2\/media\/8825"}],"wp:attachment":[{"href":"https:\/\/tahiriluxuryservices.ma\/fr_fr\/wp-json\/wp\/v2\/media?parent=8680"}],"wp:term":[{"taxonomy":"product_brand","embeddable":true,"href":"https:\/\/tahiriluxuryservices.ma\/fr_fr\/wp-json\/wp\/v2\/product_brand?post=8680"},{"taxonomy":"product_cat","embeddable":true,"href":"https:\/\/tahiriluxuryservices.ma\/fr_fr\/wp-json\/wp\/v2\/product_cat?post=8680"},{"taxonomy":"product_tag","embeddable":true,"href":"https:\/\/tahiriluxuryservices.ma\/fr_fr\/wp-json\/wp\/v2\/product_tag?post=8680"}],"curies":[{"name":"wp","href":"https:\/\/api.w.org\/{rel}","templated":true}]}}